{"id":10077,"date":"2025-12-16T18:56:24","date_gmt":"2025-12-16T17:56:24","guid":{"rendered":"https:\/\/turquaz-store.fr\/?page_id=10077"},"modified":"2025-12-19T19:44:40","modified_gmt":"2025-12-19T18:44:40","slug":"mon-compte","status":"publish","type":"page","link":"https:\/\/turquaz-store.fr\/en\/mon-compte\/","title":{"rendered":"Mon Compte"},"content":{"rendered":"<div data-elementor-type=\"wp-page\" data-elementor-id=\"10077\" class=\"elementor elementor-10077\" data-elementor-post-type=\"page\">\n\t\t\t\t<div class=\"elementor-element elementor-element-2f5f353 e-flex e-con-boxed e-con e-parent\" data-id=\"2f5f353\" data-element_type=\"container\" data-e-type=\"container\">\t\t\t<div class=\"e-con-inner\">\r\n\t\t\t\t<div class=\"elementor-element elementor-element-515600d e-my-account-tabs-vertical elementor-widget elementor-widget-woocommerce-my-account\" data-id=\"515600d\" data-element_type=\"widget\" data-e-type=\"widget\" data-widget_type=\"woocommerce-my-account.default\">\n\t\t\t\t<div class=\"elementor-widget-container\">\n\t\t\t\t\t<div class=\"e-my-account-tab e-my-account-tab__\">\t\t\t<div class=\"woocommerce\"><\/div>\t\t<\/div>\n\t\t\t\t\t\t<\/div>\n\t\t\t\t<\/div>\n\t\t\t\t\t<\/div>\r\n\t\t\t\t<\/div>\r\n\t\t\t\t<\/div>","protected":false},"excerpt":{"rendered":"<p>Tableau de bord Commandes T\u00e9l\u00e9chargements Adresses Moyens de paiement parametre du compte Wishlist Se d\u00e9connecter Bonjour Ozan Dogan (vous n\u2019\u00eates pas Ozan Dogan\u00a0? D\u00e9connexion) \u00c0 partir du tableau de bord de votre compte, vous pouvez visualiser vos commandes r\u00e9centes, g\u00e9rer vos adresses de livraison et de facturation ainsi que changer votre mot de passe et [&hellip;]<\/p>\n","protected":false},"author":2,"featured_media":0,"parent":0,"menu_order":0,"comment_status":"closed","ping_status":"closed","template":"","meta":{"footnotes":""},"class_list":["post-10077","page","type-page","status-publish","hentry"],"_hostinger_reach_plugin_has_subscription_block":false,"_hostinger_reach_plugin_is_elementor":false,"_links":{"self":[{"href":"https:\/\/turquaz-store.fr\/en\/wp-json\/wp\/v2\/pages\/10077","targetHints":{"allow":["GET"]}}],"collection":[{"href":"https:\/\/turquaz-store.fr\/en\/wp-json\/wp\/v2\/pages"}],"about":[{"href":"https:\/\/turquaz-store.fr\/en\/wp-json\/wp\/v2\/types\/page"}],"author":[{"embeddable":true,"href":"https:\/\/turquaz-store.fr\/en\/wp-json\/wp\/v2\/users\/2"}],"replies":[{"embeddable":true,"href":"https:\/\/turquaz-store.fr\/en\/wp-json\/wp\/v2\/comments?post=10077"}],"version-history":[{"count":47,"href":"https:\/\/turquaz-store.fr\/en\/wp-json\/wp\/v2\/pages\/10077\/revisions"}],"predecessor-version":[{"id":10155,"href":"https:\/\/turquaz-store.fr\/en\/wp-json\/wp\/v2\/pages\/10077\/revisions\/10155"}],"wp:attachment":[{"href":"https:\/\/turquaz-store.fr\/en\/wp-json\/wp\/v2\/media?parent=10077"}],"curies":[{"name":"wp","href":"https:\/\/api.w.org\/{rel}","templated":true}]}}