{"id":1039,"date":"2023-03-09T05:31:36","date_gmt":"2023-03-09T05:31:36","guid":{"rendered":"https:\/\/demo.bravisthemes.com\/jantel\/?page_id=1039"},"modified":"2025-12-16T16:07:32","modified_gmt":"2025-12-16T15:07:32","slug":"a-propos","status":"publish","type":"page","link":"https:\/\/turquaz-store.fr\/en\/a-propos\/","title":{"rendered":"A Propos"},"content":{"rendered":"<div data-elementor-type=\"wp-page\" data-elementor-id=\"1039\" class=\"elementor elementor-1039\" data-elementor-post-type=\"page\">\n\t\t\t\t<div class=\"elementor-element elementor-element-e661dbe e-flex e-con-boxed e-con e-parent\" data-id=\"e661dbe\" data-element_type=\"container\" data-e-type=\"container\">\t\t\t<div class=\"e-con-inner\">\r\n\t\t<div class=\"elementor-element elementor-element-97ef670 e-con-full e-flex e-con e-child\" data-id=\"97ef670\" data-element_type=\"container\" data-e-type=\"container\">\t\t<div class=\"elementor-element elementor-element-db104b5 elementor-widget elementor-widget-pxl_image\" data-id=\"db104b5\" data-element_type=\"widget\" data-e-type=\"widget\" data-widget_type=\"pxl_image.default\">\n\t\t\t\t<div class=\"elementor-widget-container\">\n\t\t\t\t\t<div class=\"pxl-image-single wow skewIn\" data-wow-delay=\"ms\">\r\n                        <div class=\"pxl-item--inner\">\r\n                                    <img fetchpriority=\"high\" decoding=\"async\" width=\"2003\" height=\"2003\" src=\"https:\/\/turquaz-store.fr\/wp-content\/uploads\/2025\/09\/INSTAGRM-PROFILE.png\" class=\"no-lazyload attachment-full wp-post-image\" alt=\"\" \/>                            <\/div>\r\n            <\/div>\t\t\t\t<\/div>\n\t\t\t\t<\/div>\n\t\t\t\t<\/div>\r\n\t\t<div class=\"elementor-element elementor-element-10c9a2c e-con-full e-flex e-con e-child\" data-id=\"10c9a2c\" data-element_type=\"container\" data-e-type=\"container\">\t\t<div class=\"elementor-element elementor-element-9ced0a2 elementor-widget elementor-widget-pxl_heading\" data-id=\"9ced0a2\" data-element_type=\"widget\" data-e-type=\"widget\" data-widget_type=\"pxl_heading.default\">\n\t\t\t\t<div class=\"elementor-widget-container\">\n\t\t\t\t\t<div class=\"pxl-heading\">\n\t<div class=\"pxl-heading--inner\">\n\t\t<h2 class=\"pxl-item--title divider-none\" data-wow-delay=\"ms\">\n\t\t\tL&rsquo;\u00c2me et la Pr\u00e9cision : \t\t\n\t\t<\/h2>\n\t\t\t\t\t<div class=\"pxl-item--subtitle\" data-wow-delay=\"ms\"><span>La Gen\u00e8se de Turquaz-Store <\/span><\/div>\n\t\t\t<\/div>\n<\/div>\t\t\t\t<\/div>\n\t\t\t\t<\/div>\n\t\t\t\t<div class=\"elementor-element elementor-element-b5104c9 elementor-widget elementor-widget-pxl_text_editor\" data-id=\"b5104c9\" data-element_type=\"widget\" data-e-type=\"widget\" data-widget_type=\"pxl_text_editor.default\">\n\t\t\t\t<div class=\"elementor-widget-container\">\n\t\t\t\t\t<div class=\"pxl-text-editor\">\n\t<div class=\"pxl-item--inner\" data-wow-delay=\"ms\">\n\t\t<p style=\"text-align: justify\">L&rsquo;esprit moderne a trac\u00e9 un mur entre deux mondes. D&rsquo;un c\u00f4t\u00e9, la science : le mesurable, la physique, les ondes \u00e9lectromagn\u00e9tiques que l&rsquo;on peut quantifier. De l&rsquo;autre, la spiritualit\u00e9 : l&rsquo;impalpable, l&rsquo;intention, les \u00ab\u00a0bonnes\u00a0\u00bb ou \u00ab\u00a0mauvaises ondes\u00a0\u00bb que l&rsquo;on peut ressentir.<\/p><p style=\"text-align: justify\">Nous vivons dans ce paradoxe : notre ressenti sait que ces \u00e9nergies existent, mais notre rationalit\u00e9 nous demande de les ignorer.<\/p><p><strong>Turquaz-Store a \u00e9t\u00e9 fond\u00e9 pour abolir cette fronti\u00e8re.<\/strong><\/p>\t<\/div>\n<\/div>\t\t\t\t<\/div>\n\t\t\t\t<\/div>\n\t\t\t\t<\/div>\r\n\t\t\t\t\t<\/div>\r\n\t\t\t\t<\/div>\r\n\t\t<div class=\"elementor-element elementor-element-0abde1d e-con-full e-flex e-con e-parent\" data-id=\"0abde1d\" data-element_type=\"container\" data-e-type=\"container\">\t\t<div class=\"elementor-element elementor-element-850e677 elementor-widget elementor-widget-shortcode\" data-id=\"850e677\" data-element_type=\"widget\" data-e-type=\"widget\" data-widget_type=\"shortcode.default\">\n\t\t\t\t\t\t\t<div class=\"elementor-shortcode\"><\/div>\n\t\t\t\t\t\t<\/div>\n\t\t\t\t<\/div>\r\n\t\t<div class=\"elementor-element elementor-element-62d21aa e-flex e-con-boxed e-con e-parent\" data-id=\"62d21aa\" data-element_type=\"container\" data-e-type=\"container\">\t\t\t<div class=\"e-con-inner\">\r\n\t\t<div class=\"elementor-element elementor-element-70846f2 e-con-full e-flex e-con e-child\" data-id=\"70846f2\" data-element_type=\"container\" data-e-type=\"container\">\t\t<div class=\"elementor-element elementor-element-23512f7 elementor-widget elementor-widget-pxl_text_editor\" data-id=\"23512f7\" data-element_type=\"widget\" data-e-type=\"widget\" data-widget_type=\"pxl_text_editor.default\">\n\t\t\t\t<div class=\"elementor-widget-container\">\n\t\t\t\t\t<div class=\"pxl-text-editor\">\n\t<div class=\"pxl-item--inner\" data-wow-delay=\"ms\">\n\t\t<p style=\"text-align: justify\">\u00ab\u00a0Mon parcours est cette fusion. Je suis Ing\u00e9nieur en hyperfr\u00e9quence. Mon esprit a \u00e9t\u00e9 b\u00e2ti sur les math\u00e9matiques et la physique, sur l&rsquo;\u00e9tude des ondes invisibles qui structurent notre monde.\u00a0C&rsquo;est la Pr\u00e9cision.<\/p><p style=\"text-align: justify\">Mon \u00e2me a grandi au c\u0153ur de l&rsquo;Anatolie, dans un berceau de civilisations o\u00f9 l&rsquo;on sait que l&rsquo;intention a une force. O\u00f9 un &lsquo;Nazar Boncu\u011fu&rsquo; (l&rsquo;\u0153il bleu) n&rsquo;est pas une superstition, mais un bouclier qui capte et renvoie une fr\u00e9quence nuisible. C&rsquo;est la Signification.<\/p><p style=\"text-align: justify\">L&rsquo;ing\u00e9nieur en moi sait que les fr\u00e9quences ont un impact r\u00e9el sur la mati\u00e8re. Le philosophe en moi sait qu&rsquo;il en va de m\u00eame pour l&rsquo;intention : toute intention est une fr\u00e9quence, toute \u00e9motion est une vibration.<\/p>\t<\/div>\n<\/div>\t\t\t\t<\/div>\n\t\t\t\t<\/div>\n\t\t\t\t<\/div>\r\n\t\t<div class=\"elementor-element elementor-element-50742a5 e-con-full e-flex e-con e-child\" data-id=\"50742a5\" data-element_type=\"container\" data-e-type=\"container\">\t\t<div class=\"elementor-element elementor-element-e55ce00 elementor-widget elementor-widget-pxl_text_editor\" data-id=\"e55ce00\" data-element_type=\"widget\" data-e-type=\"widget\" data-widget_type=\"pxl_text_editor.default\">\n\t\t\t\t<div class=\"elementor-widget-container\">\n\t\t\t\t\t<div class=\"pxl-text-editor\">\n\t<div class=\"pxl-item--inner\" data-wow-delay=\"ms\">\n\t\t<p style=\"text-align: justify\">Pendant des ann\u00e9es, j&rsquo;ai mis mes comp\u00e9tences au service de projets industriels, tout en voyant ces deux mondes s&rsquo;opposer. J&rsquo;ai r\u00e9alis\u00e9 qu&rsquo;ils n&rsquo;\u00e9taient pas oppos\u00e9s, mais interconnect\u00e9s : ce sont les deux sciences de l&rsquo;invisible.<\/p><p style=\"text-align: justify\">C&rsquo;est une \u00e9vidence que des esprits visionnaires, tel Nikola Tesla, avaient d\u00e9j\u00e0 formul\u00e9e : &lsquo;Si vous voulez trouver les secrets de l&rsquo;univers, pensez en termes d&rsquo;\u00e9nergie, de fr\u00e9quence et de vibration.&rsquo;<\/p><p style=\"text-align: justify\">Turquaz-Store est n\u00e9 de cette conviction : b\u00e2tir un pont entre ces deux sciences. La rencontre entre l\u2019\u00e9nergie, la mati\u00e8re et le sens.<\/p><p style=\"text-align: justify\">L&rsquo;histoire de Turquaz-Store est celle de cette \u00e9vidence. Mais elle parle de vous.\u00a0\u00bb<\/p>\t<\/div>\n<\/div>\t\t\t\t<\/div>\n\t\t\t\t<\/div>\n\t\t\t\t<\/div>\r\n\t\t\t\t\t<\/div>\r\n\t\t\t\t<\/div>\r\n\t\t<div class=\"elementor-element elementor-element-0da88e9 e-con-full e-flex e-con e-parent\" data-id=\"0da88e9\" data-element_type=\"container\" data-e-type=\"container\">\t\t<div class=\"elementor-element elementor-element-9d48275 elementor-widget elementor-widget-shortcode\" data-id=\"9d48275\" data-element_type=\"widget\" data-e-type=\"widget\" data-widget_type=\"shortcode.default\">\n\t\t\t\t\t\t\t<div class=\"elementor-shortcode\"><\/div>\n\t\t\t\t\t\t<\/div>\n\t\t\t\t<\/div>\r\n\t\t<div class=\"elementor-element elementor-element-8a32fe8 e-flex e-con-boxed e-con e-parent\" data-id=\"8a32fe8\" data-element_type=\"container\" data-e-type=\"container\">\t\t\t<div class=\"e-con-inner\">\r\n\t\t<div class=\"elementor-element elementor-element-3829887 e-con-full e-flex e-con e-child\" data-id=\"3829887\" data-element_type=\"container\" data-e-type=\"container\">\t\t<div class=\"elementor-element elementor-element-a936db6 elementor-widget elementor-widget-pxl_accordion\" data-id=\"a936db6\" data-element_type=\"widget\" data-e-type=\"widget\" data-widget_type=\"pxl_accordion.default\">\n\t\t\t\t<div class=\"elementor-widget-container\">\n\t\t\t\t\t    <div class=\"pxl-accordion pxl-accordion1 style1\" data-wow-delay=\"ms\">\r\n                    <div class=\"pxl--item active\">\r\n                <h3 class=\"pxl-item-accordion\" data-target=\"#pxl-accordion-008dcdepxl_accordion-a936db6-1874\">\r\n                    <i class=\"fa fa-angle-down\"><\/i>\r\n                    <span>Un bijou d'\u00c2me, un H\u00e9ritage<\/span>\r\n                    \r\n                <\/h3>\r\n                <div id=\"pxl-accordion-008dcdepxl_accordion-a936db6-1874\" class=\"pxl-item--content\" style=\"display: block;\">Nous ne vendons pas des bijoux. Nous partageons un h\u00e9ritage. L'Anatolie est un creuset o\u00f9 les symboles sum\u00e9riens, hittites, grecs et ottomans ont fusionn\u00e9. Chaque pi\u00e8ce de notre collection est le fruit de cet h\u00e9ritage : une esth\u00e9tique byzantine raffin\u00e9e, puis sublim\u00e9e par l'art ornemental ottoman.<br \/>\n<br \/>\nC'est cet art qui a rehauss\u00e9 l'image des femmes de pouvoir, des sultanes comme Roxelane (Hurrem), dont les parures exprimaient le charme, l'\u00e9l\u00e9gance et l'autorit\u00e9.<br \/>\n<br \/>\nVoil\u00e0 d\u2019o\u00f9 est n\u00e9 notre slogan : \u00ab L'\u00c9l\u00e9gance d\u2019Anatolie \u00bb.<br \/>\n<br \/>\nNous capturons ce style iconique pour une f\u00e9minit\u00e9 moderne et affirm\u00e9e. Ces bijoux, r\u00e9alis\u00e9s au c\u0153ur des terres qui ont vu na\u00eetre les sultans, par des mains qui ont h\u00e9rit\u00e9 de si\u00e8cles de ma\u00eetrise, exprimaient le rang, la puret\u00e9 ou la protection divine. C'est cette richesse que nous partageons avec la femme fran\u00e7aise, qu'elle soit en qu\u00eate de sens ou simplement d'une beaut\u00e9 rare.<br \/>\n<br \/>\nAujourd'hui, ces parures racontent une histoire universelle de lumi\u00e8re spirituelle et de savoirfaire. En ma\u00eetrisant parfaitement l'histoire, la symbolique, l'ing\u00e9nierie et l'artisanat, nous rendons Turquaz-Store inimitable.<\/div>\r\n            <\/div>\r\n                    <div class=\"pxl--item\">\r\n                <h3 class=\"pxl-item-accordion\" data-target=\"#pxl-accordion-8dda546pxl_accordion-a936db6-1874\">\r\n                    <i class=\"fa fa-angle-down\"><\/i>\r\n                    <span>L\u2019univers protecteur <\/span>\r\n                    \r\n                <\/h3>\r\n                <div id=\"pxl-accordion-8dda546pxl_accordion-a936db6-1874\" class=\"pxl-item--content\" >Nous savons que vous cherchez un bijou qui ait du sens au-del\u00e0 de l'esth\u00e9tique. Une pi\u00e8ce qui ne soit pas inerte, mais active.<br \/>\n<br \/>\nEn termes simples, le \"mauvais \u0153il\", la jalousie ou une intention n\u00e9gative sont ce que l'ing\u00e9nieur appelle du \"bruit\".<br \/>\n<br \/>\nC'est exactement comme une radio mal \"tun\u00e9e\" (r\u00e9gl\u00e9e). Vous n'entendez que des gr\u00e9sillements, des interf\u00e9rences qui couvrent la musique. Ces fr\u00e9quences hostiles brouillent votre propre \"signal\" int\u00e9rieur, votre s\u00e9r\u00e9nit\u00e9.<br \/>\n<br \/>\nChaque particule, chaque atome, chaque pens\u00e9e m\u00eame, \u00e9met une fr\u00e9quence mesurable. C\u2019est un principe fondamental en physique quantique et en \u00e9lectrodynamique. De la m\u00eame mani\u00e8re, nos intentions \u00e9mettent des vibrations : elles fa\u00e7onnent ce que nous portons, ce que nous offrons, et ce que nous attirons.<\/div>\r\n            <\/div>\r\n                    <div class=\"pxl--item\">\r\n                <h3 class=\"pxl-item-accordion\" data-target=\"#pxl-accordion-b0764d1pxl_accordion-a936db6-1874\">\r\n                    <i class=\"fa fa-angle-down\"><\/i>\r\n                    <span>Plus qu'un Bijou, un Pont Culturel artisanal <\/span>\r\n                    \r\n                <\/h3>\r\n                <div id=\"pxl-accordion-b0764d1pxl_accordion-a936db6-1874\" class=\"pxl-item--content\" >Le march\u00e9 est inond\u00e9 de bijoux \"spirituels\" produits en masse, vid\u00e9s de leur sens. Turquaz-Store est un acte de r\u00e9sistance. Notre mission n'est pas de vendre des accessoires. Notre mission est de partager l'authenticit\u00e9.<br \/>\n<br \/>\nTrop souvent, l'artisanat \"ethnique\" est d\u00e9connect\u00e9 de sa source. Chez nous, chaque pi\u00e8ce est s\u00e9lectionn\u00e9e pour sa signification, son histoire et le savoir-faire de l'artisan qui l'a forg\u00e9e.<br \/>\n<br \/>\nVoil\u00e0 ce qui constitue notre v\u00e9ritable richesse : L'Artisanat d'\u00c2me Vivante.<br \/>\n<br \/>\nNos bijoux proviennent du c\u0153ur m\u00eame des joyaux imp\u00e9riaux de l'Orient. Ce n'est pas n'importe quel artisanat ; c'est celui des terres qui ont vu na\u00eetre les Sultans. Ce ne sont pas des bijoux sans c\u0153ur ; ce sont des \u0153uvres qui ont un auteur, une personnalit\u00e9, un souffle, une essence v\u00e9hicul\u00e9e par des mains expertes.<br \/>\n<br \/>\nContre les productions industrielles, chacune de nos pi\u00e8ces est r\u00e9alis\u00e9e en Argent 925 massif \u00e0 Istanbul ou dans les villes historiques du sud-est (Mardin, Gaziantep). Nous ne sommes pas align\u00e9s sur la logique industrielle, mais sur la qualit\u00e9 humaine.<br \/>\n<br \/>\n\u00c9chappez aux designs de masse et laissez ces pi\u00e8ces uniques raconter votre histoire<\/div>\r\n            <\/div>\r\n                    <div class=\"pxl--item\">\r\n                <h3 class=\"pxl-item-accordion\" data-target=\"#pxl-accordion-b4412acpxl_accordion-a936db6-1874\">\r\n                    <i class=\"fa fa-angle-down\"><\/i>\r\n                    <span>Notre promesse de qualit\u00e9 <\/span>\r\n                    \r\n                <\/h3>\r\n                <div id=\"pxl-accordion-b4412acpxl_accordion-a936db6-1874\" class=\"pxl-item--content\" >Notre obsession pour la qualit\u00e9, issue d'une rigueur d'ing\u00e9nierie, est notre signature. Nous ne faisons aucun compromis sur la mati\u00e8re : \u2022 Argent Massif 925 Pur : Une valeur intrins\u00e8que. Pas d'acier, pas de laiton.<br \/>\n<br \/>\n\u2022 Dorure Or 16K de 1.5 micron : Une \u00e9paisseur de \"Haute Fantaisie\" con\u00e7ue pour durer, l\u00e0 o\u00f9 le march\u00e9 se contente de 0.5 \u00e0 1 micron.<br \/>\n<br \/>\n\u2022 Plaquage Rhodium : Un rev\u00eatement de brillance protecteur, plus on\u00e9reux que l'or, pour pr\u00e9server l'argent.<br \/>\n<br \/>\n\u2022 Pierres (Oxyde de Zircon) de Grade AAA : S\u00e9lectionn\u00e9es pour leur \u00e9clat et leur durabilit\u00e9.<br \/>\n<br \/>\nNous ne vendons pas seulement une histoire. Nous vendons un produit dont la qualit\u00e9 technique est irr\u00e9prochable.<br \/>\n<br \/>\nSans nickel, hypoallerg\u00e9nique et conforme aux l\u00e9gislations, c'est un bijou riche par d\u00e9finition, qui vous prot\u00e8ge physiquement et spirituellement. Des proc\u00e9d\u00e9s nobles, garants d\u2019\u00e9clat et de durabilit\u00e9.<\/div>\r\n            <\/div>\r\n            <\/div>\r\n\t\t\t\t<\/div>\n\t\t\t\t<\/div>\n\t\t\t\t<\/div>\r\n\t\t\t\t\t<\/div>\r\n\t\t\t\t<\/div>\r\n\t\t<div class=\"elementor-element elementor-element-a1c49c1 e-flex e-con-boxed e-con e-parent\" data-id=\"a1c49c1\" data-element_type=\"container\" data-e-type=\"container\">\t\t\t<div class=\"e-con-inner\">\r\n\t\t<div class=\"elementor-element elementor-element-a8641cd e-con-full e-flex e-con e-child\" data-id=\"a8641cd\" data-element_type=\"container\" data-e-type=\"container\">\t\t<div class=\"elementor-element elementor-element-0096246 elementor-widget elementor-widget-pxl_heading\" data-id=\"0096246\" data-element_type=\"widget\" data-e-type=\"widget\" data-widget_type=\"pxl_heading.default\">\n\t\t\t\t<div class=\"elementor-widget-container\">\n\t\t\t\t\t<div class=\"pxl-heading\">\n\t<div class=\"pxl-heading--inner\">\n\t\t<h2 class=\"pxl-item--title divider-none\" data-wow-delay=\"ms\">\n\t\t\tCr\u00e9ateur de connexion \t\t\n\t\t<\/h2>\n\t\t\t<\/div>\n<\/div>\t\t\t\t<\/div>\n\t\t\t\t<\/div>\n\t\t\t\t<div class=\"elementor-element elementor-element-c575ee2 elementor-widget elementor-widget-pxl_text_editor\" data-id=\"c575ee2\" data-element_type=\"widget\" data-e-type=\"widget\" data-widget_type=\"pxl_text_editor.default\">\n\t\t\t\t<div class=\"elementor-widget-container\">\n\t\t\t\t\t<div class=\"pxl-text-editor\">\n\t<div class=\"pxl-item--inner\" data-wow-delay=\"ms\">\n\t\t<p style=\"text-align: justify\">Chez Turquaz-Store, nous souhaitons que votre connexion avec nos talismans soit une \u00e9vidence, que chaque bijou trouve son \u00ab\u00a0port d\u2019\u00e2me\u00a0\u00bb.<\/p><p style=\"text-align: justify\">Si cette alchimie n&rsquo;op\u00e8re pas ou l&rsquo;\u00e9motion n&rsquo;est pas au rendez-vous, nous respectons votre choix.<\/p><p style=\"text-align: justify\">Vous disposez de 30 jours pour changer d&rsquo;avis, en toute s\u00e9r\u00e9nit\u00e9.<\/p><p style=\"text-align: justify\">Nous offrons l\u2019\u00e9change ou le remboursement \u00e0 100% si vous changez d\u2019avis.<\/p>\t<\/div>\n<\/div>\t\t\t\t<\/div>\n\t\t\t\t<\/div>\n\t\t\t\t<div class=\"elementor-element elementor-element-bf0ed97 elementor-align-left elementor-align-center elementor-widget elementor-widget-pxl_button\" data-id=\"bf0ed97\" data-element_type=\"widget\" data-e-type=\"widget\" data-widget_type=\"pxl_button.default\">\n\t\t\t\t<div class=\"elementor-widget-container\">\n\t\t\t\t\t<div class=\"pxl-button\">\r\n    <a class=\"btn  btn-nina btn-line  pxl-icon--right\" href=\"https:\/\/turquaz-store.fr\/en\/boutique\/\" data-wow-delay=\"ms\">\r\n        <svg xmlns=\"http:\/\/www.w3.org\/2000\/svg\" width=\"23\" height=\"13\" viewbox=\"0 0 23 13\" fill=\"none\"><path d=\"M0 6.00108H21.086L15.792 0.706891L16.499 0L23 6.501L16.5 13L15.793 12.2931L21.086 7.00092H0V6.00108Z\" fill=\"white\"><\/path><\/svg>        <span class=\"pxl--btn-text\" data-text=\"La collection\">\r\n            <span>L<\/span><span>a<\/span><span class=\"spacer\">&nbsp;<\/span><span>c<\/span><span>o<\/span><span>l<\/span><span>l<\/span><span>e<\/span><span>c<\/span><span>t<\/span><span>i<\/span><span>o<\/span><span>n<\/span>        <\/span>\r\n    <\/a>\r\n<\/div>\t\t\t\t<\/div>\n\t\t\t\t<\/div>\n\t\t\t\t<\/div>\r\n\t\t<div class=\"elementor-element elementor-element-deeba3a e-con-full e-flex e-con e-child\" data-id=\"deeba3a\" data-element_type=\"container\" data-e-type=\"container\">\t\t<div class=\"elementor-element elementor-element-c6ee5b0 elementor-widget elementor-widget-pxl_image_parallax\" data-id=\"c6ee5b0\" data-element_type=\"widget\" data-e-type=\"widget\" data-widget_type=\"pxl_image_parallax.default\">\n\t\t\t\t<div class=\"elementor-widget-container\">\n\t\t\t\t\t<div id=\"pxl_image_parallax-c6ee5b0-1715\" class=\"pxl-image-wg\" data-parallax=\"{&quot;y&quot;:&quot;20&quot;}\" data-wow-delay=\"ms\">\r\n\t\t<img decoding=\"async\" width=\"1863\" height=\"1863\" src=\"https:\/\/turquaz-store.fr\/wp-content\/uploads\/2025\/11\/collier-corde-or-argent-925-dore-or-col-turc-9995-2.jpg\" class=\"attachment-full size-full wp-image-7298 wp-post-image\" alt=\"\" srcset=\"https:\/\/turquaz-store.fr\/wp-content\/uploads\/2025\/11\/collier-corde-or-argent-925-dore-or-col-turc-9995-2.jpg 1863w, https:\/\/turquaz-store.fr\/wp-content\/uploads\/2025\/11\/collier-corde-or-argent-925-dore-or-col-turc-9995-2-300x300.jpg 300w, https:\/\/turquaz-store.fr\/wp-content\/uploads\/2025\/11\/collier-corde-or-argent-925-dore-or-col-turc-9995-2-1024x1024.jpg 1024w, https:\/\/turquaz-store.fr\/wp-content\/uploads\/2025\/11\/collier-corde-or-argent-925-dore-or-col-turc-9995-2-150x150.jpg 150w, https:\/\/turquaz-store.fr\/wp-content\/uploads\/2025\/11\/collier-corde-or-argent-925-dore-or-col-turc-9995-2-768x768.jpg 768w, https:\/\/turquaz-store.fr\/wp-content\/uploads\/2025\/11\/collier-corde-or-argent-925-dore-or-col-turc-9995-2-1536x1536.jpg 1536w, https:\/\/turquaz-store.fr\/wp-content\/uploads\/2025\/11\/collier-corde-or-argent-925-dore-or-col-turc-9995-2-710x710.jpg 710w, https:\/\/turquaz-store.fr\/wp-content\/uploads\/2025\/11\/collier-corde-or-argent-925-dore-or-col-turc-9995-2-600x600.jpg 600w, https:\/\/turquaz-store.fr\/wp-content\/uploads\/2025\/11\/collier-corde-or-argent-925-dore-or-col-turc-9995-2-250x250.jpg 250w, https:\/\/turquaz-store.fr\/wp-content\/uploads\/2025\/11\/collier-corde-or-argent-925-dore-or-col-turc-9995-2-460x460.jpg 460w\" sizes=\"(max-width: 1863px) 100vw, 1863px\" \/>\t<\/div>\r\n\t\t\t\t<\/div>\n\t\t\t\t<\/div>\n\t\t\t\t<\/div>\r\n\t\t\t\t\t<\/div>\r\n\t\t\t\t<\/div>\r\n\t\t\t\t<\/div>","protected":false},"excerpt":{"rendered":"<p>L&#8217;\u00c2me et la Pr\u00e9cision : La Gen\u00e8se de Turquaz-Store L&#8217;esprit moderne a trac\u00e9 un mur entre deux mondes. D&#8217;un c\u00f4t\u00e9, la science : le mesurable, la physique, les ondes \u00e9lectromagn\u00e9tiques que l&#8217;on peut quantifier. De l&#8217;autre, la spiritualit\u00e9 : l&#8217;impalpable, l&#8217;intention, les &#8220;bonnes&#8221; ou &#8220;mauvaises ondes&#8221; que l&#8217;on peut ressentir. Nous vivons dans ce paradoxe [&hellip;]<\/p>\n","protected":false},"author":2,"featured_media":0,"parent":0,"menu_order":0,"comment_status":"closed","ping_status":"closed","template":"elementor_header_footer","meta":{"footnotes":""},"class_list":["post-1039","page","type-page","status-publish","hentry"],"_hostinger_reach_plugin_has_subscription_block":false,"_hostinger_reach_plugin_is_elementor":false,"_links":{"self":[{"href":"https:\/\/turquaz-store.fr\/en\/wp-json\/wp\/v2\/pages\/1039","targetHints":{"allow":["GET"]}}],"collection":[{"href":"https:\/\/turquaz-store.fr\/en\/wp-json\/wp\/v2\/pages"}],"about":[{"href":"https:\/\/turquaz-store.fr\/en\/wp-json\/wp\/v2\/types\/page"}],"author":[{"embeddable":true,"href":"https:\/\/turquaz-store.fr\/en\/wp-json\/wp\/v2\/users\/2"}],"replies":[{"embeddable":true,"href":"https:\/\/turquaz-store.fr\/en\/wp-json\/wp\/v2\/comments?post=1039"}],"version-history":[{"count":142,"href":"https:\/\/turquaz-store.fr\/en\/wp-json\/wp\/v2\/pages\/1039\/revisions"}],"predecessor-version":[{"id":10477,"href":"https:\/\/turquaz-store.fr\/en\/wp-json\/wp\/v2\/pages\/1039\/revisions\/10477"}],"wp:attachment":[{"href":"https:\/\/turquaz-store.fr\/en\/wp-json\/wp\/v2\/media?parent=1039"}],"curies":[{"name":"wp","href":"https:\/\/api.w.org\/{rel}","templated":true}]}}