{"id":5785,"date":"2025-09-22T17:28:37","date_gmt":"2025-09-22T15:28:37","guid":{"rendered":"https:\/\/turquaz-store.fr\/?post_type=product&#038;p=5785"},"modified":"2026-01-31T09:01:05","modified_gmt":"2026-01-31T08:01:05","slug":"parure-heritage-byzantin","status":"publish","type":"product","link":"https:\/\/turquaz-store.fr\/en\/product\/parure-heritage-byzantin\/","title":{"rendered":"Parure H\u00e9ritage Byzantin"},"content":{"rendered":"<div data-elementor-type=\"wp-post\" data-elementor-id=\"5785\" class=\"elementor elementor-5785\" data-elementor-post-type=\"product\">\n\t\t\t\t<div class=\"elementor-element elementor-element-2f60813 e-flex e-con-boxed e-con e-parent\" data-id=\"2f60813\" data-element_type=\"container\" data-e-type=\"container\">\t\t\t<div class=\"e-con-inner\">\r\n\t\t<div class=\"elementor-element elementor-element-843cc30 e-con-full e-flex e-con e-child\" data-id=\"843cc30\" data-element_type=\"container\" data-e-type=\"container\"><div class=\"elementor-element elementor-element-fc7752a e-con-full e-flex e-con e-child\" data-id=\"fc7752a\" data-element_type=\"container\" data-e-type=\"container\" data-settings=\"{&quot;background_background&quot;:&quot;classic&quot;}\">\t\t<div class=\"elementor-element elementor-element-1be96ec elementor-widget elementor-widget-pxl_icon_box\" data-id=\"1be96ec\" data-element_type=\"widget\" data-e-type=\"widget\" data-widget_type=\"pxl_icon_box.default\">\n\t\t\t\t<div class=\"elementor-widget-container\">\n\t\t\t\t\t<div class=\"pxl-icon-box pxl-icon-box1 style-1\" data-wow-delay=\"ms\">\r\n    <div class=\"pxl-item--inner\">\r\n                    <div class=\"pxl-item--icon\">\r\n                <i aria-hidden=\"true\" class=\"fal fa-graduation-cap\"><\/i>            <\/div>\r\n                        <h3 class=\"pxl-item--title el-empty\">HISTOIRE<\/h3>\r\n        <div class=\"pxl-item--description el-empty\">Depuis les premiers si\u00e8cles de l\u2019Empire byzantin, les bijoux torsad\u00e9s et les pierres c\u00e9lestes exprimaient la foi, la richesse et l\u2019appartenance \u00e0 la cour.\nLes orf\u00e8vres de Constantinople privil\u00e9giaient les opales bleut\u00e9es et les dorures chaudes pour \u00e9voquer la lumi\u00e8re divine.\nLa Parure H\u00e9ritage Byzantin s\u2019inscrit dans cette tradition en r\u00e9unissant argent 925 dor\u00e9 or 16K et sertie d\u2019une opale bleu v\u00e9ritable centrale reflet des tr\u00e9sors port\u00e9s par les imp\u00e9ratrices.\nCe design torsad\u00e9 est un h\u00e9ritage direct de l\u2019orf\u00e8vrerie gr\u00e9co-romaine qui a fa\u00e7onn\u00e9 l\u2019esth\u00e9tique du Bosphore.<\/div>\r\n    <\/div>\r\n<\/div>\t\t\t\t<\/div>\n\t\t\t\t<\/div>\n\t\t\t\t<\/div>\r\n\t\t<div class=\"elementor-element elementor-element-c0ff604 e-con-full e-flex e-con e-child\" data-id=\"c0ff604\" data-element_type=\"container\" data-e-type=\"container\">\t\t<div class=\"elementor-element elementor-element-5a856f0 elementor-widget elementor-widget-pxl_icon_box\" data-id=\"5a856f0\" data-element_type=\"widget\" data-e-type=\"widget\" data-widget_type=\"pxl_icon_box.default\">\n\t\t\t\t<div class=\"elementor-widget-container\">\n\t\t\t\t\t<div class=\"pxl-icon-box pxl-icon-box1 style-1\" data-wow-delay=\"ms\">\r\n    <div class=\"pxl-item--inner\">\r\n                    <div class=\"pxl-item--icon\">\r\n                <i aria-hidden=\"true\" class=\"fal fa-hamsa\"><\/i>            <\/div>\r\n                        <h3 class=\"pxl-item--title el-empty\">SYMBOLIQUE<\/h3>\r\n        <div class=\"pxl-item--description el-empty\">Elle est une aide pr\u00e9cieuse pour dissiper la fatigue tenace et retrouver un souffle vital apais\u00e9. Opale bleue v\u00e9ritable, pierre d'eau apaisante, aide \u00e0 \u00e9quilibrer le chakra de la gorge. Ainsi,\u00a0elle \u00e9quilibre les \u00e9nergies physiques pour offrir une aide pr\u00e9cieuse contre l'\u00e9puisement. Mais sa magie va plus loin : ce bleu profond incarne la s\u00e9r\u00e9nit\u00e9, la clairvoyance et une protection ancestrale. La foi et la connexion divine s'y refl\u00e8tent, tandis que la torsade du bracelet \u00e9voque la continuit\u00e9 de l\u2019existence. Le porter, c'est s'entourer de la lumi\u00e8re paisible et de la force discr\u00e8te des h\u00e9riti\u00e8res byzantines.<\/div>\r\n    <\/div>\r\n<\/div>\t\t\t\t<\/div>\n\t\t\t\t<\/div>\n\t\t\t\t<\/div>\r\n\t\t\t\t<\/div>\r\n\t\t\t\t\t<\/div>\r\n\t\t\t\t<\/div>\r\n\t\t<div class=\"elementor-element elementor-element-7df015c e-flex e-con-boxed e-con e-parent\" data-id=\"7df015c\" data-element_type=\"container\" data-e-type=\"container\">\t\t\t<div class=\"e-con-inner\">\r\n\t\t<div class=\"elementor-element elementor-element-a6040fc e-con-full e-flex e-con e-child\" data-id=\"a6040fc\" data-element_type=\"container\" data-e-type=\"container\">\t\t<div class=\"elementor-element elementor-element-f25e84d elementor-widget elementor-widget-pxl_accordion\" data-id=\"f25e84d\" data-element_type=\"widget\" data-e-type=\"widget\" data-widget_type=\"pxl_accordion.default\">\n\t\t\t\t<div class=\"elementor-widget-container\">\n\t\t\t\t\t    <div class=\"pxl-accordion pxl-accordion1 style1\" data-wow-delay=\"ms\">\r\n                    <div class=\"pxl--item active\">\r\n                <h3 class=\"pxl-item-accordion\" data-target=\"#pxl-accordion-008dcdepxl_accordion-f25e84d-7900\">\r\n                    <i class=\"fa fa-angle-down\"><\/i>\r\n                    <span>Description<\/span>\r\n                    \r\n                <\/h3>\r\n                <div id=\"pxl-accordion-008dcdepxl_accordion-f25e84d-7900\" class=\"pxl-item--content\" style=\"display: block;\">La Parure H\u00e9ritage Byzantin associe un design historique \u00e0 une ex\u00e9cution moderne.<br \/>\n<br \/>\nLes Boucles Byzantin, l\u00e9g\u00e8res et dor\u00e9es, illuminent d\u00e9licatement le visage.<br \/>\n<br \/>\nLe Collier Byzantin, orn\u00e9 d\u2019une opale bleu, rappelle la douceur des mosa\u00efques imp\u00e9riales.<br \/>\n<br \/>\nLe Bracelet Byzantin, semi-rigide et torsad\u00e9, enveloppe le poignet d\u2019une aura lumineuse.<br \/>\n<br \/>\nChaque pi\u00e8ce est r\u00e9alis\u00e9e \u00e0 la main en argent 925 dor\u00e9 or 16K pour une brillance durable et un toucher noble.<\/div>\r\n            <\/div>\r\n                    <div class=\"pxl--item\">\r\n                <h3 class=\"pxl-item-accordion\" data-target=\"#pxl-accordion-8dda546pxl_accordion-f25e84d-7900\">\r\n                    <i class=\"fa fa-angle-down\"><\/i>\r\n                    <span>Caract\u00e9ristiques :<\/span>\r\n                    \r\n                <\/h3>\r\n                <div id=\"pxl-accordion-8dda546pxl_accordion-f25e84d-7900\" class=\"pxl-item--content\" >- M\u00e9tal : Argent sterling 925 dor\u00e9 or 16K (1,5 micron)<br \/>\n- Finition : Dorure or 16 carats<br \/>\n- Pierre principale : Opale Bleu V\u00e9ritable<br \/>\n- Pierres lat\u00e9rales : -<br \/>\n- Poids total : - Boucles : 6.25 g - Collier : 6.35 g - Bracelet : 8.95 g<br \/>\n- Origine : Fait main \u00e0 Istanbul<br \/>\n- Style : Torsade imp\u00e9riale byzantine<br \/>\n- Garantie : 1 an<\/div>\r\n            <\/div>\r\n                    <div class=\"pxl--item\">\r\n                <h3 class=\"pxl-item-accordion\" data-target=\"#pxl-accordion-4144b96pxl_accordion-f25e84d-7900\">\r\n                    <i class=\"fa fa-angle-down\"><\/i>\r\n                    <span>Contenu du coffret :<\/span>\r\n                    \r\n                <\/h3>\r\n                <div id=\"pxl-accordion-4144b96pxl_accordion-f25e84d-7900\" class=\"pxl-item--content\" >- 1 paire de Boucles d\u2019oreilles H\u00e9ritage Byzantin<br \/>\n<br \/>\n- 1 Collier H\u00e9ritage Byzantin<br \/>\n<br \/>\n- 1 Bracelet H\u00e9ritage Byzantin<\/div>\r\n            <\/div>\r\n                    <div class=\"pxl--item\">\r\n                <h3 class=\"pxl-item-accordion\" data-target=\"#pxl-accordion-b0764d1pxl_accordion-f25e84d-7900\">\r\n                    <i class=\"fa fa-angle-down\"><\/i>\r\n                    <span>Conseils d'entretien :<\/span>\r\n                    \r\n                <\/h3>\r\n                <div id=\"pxl-accordion-b0764d1pxl_accordion-f25e84d-7900\" class=\"pxl-item--content\" >- Nettoyez les bijoux avec un chiffon doux apr\u00e8s chaque port.<br \/>\n<br \/>\n- \u00c9vitez le contact avec l\u2019eau, le parfum et les produits chimiques.<br \/>\n<br \/>\n- Rangez la parure dans sa pochette \u00e0 l\u2019abri de la lumi\u00e8re et de l\u2019humidit\u00e9.<br \/>\n<br \/>\n- Pour activer son \u00e9nergie symbolique, touchez la pierre avant de la porter et visualisez la couleur verte comme une lumi\u00e8re d\u2019\u00e9quilibre et d\u2019harmonie.<\/div>\r\n            <\/div>\r\n            <\/div>\r\n\t\t\t\t<\/div>\n\t\t\t\t<\/div>\n\t\t\t\t<\/div>\r\n\t\t\t\t\t<\/div>\r\n\t\t\t\t<\/div>\r\n\t\t\t\t<\/div>","protected":false},"excerpt":{"rendered":"<p data-start=\"164\" data-end=\"358\">La <strong data-start=\"3725\" data-end=\"3753\">Parure H\u00e9ritage Byzantin<\/strong> en <strong data-start=\"3757\" data-end=\"3783\">argent 925 dor\u00e9 or 16K<\/strong> revisite la splendeur \u00e9ternelle de Constantinople.<\/p>\n<p>Son <strong>opale bleu v\u00e9ritable<\/strong>, pos\u00e9 au centre d\u2019un motif torsad\u00e9, agit comme un r\u00e9gulateur des \u00e9nergies physiques.<\/p>\n<p>Une cr\u00e9ation artisanale lumineuse, forg\u00e9e \u00e0 Istanbul.<!-- notionvc: 57dff546-3a1b-4d52-ba18-215156d1a6ed --><\/p>","protected":false},"featured_media":6725,"template":"","meta":[],"product_brand":[53],"product_cat":[34],"product_tag":[],"class_list":{"0":"post-5785","1":"product","2":"type-product","3":"status-publish","4":"has-post-thumbnail","6":"product_brand-turquaz-store","7":"product_cat-parure","9":"first","10":"instock","11":"purchasable","12":"product-type-simple"},"_links":{"self":[{"href":"https:\/\/turquaz-store.fr\/en\/wp-json\/wp\/v2\/product\/5785","targetHints":{"allow":["GET"]}}],"collection":[{"href":"https:\/\/turquaz-store.fr\/en\/wp-json\/wp\/v2\/product"}],"about":[{"href":"https:\/\/turquaz-store.fr\/en\/wp-json\/wp\/v2\/types\/product"}],"version-history":[{"count":22,"href":"https:\/\/turquaz-store.fr\/en\/wp-json\/wp\/v2\/product\/5785\/revisions"}],"predecessor-version":[{"id":10044,"href":"https:\/\/turquaz-store.fr\/en\/wp-json\/wp\/v2\/product\/5785\/revisions\/10044"}],"wp:featuredmedia":[{"embeddable":true,"href":"https:\/\/turquaz-store.fr\/en\/wp-json\/wp\/v2\/media\/6725"}],"wp:attachment":[{"href":"https:\/\/turquaz-store.fr\/en\/wp-json\/wp\/v2\/media?parent=5785"}],"wp:term":[{"taxonomy":"product_brand","embeddable":true,"href":"https:\/\/turquaz-store.fr\/en\/wp-json\/wp\/v2\/product_brand?post=5785"},{"taxonomy":"product_cat","embeddable":true,"href":"https:\/\/turquaz-store.fr\/en\/wp-json\/wp\/v2\/product_cat?post=5785"},{"taxonomy":"product_tag","embeddable":true,"href":"https:\/\/turquaz-store.fr\/en\/wp-json\/wp\/v2\/product_tag?post=5785"}],"curies":[{"name":"wp","href":"https:\/\/api.w.org\/{rel}","templated":true}]}}