{"id":5793,"date":"2025-09-22T17:44:17","date_gmt":"2025-09-22T15:44:17","guid":{"rendered":"https:\/\/turquaz-store.fr\/?post_type=product&#038;p=5793"},"modified":"2026-01-27T20:42:50","modified_gmt":"2026-01-27T19:42:50","slug":"parure-heritage-aurore-d-istanbul","status":"publish","type":"product","link":"https:\/\/turquaz-store.fr\/en\/product\/parure-heritage-aurore-d-istanbul\/","title":{"rendered":"Parure H\u00e9ritage Aurore d\u2019Istanbul"},"content":{"rendered":"<div data-elementor-type=\"wp-post\" data-elementor-id=\"5793\" class=\"elementor elementor-5793\" data-elementor-post-type=\"product\">\n\t\t\t\t<div class=\"elementor-element elementor-element-013091a e-flex e-con-boxed e-con e-parent\" data-id=\"013091a\" data-element_type=\"container\" data-e-type=\"container\">\t\t\t<div class=\"e-con-inner\">\r\n\t\t<div class=\"elementor-element elementor-element-94f6472 e-con-full e-flex e-con e-child\" data-id=\"94f6472\" data-element_type=\"container\" data-e-type=\"container\"><div class=\"elementor-element elementor-element-ac35315 e-con-full e-flex e-con e-child\" data-id=\"ac35315\" data-element_type=\"container\" data-e-type=\"container\" data-settings=\"{&quot;background_background&quot;:&quot;classic&quot;}\">\t\t<div class=\"elementor-element elementor-element-b4d54d1 elementor-widget elementor-widget-pxl_icon_box\" data-id=\"b4d54d1\" data-element_type=\"widget\" data-e-type=\"widget\" data-widget_type=\"pxl_icon_box.default\">\n\t\t\t\t<div class=\"elementor-widget-container\">\n\t\t\t\t\t<div class=\"pxl-icon-box pxl-icon-box1 style-1\" data-wow-delay=\"ms\">\r\n    <div class=\"pxl-item--inner\">\r\n                    <div class=\"pxl-item--icon\">\r\n                <i aria-hidden=\"true\" class=\"fal fa-graduation-cap\"><\/i>            <\/div>\r\n                        <h3 class=\"pxl-item--title el-empty\">HISTOIRE<\/h3>\r\n        <div class=\"pxl-item--description el-empty\">La zultanite, l\u2019une des pierres les plus embl\u00e9matiques de Turquie, captive par son myst\u00e8re : une palette qui \u00e9volue avec la lumi\u00e8re. Dans l\u2019h\u00e9ritage ottoman, ces gemmes changeantes symbolisaient la sagesse adaptative, la force douce et l\u2019\u00e9volution personnelle. La Maison Turquaz perp\u00e9tue cet h\u00e9ritage avec des oxydes de zirconium de couleur zultanite, taill\u00e9s et polis pour reproduire cette magie naturelle.\u00a0De jour, ils scintillent de reflets roses et champagne et sous la lumi\u00e8re chaude du soir, ils r\u00e9v\u00e8lent leur profondeur d'un vert kiwi.\u00a0L\u2019argent 925 dor\u00e9 or 16K rappelle les parures solaires port\u00e9es par les sultanes. Une parure inspir\u00e9e de l\u2019aube sur le Bosphore, quand la lumi\u00e8re ros\u00e9e embrasse la ville.<\/div>\r\n    <\/div>\r\n<\/div>\t\t\t\t<\/div>\n\t\t\t\t<\/div>\n\t\t\t\t<\/div>\r\n\t\t<div class=\"elementor-element elementor-element-d716df9 e-con-full e-flex e-con e-child\" data-id=\"d716df9\" data-element_type=\"container\" data-e-type=\"container\">\t\t<div class=\"elementor-element elementor-element-1b7c24f elementor-widget elementor-widget-pxl_icon_box\" data-id=\"1b7c24f\" data-element_type=\"widget\" data-e-type=\"widget\" data-widget_type=\"pxl_icon_box.default\">\n\t\t\t\t<div class=\"elementor-widget-container\">\n\t\t\t\t\t<div class=\"pxl-icon-box pxl-icon-box1 style-1\" data-wow-delay=\"ms\">\r\n    <div class=\"pxl-item--inner\">\r\n                    <div class=\"pxl-item--icon\">\r\n                <i aria-hidden=\"true\" class=\"fal fa-hamsa\"><\/i>            <\/div>\r\n                        <h3 class=\"pxl-item--title el-empty\">SYMBOLIQUE<\/h3>\r\n        <div class=\"pxl-item--description el-empty\">L\u2019oxyde de zirconium couleur zultanite repr\u00e9sente la transformation, la clart\u00e9 mentale et l\u2019ouverture spirituelle.\nSes reflets changeants enseignent l\u2019adaptabilit\u00e9 et la capacit\u00e9 \u00e0 rayonner dans diff\u00e9rentes situations.\nLes oxydes de zirconium clairs amplifient la lumi\u00e8re et apportent discernement et \u00e9quilibre.\nCette parure aide \u00e0 accueillir les transitions avec confiance, tout en soutenant l\u2019estime de soi.<\/div>\r\n    <\/div>\r\n<\/div>\t\t\t\t<\/div>\n\t\t\t\t<\/div>\n\t\t\t\t<\/div>\r\n\t\t\t\t<\/div>\r\n\t\t\t\t\t<\/div>\r\n\t\t\t\t<\/div>\r\n\t\t<div class=\"elementor-element elementor-element-f5e2c6a e-flex e-con-boxed e-con e-parent\" data-id=\"f5e2c6a\" data-element_type=\"container\" data-e-type=\"container\">\t\t\t<div class=\"e-con-inner\">\r\n\t\t<div class=\"elementor-element elementor-element-0a006cb e-con-full e-flex e-con e-child\" data-id=\"0a006cb\" data-element_type=\"container\" data-e-type=\"container\">\t\t<div class=\"elementor-element elementor-element-dba010e elementor-widget elementor-widget-pxl_accordion\" data-id=\"dba010e\" data-element_type=\"widget\" data-e-type=\"widget\" data-widget_type=\"pxl_accordion.default\">\n\t\t\t\t<div class=\"elementor-widget-container\">\n\t\t\t\t\t    <div class=\"pxl-accordion pxl-accordion1 style1\" data-wow-delay=\"ms\">\r\n                    <div class=\"pxl--item active\">\r\n                <h3 class=\"pxl-item-accordion\" data-target=\"#pxl-accordion-008dcdepxl_accordion-dba010e-8712\">\r\n                    <i class=\"fa fa-angle-down\"><\/i>\r\n                    <span>Description<\/span>\r\n                    \r\n                <\/h3>\r\n                <div id=\"pxl-accordion-008dcdepxl_accordion-dba010e-8712\" class=\"pxl-item--content\" style=\"display: block;\">Forg\u00e9e \u00e0 la main en argent 925 dor\u00e9 or 16 carats, la Parure H\u00e9ritage Aurore d\u2019Istanbul unit excellence artisanale et symbolique lumineuse.<br \/>\n<br \/>\nLes Boucles Aurore d\u2019Istanbul, a\u00e9riennes et scintillantes, pivotent l\u00e9g\u00e8rement pour r\u00e9v\u00e9ler les nuances changeantes de leur pierre centrale.<br \/>\n<br \/>\nLe Collier Aurore, orn\u00e9 d\u2019un pendentif couleur zultanite, repose pr\u00e8s du c\u0153ur comme une lumi\u00e8re int\u00e9rieure en mouvement.<br \/>\n<br \/>\nLa Bague Aurore, d\u00e9licate et raffin\u00e9e, compl\u00e8te cet ensemble en \u00e9quilibrant \u00e9l\u00e9gance et pr\u00e9sence.<br \/>\n<br \/>\nChaque pi\u00e8ce est con\u00e7ue pour offrir un \u00e9clat durable gr\u00e2ce \u00e0 une dorure 16K de haute qualit\u00e9.<br \/>\n<br \/>\nUne parure id\u00e9ale pour celles qui souhaitent exprimer leur \u00e9volution, leur gr\u00e2ce et leur force int\u00e9rieure.<\/div>\r\n            <\/div>\r\n                    <div class=\"pxl--item\">\r\n                <h3 class=\"pxl-item-accordion\" data-target=\"#pxl-accordion-8dda546pxl_accordion-dba010e-8712\">\r\n                    <i class=\"fa fa-angle-down\"><\/i>\r\n                    <span>Caract\u00e9ristiques :<\/span>\r\n                    \r\n                <\/h3>\r\n                <div id=\"pxl-accordion-8dda546pxl_accordion-dba010e-8712\" class=\"pxl-item--content\" >- M\u00e9tal : Argent sterling 925 dor\u00e9 or 16K (\u00e9paisseur 1,5 micron)<br \/>\n- Finition : Dorure or 16 carats lumineuse et durable<br \/>\n- Pierres principales : Oxydes de zirconium couleur zultanite<br \/>\n- Pierres secondaires : Oxydes de zirconium clairs microsertis<br \/>\n- Poids total : - Boucles : 6.20 g - Collier : 6.35 g - Bague : 6.20 g<br \/>\n- Style : Motifs lumineux inspir\u00e9s des couleurs de l\u2019aube sur Istanbul<br \/>\n- Origine : Fait main \u00e0 Istanbul<br \/>\n- Inclus : Pochette en velours et certificat d\u2019authenticit\u00e9<br \/>\n- Garantie : 1 an<\/div>\r\n            <\/div>\r\n                    <div class=\"pxl--item\">\r\n                <h3 class=\"pxl-item-accordion\" data-target=\"#pxl-accordion-4144b96pxl_accordion-dba010e-8712\">\r\n                    <i class=\"fa fa-angle-down\"><\/i>\r\n                    <span>Contenu du coffret :<\/span>\r\n                    \r\n                <\/h3>\r\n                <div id=\"pxl-accordion-4144b96pxl_accordion-dba010e-8712\" class=\"pxl-item--content\" >- 1 paire de Boucles d\u2019oreilles H\u00e9ritage Aurore d\u2019Istanbul<br \/>\n<br \/>\n- 1 Collier H\u00e9ritage Aurore d\u2019Istanbul<br \/>\n<br \/>\n- 1 Bague H\u00e9ritage Aurore d\u2019Istanbul<\/div>\r\n            <\/div>\r\n                    <div class=\"pxl--item\">\r\n                <h3 class=\"pxl-item-accordion\" data-target=\"#pxl-accordion-b0764d1pxl_accordion-dba010e-8712\">\r\n                    <i class=\"fa fa-angle-down\"><\/i>\r\n                    <span>Conseils d'entretien :<\/span>\r\n                    \r\n                <\/h3>\r\n                <div id=\"pxl-accordion-b0764d1pxl_accordion-dba010e-8712\" class=\"pxl-item--content\" >- Nettoyez les bijoux avec un chiffon doux apr\u00e8s chaque port.<br \/>\n<br \/>\n- \u00c9vitez le contact avec l\u2019eau, le parfum et les produits chimiques.<br \/>\n<br \/>\n- Rangez la parure dans sa pochette \u00e0 l\u2019abri de la lumi\u00e8re et de l\u2019humidit\u00e9.<br \/>\n<br \/>\n- Pour activer son \u00e9nergie symbolique, touchez la pierre avant de la porter et visualisez la couleur verte comme une lumi\u00e8re d\u2019\u00e9quilibre et d\u2019harmonie.<\/div>\r\n            <\/div>\r\n            <\/div>\r\n\t\t\t\t<\/div>\n\t\t\t\t<\/div>\n\t\t\t\t<\/div>\r\n\t\t\t\t\t<\/div>\r\n\t\t\t\t<\/div>\r\n\t\t\t\t<\/div>","protected":false},"excerpt":{"rendered":"<p data-start=\"148\" data-end=\"340\">La <strong data-start=\"367\" data-end=\"404\">Parure H\u00e9ritage Aurore d\u2019Istanbul<\/strong> en <strong data-start=\"408\" data-end=\"440\">argent 925 dor\u00e9 or 16 carats<\/strong> sublime la beaut\u00e9 changeante des oxydes de zirconium couleur zultanite.<\/p>\n<p data-start=\"148\" data-end=\"340\">Leurs reflets ambre, ros\u00e9s et champagne \u00e9voquent la renaissance, la clart\u00e9 et la transformation int\u00e9rieure.<\/p>\n<p data-start=\"148\" data-end=\"340\">Un ensemble lumineux fa\u00e7onn\u00e9 \u00e0 la main dans nos ateliers d\u2019Istanbul.<\/p>","protected":false},"featured_media":10046,"template":"","meta":[],"product_brand":[53],"product_cat":[34],"product_tag":[],"class_list":{"0":"post-5793","1":"product","2":"type-product","3":"status-publish","4":"has-post-thumbnail","6":"product_brand-turquaz-store","7":"product_cat-parure","9":"first","10":"instock","11":"purchasable","12":"product-type-simple"},"_links":{"self":[{"href":"https:\/\/turquaz-store.fr\/en\/wp-json\/wp\/v2\/product\/5793","targetHints":{"allow":["GET"]}}],"collection":[{"href":"https:\/\/turquaz-store.fr\/en\/wp-json\/wp\/v2\/product"}],"about":[{"href":"https:\/\/turquaz-store.fr\/en\/wp-json\/wp\/v2\/types\/product"}],"version-history":[{"count":22,"href":"https:\/\/turquaz-store.fr\/en\/wp-json\/wp\/v2\/product\/5793\/revisions"}],"predecessor-version":[{"id":10048,"href":"https:\/\/turquaz-store.fr\/en\/wp-json\/wp\/v2\/product\/5793\/revisions\/10048"}],"wp:featuredmedia":[{"embeddable":true,"href":"https:\/\/turquaz-store.fr\/en\/wp-json\/wp\/v2\/media\/10046"}],"wp:attachment":[{"href":"https:\/\/turquaz-store.fr\/en\/wp-json\/wp\/v2\/media?parent=5793"}],"wp:term":[{"taxonomy":"product_brand","embeddable":true,"href":"https:\/\/turquaz-store.fr\/en\/wp-json\/wp\/v2\/product_brand?post=5793"},{"taxonomy":"product_cat","embeddable":true,"href":"https:\/\/turquaz-store.fr\/en\/wp-json\/wp\/v2\/product_cat?post=5793"},{"taxonomy":"product_tag","embeddable":true,"href":"https:\/\/turquaz-store.fr\/en\/wp-json\/wp\/v2\/product_tag?post=5793"}],"curies":[{"name":"wp","href":"https:\/\/api.w.org\/{rel}","templated":true}]}}