{"id":5963,"date":"2025-10-04T17:28:45","date_gmt":"2025-10-04T15:28:45","guid":{"rendered":"https:\/\/turquaz-store.fr\/?post_type=product&#038;p=5963"},"modified":"2025-11-30T06:17:28","modified_gmt":"2025-11-30T04:17:28","slug":"boucle-heritage-hurrem","status":"publish","type":"product","link":"https:\/\/turquaz-store.fr\/en\/product\/boucle-heritage-hurrem\/","title":{"rendered":"Boucle H\u00e9ritage H\u00fcrrem"},"content":{"rendered":"<div data-elementor-type=\"wp-post\" data-elementor-id=\"5963\" class=\"elementor elementor-5963\" data-elementor-post-type=\"product\">\n\t\t\t\t<div class=\"elementor-element elementor-element-8469bb2 e-flex e-con-boxed e-con e-parent\" data-id=\"8469bb2\" data-element_type=\"container\" data-e-type=\"container\">\t\t\t<div class=\"e-con-inner\">\r\n\t\t<div class=\"elementor-element elementor-element-9c6d526 e-con-full e-flex e-con e-child\" data-id=\"9c6d526\" data-element_type=\"container\" data-e-type=\"container\" data-settings=\"{&quot;background_background&quot;:&quot;classic&quot;}\">\t\t<div class=\"elementor-element elementor-element-efacd16 elementor-widget elementor-widget-pxl_icon_box\" data-id=\"efacd16\" data-element_type=\"widget\" data-e-type=\"widget\" data-widget_type=\"pxl_icon_box.default\">\n\t\t\t\t<div class=\"elementor-widget-container\">\n\t\t\t\t\t<div class=\"pxl-icon-box pxl-icon-box1 style-1\" data-wow-delay=\"ms\">\r\n    <div class=\"pxl-item--inner\">\r\n                    <div class=\"pxl-item--icon\">\r\n                <i aria-hidden=\"true\" class=\"fal fa-graduation-cap\"><\/i>            <\/div>\r\n                        <h3 class=\"pxl-item--title el-empty\">HISTOIRE<\/h3>\r\n        <div class=\"pxl-item--description el-empty\">Sous l\u2019Empire ottoman, la Sultane H\u00fcrrem, \u00e9pouse de Soliman le Magnifique, r\u00e9volutionna les codes esth\u00e9tiques de la cour.\nSes bijoux, visibles et color\u00e9s, symbolisaient son influence et son pouvoir spirituel.\nLes orf\u00e8vres d\u2019Istanbul fa\u00e7onnaient alors des parures en argent fin serties de pierres taill\u00e9es dans le verre ou le zirconium, destin\u00e9es \u00e0 imiter les gemmes pr\u00e9cieuses, tout en diffusant la lumi\u00e8re avec une intensit\u00e9 unique.<\/div>\r\n    <\/div>\r\n<\/div>\t\t\t\t<\/div>\n\t\t\t\t<\/div>\n\t\t\t\t<\/div>\r\n\t\t<div class=\"elementor-element elementor-element-0d32e84 e-con-full e-flex e-con e-child\" data-id=\"0d32e84\" data-element_type=\"container\" data-e-type=\"container\">\t\t<div class=\"elementor-element elementor-element-4220a1b elementor-widget elementor-widget-pxl_icon_box\" data-id=\"4220a1b\" data-element_type=\"widget\" data-e-type=\"widget\" data-widget_type=\"pxl_icon_box.default\">\n\t\t\t\t<div class=\"elementor-widget-container\">\n\t\t\t\t\t<div class=\"pxl-icon-box pxl-icon-box1 style-1\" data-wow-delay=\"ms\">\r\n    <div class=\"pxl-item--inner\">\r\n                    <div class=\"pxl-item--icon\">\r\n                <i aria-hidden=\"true\" class=\"fal fa-hamsa\"><\/i>            <\/div>\r\n                        <h3 class=\"pxl-item--title el-empty\">SYMBOLIQUE<\/h3>\r\n        <div class=\"pxl-item--description el-empty\">Le vert profond du zircon est historiquement associ\u00e9 \u00e0 la s\u00e9r\u00e9nit\u00e9, la sagesse et la prosp\u00e9rit\u00e9 dans la culture ottomane.\nIl \u00e9voque l\u2019\u00e9quilibre du c\u0153ur et la renaissance spirituelle.\nEn Turquie, le vert est aussi la couleur du renouveau et de la b\u00e9n\u00e9diction, souvent utilis\u00e9 dans les bijoux pour attirer chance et stabilit\u00e9.\nPorter ces boucles, c\u2019est s\u2019entourer d\u2019une \u00e9nergie apaisante et noble, reflet de la force f\u00e9minine et de la beaut\u00e9 int\u00e9rieure.<\/div>\r\n    <\/div>\r\n<\/div>\t\t\t\t<\/div>\n\t\t\t\t<\/div>\n\t\t\t\t<\/div>\r\n\t\t\t\t\t<\/div>\r\n\t\t\t\t<\/div>\r\n\t\t<div class=\"elementor-element elementor-element-6c539c8 e-flex e-con-boxed e-con e-parent\" data-id=\"6c539c8\" data-element_type=\"container\" data-e-type=\"container\">\t\t\t<div class=\"e-con-inner\">\r\n\t\t\t\t<div class=\"elementor-element elementor-element-618e1e6 elementor-widget elementor-widget-pxl_accordion\" data-id=\"618e1e6\" data-element_type=\"widget\" data-e-type=\"widget\" data-widget_type=\"pxl_accordion.default\">\n\t\t\t\t<div class=\"elementor-widget-container\">\n\t\t\t\t\t    <div class=\"pxl-accordion pxl-accordion1 style1\" data-wow-delay=\"ms\">\r\n                    <div class=\"pxl--item active\">\r\n                <h3 class=\"pxl-item-accordion\" data-target=\"#pxl-accordion-008dcdepxl_accordion-618e1e6-8776\">\r\n                    <i class=\"fa fa-angle-down\"><\/i>\r\n                    <span>Description<\/span>\r\n                    \r\n                <\/h3>\r\n                <div id=\"pxl-accordion-008dcdepxl_accordion-618e1e6-8776\" class=\"pxl-item--content\" style=\"display: block;\">Les Boucles H\u00e9ritage H\u00fcrrem rendent hommage \u00e0 l\u2019une des femmes les plus influentes de l\u2019histoire ottomane : H\u00fcrrem Sultan, \u00e9pouse de Soliman le Magnifique, symbole de pouvoir et de f\u00e9minit\u00e9 affirm\u00e9e.<br \/>\n<br \/>\nForg\u00e9es \u00e0 la main dans nos ateliers d\u2019Istanbul en argent 925 patin\u00e9, elles allient la noblesse du m\u00e9tal au raffinement de l'oxyde de zirconium vert taill\u00e9 \u00e0 la main, empreinte de lumi\u00e8re et d\u2019intention.<br \/>\n<br \/>\nCon\u00e7ues pour refl\u00e9ter la lumi\u00e8re \u00e0 chaque mouvement, ces boucles subliment la confiance et la f\u00e9minit\u00e9 avec distinction.<br \/>\n<\/div>\r\n            <\/div>\r\n                    <div class=\"pxl--item\">\r\n                <h3 class=\"pxl-item-accordion\" data-target=\"#pxl-accordion-8dda546pxl_accordion-618e1e6-8776\">\r\n                    <i class=\"fa fa-angle-down\"><\/i>\r\n                    <span>Caract\u00e9ristiques :<\/span>\r\n                    \r\n                <\/h3>\r\n                <div id=\"pxl-accordion-8dda546pxl_accordion-618e1e6-8776\" class=\"pxl-item--content\" >- M\u00e9tal : Argent sterling 925 massif, hypoallerg\u00e9nique et sans nickel.<br \/>\n- Finition : Patine bronze antique pour une touche vintage et pr\u00e9cieuse.<br \/>\n- Pierre principale : Zircon vert (oxyde de zirconium hautement poli).<br \/>\n- Pierres lat\u00e9rales : Zircons blancs microsertis.<br \/>\n- Pavage : Sertissage manuel par artisans d\u2019Istanbul.<br \/>\n- Fermoir : Cr\u00e9ole s\u00e9curis\u00e9e et l\u00e9g\u00e8re.<br \/>\n- Style : Inspir\u00e9 des bijoux de cour ottomane.<br \/>\n- Origine : Fait main \u00e0 Istanbul.<br \/>\n- Garantie : 1 an.<br \/>\n- Inclus : Pochette en velours et certificat d\u2019authenticit\u00e9.<br \/>\n- Poids total : 11.80g<\/div>\r\n            <\/div>\r\n                    <div class=\"pxl--item\">\r\n                <h3 class=\"pxl-item-accordion\" data-target=\"#pxl-accordion-b0764d1pxl_accordion-618e1e6-8776\">\r\n                    <i class=\"fa fa-angle-down\"><\/i>\r\n                    <span>Conseils d'entretien :<\/span>\r\n                    \r\n                <\/h3>\r\n                <div id=\"pxl-accordion-b0764d1pxl_accordion-618e1e6-8776\" class=\"pxl-item--content\" >- \u00c9vitez le contact avec l\u2019eau sal\u00e9e, le parfum et les produits chimiques.<br \/>\n- Nettoyez avec un chiffon doux et sec apr\u00e8s chaque usage.<br \/>\n- Rangez vos bijoux dans leur pochette ou \u00e9crin d\u2019origine \u00e0 l\u2019abri de la lumi\u00e8re.<\/div>\r\n            <\/div>\r\n            <\/div>\r\n\t\t\t\t<\/div>\n\t\t\t\t<\/div>\n\t\t\t\t\t<\/div>\r\n\t\t\t\t<\/div>\r\n\t\t\t\t<\/div>","protected":false},"excerpt":{"rendered":"<p data-start=\"148\" data-end=\"340\">Bijou ottoman embl\u00e9matique, les <strong data-start=\"94\" data-end=\"121\">Boucles H\u00e9ritage H\u00fcrrem<\/strong> en <strong data-start=\"125\" data-end=\"146\">argent 925 patin\u00e9<\/strong> subliment un <strong data-start=\"160\" data-end=\"184\">zircon vert \u00e9clatant<\/strong>, symbole de s\u00e9r\u00e9nit\u00e9 et de renouveau.<\/p>\n<p data-start=\"148\" data-end=\"340\">Forg\u00e9es \u00e0 la main \u00e0 Istanbul, elles associent <strong data-start=\"271\" data-end=\"332\">artisanat turc, \u00e9l\u00e9gance imp\u00e9riale et \u00e9nergie protectrice<\/strong>.<\/p>","protected":false},"featured_media":6037,"template":"","meta":[],"product_brand":[53],"product_cat":[16],"product_tag":[],"class_list":{"0":"post-5963","1":"product","2":"type-product","3":"status-publish","4":"has-post-thumbnail","6":"product_brand-turquaz-store","7":"product_cat-boucles-oreilles","9":"first","10":"instock","11":"purchasable","12":"product-type-simple"},"_links":{"self":[{"href":"https:\/\/turquaz-store.fr\/en\/wp-json\/wp\/v2\/product\/5963","targetHints":{"allow":["GET"]}}],"collection":[{"href":"https:\/\/turquaz-store.fr\/en\/wp-json\/wp\/v2\/product"}],"about":[{"href":"https:\/\/turquaz-store.fr\/en\/wp-json\/wp\/v2\/types\/product"}],"version-history":[{"count":32,"href":"https:\/\/turquaz-store.fr\/en\/wp-json\/wp\/v2\/product\/5963\/revisions"}],"predecessor-version":[{"id":8327,"href":"https:\/\/turquaz-store.fr\/en\/wp-json\/wp\/v2\/product\/5963\/revisions\/8327"}],"wp:featuredmedia":[{"embeddable":true,"href":"https:\/\/turquaz-store.fr\/en\/wp-json\/wp\/v2\/media\/6037"}],"wp:attachment":[{"href":"https:\/\/turquaz-store.fr\/en\/wp-json\/wp\/v2\/media?parent=5963"}],"wp:term":[{"taxonomy":"product_brand","embeddable":true,"href":"https:\/\/turquaz-store.fr\/en\/wp-json\/wp\/v2\/product_brand?post=5963"},{"taxonomy":"product_cat","embeddable":true,"href":"https:\/\/turquaz-store.fr\/en\/wp-json\/wp\/v2\/product_cat?post=5963"},{"taxonomy":"product_tag","embeddable":true,"href":"https:\/\/turquaz-store.fr\/en\/wp-json\/wp\/v2\/product_tag?post=5963"}],"curies":[{"name":"wp","href":"https:\/\/api.w.org\/{rel}","templated":true}]}}