{"id":6041,"date":"2025-10-08T18:56:07","date_gmt":"2025-10-08T16:56:07","guid":{"rendered":"https:\/\/turquaz-store.fr\/?post_type=product&#038;p=6041"},"modified":"2025-12-12T05:45:06","modified_gmt":"2025-12-12T04:45:06","slug":"boucle-clous-heritage-nar-tanesi","status":"publish","type":"product","link":"https:\/\/turquaz-store.fr\/en\/product\/boucle-clous-heritage-nar-tanesi\/","title":{"rendered":"Boucle Clous H\u00e9ritage Nar Tanesi"},"content":{"rendered":"<div data-elementor-type=\"wp-post\" data-elementor-id=\"6041\" class=\"elementor elementor-6041\" data-elementor-post-type=\"product\">\n\t\t\t\t<div class=\"elementor-element elementor-element-8469bb2 e-flex e-con-boxed e-con e-parent\" data-id=\"8469bb2\" data-element_type=\"container\" data-e-type=\"container\">\t\t\t<div class=\"e-con-inner\">\r\n\t\t<div class=\"elementor-element elementor-element-9c6d526 e-con-full e-flex e-con e-child\" data-id=\"9c6d526\" data-element_type=\"container\" data-e-type=\"container\" data-settings=\"{&quot;background_background&quot;:&quot;classic&quot;}\">\t\t<div class=\"elementor-element elementor-element-efacd16 elementor-widget elementor-widget-pxl_icon_box\" data-id=\"efacd16\" data-element_type=\"widget\" data-e-type=\"widget\" data-widget_type=\"pxl_icon_box.default\">\n\t\t\t\t<div class=\"elementor-widget-container\">\n\t\t\t\t\t<div class=\"pxl-icon-box pxl-icon-box1 style-1\" data-wow-delay=\"ms\">\r\n    <div class=\"pxl-item--inner\">\r\n                    <div class=\"pxl-item--icon\">\r\n                <i aria-hidden=\"true\" class=\"fal fa-graduation-cap\"><\/i>            <\/div>\r\n                        <h3 class=\"pxl-item--title el-empty\">HISTOIRE<\/h3>\r\n        <div class=\"pxl-item--description el-empty\">Dans l\u2019art byzantin et anatolien, le fruit du grenadier (Nar) repr\u00e9sentait la fertilit\u00e9, la prosp\u00e9rit\u00e9 et la gratitude. Ces boucles reprennent sa forme ovale embl\u00e9matique, avec un oxyde de zirconium rouge taill\u00e9 en grenat, cercl\u00e9 d\u2019un halo de cristaux blancs. Leur patine bronze antique r\u00e9v\u00e8le les d\u00e9tails de la gravure, rappelant les ornements port\u00e9s lors des c\u00e9l\u00e9brations printani\u00e8res. Nos artisans Turquaz-Store honorent ce geste par un travail d\u2019orf\u00e8vre, important cette noblesse en Occident. La rigueur qualit\u00e9 hexagonale est respect\u00e9e par l'utilisation de l\u2019excellence de l\u2019Argent 925 massif, pour un h\u00e9ritage devenu intemporel.<\/div>\r\n    <\/div>\r\n<\/div>\t\t\t\t<\/div>\n\t\t\t\t<\/div>\n\t\t\t\t<\/div>\r\n\t\t<div class=\"elementor-element elementor-element-0d32e84 e-con-full e-flex e-con e-child\" data-id=\"0d32e84\" data-element_type=\"container\" data-e-type=\"container\">\t\t<div class=\"elementor-element elementor-element-4220a1b elementor-widget elementor-widget-pxl_icon_box\" data-id=\"4220a1b\" data-element_type=\"widget\" data-e-type=\"widget\" data-widget_type=\"pxl_icon_box.default\">\n\t\t\t\t<div class=\"elementor-widget-container\">\n\t\t\t\t\t<div class=\"pxl-icon-box pxl-icon-box1 style-1\" data-wow-delay=\"ms\">\r\n    <div class=\"pxl-item--inner\">\r\n                    <div class=\"pxl-item--icon\">\r\n                <i aria-hidden=\"true\" class=\"fal fa-hamsa\"><\/i>            <\/div>\r\n                        <h3 class=\"pxl-item--title el-empty\">SYMBOLIQUE<\/h3>\r\n        <div class=\"pxl-item--description el-empty\">Le rouge grenat symbolise la vitalit\u00e9, la confiance et la passion cr\u00e9atrice.\nC\u2019est une couleur d\u2019ancrage et de r\u00e9g\u00e9n\u00e9ration, utilis\u00e9e pour attirer chance et r\u00e9ussite.\nLes boucles Nar Tanesi, en plus de leur beaut\u00e9, invitent \u00e0 ressentir la gratitude et la joie de vivre.<\/div>\r\n    <\/div>\r\n<\/div>\t\t\t\t<\/div>\n\t\t\t\t<\/div>\n\t\t\t\t<\/div>\r\n\t\t\t\t\t<\/div>\r\n\t\t\t\t<\/div>\r\n\t\t<div class=\"elementor-element elementor-element-4d39f81 e-flex e-con-boxed e-con e-parent\" data-id=\"4d39f81\" data-element_type=\"container\" data-e-type=\"container\">\t\t\t<div class=\"e-con-inner\">\r\n\t\t\t\t<div class=\"elementor-element elementor-element-ac3a2d7 elementor-widget elementor-widget-pxl_accordion\" data-id=\"ac3a2d7\" data-element_type=\"widget\" data-e-type=\"widget\" data-widget_type=\"pxl_accordion.default\">\n\t\t\t\t<div class=\"elementor-widget-container\">\n\t\t\t\t\t    <div class=\"pxl-accordion pxl-accordion1 style1\" data-wow-delay=\"ms\">\r\n                    <div class=\"pxl--item active\">\r\n                <h3 class=\"pxl-item-accordion\" data-target=\"#pxl-accordion-008dcdepxl_accordion-ac3a2d7-9460\">\r\n                    <i class=\"fa fa-angle-down\"><\/i>\r\n                    <span>Description<\/span>\r\n                    \r\n                <\/h3>\r\n                <div id=\"pxl-accordion-008dcdepxl_accordion-ac3a2d7-9460\" class=\"pxl-item--content\" style=\"display: block;\">Forg\u00e9es \u00e0 la main dans nos ateliers d\u2019Istanbul, les Boucles H\u00e9ritage Nar Tanesi m\u00ealent l\u2019argent patin\u00e9 et la lumi\u00e8re des zircons rouges.<br \/>\n<br \/>\nLeur design ovale et cisel\u00e9 \u00e9voque les bijoux d\u2019apparat byzantins.<br \/>\n<br \/>\nL\u00e9g\u00e8res et confortables, elles apportent un \u00e9clat chaleureux au visage et s\u2019accordent \u00e0 toutes les carnations.<br \/>\n<br \/>\nUn bijou talismanique, porteur d\u2019\u00e9nergie positive et d\u2019\u00e9l\u00e9gance raffin\u00e9e.<\/div>\r\n            <\/div>\r\n                    <div class=\"pxl--item\">\r\n                <h3 class=\"pxl-item-accordion\" data-target=\"#pxl-accordion-8dda546pxl_accordion-ac3a2d7-9460\">\r\n                    <i class=\"fa fa-angle-down\"><\/i>\r\n                    <span>Caract\u00e9ristiques :<\/span>\r\n                    \r\n                <\/h3>\r\n                <div id=\"pxl-accordion-8dda546pxl_accordion-ac3a2d7-9460\" class=\"pxl-item--content\" >- M\u00e9tal : Argent sterling 925 massif, hypoallerg\u00e9nique<br \/>\n- Finition : Patine bronze antique<br \/>\n- Pierre principale : Cristaux rouge grenat (oxyde de zirconium)<br \/>\n- Pierres lat\u00e9rales : Cristaux blancs (oxyde de zirconium)<br \/>\n- Poids total : 3.95 g<br \/>\n- Style : Inspir\u00e9 du motif de grenade anatolien<br \/>\n- Origine : Fabriqu\u00e9es \u00e0 la main \u00e0 Istanbul<br \/>\n- Garantie : 1 an<br \/>\n- Inclus : Pochette et certificat d\u2019authenticit\u00e9<\/div>\r\n            <\/div>\r\n                    <div class=\"pxl--item\">\r\n                <h3 class=\"pxl-item-accordion\" data-target=\"#pxl-accordion-b0764d1pxl_accordion-ac3a2d7-9460\">\r\n                    <i class=\"fa fa-angle-down\"><\/i>\r\n                    <span>Conseils d'entretien :<\/span>\r\n                    \r\n                <\/h3>\r\n                <div id=\"pxl-accordion-b0764d1pxl_accordion-ac3a2d7-9460\" class=\"pxl-item--content\" >- Nettoyez apr\u00e8s chaque usage avec un chiffon doux.<br \/>\n<br \/>\n- \u00c9vitez l\u2019humidit\u00e9 et les cosm\u00e9tiques.<br \/>\n<br \/>\n- Rechargez leur \u00e9nergie symbolique en les tenant dans vos mains quelques instants en silence.<\/div>\r\n            <\/div>\r\n            <\/div>\r\n\t\t\t\t<\/div>\n\t\t\t\t<\/div>\n\t\t\t\t\t<\/div>\r\n\t\t\t\t<\/div>\r\n\t\t\t\t<\/div>","protected":false},"excerpt":{"rendered":"<p data-start=\"148\" data-end=\"340\">Les <strong data-start=\"5573\" data-end=\"5604\">Boucles H\u00e9ritage Nar Tanesi<\/strong> en <strong data-start=\"5608\" data-end=\"5629\">argent 925 patin\u00e9<\/strong> rendent hommage \u00e0 la <strong data-start=\"5651\" data-end=\"5671\">grenade ottomane<\/strong>, symbole d\u2019abondance et de vitalit\u00e9.<\/p>\n<p data-start=\"148\" data-end=\"340\">Leur <strong>oxyde de zirconium <\/strong>teint\u00e9<strong data-start=\"5716\" data-end=\"5740\"> rouge profond<\/strong> \u00e9voque la <strong data-start=\"5751\" data-end=\"5789\">force du c\u0153ur et la passion vitale<\/strong>.<\/p>\n<p data-start=\"148\" data-end=\"340\">Un bijou artisanal et lumineux, \u00e0 l\u2019\u00e9l\u00e9gance intemporelle.<\/p>","protected":false},"featured_media":5719,"template":"","meta":[],"product_brand":[53],"product_cat":[16],"product_tag":[],"class_list":{"0":"post-6041","1":"product","2":"type-product","3":"status-publish","4":"has-post-thumbnail","6":"product_brand-turquaz-store","7":"product_cat-boucles-oreilles","9":"first","10":"instock","11":"purchasable","12":"product-type-simple"},"_links":{"self":[{"href":"https:\/\/turquaz-store.fr\/en\/wp-json\/wp\/v2\/product\/6041","targetHints":{"allow":["GET"]}}],"collection":[{"href":"https:\/\/turquaz-store.fr\/en\/wp-json\/wp\/v2\/product"}],"about":[{"href":"https:\/\/turquaz-store.fr\/en\/wp-json\/wp\/v2\/types\/product"}],"version-history":[{"count":15,"href":"https:\/\/turquaz-store.fr\/en\/wp-json\/wp\/v2\/product\/6041\/revisions"}],"predecessor-version":[{"id":9923,"href":"https:\/\/turquaz-store.fr\/en\/wp-json\/wp\/v2\/product\/6041\/revisions\/9923"}],"wp:featuredmedia":[{"embeddable":true,"href":"https:\/\/turquaz-store.fr\/en\/wp-json\/wp\/v2\/media\/5719"}],"wp:attachment":[{"href":"https:\/\/turquaz-store.fr\/en\/wp-json\/wp\/v2\/media?parent=6041"}],"wp:term":[{"taxonomy":"product_brand","embeddable":true,"href":"https:\/\/turquaz-store.fr\/en\/wp-json\/wp\/v2\/product_brand?post=6041"},{"taxonomy":"product_cat","embeddable":true,"href":"https:\/\/turquaz-store.fr\/en\/wp-json\/wp\/v2\/product_cat?post=6041"},{"taxonomy":"product_tag","embeddable":true,"href":"https:\/\/turquaz-store.fr\/en\/wp-json\/wp\/v2\/product_tag?post=6041"}],"curies":[{"name":"wp","href":"https:\/\/api.w.org\/{rel}","templated":true}]}}