{"id":6056,"date":"2025-10-08T19:32:22","date_gmt":"2025-10-08T17:32:22","guid":{"rendered":"https:\/\/turquaz-store.fr\/?post_type=product&#038;p=6056"},"modified":"2025-11-30T06:27:10","modified_gmt":"2025-11-30T04:27:10","slug":"boucle-heritage-main-de-fatma","status":"publish","type":"product","link":"https:\/\/turquaz-store.fr\/en\/product\/boucle-heritage-main-de-fatma\/","title":{"rendered":"Boucle H\u00e9ritage Main de Fatma"},"content":{"rendered":"<div data-elementor-type=\"wp-post\" data-elementor-id=\"6056\" class=\"elementor elementor-6056\" data-elementor-post-type=\"product\">\n\t\t\t\t<div class=\"elementor-element elementor-element-8469bb2 e-flex e-con-boxed e-con e-parent\" data-id=\"8469bb2\" data-element_type=\"container\" data-e-type=\"container\">\t\t\t<div class=\"e-con-inner\">\r\n\t\t<div class=\"elementor-element elementor-element-9c6d526 e-con-full e-flex e-con e-child\" data-id=\"9c6d526\" data-element_type=\"container\" data-e-type=\"container\" data-settings=\"{&quot;background_background&quot;:&quot;classic&quot;}\">\t\t<div class=\"elementor-element elementor-element-efacd16 elementor-widget elementor-widget-pxl_icon_box\" data-id=\"efacd16\" data-element_type=\"widget\" data-e-type=\"widget\" data-widget_type=\"pxl_icon_box.default\">\n\t\t\t\t<div class=\"elementor-widget-container\">\n\t\t\t\t\t<div class=\"pxl-icon-box pxl-icon-box1 style-1\" data-wow-delay=\"ms\">\r\n    <div class=\"pxl-item--inner\">\r\n                    <div class=\"pxl-item--icon\">\r\n                <i aria-hidden=\"true\" class=\"fal fa-graduation-cap\"><\/i>            <\/div>\r\n                        <h3 class=\"pxl-item--title el-empty\">HISTOIRE<\/h3>\r\n        <div class=\"pxl-item--description el-empty\">La Main de Fatma, aussi appel\u00e9e Hamsa, est l\u2019un des symboles les plus anciens du monde m\u00e9diterran\u00e9en.\nEn Turquie comme dans l\u2019Empire ottoman, elle repr\u00e9sentait la protection divine et la bienveillance f\u00e9minine.\nLes Boucles H\u00e9ritage Main de Fatma reprennent ce motif sacr\u00e9 dans une monture d\u2019argent 925 patin\u00e9, sertie d\u2019un zircon rouge rubis entour\u00e9 de zircons blancs.\nCe contraste lumineux symbolise l\u2019\u00e9quilibre entre le feu du c\u0153ur et la puret\u00e9 de l\u2019esprit.\nPort\u00e9es par les femmes de la cour comme amulettes de protection, ces boucles perp\u00e9tuent la tradition d\u2019un bijou \u00e0 la fois spirituel et somptueux.<\/div>\r\n    <\/div>\r\n<\/div>\t\t\t\t<\/div>\n\t\t\t\t<\/div>\n\t\t\t\t<\/div>\r\n\t\t<div class=\"elementor-element elementor-element-0d32e84 e-con-full e-flex e-con e-child\" data-id=\"0d32e84\" data-element_type=\"container\" data-e-type=\"container\">\t\t<div class=\"elementor-element elementor-element-4220a1b elementor-widget elementor-widget-pxl_icon_box\" data-id=\"4220a1b\" data-element_type=\"widget\" data-e-type=\"widget\" data-widget_type=\"pxl_icon_box.default\">\n\t\t\t\t<div class=\"elementor-widget-container\">\n\t\t\t\t\t<div class=\"pxl-icon-box pxl-icon-box1 style-1\" data-wow-delay=\"ms\">\r\n    <div class=\"pxl-item--inner\">\r\n                    <div class=\"pxl-item--icon\">\r\n                <i aria-hidden=\"true\" class=\"fal fa-hamsa\"><\/i>            <\/div>\r\n                        <h3 class=\"pxl-item--title el-empty\">SYMBOLIQUE<\/h3>\r\n        <div class=\"pxl-item--description el-empty\">Le rouge rubis \u00e9voque le courage, la passion et la force vitale, tandis que la main ouverte repr\u00e9sente la protection contre le mal et l\u2019\u00e9l\u00e9vation spirituelle.\nDans la culture ottomane, cette combinaison de symboles unissait la puissance du c\u0153ur \u00e0 la b\u00e9n\u00e9diction divine.\nL'oxyde de zirconium, en tant que conducteur \u00e9nerg\u00e9tique, agit comme un amplificateur d\u2019intention : il prot\u00e8ge selon l\u2019\u00e9nergie qu\u2019on lui confie.\nCes boucles sont donc bien plus qu\u2019un bijou : elles sont un talisman de confiance et de foi en soi.<\/div>\r\n    <\/div>\r\n<\/div>\t\t\t\t<\/div>\n\t\t\t\t<\/div>\n\t\t\t\t<\/div>\r\n\t\t\t\t\t<\/div>\r\n\t\t\t\t<\/div>\r\n\t\t<div class=\"elementor-element elementor-element-4d39f81 e-flex e-con-boxed e-con e-parent\" data-id=\"4d39f81\" data-element_type=\"container\" data-e-type=\"container\">\t\t\t<div class=\"e-con-inner\">\r\n\t\t\t\t<div class=\"elementor-element elementor-element-ac3a2d7 elementor-widget elementor-widget-pxl_accordion\" data-id=\"ac3a2d7\" data-element_type=\"widget\" data-e-type=\"widget\" data-widget_type=\"pxl_accordion.default\">\n\t\t\t\t<div class=\"elementor-widget-container\">\n\t\t\t\t\t    <div class=\"pxl-accordion pxl-accordion1 style1\" data-wow-delay=\"ms\">\r\n                    <div class=\"pxl--item active\">\r\n                <h3 class=\"pxl-item-accordion\" data-target=\"#pxl-accordion-008dcdepxl_accordion-ac3a2d7-6343\">\r\n                    <i class=\"fa fa-angle-down\"><\/i>\r\n                    <span>Description<\/span>\r\n                    \r\n                <\/h3>\r\n                <div id=\"pxl-accordion-008dcdepxl_accordion-ac3a2d7-6343\" class=\"pxl-item--content\" style=\"display: block;\">Les Boucles H\u00e9ritage Main de Fatma sont forg\u00e9es \u00e0 la main dans nos ateliers d\u2019Istanbul, o\u00f9 chaque d\u00e9tail est grav\u00e9 selon la tradition orf\u00e8vre ottomane.<br \/>\n<br \/>\nLeur patine bronze antique met en valeur la forme de la main et la brillance des zircons. L\u00e9g\u00e8res mais puissantes visuellement, elles encadrent le visage d\u2019un \u00e9clat chaud et protecteur.<br \/>\n<br \/>\nPort\u00e9es au quotidien, elles deviennent une extension du geste, une promesse de paix et d\u2019\u00e9quilibre.<br \/>\n<br \/>\nOffertes, elles transmettent un v\u0153u de bienveillance et de prosp\u00e9rit\u00e9 \u00e0 la personne choisie.<\/div>\r\n            <\/div>\r\n                    <div class=\"pxl--item\">\r\n                <h3 class=\"pxl-item-accordion\" data-target=\"#pxl-accordion-8dda546pxl_accordion-ac3a2d7-6343\">\r\n                    <i class=\"fa fa-angle-down\"><\/i>\r\n                    <span>Caract\u00e9ristiques :<\/span>\r\n                    \r\n                <\/h3>\r\n                <div id=\"pxl-accordion-8dda546pxl_accordion-ac3a2d7-6343\" class=\"pxl-item--content\" >- M\u00e9tal : Argent sterling 925 massif, hypoallerg\u00e9nique<br \/>\n- Finition : Patine bronze antique<br \/>\n- Pierres principales : Zircon rouge (oxyde de zirconium) &amp; zircons blancs<br \/>\n- Poids total : 12.30 g<br \/>\n- Style : Motif Hamsa protecteur ottoman<br \/>\n- Origine : Fabriqu\u00e9es \u00e0 la main \u00e0 Istanbul<br \/>\n- Garantie : 1 an<br \/>\n- Inclus : Pochette et certificat d\u2019authenticit\u00e9<\/div>\r\n            <\/div>\r\n                    <div class=\"pxl--item\">\r\n                <h3 class=\"pxl-item-accordion\" data-target=\"#pxl-accordion-b0764d1pxl_accordion-ac3a2d7-6343\">\r\n                    <i class=\"fa fa-angle-down\"><\/i>\r\n                    <span>Conseils d'entretien :<\/span>\r\n                    \r\n                <\/h3>\r\n                <div id=\"pxl-accordion-b0764d1pxl_accordion-ac3a2d7-6343\" class=\"pxl-item--content\" >- \u00c9vitez le contact avec l\u2019eau sal\u00e9e, le parfum et les produits chimiques.<br \/>\n- Nettoyez avec un chiffon doux et sec apr\u00e8s chaque usage.<br \/>\n- Rangez vos bijoux dans leur pochette ou \u00e9crin d\u2019origine \u00e0 l\u2019abri de la lumi\u00e8re.<\/div>\r\n            <\/div>\r\n            <\/div>\r\n\t\t\t\t<\/div>\n\t\t\t\t<\/div>\n\t\t\t\t\t<\/div>\r\n\t\t\t\t<\/div>\r\n\t\t\t\t<\/div>","protected":false},"excerpt":{"rendered":"<p>Les <strong data-start=\"6988\" data-end=\"7022\">Boucles H\u00e9ritage Main de Fatma<\/strong> en <strong data-start=\"7026\" data-end=\"7047\">argent 925 patin\u00e9<\/strong> incarnent la <strong data-start=\"7061\" data-end=\"7093\">protection et la b\u00e9n\u00e9diction<\/strong>.<\/p>\n<p>Serties d\u2019un <strong>oxyde de zirconium <\/strong>teint\u00e9<strong data-start=\"7110\" data-end=\"7132\"> rouge rubis<\/strong> et d\u2019un pavage clair, elles rappellent les talismans spirituels du Proche-Orient.<\/p>\n<p>Forg\u00e9es \u00e0 la main en Turquie, elles allient <strong data-start=\"7261\" data-end=\"7311\">puissance symbolique et \u00e9l\u00e9gance intemporelle.<\/strong><\/p>","protected":false},"featured_media":5745,"template":"","meta":[],"product_brand":[53],"product_cat":[16],"product_tag":[],"class_list":{"0":"post-6056","1":"product","2":"type-product","3":"status-publish","4":"has-post-thumbnail","6":"product_brand-turquaz-store","7":"product_cat-boucles-oreilles","9":"first","10":"instock","11":"purchasable","12":"product-type-simple"},"_links":{"self":[{"href":"https:\/\/turquaz-store.fr\/en\/wp-json\/wp\/v2\/product\/6056","targetHints":{"allow":["GET"]}}],"collection":[{"href":"https:\/\/turquaz-store.fr\/en\/wp-json\/wp\/v2\/product"}],"about":[{"href":"https:\/\/turquaz-store.fr\/en\/wp-json\/wp\/v2\/types\/product"}],"version-history":[{"count":13,"href":"https:\/\/turquaz-store.fr\/en\/wp-json\/wp\/v2\/product\/6056\/revisions"}],"predecessor-version":[{"id":8348,"href":"https:\/\/turquaz-store.fr\/en\/wp-json\/wp\/v2\/product\/6056\/revisions\/8348"}],"wp:featuredmedia":[{"embeddable":true,"href":"https:\/\/turquaz-store.fr\/en\/wp-json\/wp\/v2\/media\/5745"}],"wp:attachment":[{"href":"https:\/\/turquaz-store.fr\/en\/wp-json\/wp\/v2\/media?parent=6056"}],"wp:term":[{"taxonomy":"product_brand","embeddable":true,"href":"https:\/\/turquaz-store.fr\/en\/wp-json\/wp\/v2\/product_brand?post=6056"},{"taxonomy":"product_cat","embeddable":true,"href":"https:\/\/turquaz-store.fr\/en\/wp-json\/wp\/v2\/product_cat?post=6056"},{"taxonomy":"product_tag","embeddable":true,"href":"https:\/\/turquaz-store.fr\/en\/wp-json\/wp\/v2\/product_tag?post=6056"}],"curies":[{"name":"wp","href":"https:\/\/api.w.org\/{rel}","templated":true}]}}