{"id":6081,"date":"2025-10-09T00:24:17","date_gmt":"2025-10-08T22:24:17","guid":{"rendered":"https:\/\/turquaz-store.fr\/?post_type=product&#038;p=6081"},"modified":"2025-12-12T06:33:07","modified_gmt":"2025-12-12T05:33:07","slug":"collier-heritage-noble-lale","status":"publish","type":"product","link":"https:\/\/turquaz-store.fr\/en\/product\/collier-heritage-noble-lale\/","title":{"rendered":"Collier H\u00e9ritage Noble Lale"},"content":{"rendered":"<div data-elementor-type=\"wp-post\" data-elementor-id=\"6081\" class=\"elementor elementor-6081\" data-elementor-post-type=\"product\">\n\t\t\t\t<div class=\"elementor-element elementor-element-8469bb2 e-flex e-con-boxed e-con e-parent\" data-id=\"8469bb2\" data-element_type=\"container\" data-e-type=\"container\">\t\t\t<div class=\"e-con-inner\">\r\n\t\t<div class=\"elementor-element elementor-element-9c6d526 e-con-full e-flex e-con e-child\" data-id=\"9c6d526\" data-element_type=\"container\" data-e-type=\"container\" data-settings=\"{&quot;background_background&quot;:&quot;classic&quot;}\">\t\t<div class=\"elementor-element elementor-element-efacd16 elementor-widget elementor-widget-pxl_icon_box\" data-id=\"efacd16\" data-element_type=\"widget\" data-e-type=\"widget\" data-widget_type=\"pxl_icon_box.default\">\n\t\t\t\t<div class=\"elementor-widget-container\">\n\t\t\t\t\t<div class=\"pxl-icon-box pxl-icon-box1 style-1\" data-wow-delay=\"ms\">\r\n    <div class=\"pxl-item--inner\">\r\n                    <div class=\"pxl-item--icon\">\r\n                <i aria-hidden=\"true\" class=\"fal fa-graduation-cap\"><\/i>            <\/div>\r\n                        <h3 class=\"pxl-item--title el-empty\">HISTOIRE<\/h3>\r\n        <div class=\"pxl-item--description el-empty\">Dans la cour ottomane, la tulipe \u00e9tait un embl\u00e8me sacr\u00e9 : perfection, gratitude et renaissance.\nSous l\u2019\u00e2ge d\u2019or du sultan Ahmed III, elle devint le symbole de raffinement supr\u00eame.\nLes joailliers reproduisaient ses p\u00e9tales sur les pendentifs d\u2019argent, souvent rehauss\u00e9s de pierres vertes symbolisant la fertilit\u00e9 spirituelle.\nLe Collier Noble Lale s\u2019inscrit dans cette filiation : une tulipe stylis\u00e9e rayonne autour d\u2019un oxyde de zirconium de couleur vert \u00e9meraude vibrant, mont\u00e9 sur une base d\u2019argent patin\u00e9 antique.\nUn hommage au printemps \u00e9ternel de l\u2019\u00e2me ottomane.<\/div>\r\n    <\/div>\r\n<\/div>\t\t\t\t<\/div>\n\t\t\t\t<\/div>\n\t\t\t\t<\/div>\r\n\t\t<div class=\"elementor-element elementor-element-0d32e84 e-con-full e-flex e-con e-child\" data-id=\"0d32e84\" data-element_type=\"container\" data-e-type=\"container\">\t\t<div class=\"elementor-element elementor-element-4220a1b elementor-widget elementor-widget-pxl_icon_box\" data-id=\"4220a1b\" data-element_type=\"widget\" data-e-type=\"widget\" data-widget_type=\"pxl_icon_box.default\">\n\t\t\t\t<div class=\"elementor-widget-container\">\n\t\t\t\t\t<div class=\"pxl-icon-box pxl-icon-box1 style-1\" data-wow-delay=\"ms\">\r\n    <div class=\"pxl-item--inner\">\r\n                    <div class=\"pxl-item--icon\">\r\n                <i aria-hidden=\"true\" class=\"fal fa-hamsa\"><\/i>            <\/div>\r\n                        <h3 class=\"pxl-item--title el-empty\">SYMBOLIQUE<\/h3>\r\n        <div class=\"pxl-item--description el-empty\">La couleur verte \u00e9meraude incarne la sagesse \u00e9motionnelle et la paix int\u00e9rieure.\nC\u2019est la couleur du c\u0153ur \u00e9quilibr\u00e9 et du renouveau spirituel.\nCombin\u00e9 au symbole de la tulipe, il exprime l\u2019ouverture \u00e0 la beaut\u00e9 et \u00e0 l\u2019abondance naturelle.\nL'oxyde de zirconium, dans cette teinte, agit comme un catalyseur d\u2019\u00e9nergie positive : il invite \u00e0 respirer plus lentement, \u00e0 d\u00e9cider avec discernement, \u00e0 aimer sans peur.<\/div>\r\n    <\/div>\r\n<\/div>\t\t\t\t<\/div>\n\t\t\t\t<\/div>\n\t\t\t\t<\/div>\r\n\t\t\t\t\t<\/div>\r\n\t\t\t\t<\/div>\r\n\t\t<div class=\"elementor-element elementor-element-4d39f81 e-flex e-con-boxed e-con e-parent\" data-id=\"4d39f81\" data-element_type=\"container\" data-e-type=\"container\">\t\t\t<div class=\"e-con-inner\">\r\n\t\t\t\t<div class=\"elementor-element elementor-element-ac3a2d7 elementor-widget elementor-widget-pxl_accordion\" data-id=\"ac3a2d7\" data-element_type=\"widget\" data-e-type=\"widget\" data-widget_type=\"pxl_accordion.default\">\n\t\t\t\t<div class=\"elementor-widget-container\">\n\t\t\t\t\t    <div class=\"pxl-accordion pxl-accordion1 style1\" data-wow-delay=\"ms\">\r\n                    <div class=\"pxl--item active\">\r\n                <h3 class=\"pxl-item-accordion\" data-target=\"#pxl-accordion-008dcdepxl_accordion-ac3a2d7-3451\">\r\n                    <i class=\"fa fa-angle-down\"><\/i>\r\n                    <span>Description<\/span>\r\n                    \r\n                <\/h3>\r\n                <div id=\"pxl-accordion-008dcdepxl_accordion-ac3a2d7-3451\" class=\"pxl-item--content\" style=\"display: block;\">Forg\u00e9 \u00e0 la main dans nos ateliers d\u2019Istanbul, le Collier H\u00e9ritage Noble Lale m\u00eale gr\u00e2ce florale et force symbolique.<br \/>\nSon pendentif en forme de tulipe cisel\u00e9e abrite un zircon vert taille poire, entour\u00e9 d\u2019un sertissage d'oxyde de zirconium clairs et verts miniatures.<br \/>\n<br \/>\nL\u2019argent 925 patin\u00e9 bronze donne \u00e0 la pi\u00e8ce une profondeur d\u2019\u00e2me, rappelant les objets anciens transmis de g\u00e9n\u00e9ration en g\u00e9n\u00e9ration.<br \/>\n<br \/>\nSon port est confortable, \u00e9quilibr\u00e9, et sa longueur r\u00e9glable permet de l\u2019ajuster pr\u00e8s du c\u0153ur, l\u00e0 o\u00f9 son \u00e9nergie agit le mieux.<br \/>\n<br \/>\nUn bijou protecteur, f\u00e9minin et apaisant, parfait \u00e0 offrir ou \u00e0 s\u2019offrir comme symbole d\u2019harmonie.<\/div>\r\n            <\/div>\r\n                    <div class=\"pxl--item\">\r\n                <h3 class=\"pxl-item-accordion\" data-target=\"#pxl-accordion-8dda546pxl_accordion-ac3a2d7-3451\">\r\n                    <i class=\"fa fa-angle-down\"><\/i>\r\n                    <span>Caract\u00e9ristiques :<\/span>\r\n                    \r\n                <\/h3>\r\n                <div id=\"pxl-accordion-8dda546pxl_accordion-ac3a2d7-3451\" class=\"pxl-item--content\" >- M\u00e9tal : Argent sterling 925 massif, hypoallerg\u00e9nique<br \/>\n- Finition : Patine bronze antique<br \/>\n- Pierre principale : Zircon vert \u00e9meraude (oxyde de zirconium)<br \/>\n- Pierres lat\u00e9rales : Zircons blancs et verts microsertis<br \/>\n- Poids total : 10.7 g<br \/>\n- Longueur de cha\u00eene : 40 cm + 5 cm r\u00e9glable<br \/>\n- Style : Motif tulipe ottomane<br \/>\n- Origine : Fabriqu\u00e9 \u00e0 la main \u00e0 Istanbul<br \/>\n- Garantie : 1 an<br \/>\n- Inclus : Pochette et certificat d\u2019authenticit\u00e9<\/div>\r\n            <\/div>\r\n                    <div class=\"pxl--item\">\r\n                <h3 class=\"pxl-item-accordion\" data-target=\"#pxl-accordion-b0764d1pxl_accordion-ac3a2d7-3451\">\r\n                    <i class=\"fa fa-angle-down\"><\/i>\r\n                    <span>Conseils d'entretien :<\/span>\r\n                    \r\n                <\/h3>\r\n                <div id=\"pxl-accordion-b0764d1pxl_accordion-ac3a2d7-3451\" class=\"pxl-item--content\" >- \u00c9vitez le contact avec l\u2019eau sal\u00e9e, le parfum et les produits chimiques.<br \/>\n- Nettoyez avec un chiffon doux et sec apr\u00e8s chaque usage.<br \/>\n- Rangez vos bijoux dans leur pochette ou \u00e9crin d\u2019origine \u00e0 l\u2019abri de la lumi\u00e8re.<\/div>\r\n            <\/div>\r\n            <\/div>\r\n\t\t\t\t<\/div>\n\t\t\t\t<\/div>\n\t\t\t\t\t<\/div>\r\n\t\t\t\t<\/div>\r\n\t\t\t\t<\/div>","protected":false},"excerpt":{"rendered":"<p>Le <strong data-start=\"3733\" data-end=\"3764\">Collier H\u00e9ritage Noble Lale<\/strong> en <strong data-start=\"3768\" data-end=\"3789\">argent 925 patin\u00e9<\/strong> c\u00e9l\u00e8bre la d\u00e9licatesse de la tulipe ottomane (<em data-start=\"3836\" data-end=\"3842\">Lale<\/em>).<\/p>\n<p>Son <strong>oxyde de zirconium <\/strong>de couleur <strong data-start=\"3851\" data-end=\"3875\">vert \u00e9meraude<\/strong> \u00e9voque la sagesse et la renaissance du c\u0153ur.<\/p>\n<p>Un bijou lumineux, forg\u00e9 \u00e0 la main \u00e0 Istanbul, symbole d\u2019<strong data-start=\"3980\" data-end=\"4021\">\u00e9quilibre et d\u2019\u00e9l\u00e9gance intemporelle.<\/strong><\/p>","protected":false},"featured_media":9994,"template":"","meta":[],"product_brand":[53],"product_cat":[25],"product_tag":[],"class_list":{"0":"post-6081","1":"product","2":"type-product","3":"status-publish","4":"has-post-thumbnail","6":"product_brand-turquaz-store","7":"product_cat-colliers-pendentifs","9":"first","10":"instock","11":"purchasable","12":"product-type-simple"},"_links":{"self":[{"href":"https:\/\/turquaz-store.fr\/en\/wp-json\/wp\/v2\/product\/6081","targetHints":{"allow":["GET"]}}],"collection":[{"href":"https:\/\/turquaz-store.fr\/en\/wp-json\/wp\/v2\/product"}],"about":[{"href":"https:\/\/turquaz-store.fr\/en\/wp-json\/wp\/v2\/types\/product"}],"version-history":[{"count":12,"href":"https:\/\/turquaz-store.fr\/en\/wp-json\/wp\/v2\/product\/6081\/revisions"}],"predecessor-version":[{"id":9995,"href":"https:\/\/turquaz-store.fr\/en\/wp-json\/wp\/v2\/product\/6081\/revisions\/9995"}],"wp:featuredmedia":[{"embeddable":true,"href":"https:\/\/turquaz-store.fr\/en\/wp-json\/wp\/v2\/media\/9994"}],"wp:attachment":[{"href":"https:\/\/turquaz-store.fr\/en\/wp-json\/wp\/v2\/media?parent=6081"}],"wp:term":[{"taxonomy":"product_brand","embeddable":true,"href":"https:\/\/turquaz-store.fr\/en\/wp-json\/wp\/v2\/product_brand?post=6081"},{"taxonomy":"product_cat","embeddable":true,"href":"https:\/\/turquaz-store.fr\/en\/wp-json\/wp\/v2\/product_cat?post=6081"},{"taxonomy":"product_tag","embeddable":true,"href":"https:\/\/turquaz-store.fr\/en\/wp-json\/wp\/v2\/product_tag?post=6081"}],"curies":[{"name":"wp","href":"https:\/\/api.w.org\/{rel}","templated":true}]}}