{"id":6130,"date":"2025-10-09T02:01:45","date_gmt":"2025-10-09T00:01:45","guid":{"rendered":"https:\/\/turquaz-store.fr\/?post_type=product&#038;p=6130"},"modified":"2025-12-12T06:32:09","modified_gmt":"2025-12-12T05:32:09","slug":"collier-heritage-nar-tanesi","status":"publish","type":"product","link":"https:\/\/turquaz-store.fr\/en\/product\/collier-heritage-nar-tanesi\/","title":{"rendered":"Collier H\u00e9ritage Nar Tanesi"},"content":{"rendered":"<div data-elementor-type=\"wp-post\" data-elementor-id=\"6130\" class=\"elementor elementor-6130\" data-elementor-post-type=\"product\">\n\t\t\t\t<div class=\"elementor-element elementor-element-8469bb2 e-flex e-con-boxed e-con e-parent\" data-id=\"8469bb2\" data-element_type=\"container\" data-e-type=\"container\">\t\t\t<div class=\"e-con-inner\">\r\n\t\t<div class=\"elementor-element elementor-element-9c6d526 e-con-full e-flex e-con e-child\" data-id=\"9c6d526\" data-element_type=\"container\" data-e-type=\"container\" data-settings=\"{&quot;background_background&quot;:&quot;classic&quot;}\">\t\t<div class=\"elementor-element elementor-element-efacd16 elementor-widget elementor-widget-pxl_icon_box\" data-id=\"efacd16\" data-element_type=\"widget\" data-e-type=\"widget\" data-widget_type=\"pxl_icon_box.default\">\n\t\t\t\t<div class=\"elementor-widget-container\">\n\t\t\t\t\t<div class=\"pxl-icon-box pxl-icon-box1 style-1\" data-wow-delay=\"ms\">\r\n    <div class=\"pxl-item--inner\">\r\n                    <div class=\"pxl-item--icon\">\r\n                <i aria-hidden=\"true\" class=\"fal fa-graduation-cap\"><\/i>            <\/div>\r\n                        <h3 class=\"pxl-item--title el-empty\">HISTOIRE<\/h3>\r\n        <div class=\"pxl-item--description el-empty\">Dans l\u2019Empire ottoman, la grenade ornait les textiles, les fa\u00efences et les bijoux des sultanes.\nElle repr\u00e9sentait la f\u00e9condit\u00e9, la chance et la continuit\u00e9 de la vie.\nLe Collier Nar Tanesi, fa\u00e7onn\u00e9 \u00e0 la main dans nos ateliers d\u2019Istanbul, reprend cette iconographie sous forme d\u2019un pendentif ovale finement cisel\u00e9.\nSon oxyde de zirconium de couleur rouge profond, taill\u00e9 \u00e0 la main, brille au centre d\u2019un halo d'un pavage de zircons clairs qui rappellent la pulpe \u00e9clatante du fruit.\nLa patine bronze antique donne \u00e0 la pi\u00e8ce une allure d\u2019h\u00e9ritage, comme un tr\u00e9sor transmis entre g\u00e9n\u00e9rations.<\/div>\r\n    <\/div>\r\n<\/div>\t\t\t\t<\/div>\n\t\t\t\t<\/div>\n\t\t\t\t<\/div>\r\n\t\t<div class=\"elementor-element elementor-element-0d32e84 e-con-full e-flex e-con e-child\" data-id=\"0d32e84\" data-element_type=\"container\" data-e-type=\"container\">\t\t<div class=\"elementor-element elementor-element-4220a1b elementor-widget elementor-widget-pxl_icon_box\" data-id=\"4220a1b\" data-element_type=\"widget\" data-e-type=\"widget\" data-widget_type=\"pxl_icon_box.default\">\n\t\t\t\t<div class=\"elementor-widget-container\">\n\t\t\t\t\t<div class=\"pxl-icon-box pxl-icon-box1 style-1\" data-wow-delay=\"ms\">\r\n    <div class=\"pxl-item--inner\">\r\n                    <div class=\"pxl-item--icon\">\r\n                <i aria-hidden=\"true\" class=\"fal fa-hamsa\"><\/i>            <\/div>\r\n                        <h3 class=\"pxl-item--title el-empty\">SYMBOLIQUE<\/h3>\r\n        <div class=\"pxl-item--description el-empty\">La couleur rouge grenat est une couleur de vitalit\u00e9, de gratitude et de courage du c\u0153ur.\nDans les traditions ottomanes, elle symbolise l\u2019\u00e9nergie vitale, l\u2019amour sinc\u00e8re et la prosp\u00e9rit\u00e9.\nCe collier agit comme un talisman de renouveau : il aide \u00e0 transformer la passion en joie, la force en douceur.\nSon \u00e9nergie protectrice favorise la confiance et attire les opportunit\u00e9s lumineuses.<\/div>\r\n    <\/div>\r\n<\/div>\t\t\t\t<\/div>\n\t\t\t\t<\/div>\n\t\t\t\t<\/div>\r\n\t\t\t\t\t<\/div>\r\n\t\t\t\t<\/div>\r\n\t\t<div class=\"elementor-element elementor-element-4d39f81 e-flex e-con-boxed e-con e-parent\" data-id=\"4d39f81\" data-element_type=\"container\" data-e-type=\"container\">\t\t\t<div class=\"e-con-inner\">\r\n\t\t\t\t<div class=\"elementor-element elementor-element-ac3a2d7 elementor-widget elementor-widget-pxl_accordion\" data-id=\"ac3a2d7\" data-element_type=\"widget\" data-e-type=\"widget\" data-widget_type=\"pxl_accordion.default\">\n\t\t\t\t<div class=\"elementor-widget-container\">\n\t\t\t\t\t    <div class=\"pxl-accordion pxl-accordion1 style1\" data-wow-delay=\"ms\">\r\n                    <div class=\"pxl--item active\">\r\n                <h3 class=\"pxl-item-accordion\" data-target=\"#pxl-accordion-008dcdepxl_accordion-ac3a2d7-4095\">\r\n                    <i class=\"fa fa-angle-down\"><\/i>\r\n                    <span>Description<\/span>\r\n                    \r\n                <\/h3>\r\n                <div id=\"pxl-accordion-008dcdepxl_accordion-ac3a2d7-4095\" class=\"pxl-item--content\" style=\"display: block;\">Forg\u00e9 en argent 925 patin\u00e9, le Collier H\u00e9ritage Nar Tanesi associe tradition et sensualit\u00e9.<br \/>\n<br \/>\nLe pendentif ovale est orn\u00e9 d\u2019un zircon rouge taille ovale, serti \u00e0 la main et entour\u00e9 d'oxyde de zirconium clairs pour une diffusion parfaite de la lumi\u00e8re.<br \/>\n<br \/>\nL\u2019\u00e9quilibre des volumes et la chaleur de la patine lui conf\u00e8rent une pr\u00e9sence \u00e0 la fois forte et f\u00e9minine.<br \/>\n<br \/>\nL\u00e9ger et harmonieux, il se porte pr\u00e8s du c\u0153ur pour amplifier son pouvoir symbolique.<br \/>\n<br \/>\nC\u2019est un bijou \u00e0 la fois esth\u00e9tique et \u00e9motionnel, qui relie l\u2019\u00e2me \u00e0 la terre et le regard \u00e0 la lumi\u00e8re.<\/div>\r\n            <\/div>\r\n                    <div class=\"pxl--item\">\r\n                <h3 class=\"pxl-item-accordion\" data-target=\"#pxl-accordion-8dda546pxl_accordion-ac3a2d7-4095\">\r\n                    <i class=\"fa fa-angle-down\"><\/i>\r\n                    <span>Caract\u00e9ristiques :<\/span>\r\n                    \r\n                <\/h3>\r\n                <div id=\"pxl-accordion-8dda546pxl_accordion-ac3a2d7-4095\" class=\"pxl-item--content\" >- M\u00e9tal : Argent sterling 925 massif, hypoallerg\u00e9nique<br \/>\n- Finition : Patine bronze antique<br \/>\n- Pierre principale : Zircon rouge (oxyde de zirconium)<br \/>\n- Pierres lat\u00e9rales : Zircons clairs<br \/>\n- Poids total : 5.10 g<br \/>\n- Longueur de cha\u00eene : 40 cm + 5 cm r\u00e9glable<br \/>\n- Style : Motif grenade (Nar) ottoman<br \/>\n- Origine : Fait main en Turquie<br \/>\n- Garantie : 1 an<br \/>\n- Inclus : Pochette et certificat d\u2019authenticit\u00e9<\/div>\r\n            <\/div>\r\n                    <div class=\"pxl--item\">\r\n                <h3 class=\"pxl-item-accordion\" data-target=\"#pxl-accordion-b0764d1pxl_accordion-ac3a2d7-4095\">\r\n                    <i class=\"fa fa-angle-down\"><\/i>\r\n                    <span>Conseils d'entretien :<\/span>\r\n                    \r\n                <\/h3>\r\n                <div id=\"pxl-accordion-b0764d1pxl_accordion-ac3a2d7-4095\" class=\"pxl-item--content\" >- \u00c9vitez le contact avec l\u2019eau sal\u00e9e, le parfum et les produits chimiques.<br \/>\n- Nettoyez avec un chiffon doux et sec apr\u00e8s chaque usage.<br \/>\n- Rangez vos bijoux dans leur pochette ou \u00e9crin d\u2019origine \u00e0 l\u2019abri de la lumi\u00e8re.<\/div>\r\n            <\/div>\r\n            <\/div>\r\n\t\t\t\t<\/div>\n\t\t\t\t<\/div>\n\t\t\t\t\t<\/div>\r\n\t\t\t\t<\/div>\r\n\t\t\t\t<\/div>","protected":false},"excerpt":{"rendered":"<p>Le <strong data-start=\"573\" data-end=\"604\">Collier H\u00e9ritage Nar Tanesi<\/strong> en <strong data-start=\"608\" data-end=\"629\">argent 925 patin\u00e9<\/strong> est inspir\u00e9 du fruit sacr\u00e9 de la grenade (<em data-start=\"672\" data-end=\"677\">Nar<\/em>), symbole d\u2019abondance et de r\u00e9g\u00e9n\u00e9ration dans la culture ottomane.<\/p>\n<p>Sertie d\u2019un <strong>oxyde de zirconium <\/strong>couleur<strong> rouge grenat<\/strong>, cette cr\u00e9ation artisanale d\u2019Istanbul incarne la <strong data-start=\"832\" data-end=\"881\">vitalit\u00e9 du c\u0153ur et la prosp\u00e9rit\u00e9 int\u00e9rieure.<\/strong><\/p>","protected":false},"featured_media":9990,"template":"","meta":[],"product_brand":[53],"product_cat":[25],"product_tag":[],"class_list":{"0":"post-6130","1":"product","2":"type-product","3":"status-publish","4":"has-post-thumbnail","6":"product_brand-turquaz-store","7":"product_cat-colliers-pendentifs","9":"first","10":"instock","11":"purchasable","12":"product-type-simple"},"_links":{"self":[{"href":"https:\/\/turquaz-store.fr\/en\/wp-json\/wp\/v2\/product\/6130","targetHints":{"allow":["GET"]}}],"collection":[{"href":"https:\/\/turquaz-store.fr\/en\/wp-json\/wp\/v2\/product"}],"about":[{"href":"https:\/\/turquaz-store.fr\/en\/wp-json\/wp\/v2\/types\/product"}],"version-history":[{"count":13,"href":"https:\/\/turquaz-store.fr\/en\/wp-json\/wp\/v2\/product\/6130\/revisions"}],"predecessor-version":[{"id":9991,"href":"https:\/\/turquaz-store.fr\/en\/wp-json\/wp\/v2\/product\/6130\/revisions\/9991"}],"wp:featuredmedia":[{"embeddable":true,"href":"https:\/\/turquaz-store.fr\/en\/wp-json\/wp\/v2\/media\/9990"}],"wp:attachment":[{"href":"https:\/\/turquaz-store.fr\/en\/wp-json\/wp\/v2\/media?parent=6130"}],"wp:term":[{"taxonomy":"product_brand","embeddable":true,"href":"https:\/\/turquaz-store.fr\/en\/wp-json\/wp\/v2\/product_brand?post=6130"},{"taxonomy":"product_cat","embeddable":true,"href":"https:\/\/turquaz-store.fr\/en\/wp-json\/wp\/v2\/product_cat?post=6130"},{"taxonomy":"product_tag","embeddable":true,"href":"https:\/\/turquaz-store.fr\/en\/wp-json\/wp\/v2\/product_tag?post=6130"}],"curies":[{"name":"wp","href":"https:\/\/api.w.org\/{rel}","templated":true}]}}