{"id":6151,"date":"2025-10-09T16:36:31","date_gmt":"2025-10-09T14:36:31","guid":{"rendered":"https:\/\/turquaz-store.fr\/?post_type=product&#038;p=6151"},"modified":"2026-01-06T22:23:03","modified_gmt":"2026-01-06T21:23:03","slug":"collier-heritage-etoile-d-anatolie","status":"publish","type":"product","link":"https:\/\/turquaz-store.fr\/en\/product\/collier-heritage-etoile-d-anatolie\/","title":{"rendered":"Collier H\u00e9ritage \u00c9toile d\u2019Anatolie"},"content":{"rendered":"<div data-elementor-type=\"wp-post\" data-elementor-id=\"6151\" class=\"elementor elementor-6151\" data-elementor-post-type=\"product\">\n\t\t\t\t<div class=\"elementor-element elementor-element-8469bb2 e-flex e-con-boxed e-con e-parent\" data-id=\"8469bb2\" data-element_type=\"container\" data-e-type=\"container\">\t\t\t<div class=\"e-con-inner\">\r\n\t\t<div class=\"elementor-element elementor-element-9c6d526 e-con-full e-flex e-con e-child\" data-id=\"9c6d526\" data-element_type=\"container\" data-e-type=\"container\" data-settings=\"{&quot;background_background&quot;:&quot;classic&quot;}\">\t\t<div class=\"elementor-element elementor-element-efacd16 elementor-widget elementor-widget-pxl_icon_box\" data-id=\"efacd16\" data-element_type=\"widget\" data-e-type=\"widget\" data-widget_type=\"pxl_icon_box.default\">\n\t\t\t\t<div class=\"elementor-widget-container\">\n\t\t\t\t\t<div class=\"pxl-icon-box pxl-icon-box1 style-1\" data-wow-delay=\"ms\">\r\n    <div class=\"pxl-item--inner\">\r\n                    <div class=\"pxl-item--icon\">\r\n                <i aria-hidden=\"true\" class=\"fal fa-graduation-cap\"><\/i>            <\/div>\r\n                        <h3 class=\"pxl-item--title el-empty\">HISTOIRE<\/h3>\r\n        <div class=\"pxl-item--description el-empty\">Le pendentif du Collier \u00c9toile d\u2019Anatolie reprend un motif rayonnant inspir\u00e9 des mosa\u00efques anatoliennes.\nLa couleur zultanite de l'oxyde de zirconium change de couleur en fonction de la lumire. \nLa dorure or 16K (1,5 micron sur base argent 925) assure un \u00e9clat durable et chaud, \u00e9voquant la lumi\u00e8re dor\u00e9e du Levant.\nChaque collier est une pi\u00e8ce unique, fruit du geste patient des artisans d\u2019Istanbul.<\/div>\r\n    <\/div>\r\n<\/div>\t\t\t\t<\/div>\n\t\t\t\t<\/div>\n\t\t\t\t<\/div>\r\n\t\t<div class=\"elementor-element elementor-element-0d32e84 e-con-full e-flex e-con e-child\" data-id=\"0d32e84\" data-element_type=\"container\" data-e-type=\"container\">\t\t<div class=\"elementor-element elementor-element-4220a1b elementor-widget elementor-widget-pxl_icon_box\" data-id=\"4220a1b\" data-element_type=\"widget\" data-e-type=\"widget\" data-widget_type=\"pxl_icon_box.default\">\n\t\t\t\t<div class=\"elementor-widget-container\">\n\t\t\t\t\t<div class=\"pxl-icon-box pxl-icon-box1 style-1\" data-wow-delay=\"ms\">\r\n    <div class=\"pxl-item--inner\">\r\n                    <div class=\"pxl-item--icon\">\r\n                <i aria-hidden=\"true\" class=\"fal fa-hamsa\"><\/i>            <\/div>\r\n                        <h3 class=\"pxl-item--title el-empty\">SYMBOLIQUE<\/h3>\r\n        <div class=\"pxl-item--description el-empty\">La couleur zultanite, symbole de transformation et de clart\u00e9, invite \u00e0 la r\u00e9invention de soi.\nSa nature changeante refl\u00e8te la sagesse : tout \u00e9volue, rien n\u2019est fig\u00e9.\nL\u2019or, dans la tradition ottomane, incarne la force vitale et la connexion divine.\nCe bijou rappelle que chaque femme porte en elle une \u00e9toile : une lumi\u00e8re qui \u00e9claire sans aveugler.<\/div>\r\n    <\/div>\r\n<\/div>\t\t\t\t<\/div>\n\t\t\t\t<\/div>\n\t\t\t\t<\/div>\r\n\t\t\t\t\t<\/div>\r\n\t\t\t\t<\/div>\r\n\t\t<div class=\"elementor-element elementor-element-4d39f81 e-flex e-con-boxed e-con e-parent\" data-id=\"4d39f81\" data-element_type=\"container\" data-e-type=\"container\">\t\t\t<div class=\"e-con-inner\">\r\n\t\t\t\t<div class=\"elementor-element elementor-element-ac3a2d7 elementor-widget elementor-widget-pxl_accordion\" data-id=\"ac3a2d7\" data-element_type=\"widget\" data-e-type=\"widget\" data-widget_type=\"pxl_accordion.default\">\n\t\t\t\t<div class=\"elementor-widget-container\">\n\t\t\t\t\t    <div class=\"pxl-accordion pxl-accordion1 style1\" data-wow-delay=\"ms\">\r\n                    <div class=\"pxl--item active\">\r\n                <h3 class=\"pxl-item-accordion\" data-target=\"#pxl-accordion-008dcdepxl_accordion-ac3a2d7-3758\">\r\n                    <i class=\"fa fa-angle-down\"><\/i>\r\n                    <span>Description<\/span>\r\n                    \r\n                <\/h3>\r\n                <div id=\"pxl-accordion-008dcdepxl_accordion-ac3a2d7-3758\" class=\"pxl-item--content\" style=\"display: block;\">Forg\u00e9 \u00e0 la main dans nos ateliers d\u2019Istanbul, le Collier H\u00e9ritage \u00c9toile d\u2019Anatolie associe la noblesse de l\u2019argent massif et la richesse de la dorure or 16K.<br \/>\n<br \/>\nSon pendentif, finement ajour\u00e9, laisse passer la lumi\u00e8re \u00e0 travers l'oxyde de zirconium de couleur zultanite, r\u00e9v\u00e9lant ses multiples nuances.<br \/>\n<br \/>\nSa cha\u00eene fine et ajustable renforce le port gracieux du bijou, tandis que sa l\u00e9g\u00e8ret\u00e9 le rend agr\u00e9able au quotidien.<br \/>\n<br \/>\nUn bijou de transformation, con\u00e7u pour celles qui embrassent le changement et rayonnent sans exc\u00e8s.<\/div>\r\n            <\/div>\r\n                    <div class=\"pxl--item\">\r\n                <h3 class=\"pxl-item-accordion\" data-target=\"#pxl-accordion-8dda546pxl_accordion-ac3a2d7-3758\">\r\n                    <i class=\"fa fa-angle-down\"><\/i>\r\n                    <span>Caract\u00e9ristiques :<\/span>\r\n                    \r\n                <\/h3>\r\n                <div id=\"pxl-accordion-8dda546pxl_accordion-ac3a2d7-3758\" class=\"pxl-item--content\" >- M\u00e9tal : Argent sterling 925 dor\u00e9 or 16K (\u00e9paisseur 1,5 micron)<br \/>\n- Finition : Dorure or 16 carats, \u00e9clat chaud et durable<br \/>\n- Pierre principale : Zircon couleur zultanite (oxyde de zirconium)<br \/>\n- Pierres lat\u00e9rales : Zircons clairs<br \/>\n- Poids total : 6.35 g<br \/>\n- Longueur de cha\u00eene : 40 cm + 5 cm r\u00e9glable<br \/>\n- Style : Motif \u00e9toile ottomane<br \/>\n- Origine : Fait main \u00e0 Istanbul<br \/>\n- Garantie : 1 an<br \/>\n- Inclus : Pochette et certificat d\u2019authenticit\u00e9<\/div>\r\n            <\/div>\r\n                    <div class=\"pxl--item\">\r\n                <h3 class=\"pxl-item-accordion\" data-target=\"#pxl-accordion-b0764d1pxl_accordion-ac3a2d7-3758\">\r\n                    <i class=\"fa fa-angle-down\"><\/i>\r\n                    <span>Conseils d'entretien :<\/span>\r\n                    \r\n                <\/h3>\r\n                <div id=\"pxl-accordion-b0764d1pxl_accordion-ac3a2d7-3758\" class=\"pxl-item--content\" >- \u00c9vitez le contact avec l\u2019eau sal\u00e9e, le parfum et les produits chimiques.<br \/>\n- Nettoyez avec un chiffon doux et sec apr\u00e8s chaque usage.<br \/>\n- Rangez vos bijoux dans leur pochette ou \u00e9crin d\u2019origine \u00e0 l\u2019abri de la lumi\u00e8re.<\/div>\r\n            <\/div>\r\n            <\/div>\r\n\t\t\t\t<\/div>\n\t\t\t\t<\/div>\n\t\t\t\t\t<\/div>\r\n\t\t\t\t<\/div>\r\n\t\t\t\t<\/div>","protected":false},"excerpt":{"rendered":"<p>Le <strong data-start=\"3419\" data-end=\"3457\">Collier H\u00e9ritage \u00c9toile d\u2019Anatolie<\/strong> en <strong data-start=\"3461\" data-end=\"3493\">argent 925 dor\u00e9 or 16 carats<\/strong> c\u00e9l\u00e8bre la lumi\u00e8re changeante des montagnes d\u2019Ilbir.<\/p>\n<p>Son <strong>oxyde de zirconium <\/strong>couleur<strong> zultanite<\/strong> refl\u00e8te des nuances dor\u00e9es et ros\u00e9es selon la lumi\u00e8re.<\/p>\n<p>Un bijou rare et symbolique, forg\u00e9 \u00e0 la main par nos artisans d\u2019Istanbul.<\/p>","protected":false},"featured_media":5726,"template":"","meta":[],"product_brand":[53],"product_cat":[25],"product_tag":[],"class_list":{"0":"post-6151","1":"product","2":"type-product","3":"status-publish","4":"has-post-thumbnail","6":"product_brand-turquaz-store","7":"product_cat-colliers-pendentifs","9":"first","10":"instock","11":"purchasable","12":"product-type-simple"},"_links":{"self":[{"href":"https:\/\/turquaz-store.fr\/en\/wp-json\/wp\/v2\/product\/6151","targetHints":{"allow":["GET"]}}],"collection":[{"href":"https:\/\/turquaz-store.fr\/en\/wp-json\/wp\/v2\/product"}],"about":[{"href":"https:\/\/turquaz-store.fr\/en\/wp-json\/wp\/v2\/types\/product"}],"version-history":[{"count":13,"href":"https:\/\/turquaz-store.fr\/en\/wp-json\/wp\/v2\/product\/6151\/revisions"}],"predecessor-version":[{"id":10039,"href":"https:\/\/turquaz-store.fr\/en\/wp-json\/wp\/v2\/product\/6151\/revisions\/10039"}],"wp:featuredmedia":[{"embeddable":true,"href":"https:\/\/turquaz-store.fr\/en\/wp-json\/wp\/v2\/media\/5726"}],"wp:attachment":[{"href":"https:\/\/turquaz-store.fr\/en\/wp-json\/wp\/v2\/media?parent=6151"}],"wp:term":[{"taxonomy":"product_brand","embeddable":true,"href":"https:\/\/turquaz-store.fr\/en\/wp-json\/wp\/v2\/product_brand?post=6151"},{"taxonomy":"product_cat","embeddable":true,"href":"https:\/\/turquaz-store.fr\/en\/wp-json\/wp\/v2\/product_cat?post=6151"},{"taxonomy":"product_tag","embeddable":true,"href":"https:\/\/turquaz-store.fr\/en\/wp-json\/wp\/v2\/product_tag?post=6151"}],"curies":[{"name":"wp","href":"https:\/\/api.w.org\/{rel}","templated":true}]}}