{"id":6173,"date":"2025-10-09T17:01:47","date_gmt":"2025-10-09T15:01:47","guid":{"rendered":"https:\/\/turquaz-store.fr\/?post_type=product&#038;p=6173"},"modified":"2025-12-12T06:24:19","modified_gmt":"2025-12-12T05:24:19","slug":"collier-heritage-firuze","status":"publish","type":"product","link":"https:\/\/turquaz-store.fr\/en\/product\/collier-heritage-firuze\/","title":{"rendered":"Collier H\u00e9ritage Firuz\u00e9"},"content":{"rendered":"<div data-elementor-type=\"wp-post\" data-elementor-id=\"6173\" class=\"elementor elementor-6173\" data-elementor-post-type=\"product\">\n\t\t\t\t<div class=\"elementor-element elementor-element-8469bb2 e-flex e-con-boxed e-con e-parent\" data-id=\"8469bb2\" data-element_type=\"container\" data-e-type=\"container\">\t\t\t<div class=\"e-con-inner\">\r\n\t\t<div class=\"elementor-element elementor-element-9c6d526 e-con-full e-flex e-con e-child\" data-id=\"9c6d526\" data-element_type=\"container\" data-e-type=\"container\" data-settings=\"{&quot;background_background&quot;:&quot;classic&quot;}\">\t\t<div class=\"elementor-element elementor-element-efacd16 elementor-widget elementor-widget-pxl_icon_box\" data-id=\"efacd16\" data-element_type=\"widget\" data-e-type=\"widget\" data-widget_type=\"pxl_icon_box.default\">\n\t\t\t\t<div class=\"elementor-widget-container\">\n\t\t\t\t\t<div class=\"pxl-icon-box pxl-icon-box1 style-1\" data-wow-delay=\"ms\">\r\n    <div class=\"pxl-item--inner\">\r\n                    <div class=\"pxl-item--icon\">\r\n                <i aria-hidden=\"true\" class=\"fal fa-graduation-cap\"><\/i>            <\/div>\r\n                        <h3 class=\"pxl-item--title el-empty\">HISTOIRE<\/h3>\r\n        <div class=\"pxl-item--description el-empty\">La turquoise (Firuz\u00e9) est l\u2019une des pierres les plus anciennes port\u00e9es dans l\u2019Empire ottoman.\nElle repr\u00e9sentait la protection et la paix, et \u00e9tait souvent offerte pour porter chance \u00e0 un nouveau d\u00e9part.\nNos artisans d\u2019Istanbul ont revisit\u00e9 ce symbole ancestral en un pendentif en argent 925 patin\u00e9, serti d\u2019un oxyde de zirconium turquoise lumineux et cercl\u00e9 de zircons blancs.\nLe contraste entre la patine bronze antique et la teinte bleue vibrante cr\u00e9e un \u00e9quilibre harmonieux, comme un ciel clair au-dessus des terres chaudes d\u2019Anatolie.<\/div>\r\n    <\/div>\r\n<\/div>\t\t\t\t<\/div>\n\t\t\t\t<\/div>\n\t\t\t\t<\/div>\r\n\t\t<div class=\"elementor-element elementor-element-0d32e84 e-con-full e-flex e-con e-child\" data-id=\"0d32e84\" data-element_type=\"container\" data-e-type=\"container\">\t\t<div class=\"elementor-element elementor-element-4220a1b elementor-widget elementor-widget-pxl_icon_box\" data-id=\"4220a1b\" data-element_type=\"widget\" data-e-type=\"widget\" data-widget_type=\"pxl_icon_box.default\">\n\t\t\t\t<div class=\"elementor-widget-container\">\n\t\t\t\t\t<div class=\"pxl-icon-box pxl-icon-box1 style-1\" data-wow-delay=\"ms\">\r\n    <div class=\"pxl-item--inner\">\r\n                    <div class=\"pxl-item--icon\">\r\n                <i aria-hidden=\"true\" class=\"fal fa-hamsa\"><\/i>            <\/div>\r\n                        <h3 class=\"pxl-item--title el-empty\">SYMBOLIQUE<\/h3>\r\n        <div class=\"pxl-item--description el-empty\">La couleur bleu turquoise favorise la communication sinc\u00e8re, la tol\u00e9rance et la paix int\u00e9rieure.\nDans la tradition ottomane, il \u00e9tait associ\u00e9 \u00e0 la v\u00e9rit\u00e9 et \u00e0 la protection contre les \u00e9nergies lourdes.\nCette oxyde de zirconium, miroir des intentions, renvoie l\u2019apaisement qu\u2019on y d\u00e9pose.\nPorter le Collier Firuz\u00e9, c\u2019est choisir de parler avec douceur et d\u2019\u00e9couter avec le c\u0153ur.<\/div>\r\n    <\/div>\r\n<\/div>\t\t\t\t<\/div>\n\t\t\t\t<\/div>\n\t\t\t\t<\/div>\r\n\t\t\t\t\t<\/div>\r\n\t\t\t\t<\/div>\r\n\t\t<div class=\"elementor-element elementor-element-4d39f81 e-flex e-con-boxed e-con e-parent\" data-id=\"4d39f81\" data-element_type=\"container\" data-e-type=\"container\">\t\t\t<div class=\"e-con-inner\">\r\n\t\t\t\t<div class=\"elementor-element elementor-element-ac3a2d7 elementor-widget elementor-widget-pxl_accordion\" data-id=\"ac3a2d7\" data-element_type=\"widget\" data-e-type=\"widget\" data-widget_type=\"pxl_accordion.default\">\n\t\t\t\t<div class=\"elementor-widget-container\">\n\t\t\t\t\t    <div class=\"pxl-accordion pxl-accordion1 style1\" data-wow-delay=\"ms\">\r\n                    <div class=\"pxl--item active\">\r\n                <h3 class=\"pxl-item-accordion\" data-target=\"#pxl-accordion-008dcdepxl_accordion-ac3a2d7-1344\">\r\n                    <i class=\"fa fa-angle-down\"><\/i>\r\n                    <span>Description<\/span>\r\n                    \r\n                <\/h3>\r\n                <div id=\"pxl-accordion-008dcdepxl_accordion-ac3a2d7-1344\" class=\"pxl-item--content\" style=\"display: block;\">Le Collier H\u00e9ritage Firuz\u00e9 incarne l\u2019alliance entre le raffinement ottoman et la modernit\u00e9.<br \/>\n<br \/>\nForg\u00e9 en argent 925 patin\u00e9, il pr\u00e9sente un pendentif goutte serti d\u2019un oxyde de zirconium de couleur turquoise intense, encadr\u00e9 d\u2019un pavage lumineux d'un pavage de zircons blancs.<br \/>\n<br \/>\nSa finition antique lui conf\u00e8re un charme intemporel, tandis que son poids parfaitement \u00e9quilibr\u00e9 le rend agr\u00e9able \u00e0 porter toute la journ\u00e9e.<br \/>\n<br \/>\nPlus qu\u2019un bijou, c\u2019est un symbole de calme et de v\u00e9rit\u00e9, \u00e0 offrir \u00e0 soi-m\u00eame ou \u00e0 une \u00e2me ch\u00e8re.<\/div>\r\n            <\/div>\r\n                    <div class=\"pxl--item\">\r\n                <h3 class=\"pxl-item-accordion\" data-target=\"#pxl-accordion-8dda546pxl_accordion-ac3a2d7-1344\">\r\n                    <i class=\"fa fa-angle-down\"><\/i>\r\n                    <span>Caract\u00e9ristiques :<\/span>\r\n                    \r\n                <\/h3>\r\n                <div id=\"pxl-accordion-8dda546pxl_accordion-ac3a2d7-1344\" class=\"pxl-item--content\" >- M\u00e9tal : Argent sterling 925 massif, hypoallerg\u00e9nique<br \/>\n- Finition : Patine bronze antique<br \/>\n- Pierre principale : Zircon turquoise (oxyde de zirconium)<br \/>\n- Pierres lat\u00e9rales : Zircons clairs<br \/>\n- Poids total : 9.90 g<br \/>\n- Longueur de cha\u00eene : 40 cm + 5 cm r\u00e9glable<br \/>\n- Style : Motif goutte ottoman<br \/>\n- Origine : Fait main en Turquie<br \/>\n- Garantie : 1 an<br \/>\n- Inclus : Pochette et certificat d\u2019authenticit\u00e9<\/div>\r\n            <\/div>\r\n                    <div class=\"pxl--item\">\r\n                <h3 class=\"pxl-item-accordion\" data-target=\"#pxl-accordion-b0764d1pxl_accordion-ac3a2d7-1344\">\r\n                    <i class=\"fa fa-angle-down\"><\/i>\r\n                    <span>Conseils d'entretien :<\/span>\r\n                    \r\n                <\/h3>\r\n                <div id=\"pxl-accordion-b0764d1pxl_accordion-ac3a2d7-1344\" class=\"pxl-item--content\" >- \u00c9vitez le contact avec l\u2019eau sal\u00e9e, le parfum et les produits chimiques.<br \/>\n- Nettoyez avec un chiffon doux et sec apr\u00e8s chaque usage.<br \/>\n- Rangez vos bijoux dans leur pochette ou \u00e9crin d\u2019origine \u00e0 l\u2019abri de la lumi\u00e8re.<\/div>\r\n            <\/div>\r\n            <\/div>\r\n\t\t\t\t<\/div>\n\t\t\t\t<\/div>\n\t\t\t\t\t<\/div>\r\n\t\t\t\t<\/div>\r\n\t\t\t\t<\/div>","protected":false},"excerpt":{"rendered":"<p>Le <strong data-start=\"6218\" data-end=\"6245\">Collier H\u00e9ritage Firuz\u00e9<\/strong> en <strong data-start=\"6249\" data-end=\"6270\">argent 925 patin\u00e9<\/strong> rend hommage \u00e0 la turquoise sacr\u00e9e d\u2019Anatolie.<\/p>\n<p>Sertie d\u2019un <strong>oxyde de zirconium <\/strong>de couleur<strong data-start=\"6332\" data-end=\"6361\"> turquoise \u00e9clatant<\/strong>, cette pi\u00e8ce symbolise la <strong data-start=\"6388\" data-end=\"6435\">s\u00e9r\u00e9nit\u00e9 et la communication bienveillante.<\/strong><\/p>\n<p>Un bijou d\u2019\u00e9quilibre et de lumi\u00e8re, forg\u00e9 \u00e0 la main \u00e0 Istanbul.<\/p>","protected":false},"featured_media":9966,"template":"","meta":[],"product_brand":[53],"product_cat":[25],"product_tag":[],"class_list":{"0":"post-6173","1":"product","2":"type-product","3":"status-publish","4":"has-post-thumbnail","6":"product_brand-turquaz-store","7":"product_cat-colliers-pendentifs","9":"first","10":"instock","11":"purchasable","12":"product-type-simple"},"_links":{"self":[{"href":"https:\/\/turquaz-store.fr\/en\/wp-json\/wp\/v2\/product\/6173","targetHints":{"allow":["GET"]}}],"collection":[{"href":"https:\/\/turquaz-store.fr\/en\/wp-json\/wp\/v2\/product"}],"about":[{"href":"https:\/\/turquaz-store.fr\/en\/wp-json\/wp\/v2\/types\/product"}],"version-history":[{"count":12,"href":"https:\/\/turquaz-store.fr\/en\/wp-json\/wp\/v2\/product\/6173\/revisions"}],"predecessor-version":[{"id":9968,"href":"https:\/\/turquaz-store.fr\/en\/wp-json\/wp\/v2\/product\/6173\/revisions\/9968"}],"wp:featuredmedia":[{"embeddable":true,"href":"https:\/\/turquaz-store.fr\/en\/wp-json\/wp\/v2\/media\/9966"}],"wp:attachment":[{"href":"https:\/\/turquaz-store.fr\/en\/wp-json\/wp\/v2\/media?parent=6173"}],"wp:term":[{"taxonomy":"product_brand","embeddable":true,"href":"https:\/\/turquaz-store.fr\/en\/wp-json\/wp\/v2\/product_brand?post=6173"},{"taxonomy":"product_cat","embeddable":true,"href":"https:\/\/turquaz-store.fr\/en\/wp-json\/wp\/v2\/product_cat?post=6173"},{"taxonomy":"product_tag","embeddable":true,"href":"https:\/\/turquaz-store.fr\/en\/wp-json\/wp\/v2\/product_tag?post=6173"}],"curies":[{"name":"wp","href":"https:\/\/api.w.org\/{rel}","templated":true}]}}