{"id":6179,"date":"2025-10-09T17:09:49","date_gmt":"2025-10-09T15:09:49","guid":{"rendered":"https:\/\/turquaz-store.fr\/?post_type=product&#038;p=6179"},"modified":"2026-01-31T09:01:05","modified_gmt":"2026-01-31T08:01:05","slug":"collier-heritage-harem-imperial","status":"publish","type":"product","link":"https:\/\/turquaz-store.fr\/en\/product\/collier-heritage-harem-imperial\/","title":{"rendered":"Collier H\u00e9ritage Harem Imp\u00e9rial"},"content":{"rendered":"<div data-elementor-type=\"wp-post\" data-elementor-id=\"6179\" class=\"elementor elementor-6179\" data-elementor-post-type=\"product\">\n\t\t\t\t<div class=\"elementor-element elementor-element-8469bb2 e-flex e-con-boxed e-con e-parent\" data-id=\"8469bb2\" data-element_type=\"container\" data-e-type=\"container\">\t\t\t<div class=\"e-con-inner\">\r\n\t\t<div class=\"elementor-element elementor-element-9c6d526 e-con-full e-flex e-con e-child\" data-id=\"9c6d526\" data-element_type=\"container\" data-e-type=\"container\" data-settings=\"{&quot;background_background&quot;:&quot;classic&quot;}\">\t\t<div class=\"elementor-element elementor-element-efacd16 elementor-widget elementor-widget-pxl_icon_box\" data-id=\"efacd16\" data-element_type=\"widget\" data-e-type=\"widget\" data-widget_type=\"pxl_icon_box.default\">\n\t\t\t\t<div class=\"elementor-widget-container\">\n\t\t\t\t\t<div class=\"pxl-icon-box pxl-icon-box1 style-1\" data-wow-delay=\"ms\">\r\n    <div class=\"pxl-item--inner\">\r\n                    <div class=\"pxl-item--icon\">\r\n                <i aria-hidden=\"true\" class=\"fal fa-graduation-cap\"><\/i>            <\/div>\r\n                        <h3 class=\"pxl-item--title el-empty\">HISTOIRE<\/h3>\r\n        <div class=\"pxl-item--description el-empty\">Au sein du harem imp\u00e9rial, les bijoux \u00e9taient plus qu\u2019un ornement : ils \u00e9taient le langage du rang et du pouvoir.\nLes pendentifs appel\u00e9s Sallapati refl\u00e9taient le prestige des femmes qui les portaient, leur longueur et leurs pierres signifiant leur influence.\nLe Collier Harem Imp\u00e9rial revisite cette tradition.\nLa conception l\u00e9g\u00e8rement mobile du pendentif capture la lumi\u00e8re \u00e0 chaque mouvement, rappelant la danse des tissus et des pampilles des sultanes d\u2019Istanbul.<\/div>\r\n    <\/div>\r\n<\/div>\t\t\t\t<\/div>\n\t\t\t\t<\/div>\n\t\t\t\t<\/div>\r\n\t\t<div class=\"elementor-element elementor-element-0d32e84 e-con-full e-flex e-con e-child\" data-id=\"0d32e84\" data-element_type=\"container\" data-e-type=\"container\">\t\t<div class=\"elementor-element elementor-element-4220a1b elementor-widget elementor-widget-pxl_icon_box\" data-id=\"4220a1b\" data-element_type=\"widget\" data-e-type=\"widget\" data-widget_type=\"pxl_icon_box.default\">\n\t\t\t\t<div class=\"elementor-widget-container\">\n\t\t\t\t\t<div class=\"pxl-icon-box pxl-icon-box1 style-1\" data-wow-delay=\"ms\">\r\n    <div class=\"pxl-item--inner\">\r\n                    <div class=\"pxl-item--icon\">\r\n                <i aria-hidden=\"true\" class=\"fal fa-hamsa\"><\/i>            <\/div>\r\n                        <h3 class=\"pxl-item--title el-empty\">SYMBOLIQUE<\/h3>\r\n        <div class=\"pxl-item--description el-empty\">Le vert symbolise la stabilit\u00e9 et la paix du c\u0153ur, le rouge incarne la vitalit\u00e9 et la passion cr\u00e9atrice, tandis que le blanc repr\u00e9sente la puret\u00e9 et la clart\u00e9 d\u2019esprit.\nEnsemble, ces trois teintes forment une triade harmonieuse : l\u2019unit\u00e9 du corps, du c\u0153ur et de l\u2019esprit.\nPorter ce collier, c\u2019est exprimer son charisme et sa douceur \u00e0 la fois. C'est une lumi\u00e8re souveraine qui s\u2019impose sans s\u2019imposer.<\/div>\r\n    <\/div>\r\n<\/div>\t\t\t\t<\/div>\n\t\t\t\t<\/div>\n\t\t\t\t<\/div>\r\n\t\t\t\t\t<\/div>\r\n\t\t\t\t<\/div>\r\n\t\t<div class=\"elementor-element elementor-element-4d39f81 e-flex e-con-boxed e-con e-parent\" data-id=\"4d39f81\" data-element_type=\"container\" data-e-type=\"container\">\t\t\t<div class=\"e-con-inner\">\r\n\t\t\t\t<div class=\"elementor-element elementor-element-ac3a2d7 elementor-widget elementor-widget-pxl_accordion\" data-id=\"ac3a2d7\" data-element_type=\"widget\" data-e-type=\"widget\" data-widget_type=\"pxl_accordion.default\">\n\t\t\t\t<div class=\"elementor-widget-container\">\n\t\t\t\t\t    <div class=\"pxl-accordion pxl-accordion1 style1\" data-wow-delay=\"ms\">\r\n                    <div class=\"pxl--item active\">\r\n                <h3 class=\"pxl-item-accordion\" data-target=\"#pxl-accordion-008dcdepxl_accordion-ac3a2d7-5410\">\r\n                    <i class=\"fa fa-angle-down\"><\/i>\r\n                    <span>Description<\/span>\r\n                    \r\n                <\/h3>\r\n                <div id=\"pxl-accordion-008dcdepxl_accordion-ac3a2d7-5410\" class=\"pxl-item--content\" style=\"display: block;\">Les Colliers H\u00e9ritage Harem Imp\u00e9rial sont le fruit d\u2019un savoir-faire ancestral.<br \/>\n<br \/>\nL\u2019argent 925 patin\u00e9 leur donne une allure antique, tandis que les zircons (oxyde de zirconium color\u00e9s) sont sertis \u00e0 la main pour former une composition raffin\u00e9e.<br \/>\n<br \/>\nL\u00e9g\u00e8rement articul\u00e9, le pendentif joue avec la lumi\u00e8re, comme les bijoux de la cour ottomane destin\u00e9s \u00e0 briller lors des c\u00e9r\u00e9monies.<br \/>\n<br \/>\nSon poids \u00e9quilibr\u00e9 et sa cha\u00eene r\u00e9glable en font une pi\u00e8ce confortable et majestueuse \u00e0 porter.<br \/>\n<br \/>\nPlus qu\u2019un bijou, c\u2019est une c\u00e9l\u00e9bration de la f\u00e9minit\u00e9 assum\u00e9e et rayonnante.<\/div>\r\n            <\/div>\r\n                    <div class=\"pxl--item\">\r\n                <h3 class=\"pxl-item-accordion\" data-target=\"#pxl-accordion-8dda546pxl_accordion-ac3a2d7-5410\">\r\n                    <i class=\"fa fa-angle-down\"><\/i>\r\n                    <span>Caract\u00e9ristiques :<\/span>\r\n                    \r\n                <\/h3>\r\n                <div id=\"pxl-accordion-8dda546pxl_accordion-ac3a2d7-5410\" class=\"pxl-item--content\" >- M\u00e9tal : Argent sterling 925 massif, hypoallerg\u00e9nique<br \/>\n- Finition : Patine bronze antique<br \/>\n- Pierres principales : Zircons verts, rouges et clairs (oxydes de zirconium)<br \/>\n- Poids total : 7.90 g<br \/>\n- Longueur de cha\u00eene : 40 cm + 5 cm r\u00e9glable<br \/>\n- Style : Motif imp\u00e9rial Sallapati<br \/>\n- Origine : Fabriqu\u00e9 \u00e0 la main \u00e0 Istanbul<br \/>\n- Garantie : 1 an<br \/>\n- Inclus : Pochette et certificat d\u2019authenticit\u00e9<\/div>\r\n            <\/div>\r\n                    <div class=\"pxl--item\">\r\n                <h3 class=\"pxl-item-accordion\" data-target=\"#pxl-accordion-b0764d1pxl_accordion-ac3a2d7-5410\">\r\n                    <i class=\"fa fa-angle-down\"><\/i>\r\n                    <span>Conseils d'entretien :<\/span>\r\n                    \r\n                <\/h3>\r\n                <div id=\"pxl-accordion-b0764d1pxl_accordion-ac3a2d7-5410\" class=\"pxl-item--content\" >- \u00c9vitez le contact avec l\u2019eau sal\u00e9e, le parfum et les produits chimiques.<br \/>\n- Nettoyez avec un chiffon doux et sec apr\u00e8s chaque usage.<br \/>\n- Rangez vos bijoux dans leur pochette ou \u00e9crin d\u2019origine \u00e0 l\u2019abri de la lumi\u00e8re.<\/div>\r\n            <\/div>\r\n            <\/div>\r\n\t\t\t\t<\/div>\n\t\t\t\t<\/div>\n\t\t\t\t\t<\/div>\r\n\t\t\t\t<\/div>\r\n\t\t\t\t<\/div>","protected":false},"excerpt":{"rendered":"<p>Le <strong data-start=\"3676\" data-end=\"3711\">Collier H\u00e9ritage Harem Imp\u00e9rial<\/strong> en <strong data-start=\"3715\" data-end=\"3736\">argent 925 patin\u00e9<\/strong> s\u2019inspire des pendentifs somptueux port\u00e9s par les femmes du palais de Topkapi.<\/p>\n<p>En son centre, l&rsquo;<strong data-start=\"3822\" data-end=\"3857\">oxyde de zirconium <\/strong>de couleur <strong data-start=\"3822\" data-end=\"3857\">verts, rouges et clairs<\/strong> \u00e9voquent la richesse, la sagesse et la passion.<\/p>\n<p>Un bijou articul\u00e9 et lumineux, symbole de <strong data-start=\"3950\" data-end=\"4001\">f\u00e9minit\u00e9 souveraine et d\u2019\u00e9l\u00e9gance intemporelle.<\/strong><\/p>","protected":false},"featured_media":9971,"template":"","meta":[],"product_brand":[53],"product_cat":[25],"product_tag":[],"class_list":{"0":"post-6179","1":"product","2":"type-product","3":"status-publish","4":"has-post-thumbnail","6":"product_brand-turquaz-store","7":"product_cat-colliers-pendentifs","9":"first","10":"instock","11":"purchasable","12":"product-type-simple"},"_links":{"self":[{"href":"https:\/\/turquaz-store.fr\/en\/wp-json\/wp\/v2\/product\/6179","targetHints":{"allow":["GET"]}}],"collection":[{"href":"https:\/\/turquaz-store.fr\/en\/wp-json\/wp\/v2\/product"}],"about":[{"href":"https:\/\/turquaz-store.fr\/en\/wp-json\/wp\/v2\/types\/product"}],"version-history":[{"count":12,"href":"https:\/\/turquaz-store.fr\/en\/wp-json\/wp\/v2\/product\/6179\/revisions"}],"predecessor-version":[{"id":9972,"href":"https:\/\/turquaz-store.fr\/en\/wp-json\/wp\/v2\/product\/6179\/revisions\/9972"}],"wp:featuredmedia":[{"embeddable":true,"href":"https:\/\/turquaz-store.fr\/en\/wp-json\/wp\/v2\/media\/9971"}],"wp:attachment":[{"href":"https:\/\/turquaz-store.fr\/en\/wp-json\/wp\/v2\/media?parent=6179"}],"wp:term":[{"taxonomy":"product_brand","embeddable":true,"href":"https:\/\/turquaz-store.fr\/en\/wp-json\/wp\/v2\/product_brand?post=6179"},{"taxonomy":"product_cat","embeddable":true,"href":"https:\/\/turquaz-store.fr\/en\/wp-json\/wp\/v2\/product_cat?post=6179"},{"taxonomy":"product_tag","embeddable":true,"href":"https:\/\/turquaz-store.fr\/en\/wp-json\/wp\/v2\/product_tag?post=6179"}],"curies":[{"name":"wp","href":"https:\/\/api.w.org\/{rel}","templated":true}]}}