{"id":6192,"date":"2025-10-09T17:31:26","date_gmt":"2025-10-09T15:31:26","guid":{"rendered":"https:\/\/turquaz-store.fr\/?post_type=product&#038;p=6192"},"modified":"2025-12-01T23:19:00","modified_gmt":"2025-12-01T21:19:00","slug":"boucle-heritage-firuze","status":"publish","type":"product","link":"https:\/\/turquaz-store.fr\/en\/product\/boucle-heritage-firuze\/","title":{"rendered":"Boucle H\u00e9ritage Firuz\u00e9"},"content":{"rendered":"<div data-elementor-type=\"wp-post\" data-elementor-id=\"6192\" class=\"elementor elementor-6192\" data-elementor-post-type=\"product\">\n\t\t\t\t<div class=\"elementor-element elementor-element-8469bb2 e-flex e-con-boxed e-con e-parent\" data-id=\"8469bb2\" data-element_type=\"container\" data-e-type=\"container\">\t\t\t<div class=\"e-con-inner\">\r\n\t\t<div class=\"elementor-element elementor-element-9c6d526 e-con-full e-flex e-con e-child\" data-id=\"9c6d526\" data-element_type=\"container\" data-e-type=\"container\" data-settings=\"{&quot;background_background&quot;:&quot;classic&quot;}\">\t\t<div class=\"elementor-element elementor-element-efacd16 elementor-widget elementor-widget-pxl_icon_box\" data-id=\"efacd16\" data-element_type=\"widget\" data-e-type=\"widget\" data-widget_type=\"pxl_icon_box.default\">\n\t\t\t\t<div class=\"elementor-widget-container\">\n\t\t\t\t\t<div class=\"pxl-icon-box pxl-icon-box1 style-1\" data-wow-delay=\"ms\">\r\n    <div class=\"pxl-item--inner\">\r\n                    <div class=\"pxl-item--icon\">\r\n                <i aria-hidden=\"true\" class=\"fal fa-graduation-cap\"><\/i>            <\/div>\r\n                        <h3 class=\"pxl-item--title el-empty\">HISTOIRE<\/h3>\r\n        <div class=\"pxl-item--description el-empty\">Les Boucles Firuz\u00e9 tirent leur nom du mot persan Firuz\u00e9, signifiant \u201cpierre de victoire\u201d.\nDans la culture ottomane, la turquoise (Firuz\u00e9) \u00e9tait un symbole de paix et de prosp\u00e9rit\u00e9.\nLes sultanes la portaient comme un talisman protecteur, souvent mont\u00e9 sur des bijoux finement cisel\u00e9s.\nLes Boucles Firuz\u00e9 s\u2019inspirent de cette tradition.\nUn hommage vibrant \u00e0 la sagesse du pass\u00e9 et \u00e0 la beaut\u00e9 apais\u00e9e de la f\u00e9minit\u00e9 moderne.<\/div>\r\n    <\/div>\r\n<\/div>\t\t\t\t<\/div>\n\t\t\t\t<\/div>\n\t\t\t\t<\/div>\r\n\t\t<div class=\"elementor-element elementor-element-0d32e84 e-con-full e-flex e-con e-child\" data-id=\"0d32e84\" data-element_type=\"container\" data-e-type=\"container\">\t\t<div class=\"elementor-element elementor-element-4220a1b elementor-widget elementor-widget-pxl_icon_box\" data-id=\"4220a1b\" data-element_type=\"widget\" data-e-type=\"widget\" data-widget_type=\"pxl_icon_box.default\">\n\t\t\t\t<div class=\"elementor-widget-container\">\n\t\t\t\t\t<div class=\"pxl-icon-box pxl-icon-box1 style-1\" data-wow-delay=\"ms\">\r\n    <div class=\"pxl-item--inner\">\r\n                    <div class=\"pxl-item--icon\">\r\n                <i aria-hidden=\"true\" class=\"fal fa-hamsa\"><\/i>            <\/div>\r\n                        <h3 class=\"pxl-item--title el-empty\">SYMBOLIQUE<\/h3>\r\n        <div class=\"pxl-item--description el-empty\">Le bleu turquoise \u00e9voque la communication bienveillante, la s\u00e9r\u00e9nit\u00e9 et l\u2019\u00e9quilibre int\u00e9rieur.\nDans la tradition ottomane, cette couleur liait les \u00e9l\u00e9ments du ciel et de la mer, symbolisant le lien entre l\u2019\u00e2me et la parole.\nL'oxyde de zirconium, miroir \u00e9nerg\u00e9tique, peut \u00eatre charg\u00e9 d\u2019intention : gratitude, calme, harmonie. Il devient ainsi un compagnon protecteur du quotidien.\nCes boucles rappellent qu\u2019\u00eatre apais\u00e9e, c\u2019est d\u00e9j\u00e0 rayonner.<\/div>\r\n    <\/div>\r\n<\/div>\t\t\t\t<\/div>\n\t\t\t\t<\/div>\n\t\t\t\t<\/div>\r\n\t\t\t\t\t<\/div>\r\n\t\t\t\t<\/div>\r\n\t\t<div class=\"elementor-element elementor-element-4d39f81 e-flex e-con-boxed e-con e-parent\" data-id=\"4d39f81\" data-element_type=\"container\" data-e-type=\"container\">\t\t\t<div class=\"e-con-inner\">\r\n\t\t\t\t<div class=\"elementor-element elementor-element-ac3a2d7 elementor-widget elementor-widget-pxl_accordion\" data-id=\"ac3a2d7\" data-element_type=\"widget\" data-e-type=\"widget\" data-widget_type=\"pxl_accordion.default\">\n\t\t\t\t<div class=\"elementor-widget-container\">\n\t\t\t\t\t    <div class=\"pxl-accordion pxl-accordion1 style1\" data-wow-delay=\"ms\">\r\n                    <div class=\"pxl--item active\">\r\n                <h3 class=\"pxl-item-accordion\" data-target=\"#pxl-accordion-008dcdepxl_accordion-ac3a2d7-2954\">\r\n                    <i class=\"fa fa-angle-down\"><\/i>\r\n                    <span>Description<\/span>\r\n                    \r\n                <\/h3>\r\n                <div id=\"pxl-accordion-008dcdepxl_accordion-ac3a2d7-2954\" class=\"pxl-item--content\" style=\"display: block;\">Forg\u00e9es \u00e0 la main dans nos ateliers d\u2019Istanbul, les Boucles H\u00e9ritage Firuz\u00e9 unissent la force de l\u2019argent patin\u00e9 \u00e0 la douceur du zircon turquoise.<br \/>\n<br \/>\nChaque d\u00e9tail, du sertissage manuel au poli final, t\u00e9moigne d\u2019un savoir-faire ancestral.<br \/>\n<br \/>\nLeur \u00e9clat doux mais vibrant \u00e9voque les carreaux d\u2019Iznik, symboles de perfection dans l\u2019art ottoman.<br \/>\n<br \/>\nPort\u00e9es au quotidien, elles infusent une \u00e9nergie calme et lumineuse.<br \/>\n<br \/>\nCon\u00e7ues pour celles qui recherchent l\u2019\u00e9l\u00e9gance intuitive et la beaut\u00e9 porteuse de sens.<\/div>\r\n            <\/div>\r\n                    <div class=\"pxl--item\">\r\n                <h3 class=\"pxl-item-accordion\" data-target=\"#pxl-accordion-8dda546pxl_accordion-ac3a2d7-2954\">\r\n                    <i class=\"fa fa-angle-down\"><\/i>\r\n                    <span>Caract\u00e9ristiques :<\/span>\r\n                    \r\n                <\/h3>\r\n                <div id=\"pxl-accordion-8dda546pxl_accordion-ac3a2d7-2954\" class=\"pxl-item--content\" >- M\u00e9tal : Argent sterling 925 massif, hypoallerg\u00e9nique et sans nickel<br \/>\n- Finition : Patine bronze antique<br \/>\n- Pierre principale : Zircon turquoise (oxyde de zirconium color\u00e9)<br \/>\n- Pierres lat\u00e9rales : Zircons blancs<br \/>\n- Poids total : 10.80 g<br \/>\n- Style : Inspir\u00e9 des motifs floraux ottomans<br \/>\n- Origine : Fait main en Turquie<br \/>\n- Garantie : 1 an<br \/>\n- Inclus : Pochette et certificat d\u2019authenticit\u00e9<\/div>\r\n            <\/div>\r\n                    <div class=\"pxl--item\">\r\n                <h3 class=\"pxl-item-accordion\" data-target=\"#pxl-accordion-b0764d1pxl_accordion-ac3a2d7-2954\">\r\n                    <i class=\"fa fa-angle-down\"><\/i>\r\n                    <span>Conseils d'entretien :<\/span>\r\n                    \r\n                <\/h3>\r\n                <div id=\"pxl-accordion-b0764d1pxl_accordion-ac3a2d7-2954\" class=\"pxl-item--content\" >- \u00c9vitez le contact avec l\u2019eau sal\u00e9e, le parfum et les produits chimiques.<br \/>\n- Nettoyez avec un chiffon doux et sec apr\u00e8s chaque usage.<br \/>\n- Rangez vos bijoux dans leur pochette ou \u00e9crin d\u2019origine \u00e0 l\u2019abri de la lumi\u00e8re.<\/div>\r\n            <\/div>\r\n            <\/div>\r\n\t\t\t\t<\/div>\n\t\t\t\t<\/div>\n\t\t\t\t\t<\/div>\r\n\t\t\t\t<\/div>\r\n\t\t\t\t<\/div>","protected":false},"excerpt":{"rendered":"<p data-start=\"148\" data-end=\"340\">Les <strong data-start=\"4178\" data-end=\"4205\">Boucles H\u00e9ritage Firuz\u00e9<\/strong> en <strong data-start=\"4209\" data-end=\"4230\">argent 925 patin\u00e9<\/strong> c\u00e9l\u00e8brent la s\u00e9r\u00e9nit\u00e9 et la sagesse.<\/p>\n<p data-start=\"148\" data-end=\"340\">Leur<strong> oxyde de zirconium<\/strong> couleur <strong>turquoise<\/strong>, couleur du ciel d\u2019Anatolie, incarne la <strong data-start=\"4336\" data-end=\"4385\">paix int\u00e9rieure et la protection spirituelle.<\/strong><\/p>\n<p data-start=\"148\" data-end=\"340\">Les boucles sont fa\u00e7onn\u00e9es \u00e0 la main \u00e0 Istanbul selon les traditions ottomanes.<\/p>","protected":false},"featured_media":5753,"template":"","meta":[],"product_brand":[53],"product_cat":[16],"product_tag":[],"class_list":{"0":"post-6192","1":"product","2":"type-product","3":"status-publish","4":"has-post-thumbnail","6":"product_brand-turquaz-store","7":"product_cat-boucles-oreilles","9":"first","10":"instock","11":"purchasable","12":"product-type-simple"},"_links":{"self":[{"href":"https:\/\/turquaz-store.fr\/en\/wp-json\/wp\/v2\/product\/6192","targetHints":{"allow":["GET"]}}],"collection":[{"href":"https:\/\/turquaz-store.fr\/en\/wp-json\/wp\/v2\/product"}],"about":[{"href":"https:\/\/turquaz-store.fr\/en\/wp-json\/wp\/v2\/types\/product"}],"version-history":[{"count":11,"href":"https:\/\/turquaz-store.fr\/en\/wp-json\/wp\/v2\/product\/6192\/revisions"}],"predecessor-version":[{"id":8599,"href":"https:\/\/turquaz-store.fr\/en\/wp-json\/wp\/v2\/product\/6192\/revisions\/8599"}],"wp:featuredmedia":[{"embeddable":true,"href":"https:\/\/turquaz-store.fr\/en\/wp-json\/wp\/v2\/media\/5753"}],"wp:attachment":[{"href":"https:\/\/turquaz-store.fr\/en\/wp-json\/wp\/v2\/media?parent=6192"}],"wp:term":[{"taxonomy":"product_brand","embeddable":true,"href":"https:\/\/turquaz-store.fr\/en\/wp-json\/wp\/v2\/product_brand?post=6192"},{"taxonomy":"product_cat","embeddable":true,"href":"https:\/\/turquaz-store.fr\/en\/wp-json\/wp\/v2\/product_cat?post=6192"},{"taxonomy":"product_tag","embeddable":true,"href":"https:\/\/turquaz-store.fr\/en\/wp-json\/wp\/v2\/product_tag?post=6192"}],"curies":[{"name":"wp","href":"https:\/\/api.w.org\/{rel}","templated":true}]}}