{"id":6215,"date":"2025-10-13T16:41:40","date_gmt":"2025-10-13T14:41:40","guid":{"rendered":"https:\/\/turquaz-store.fr\/?post_type=product&#038;p=6215"},"modified":"2026-02-01T09:31:43","modified_gmt":"2026-02-01T08:31:43","slug":"boucle-heritage-ciel-d-istanbul","status":"publish","type":"product","link":"https:\/\/turquaz-store.fr\/en\/product\/boucle-heritage-ciel-d-istanbul\/","title":{"rendered":"Boucle H\u00e9ritage Ciel D&rsquo;Istanbul"},"content":{"rendered":"<div data-elementor-type=\"wp-post\" data-elementor-id=\"6215\" class=\"elementor elementor-6215\" data-elementor-post-type=\"product\">\n\t\t\t\t<div class=\"elementor-element elementor-element-8469bb2 e-flex e-con-boxed e-con e-parent\" data-id=\"8469bb2\" data-element_type=\"container\" data-e-type=\"container\">\t\t\t<div class=\"e-con-inner\">\r\n\t\t<div class=\"elementor-element elementor-element-9c6d526 e-con-full e-flex e-con e-child\" data-id=\"9c6d526\" data-element_type=\"container\" data-e-type=\"container\" data-settings=\"{&quot;background_background&quot;:&quot;classic&quot;}\">\t\t<div class=\"elementor-element elementor-element-efacd16 elementor-widget elementor-widget-pxl_icon_box\" data-id=\"efacd16\" data-element_type=\"widget\" data-e-type=\"widget\" data-widget_type=\"pxl_icon_box.default\">\n\t\t\t\t<div class=\"elementor-widget-container\">\n\t\t\t\t\t<div class=\"pxl-icon-box pxl-icon-box1 style-1\" data-wow-delay=\"ms\">\r\n    <div class=\"pxl-item--inner\">\r\n                    <div class=\"pxl-item--icon\">\r\n                <i aria-hidden=\"true\" class=\"fal fa-graduation-cap\"><\/i>            <\/div>\r\n                        <h3 class=\"pxl-item--title el-empty\">HISTOIRE<\/h3>\r\n        <div class=\"pxl-item--description el-empty\">Command\u00e9es en hommage \u00e0 la Sultane Safiye, \u00e9pouse de Mourad III, ces boucles r\u00e9interpr\u00e8tent les motifs g\u00e9om\u00e9triques et calligraphiques des mosqu\u00e9es imp\u00e9riales.\nSous son m\u00e9c\u00e9nat, l\u2019art ottoman atteignit un raffinement spirituel sans \u00e9gal.\nLes Boucles Ciel d\u2019Istanbul s\u2019en inspirent : chaque entrelacs symbolise la perfection et l\u2019unit\u00e9 cosmique.\nLes oxydes de zirconium verts et blancs, soigneusement sertis \u00e0 la main, rappellent la lumi\u00e8re filtr\u00e9e \u00e0 travers les vitraux des d\u00f4mes d\u2019Istanbul.\nLeur patine bronze antique leur conf\u00e8re la profondeur d\u2019un tr\u00e9sor retrouv\u00e9, une authenticit\u00e9 rare dans la joaillerie contemporaine.<\/div>\r\n    <\/div>\r\n<\/div>\t\t\t\t<\/div>\n\t\t\t\t<\/div>\n\t\t\t\t<\/div>\r\n\t\t<div class=\"elementor-element elementor-element-0d32e84 e-con-full e-flex e-con e-child\" data-id=\"0d32e84\" data-element_type=\"container\" data-e-type=\"container\">\t\t<div class=\"elementor-element elementor-element-4220a1b elementor-widget elementor-widget-pxl_icon_box\" data-id=\"4220a1b\" data-element_type=\"widget\" data-e-type=\"widget\" data-widget_type=\"pxl_icon_box.default\">\n\t\t\t\t<div class=\"elementor-widget-container\">\n\t\t\t\t\t<div class=\"pxl-icon-box pxl-icon-box1 style-1\" data-wow-delay=\"ms\">\r\n    <div class=\"pxl-item--inner\">\r\n                    <div class=\"pxl-item--icon\">\r\n                <i aria-hidden=\"true\" class=\"fal fa-hamsa\"><\/i>            <\/div>\r\n                        <h3 class=\"pxl-item--title el-empty\">SYMBOLIQUE<\/h3>\r\n        <div class=\"pxl-item--description el-empty\">Le vert repr\u00e9sente la sagesse du c\u0153ur, la connexion spirituelle et l\u2019\u00e9quilibre int\u00e9rieur, tandis que le blanc incarne la puret\u00e9 et la v\u00e9rit\u00e9.\nCes boucles, \u00e0 la crois\u00e9e de l\u2019art et de la foi, favorisent une \u00e9nergie d\u2019apaisement et de clart\u00e9 mentale.\nElles rappellent que la beaut\u00e9 v\u00e9ritable \u00e9mane de la lumi\u00e8re int\u00e9rieure.\nLes motifs g\u00e9om\u00e9triques, quant \u00e0 eux, rappellent la structure ordonn\u00e9e de l\u2019univers, unissant beaut\u00e9 et spiritualit\u00e9.\nPorter ces boucles, c\u2019est embrasser une \u00e9l\u00e9gance \u00e9clair\u00e9e, une force douce et rayonnante inspir\u00e9e des femmes qui ont marqu\u00e9 l\u2019histoire d\u2019Istanbul.<\/div>\r\n    <\/div>\r\n<\/div>\t\t\t\t<\/div>\n\t\t\t\t<\/div>\n\t\t\t\t<\/div>\r\n\t\t\t\t\t<\/div>\r\n\t\t\t\t<\/div>\r\n\t\t<div class=\"elementor-element elementor-element-4d39f81 e-flex e-con-boxed e-con e-parent\" data-id=\"4d39f81\" data-element_type=\"container\" data-e-type=\"container\">\t\t\t<div class=\"e-con-inner\">\r\n\t\t\t\t<div class=\"elementor-element elementor-element-ac3a2d7 elementor-widget elementor-widget-pxl_accordion\" data-id=\"ac3a2d7\" data-element_type=\"widget\" data-e-type=\"widget\" data-widget_type=\"pxl_accordion.default\">\n\t\t\t\t<div class=\"elementor-widget-container\">\n\t\t\t\t\t    <div class=\"pxl-accordion pxl-accordion1 style1\" data-wow-delay=\"ms\">\r\n                    <div class=\"pxl--item active\">\r\n                <h3 class=\"pxl-item-accordion\" data-target=\"#pxl-accordion-008dcdepxl_accordion-ac3a2d7-3208\">\r\n                    <i class=\"fa fa-angle-down\"><\/i>\r\n                    <span>Description<\/span>\r\n                    \r\n                <\/h3>\r\n                <div id=\"pxl-accordion-008dcdepxl_accordion-ac3a2d7-3208\" class=\"pxl-item--content\" style=\"display: block;\">Inspir\u00e9es par la Sultane Safiye, grande m\u00e9c\u00e8ne de l\u2019art ottoman, les Boucles H\u00e9ritage Ciel d\u2019Istanbul sont de v\u00e9ritables joyaux architecturaux.<br \/>\n<br \/>\nForg\u00e9es \u00e0 la main dans nos ateliers d\u2019Istanbul, les Boucles H\u00e9ritage Ciel d\u2019Istanbul capturent la beaut\u00e9 architecturale des d\u00f4mes imp\u00e9riaux.<br \/>\n<br \/>\nLeur design g\u00e9om\u00e9trique, orn\u00e9 de zircons verts et clairs, \u00e9voque la sym\u00e9trie sacr\u00e9e des rosaces ottomanes.<br \/>\n<br \/>\nL\u2019argent patin\u00e9 r\u00e9v\u00e8le la minutie du travail artisanal, tandis que les zircons diffusent une lumi\u00e8re douce, presque c\u00e9leste.<br \/>\n<br \/>\nL\u00e9g\u00e8res mais riches en d\u00e9tails, elles s\u2019imposent comme un bijou d\u2019\u00e9quilibre et de raffinement.<br \/>\n<br \/>\nUn hommage au g\u00e9nie artistique ottoman et \u00e0 la spiritualit\u00e9 f\u00e9minine qui en \u00e9mane.<\/div>\r\n            <\/div>\r\n                    <div class=\"pxl--item\">\r\n                <h3 class=\"pxl-item-accordion\" data-target=\"#pxl-accordion-8dda546pxl_accordion-ac3a2d7-3208\">\r\n                    <i class=\"fa fa-angle-down\"><\/i>\r\n                    <span>Caract\u00e9ristiques :<\/span>\r\n                    \r\n                <\/h3>\r\n                <div id=\"pxl-accordion-8dda546pxl_accordion-ac3a2d7-3208\" class=\"pxl-item--content\" >- M\u00e9tal : Argent sterling 925 massif, hypoallerg\u00e9nique<br \/>\n- Finition : Patine bronze antique<br \/>\n- Pierres principales : Zircons verts et clairs (oxydes de zirconium)<br \/>\n- Poids total : 11.30 g<br \/>\n- Style : Inspir\u00e9 des rosaces ottomanes d\u2019Istanbul<br \/>\n- Origine : Fabriqu\u00e9es \u00e0 la main \u00e0 Istanbul<br \/>\n- Garantie : 1 an<br \/>\n- Inclus : Pochette et certificat d\u2019authenticit\u00e9<\/div>\r\n            <\/div>\r\n                    <div class=\"pxl--item\">\r\n                <h3 class=\"pxl-item-accordion\" data-target=\"#pxl-accordion-b0764d1pxl_accordion-ac3a2d7-3208\">\r\n                    <i class=\"fa fa-angle-down\"><\/i>\r\n                    <span>Conseils d'entretien :<\/span>\r\n                    \r\n                <\/h3>\r\n                <div id=\"pxl-accordion-b0764d1pxl_accordion-ac3a2d7-3208\" class=\"pxl-item--content\" >- \u00c9vitez le contact avec l\u2019eau sal\u00e9e, le parfum et les produits chimiques.<br \/>\n- Nettoyez avec un chiffon doux et sec apr\u00e8s chaque usage.<br \/>\n- Rangez vos bijoux dans leur pochette ou \u00e9crin d\u2019origine \u00e0 l\u2019abri de la lumi\u00e8re.<\/div>\r\n            <\/div>\r\n            <\/div>\r\n\t\t\t\t<\/div>\n\t\t\t\t<\/div>\n\t\t\t\t\t<\/div>\r\n\t\t\t\t<\/div>\r\n\t\t\t\t<\/div>","protected":false},"excerpt":{"rendered":"<p>Les <strong data-start=\"3671\" data-end=\"3707\">Boucles H\u00e9ritage Ciel d\u2019Istanbul<\/strong> en <strong data-start=\"3711\" data-end=\"3732\">argent 925 patin\u00e9<\/strong> rendent hommage \u00e0 la <strong data-start=\"3754\" data-end=\"3772\">Sultane Safiye<\/strong>, m\u00e9c\u00e8ne des arts et de la beaut\u00e9.<\/p>\n<p>Serties d&rsquo;<strong>oxyde de zirconium <\/strong>color\u00e9 <strong>vert<\/strong>, elles \u00e9voquent les rosaces des mosqu\u00e9es d\u2019Istanbul, symboles d\u2019harmonie et de lumi\u00e8re divine.<\/p>","protected":false},"featured_media":6216,"template":"","meta":[],"product_brand":[53],"product_cat":[16],"product_tag":[],"class_list":{"0":"post-6215","1":"product","2":"type-product","3":"status-publish","4":"has-post-thumbnail","6":"product_brand-turquaz-store","7":"product_cat-boucles-oreilles","9":"first","10":"instock","11":"purchasable","12":"product-type-simple"},"_links":{"self":[{"href":"https:\/\/turquaz-store.fr\/en\/wp-json\/wp\/v2\/product\/6215","targetHints":{"allow":["GET"]}}],"collection":[{"href":"https:\/\/turquaz-store.fr\/en\/wp-json\/wp\/v2\/product"}],"about":[{"href":"https:\/\/turquaz-store.fr\/en\/wp-json\/wp\/v2\/types\/product"}],"version-history":[{"count":12,"href":"https:\/\/turquaz-store.fr\/en\/wp-json\/wp\/v2\/product\/6215\/revisions"}],"predecessor-version":[{"id":10166,"href":"https:\/\/turquaz-store.fr\/en\/wp-json\/wp\/v2\/product\/6215\/revisions\/10166"}],"wp:featuredmedia":[{"embeddable":true,"href":"https:\/\/turquaz-store.fr\/en\/wp-json\/wp\/v2\/media\/6216"}],"wp:attachment":[{"href":"https:\/\/turquaz-store.fr\/en\/wp-json\/wp\/v2\/media?parent=6215"}],"wp:term":[{"taxonomy":"product_brand","embeddable":true,"href":"https:\/\/turquaz-store.fr\/en\/wp-json\/wp\/v2\/product_brand?post=6215"},{"taxonomy":"product_cat","embeddable":true,"href":"https:\/\/turquaz-store.fr\/en\/wp-json\/wp\/v2\/product_cat?post=6215"},{"taxonomy":"product_tag","embeddable":true,"href":"https:\/\/turquaz-store.fr\/en\/wp-json\/wp\/v2\/product_tag?post=6215"}],"curies":[{"name":"wp","href":"https:\/\/api.w.org\/{rel}","templated":true}]}}