{"id":6235,"date":"2025-10-13T17:02:54","date_gmt":"2025-10-13T15:02:54","guid":{"rendered":"https:\/\/turquaz-store.fr\/?post_type=product&#038;p=6235"},"modified":"2025-12-01T23:11:52","modified_gmt":"2025-12-01T21:11:52","slug":"boucle-heritage-aurore-d-istanbul","status":"publish","type":"product","link":"https:\/\/turquaz-store.fr\/en\/product\/boucle-heritage-aurore-d-istanbul\/","title":{"rendered":"Boucle H\u00e9ritage Aurore d\u2019Istanbul"},"content":{"rendered":"<div data-elementor-type=\"wp-post\" data-elementor-id=\"6235\" class=\"elementor elementor-6235\" data-elementor-post-type=\"product\">\n\t\t\t\t<div class=\"elementor-element elementor-element-8469bb2 e-flex e-con-boxed e-con e-parent\" data-id=\"8469bb2\" data-element_type=\"container\" data-e-type=\"container\">\t\t\t<div class=\"e-con-inner\">\r\n\t\t<div class=\"elementor-element elementor-element-9c6d526 e-con-full e-flex e-con e-child\" data-id=\"9c6d526\" data-element_type=\"container\" data-e-type=\"container\" data-settings=\"{&quot;background_background&quot;:&quot;classic&quot;}\">\t\t<div class=\"elementor-element elementor-element-efacd16 elementor-widget elementor-widget-pxl_icon_box\" data-id=\"efacd16\" data-element_type=\"widget\" data-e-type=\"widget\" data-widget_type=\"pxl_icon_box.default\">\n\t\t\t\t<div class=\"elementor-widget-container\">\n\t\t\t\t\t<div class=\"pxl-icon-box pxl-icon-box1 style-1\" data-wow-delay=\"ms\">\r\n    <div class=\"pxl-item--inner\">\r\n                    <div class=\"pxl-item--icon\">\r\n                <i aria-hidden=\"true\" class=\"fal fa-graduation-cap\"><\/i>            <\/div>\r\n                        <h3 class=\"pxl-item--title el-empty\">HISTOIRE<\/h3>\r\n        <div class=\"pxl-item--description el-empty\">Les Boucles Aurore d\u2019Istanbul s\u2019inspirent des joyaux imp\u00e9riaux du palais de Topkapi, o\u00f9 la lumi\u00e8re du jour \u00e9tait un langage sacr\u00e9.\nLa couleur zultanite de l'oxyde de zirconium symbolise la mutabilit\u00e9 de la lumi\u00e8re et de l\u2019esprit, \u00e9voquant les aurores changeantes d\u2019Istanbul.\nCes boucles incarnent le luxe spirituel ottoman : celui qui brille sans ostentation, r\u00e9v\u00e9lant l\u2019\u00e9l\u00e9gance int\u00e9rieure de la femme qui les porte.<\/div>\r\n    <\/div>\r\n<\/div>\t\t\t\t<\/div>\n\t\t\t\t<\/div>\n\t\t\t\t<\/div>\r\n\t\t<div class=\"elementor-element elementor-element-0d32e84 e-con-full e-flex e-con e-child\" data-id=\"0d32e84\" data-element_type=\"container\" data-e-type=\"container\">\t\t<div class=\"elementor-element elementor-element-4220a1b elementor-widget elementor-widget-pxl_icon_box\" data-id=\"4220a1b\" data-element_type=\"widget\" data-e-type=\"widget\" data-widget_type=\"pxl_icon_box.default\">\n\t\t\t\t<div class=\"elementor-widget-container\">\n\t\t\t\t\t<div class=\"pxl-icon-box pxl-icon-box1 style-1\" data-wow-delay=\"ms\">\r\n    <div class=\"pxl-item--inner\">\r\n                    <div class=\"pxl-item--icon\">\r\n                <i aria-hidden=\"true\" class=\"fal fa-hamsa\"><\/i>            <\/div>\r\n                        <h3 class=\"pxl-item--title el-empty\">SYMBOLIQUE<\/h3>\r\n        <div class=\"pxl-item--description el-empty\">La teinte zultanite de l'oxyde de zirconium, par son changement de teinte, est symbole d\u2019\u00e9volution, d\u2019adaptation et de clart\u00e9.\nElle rappelle que la lumi\u00e8re est vivante, tout comme les \u00e9motions humaines.\nSon halo dor\u00e9 repr\u00e9sente la foi en soi et la capacit\u00e9 \u00e0 se transformer.\nCes boucles sont un hommage \u00e0 la femme r\u00e9siliente, capable de briller dans chaque nuance de sa vie.<\/div>\r\n    <\/div>\r\n<\/div>\t\t\t\t<\/div>\n\t\t\t\t<\/div>\n\t\t\t\t<\/div>\r\n\t\t\t\t\t<\/div>\r\n\t\t\t\t<\/div>\r\n\t\t<div class=\"elementor-element elementor-element-4d39f81 e-flex e-con-boxed e-con e-parent\" data-id=\"4d39f81\" data-element_type=\"container\" data-e-type=\"container\">\t\t\t<div class=\"e-con-inner\">\r\n\t\t\t\t<div class=\"elementor-element elementor-element-ac3a2d7 elementor-widget elementor-widget-pxl_accordion\" data-id=\"ac3a2d7\" data-element_type=\"widget\" data-e-type=\"widget\" data-widget_type=\"pxl_accordion.default\">\n\t\t\t\t<div class=\"elementor-widget-container\">\n\t\t\t\t\t    <div class=\"pxl-accordion pxl-accordion1 style1\" data-wow-delay=\"ms\">\r\n                    <div class=\"pxl--item active\">\r\n                <h3 class=\"pxl-item-accordion\" data-target=\"#pxl-accordion-008dcdepxl_accordion-ac3a2d7-3866\">\r\n                    <i class=\"fa fa-angle-down\"><\/i>\r\n                    <span>Description<\/span>\r\n                    \r\n                <\/h3>\r\n                <div id=\"pxl-accordion-008dcdepxl_accordion-ac3a2d7-3866\" class=\"pxl-item--content\" style=\"display: block;\">Forg\u00e9es en argent 925 massif et recouvertes d\u2019une dorure or 16 carats (\u00e9paisseur 1,5 micron), les Boucles H\u00e9ritage Aurore d\u2019Istanbul offrent une brillance chaude et subtile.<br \/>\n<br \/>\nLeur oxyde de zirconium couleur zultanite, taill\u00e9 \u00e0 la main, r\u00e9v\u00e8le des reflets ambr\u00e9s, ros\u00e9s ou dor\u00e9s selon la lumi\u00e8re du jour.<br \/>\n<br \/>\nLeur monture fine et \u00e9quilibr\u00e9e \u00e9pouse le visage avec harmonie, tandis que leur l\u00e9g\u00e8ret\u00e9 \u00e9tudi\u00e9e assure un port confortable.<br \/>\n<br \/>\nCes boucles incarnent le pont entre tradition et modernit\u00e9, c'est un hommage \u00e0 la lumi\u00e8re int\u00e9rieure des femmes, toujours changeante, toujours belle.<\/div>\r\n            <\/div>\r\n                    <div class=\"pxl--item\">\r\n                <h3 class=\"pxl-item-accordion\" data-target=\"#pxl-accordion-8dda546pxl_accordion-ac3a2d7-3866\">\r\n                    <i class=\"fa fa-angle-down\"><\/i>\r\n                    <span>Caract\u00e9ristiques :<\/span>\r\n                    \r\n                <\/h3>\r\n                <div id=\"pxl-accordion-8dda546pxl_accordion-ac3a2d7-3866\" class=\"pxl-item--content\" >- M\u00e9tal : Argent sterling 925 dor\u00e9 or 16K (\u00e9paisseur 1,5 micron)<br \/>\n- Finition : Dorure or 16 carats<br \/>\n- principale : Oxyde de Zirconium couleur zultanite (oxyde de zirconium pl\u00e9ochro\u00efque)<br \/>\n- Pierres lat\u00e9rales : Oxyde de Zircons blancs<br \/>\n- Poids total : 6.20 g<br \/>\n- Style : Inspir\u00e9 des bijoux imp\u00e9riaux anatoliens<br \/>\n- Origine : Fabriqu\u00e9es \u00e0 la main en Turquie<br \/>\n- Garantie : 1 an<br \/>\n- Inclus : Pochette et certificat d\u2019authenticit\u00e9<\/div>\r\n            <\/div>\r\n                    <div class=\"pxl--item\">\r\n                <h3 class=\"pxl-item-accordion\" data-target=\"#pxl-accordion-b0764d1pxl_accordion-ac3a2d7-3866\">\r\n                    <i class=\"fa fa-angle-down\"><\/i>\r\n                    <span>Conseils d'entretien :<\/span>\r\n                    \r\n                <\/h3>\r\n                <div id=\"pxl-accordion-b0764d1pxl_accordion-ac3a2d7-3866\" class=\"pxl-item--content\" >- \u00c9vitez le contact avec l\u2019eau sal\u00e9e, le parfum et les produits chimiques.<br \/>\n- Nettoyez avec un chiffon doux et sec apr\u00e8s chaque usage.<br \/>\n- Rangez vos bijoux dans leur pochette ou \u00e9crin d\u2019origine \u00e0 l\u2019abri de la lumi\u00e8re.<\/div>\r\n            <\/div>\r\n            <\/div>\r\n\t\t\t\t<\/div>\n\t\t\t\t<\/div>\n\t\t\t\t\t<\/div>\r\n\t\t\t\t<\/div>\r\n\t\t\t\t<\/div>","protected":false},"excerpt":{"rendered":"<p>Les <strong data-start=\"3604\" data-end=\"3642\">Boucles H\u00e9ritage Aurore d\u2019Istanbul<\/strong> en <strong data-start=\"3646\" data-end=\"3678\">argent 925 dor\u00e9 or 16 carats<\/strong> c\u00e9l\u00e8brent la lumi\u00e8re et la transformation.<\/p>\n<p>Serties d&rsquo;<strong>oxyde de zirconium <\/strong>couleur <strong>zultanite<\/strong>, elles changent de teinte selon la lumi\u00e8re, \u00e9voquant <strong data-start=\"3818\" data-end=\"3870\">l\u2019adaptation, la clart\u00e9 et la beaut\u00e9 int\u00e9rieure.<\/strong><\/p>\n<p>Un bijou unique, fa\u00e7onn\u00e9 \u00e0 la main par nos artisans turcs.<\/p>","protected":false},"featured_media":5803,"template":"","meta":[],"product_brand":[53],"product_cat":[16],"product_tag":[],"class_list":{"0":"post-6235","1":"product","2":"type-product","3":"status-publish","4":"has-post-thumbnail","6":"product_brand-turquaz-store","7":"product_cat-boucles-oreilles","9":"first","10":"instock","11":"purchasable","12":"product-type-simple"},"_links":{"self":[{"href":"https:\/\/turquaz-store.fr\/en\/wp-json\/wp\/v2\/product\/6235","targetHints":{"allow":["GET"]}}],"collection":[{"href":"https:\/\/turquaz-store.fr\/en\/wp-json\/wp\/v2\/product"}],"about":[{"href":"https:\/\/turquaz-store.fr\/en\/wp-json\/wp\/v2\/types\/product"}],"version-history":[{"count":11,"href":"https:\/\/turquaz-store.fr\/en\/wp-json\/wp\/v2\/product\/6235\/revisions"}],"predecessor-version":[{"id":8584,"href":"https:\/\/turquaz-store.fr\/en\/wp-json\/wp\/v2\/product\/6235\/revisions\/8584"}],"wp:featuredmedia":[{"embeddable":true,"href":"https:\/\/turquaz-store.fr\/en\/wp-json\/wp\/v2\/media\/5803"}],"wp:attachment":[{"href":"https:\/\/turquaz-store.fr\/en\/wp-json\/wp\/v2\/media?parent=6235"}],"wp:term":[{"taxonomy":"product_brand","embeddable":true,"href":"https:\/\/turquaz-store.fr\/en\/wp-json\/wp\/v2\/product_brand?post=6235"},{"taxonomy":"product_cat","embeddable":true,"href":"https:\/\/turquaz-store.fr\/en\/wp-json\/wp\/v2\/product_cat?post=6235"},{"taxonomy":"product_tag","embeddable":true,"href":"https:\/\/turquaz-store.fr\/en\/wp-json\/wp\/v2\/product_tag?post=6235"}],"curies":[{"name":"wp","href":"https:\/\/api.w.org\/{rel}","templated":true}]}}