{"id":6243,"date":"2025-10-13T17:59:45","date_gmt":"2025-10-13T15:59:45","guid":{"rendered":"https:\/\/turquaz-store.fr\/?post_type=product&#038;p=6243"},"modified":"2025-12-15T04:30:42","modified_gmt":"2025-12-15T03:30:42","slug":"boucle-heritage-topkapi","status":"publish","type":"product","link":"https:\/\/turquaz-store.fr\/en\/product\/boucle-heritage-topkapi\/","title":{"rendered":"Boucle H\u00e9ritage Topkapi"},"content":{"rendered":"<div data-elementor-type=\"wp-post\" data-elementor-id=\"6243\" class=\"elementor elementor-6243\" data-elementor-post-type=\"product\">\n\t\t\t\t<div class=\"elementor-element elementor-element-8469bb2 e-flex e-con-boxed e-con e-parent\" data-id=\"8469bb2\" data-element_type=\"container\" data-e-type=\"container\">\t\t\t<div class=\"e-con-inner\">\r\n\t\t<div class=\"elementor-element elementor-element-3632345 e-con-full e-flex e-con e-child\" data-id=\"3632345\" data-element_type=\"container\" data-e-type=\"container\" data-settings=\"{&quot;background_background&quot;:&quot;classic&quot;}\">\t\t<div class=\"elementor-element elementor-element-66e8f24 elementor-widget elementor-widget-pxl_icon_box\" data-id=\"66e8f24\" data-element_type=\"widget\" data-e-type=\"widget\" data-widget_type=\"pxl_icon_box.default\">\n\t\t\t\t<div class=\"elementor-widget-container\">\n\t\t\t\t\t<div class=\"pxl-icon-box pxl-icon-box1 style-1\" data-wow-delay=\"ms\">\r\n    <div class=\"pxl-item--inner\">\r\n                    <div class=\"pxl-item--icon\">\r\n                <i aria-hidden=\"true\" class=\"fal fa-graduation-cap\"><\/i>            <\/div>\r\n                        <h3 class=\"pxl-item--title el-empty\">HISTOIRE<\/h3>\r\n        <div class=\"pxl-item--description el-empty\">Les Boucles Topkapi s\u2019inspirent des joyaux port\u00e9s \u00e0 la cour du palais de Topkapi, si\u00e8ge du pouvoir ottoman pendant plus de quatre si\u00e8cles.\nLes femmes du harem, figures d\u2019influence et de raffinement, exprimaient leur statut par la richesse des gemmes et la longueur des pampilles de leurs bijoux.\nChaque mouvement, chaque tintement de ces boucles articul\u00e9es, \u00e9tait une langue symbolique du pouvoir et de la s\u00e9duction.\nCette cr\u00e9ation rend hommage \u00e0 cette \u00e9l\u00e9gance imp\u00e9riale, o\u00f9 la beaut\u00e9 \u00e9tait une force politique et spirituelle.<\/div>\r\n    <\/div>\r\n<\/div>\t\t\t\t<\/div>\n\t\t\t\t<\/div>\n\t\t\t\t<\/div>\r\n\t\t<div class=\"elementor-element elementor-element-0b0a1cb e-con-full e-flex e-con e-child\" data-id=\"0b0a1cb\" data-element_type=\"container\" data-e-type=\"container\">\t\t<div class=\"elementor-element elementor-element-e7daf51 elementor-widget elementor-widget-pxl_icon_box\" data-id=\"e7daf51\" data-element_type=\"widget\" data-e-type=\"widget\" data-widget_type=\"pxl_icon_box.default\">\n\t\t\t\t<div class=\"elementor-widget-container\">\n\t\t\t\t\t<div class=\"pxl-icon-box pxl-icon-box1 style-1\" data-wow-delay=\"ms\">\r\n    <div class=\"pxl-item--inner\">\r\n                    <div class=\"pxl-item--icon\">\r\n                <i aria-hidden=\"true\" class=\"fal fa-hamsa\"><\/i>            <\/div>\r\n                        <h3 class=\"pxl-item--title el-empty\">SYMBOLIQUE<\/h3>\r\n        <div class=\"pxl-item--description el-empty\">Le rouge symbolise la vitalit\u00e9, le courage et la passion ma\u00eetris\u00e9e, la couleur grenat \u00e9voque la r\u00e9g\u00e9n\u00e9ration et la pers\u00e9v\u00e9rance, et le blanc repr\u00e9sente la clart\u00e9 de l\u2019esprit.\nR\u00e9unis, ces trois tons c\u00e9l\u00e8brent la femme compl\u00e8te : intuitive, forte et lumineuse.\nLes porter, c\u2019est s\u2019accorder \u00e0 l\u2019\u00e9nergie des reines ottomanes entre feu, sagesse et \u00e9quilibre.<\/div>\r\n    <\/div>\r\n<\/div>\t\t\t\t<\/div>\n\t\t\t\t<\/div>\n\t\t\t\t<\/div>\r\n\t\t\t\t\t<\/div>\r\n\t\t\t\t<\/div>\r\n\t\t<div class=\"elementor-element elementor-element-4d39f81 e-flex e-con-boxed e-con e-parent\" data-id=\"4d39f81\" data-element_type=\"container\" data-e-type=\"container\">\t\t\t<div class=\"e-con-inner\">\r\n\t\t\t\t<div class=\"elementor-element elementor-element-ac3a2d7 elementor-widget elementor-widget-pxl_accordion\" data-id=\"ac3a2d7\" data-element_type=\"widget\" data-e-type=\"widget\" data-widget_type=\"pxl_accordion.default\">\n\t\t\t\t<div class=\"elementor-widget-container\">\n\t\t\t\t\t    <div class=\"pxl-accordion pxl-accordion1 style1\" data-wow-delay=\"ms\">\r\n                    <div class=\"pxl--item active\">\r\n                <h3 class=\"pxl-item-accordion\" data-target=\"#pxl-accordion-008dcdepxl_accordion-ac3a2d7-3982\">\r\n                    <i class=\"fa fa-angle-down\"><\/i>\r\n                    <span>Description<\/span>\r\n                    \r\n                <\/h3>\r\n                <div id=\"pxl-accordion-008dcdepxl_accordion-ac3a2d7-3982\" class=\"pxl-item--content\" style=\"display: block;\">Inspir\u00e9es par la fascination et la puissance des femmes de l\u2019Empire ottoman, les Boucles H\u00e9ritage Topkapi sont une d\u00e9claration de f\u00e9minit\u00e9 souveraine.<br \/>\n<br \/>\nForg\u00e9es \u00e0 la main dans nos ateliers d\u2019Istanbul, les Boucles H\u00e9ritage Topkapi sont de v\u00e9ritables chefs-d\u2019\u0153uvre d\u2019orf\u00e8vrerie.<br \/>\n<br \/>\nLeur argent 925 patin\u00e9 leur conf\u00e8re une allure antique, tandis que l'oxyde de zirconium couleur rouges, grenat et clairs diffusent un \u00e9clat somptueux \u00e0 chaque geste.<br \/>\n<br \/>\nLeur design articul\u00e9 reproduit fid\u00e8lement les boucles imp\u00e9riales, destin\u00e9es \u00e0 capturer la lumi\u00e8re et le regard.<br \/>\n<br \/>\nPuissantes et \u00e9l\u00e9gantes, elles rehaussent toute tenue d\u2019une aura de royaut\u00e9.<br \/>\n<br \/>\nUn bijou d\u2019expression et de confiance, qui honore l\u2019histoire tout en sublimant le pr\u00e9sent.<\/div>\r\n            <\/div>\r\n                    <div class=\"pxl--item\">\r\n                <h3 class=\"pxl-item-accordion\" data-target=\"#pxl-accordion-8dda546pxl_accordion-ac3a2d7-3982\">\r\n                    <i class=\"fa fa-angle-down\"><\/i>\r\n                    <span>Caract\u00e9ristiques :<\/span>\r\n                    \r\n                <\/h3>\r\n                <div id=\"pxl-accordion-8dda546pxl_accordion-ac3a2d7-3982\" class=\"pxl-item--content\" >- M\u00e9tal : Argent sterling 925 massif, hypoallerg\u00e9nique<br \/>\n- Finition : Patine bronze antique<br \/>\n- Pierres principales : Zircons rouges, grenat et clairs (oxydes de zirconium color\u00e9s)<br \/>\n- Poids total : 11.35 g<br \/>\n- Style : Inspir\u00e9 des bijoux imp\u00e9riaux de Topkapi<br \/>\n- Origine : Fabriqu\u00e9es \u00e0 la main \u00e0 Istanbul<br \/>\n- Garantie : 1 an<br \/>\n- Inclus : Pochette et certificat d\u2019authenticit\u00e9<\/div>\r\n            <\/div>\r\n                    <div class=\"pxl--item\">\r\n                <h3 class=\"pxl-item-accordion\" data-target=\"#pxl-accordion-b0764d1pxl_accordion-ac3a2d7-3982\">\r\n                    <i class=\"fa fa-angle-down\"><\/i>\r\n                    <span>Conseils d'entretien :<\/span>\r\n                    \r\n                <\/h3>\r\n                <div id=\"pxl-accordion-b0764d1pxl_accordion-ac3a2d7-3982\" class=\"pxl-item--content\" >- \u00c9vitez le contact avec l\u2019eau sal\u00e9e, le parfum et les produits chimiques.<br \/>\n- Nettoyez avec un chiffon doux et sec apr\u00e8s chaque usage.<br \/>\n- Rangez vos bijoux dans leur pochette ou \u00e9crin d\u2019origine \u00e0 l\u2019abri de la lumi\u00e8re.<\/div>\r\n            <\/div>\r\n            <\/div>\r\n\t\t\t\t<\/div>\n\t\t\t\t<\/div>\n\t\t\t\t\t<\/div>\r\n\t\t\t\t<\/div>\r\n\t\t\t\t<\/div>","protected":false},"excerpt":{"rendered":"<p>Les <strong data-start=\"6533\" data-end=\"6561\">Boucles H\u00e9ritage Topkapi<\/strong> en <strong data-start=\"6565\" data-end=\"6586\">argent 925 patin\u00e9<\/strong> s\u2019inspirent des tr\u00e9sors du palais imp\u00e9rial.<\/p>\n<p>Serties d&rsquo;<strong>oxyde de zirconim <\/strong>couleur <strong>rouges, grenat et clairs<\/strong>, elles incarnent le <strong data-start=\"6701\" data-end=\"6751\">charisme, la vitalit\u00e9 et la noblesse ottomane.<\/strong><\/p>\n<p>Un bijou d\u2019h\u00e9ritage, puissant et raffin\u00e9, fa\u00e7onn\u00e9 \u00e0 la main \u00e0 Istanbul.<\/p>","protected":false},"featured_media":6244,"template":"","meta":[],"product_brand":[53],"product_cat":[16],"product_tag":[],"class_list":{"0":"post-6243","1":"product","2":"type-product","3":"status-publish","4":"has-post-thumbnail","6":"product_brand-turquaz-store","7":"product_cat-boucles-oreilles","9":"first","10":"instock","11":"purchasable","12":"product-type-simple"},"_links":{"self":[{"href":"https:\/\/turquaz-store.fr\/en\/wp-json\/wp\/v2\/product\/6243","targetHints":{"allow":["GET"]}}],"collection":[{"href":"https:\/\/turquaz-store.fr\/en\/wp-json\/wp\/v2\/product"}],"about":[{"href":"https:\/\/turquaz-store.fr\/en\/wp-json\/wp\/v2\/types\/product"}],"version-history":[{"count":18,"href":"https:\/\/turquaz-store.fr\/en\/wp-json\/wp\/v2\/product\/6243\/revisions"}],"predecessor-version":[{"id":10070,"href":"https:\/\/turquaz-store.fr\/en\/wp-json\/wp\/v2\/product\/6243\/revisions\/10070"}],"wp:featuredmedia":[{"embeddable":true,"href":"https:\/\/turquaz-store.fr\/en\/wp-json\/wp\/v2\/media\/6244"}],"wp:attachment":[{"href":"https:\/\/turquaz-store.fr\/en\/wp-json\/wp\/v2\/media?parent=6243"}],"wp:term":[{"taxonomy":"product_brand","embeddable":true,"href":"https:\/\/turquaz-store.fr\/en\/wp-json\/wp\/v2\/product_brand?post=6243"},{"taxonomy":"product_cat","embeddable":true,"href":"https:\/\/turquaz-store.fr\/en\/wp-json\/wp\/v2\/product_cat?post=6243"},{"taxonomy":"product_tag","embeddable":true,"href":"https:\/\/turquaz-store.fr\/en\/wp-json\/wp\/v2\/product_tag?post=6243"}],"curies":[{"name":"wp","href":"https:\/\/api.w.org\/{rel}","templated":true}]}}