{"id":6595,"date":"2025-11-07T01:29:16","date_gmt":"2025-11-06T23:29:16","guid":{"rendered":"https:\/\/turquaz-store.fr\/?post_type=product&#038;p=6595"},"modified":"2025-12-11T20:57:37","modified_gmt":"2025-12-11T19:57:37","slug":"bague-heritage-noble-lale","status":"publish","type":"product","link":"https:\/\/turquaz-store.fr\/en\/product\/bague-heritage-noble-lale\/","title":{"rendered":"Bague H\u00e9ritage Noble Lale"},"content":{"rendered":"<div data-elementor-type=\"wp-post\" data-elementor-id=\"6595\" class=\"elementor elementor-6595\" data-elementor-post-type=\"product\">\n\t\t\t\t<div class=\"elementor-element elementor-element-8469bb2 e-flex e-con-boxed e-con e-parent\" data-id=\"8469bb2\" data-element_type=\"container\" data-e-type=\"container\">\t\t\t<div class=\"e-con-inner\">\r\n\t\t<div class=\"elementor-element elementor-element-9c6d526 e-con-full e-flex e-con e-child\" data-id=\"9c6d526\" data-element_type=\"container\" data-e-type=\"container\" data-settings=\"{&quot;background_background&quot;:&quot;classic&quot;}\">\t\t<div class=\"elementor-element elementor-element-efacd16 elementor-widget elementor-widget-pxl_icon_box\" data-id=\"efacd16\" data-element_type=\"widget\" data-e-type=\"widget\" data-widget_type=\"pxl_icon_box.default\">\n\t\t\t\t<div class=\"elementor-widget-container\">\n\t\t\t\t\t<div class=\"pxl-icon-box pxl-icon-box1 style-1\" data-wow-delay=\"ms\">\r\n    <div class=\"pxl-item--inner\">\r\n                    <div class=\"pxl-item--icon\">\r\n                <i aria-hidden=\"true\" class=\"fal fa-graduation-cap\"><\/i>            <\/div>\r\n                        <h3 class=\"pxl-item--title el-empty\">HISTOIRE<\/h3>\r\n        <div class=\"pxl-item--description el-empty\">Sous l\u2019Empire ottoman, la tulipe symbolisait la perfection et l\u2019amour spirituel.\nLes joailliers la gravaient sur les parures des femmes nobles, souvent orn\u00e9es de pierres vertes, symbole de prosp\u00e9rit\u00e9 et de discernement.\nLa Bague Noble Lale, forg\u00e9e \u00e0 la main \u00e0 Istanbul, reprend cette forme florale.\nSon oxyde de zirconium vert taille poire, mont\u00e9 au centre d\u2019un pavage clair et vert, refl\u00e8te la beaut\u00e9 ordonn\u00e9e des jardins imp\u00e9riaux.\nL\u2019argent 925 patin\u00e9 lui conf\u00e8re une authenticit\u00e9 rare et une chaleur visuelle digne des bijoux d\u2019\u00e9poque.<\/div>\r\n    <\/div>\r\n<\/div>\t\t\t\t<\/div>\n\t\t\t\t<\/div>\n\t\t\t\t<\/div>\r\n\t\t<div class=\"elementor-element elementor-element-0d32e84 e-con-full e-flex e-con e-child\" data-id=\"0d32e84\" data-element_type=\"container\" data-e-type=\"container\">\t\t<div class=\"elementor-element elementor-element-4220a1b elementor-widget elementor-widget-pxl_icon_box\" data-id=\"4220a1b\" data-element_type=\"widget\" data-e-type=\"widget\" data-widget_type=\"pxl_icon_box.default\">\n\t\t\t\t<div class=\"elementor-widget-container\">\n\t\t\t\t\t<div class=\"pxl-icon-box pxl-icon-box1 style-1\" data-wow-delay=\"ms\">\r\n    <div class=\"pxl-item--inner\">\r\n                    <div class=\"pxl-item--icon\">\r\n                <i aria-hidden=\"true\" class=\"fal fa-hamsa\"><\/i>            <\/div>\r\n                        <h3 class=\"pxl-item--title el-empty\">SYMBOLIQUE<\/h3>\r\n        <div class=\"pxl-item--description el-empty\">Le vert \u00e9meraude incarne la croissance, la sagesse et l\u2019harmonie.\nAssoci\u00e9 \u00e0 la tulipe, il exprime la joie simple et la beaut\u00e9 naturelle du c\u0153ur apais\u00e9.\nCe bijou favorise la gratitude, la stabilit\u00e9 et la confiance.\nPort\u00e9 chaque jour, il rappelle que la v\u00e9ritable \u00e9l\u00e9gance na\u00eet de la paix int\u00e9rieure.<\/div>\r\n    <\/div>\r\n<\/div>\t\t\t\t<\/div>\n\t\t\t\t<\/div>\n\t\t\t\t<\/div>\r\n\t\t\t\t\t<\/div>\r\n\t\t\t\t<\/div>\r\n\t\t<div class=\"elementor-element elementor-element-4d39f81 e-flex e-con-boxed e-con e-parent\" data-id=\"4d39f81\" data-element_type=\"container\" data-e-type=\"container\">\t\t\t<div class=\"e-con-inner\">\r\n\t\t\t\t<div class=\"elementor-element elementor-element-ac3a2d7 elementor-widget elementor-widget-pxl_accordion\" data-id=\"ac3a2d7\" data-element_type=\"widget\" data-e-type=\"widget\" data-widget_type=\"pxl_accordion.default\">\n\t\t\t\t<div class=\"elementor-widget-container\">\n\t\t\t\t\t    <div class=\"pxl-accordion pxl-accordion1 style1\" data-wow-delay=\"ms\">\r\n                    <div class=\"pxl--item active\">\r\n                <h3 class=\"pxl-item-accordion\" data-target=\"#pxl-accordion-008dcdepxl_accordion-ac3a2d7-6686\">\r\n                    <i class=\"fa fa-angle-down\"><\/i>\r\n                    <span>Description<\/span>\r\n                    \r\n                <\/h3>\r\n                <div id=\"pxl-accordion-008dcdepxl_accordion-ac3a2d7-6686\" class=\"pxl-item--content\" style=\"display: block;\">Forg\u00e9e en argent 925 patin\u00e9, la Bague H\u00e9ritage Noble Lale allie douceur et majest\u00e9.<br \/>\n<br \/>\nLe zircon (oxyde de zirconium) vert central brille d\u2019un \u00e9clat profond, soulign\u00e9 par des zircons clairs qui captent la lumi\u00e8re.<br \/>\n<br \/>\nSa forme florale ajour\u00e9e \u00e9voque les motifs de tulipes grav\u00e9s sur les porcelaines d\u2019Iznik.<br \/>\n<br \/>\nL\u00e9g\u00e8rement bomb\u00e9e pour plus de confort, elle \u00e9pouse parfaitement la main.<br \/>\n<br \/>\nUn bijou de caract\u00e8re, qui relie la beaut\u00e9 \u00e0 la bienveillance.<\/div>\r\n            <\/div>\r\n                    <div class=\"pxl--item\">\r\n                <h3 class=\"pxl-item-accordion\" data-target=\"#pxl-accordion-8dda546pxl_accordion-ac3a2d7-6686\">\r\n                    <i class=\"fa fa-angle-down\"><\/i>\r\n                    <span>Caract\u00e9ristiques :<\/span>\r\n                    \r\n                <\/h3>\r\n                <div id=\"pxl-accordion-8dda546pxl_accordion-ac3a2d7-6686\" class=\"pxl-item--content\" >- M\u00e9tal : Argent sterling 925 massif, hypoallerg\u00e9nique<br \/>\n- Finition : Patine bronze antique<br \/>\n- Pierre principale : Zircon vert \u00e9meraude (oxyde de zirconium)<br \/>\n- Pierres lat\u00e9rales : Zircons clairs et verts<br \/>\n- Poids total : 12.15 g<br \/>\n- Style : Motif tulipe ottomane<br \/>\n- Origine : Fabriqu\u00e9 \u00e0 la main \u00e0 Istanbul<br \/>\n- Garantie : 1 an<br \/>\n- Inclus : Pochette et certificat d\u2019authenticit\u00e9<\/div>\r\n            <\/div>\r\n                    <div class=\"pxl--item\">\r\n                <h3 class=\"pxl-item-accordion\" data-target=\"#pxl-accordion-b0764d1pxl_accordion-ac3a2d7-6686\">\r\n                    <i class=\"fa fa-angle-down\"><\/i>\r\n                    <span>Conseils d'entretien :<\/span>\r\n                    \r\n                <\/h3>\r\n                <div id=\"pxl-accordion-b0764d1pxl_accordion-ac3a2d7-6686\" class=\"pxl-item--content\" >- \u00c9vitez le contact avec l\u2019eau sal\u00e9e, le parfum et les produits chimiques.<br \/>\n- Nettoyez avec un chiffon doux et sec apr\u00e8s chaque usage.<br \/>\n- Rangez vos bijoux dans leur pochette ou \u00e9crin d\u2019origine \u00e0 l\u2019abri de la lumi\u00e8re.<\/div>\r\n            <\/div>\r\n            <\/div>\r\n\t\t\t\t<\/div>\n\t\t\t\t<\/div>\n\t\t\t\t\t<\/div>\r\n\t\t\t\t<\/div>\r\n\t\t\t\t<\/div>","protected":false},"excerpt":{"rendered":"<p>La <strong data-start=\"5844\" data-end=\"5873\">Bague H\u00e9ritage Noble Lale<\/strong> en <strong data-start=\"5877\" data-end=\"5898\">argent 925 patin\u00e9<\/strong> c\u00e9l\u00e8bre la tulipe (<em data-start=\"5918\" data-end=\"5924\">Lale<\/em>), fleur embl\u00e9matique de la royaut\u00e9 ottomane.<\/p>\n<p>Son <strong data-start=\"5976\" data-end=\"6000\">zircon vert \u00e9meraude<\/strong> incarne la <strong data-start=\"6012\" data-end=\"6059\">s\u00e9r\u00e9nit\u00e9, la loyaut\u00e9 et la sagesse du c\u0153ur.<\/strong><\/p>\n<p>Un bijou artisanal d\u2019une \u00e9l\u00e9gance intemporelle.<\/p>","protected":false},"featured_media":6596,"template":"","meta":[],"product_brand":[53],"product_cat":[33],"product_tag":[],"class_list":{"0":"post-6595","1":"product","2":"type-product","3":"status-publish","4":"has-post-thumbnail","6":"product_brand-turquaz-store","7":"product_cat-bagues","9":"first","10":"instock","11":"purchasable","12":"product-type-variable","13":"rtwpvs-product"},"_links":{"self":[{"href":"https:\/\/turquaz-store.fr\/en\/wp-json\/wp\/v2\/product\/6595","targetHints":{"allow":["GET"]}}],"collection":[{"href":"https:\/\/turquaz-store.fr\/en\/wp-json\/wp\/v2\/product"}],"about":[{"href":"https:\/\/turquaz-store.fr\/en\/wp-json\/wp\/v2\/types\/product"}],"version-history":[{"count":8,"href":"https:\/\/turquaz-store.fr\/en\/wp-json\/wp\/v2\/product\/6595\/revisions"}],"predecessor-version":[{"id":9624,"href":"https:\/\/turquaz-store.fr\/en\/wp-json\/wp\/v2\/product\/6595\/revisions\/9624"}],"wp:featuredmedia":[{"embeddable":true,"href":"https:\/\/turquaz-store.fr\/en\/wp-json\/wp\/v2\/media\/6596"}],"wp:attachment":[{"href":"https:\/\/turquaz-store.fr\/en\/wp-json\/wp\/v2\/media?parent=6595"}],"wp:term":[{"taxonomy":"product_brand","embeddable":true,"href":"https:\/\/turquaz-store.fr\/en\/wp-json\/wp\/v2\/product_brand?post=6595"},{"taxonomy":"product_cat","embeddable":true,"href":"https:\/\/turquaz-store.fr\/en\/wp-json\/wp\/v2\/product_cat?post=6595"},{"taxonomy":"product_tag","embeddable":true,"href":"https:\/\/turquaz-store.fr\/en\/wp-json\/wp\/v2\/product_tag?post=6595"}],"curies":[{"name":"wp","href":"https:\/\/api.w.org\/{rel}","templated":true}]}}