{"id":6611,"date":"2025-11-07T01:47:48","date_gmt":"2025-11-06T23:47:48","guid":{"rendered":"https:\/\/turquaz-store.fr\/?post_type=product&#038;p=6611"},"modified":"2025-12-11T21:00:42","modified_gmt":"2025-12-11T20:00:42","slug":"bague-heritage-nar-tanesi","status":"publish","type":"product","link":"https:\/\/turquaz-store.fr\/en\/product\/bague-heritage-nar-tanesi\/","title":{"rendered":"Bague H\u00e9ritage Nar Tanesi"},"content":{"rendered":"<div data-elementor-type=\"wp-post\" data-elementor-id=\"6611\" class=\"elementor elementor-6611\" data-elementor-post-type=\"product\">\n\t\t\t\t<div class=\"elementor-element elementor-element-8469bb2 e-flex e-con-boxed e-con e-parent\" data-id=\"8469bb2\" data-element_type=\"container\" data-e-type=\"container\">\t\t\t<div class=\"e-con-inner\">\r\n\t\t<div class=\"elementor-element elementor-element-9c6d526 e-con-full e-flex e-con e-child\" data-id=\"9c6d526\" data-element_type=\"container\" data-e-type=\"container\" data-settings=\"{&quot;background_background&quot;:&quot;classic&quot;}\">\t\t<div class=\"elementor-element elementor-element-efacd16 elementor-widget elementor-widget-pxl_icon_box\" data-id=\"efacd16\" data-element_type=\"widget\" data-e-type=\"widget\" data-widget_type=\"pxl_icon_box.default\">\n\t\t\t\t<div class=\"elementor-widget-container\">\n\t\t\t\t\t<div class=\"pxl-icon-box pxl-icon-box1 style-1\" data-wow-delay=\"ms\">\r\n    <div class=\"pxl-item--inner\">\r\n                    <div class=\"pxl-item--icon\">\r\n                <i aria-hidden=\"true\" class=\"fal fa-graduation-cap\"><\/i>            <\/div>\r\n                        <h3 class=\"pxl-item--title el-empty\">HISTOIRE<\/h3>\r\n        <div class=\"pxl-item--description el-empty\">Sous l\u2019Empire ottoman, la grenade ornait les parures f\u00e9minines comme embl\u00e8me de fertilit\u00e9, de chance et d\u2019abondance.\nNos artisans d\u2019Istanbul perp\u00e9tuent cette tradition \u00e0 travers la Bague Nar Tanesi, sculpt\u00e9e en argent 925 patin\u00e9 bronze antique.\nLe cabochon rouge grenat, en oxyde de zirconium taill\u00e9 \u00e0 la main, symbolise le c\u0153ur vivant, tandis que les oxydes clairs qui l\u2019entourent rappellent la lumi\u00e8re des perles de la grenade \u00e9clat\u00e9e.\nUn bijou patrimonial, \u00e0 la fois spirituel et esth\u00e9tique.<\/div>\r\n    <\/div>\r\n<\/div>\t\t\t\t<\/div>\n\t\t\t\t<\/div>\n\t\t\t\t<\/div>\r\n\t\t<div class=\"elementor-element elementor-element-0d32e84 e-con-full e-flex e-con e-child\" data-id=\"0d32e84\" data-element_type=\"container\" data-e-type=\"container\">\t\t<div class=\"elementor-element elementor-element-4220a1b elementor-widget elementor-widget-pxl_icon_box\" data-id=\"4220a1b\" data-element_type=\"widget\" data-e-type=\"widget\" data-widget_type=\"pxl_icon_box.default\">\n\t\t\t\t<div class=\"elementor-widget-container\">\n\t\t\t\t\t<div class=\"pxl-icon-box pxl-icon-box1 style-1\" data-wow-delay=\"ms\">\r\n    <div class=\"pxl-item--inner\">\r\n                    <div class=\"pxl-item--icon\">\r\n                <i aria-hidden=\"true\" class=\"fal fa-hamsa\"><\/i>            <\/div>\r\n                        <h3 class=\"pxl-item--title el-empty\">SYMBOLIQUE<\/h3>\r\n        <div class=\"pxl-item--description el-empty\">L\u2019oxyde de zirconium rouge grenat symbolise la r\u00e9g\u00e9n\u00e9ration et la force vitale.\nDans la culture ottomane, la grenade est une m\u00e9taphore de la vie int\u00e9rieure : chaque graine repr\u00e9sentant un v\u0153u, un lien, une promesse.\nCette bague invite \u00e0 la reconnaissance et \u00e0 la f\u00e9condit\u00e9 \u00e9motionnelle.\nElle nourrit la joie et la confiance, rappelant que la prosp\u00e9rit\u00e9 commence dans le c\u0153ur.<\/div>\r\n    <\/div>\r\n<\/div>\t\t\t\t<\/div>\n\t\t\t\t<\/div>\n\t\t\t\t<\/div>\r\n\t\t\t\t\t<\/div>\r\n\t\t\t\t<\/div>\r\n\t\t<div class=\"elementor-element elementor-element-4d39f81 e-flex e-con-boxed e-con e-parent\" data-id=\"4d39f81\" data-element_type=\"container\" data-e-type=\"container\">\t\t\t<div class=\"e-con-inner\">\r\n\t\t\t\t<div class=\"elementor-element elementor-element-ac3a2d7 elementor-widget elementor-widget-pxl_accordion\" data-id=\"ac3a2d7\" data-element_type=\"widget\" data-e-type=\"widget\" data-widget_type=\"pxl_accordion.default\">\n\t\t\t\t<div class=\"elementor-widget-container\">\n\t\t\t\t\t    <div class=\"pxl-accordion pxl-accordion1 style1\" data-wow-delay=\"ms\">\r\n                    <div class=\"pxl--item active\">\r\n                <h3 class=\"pxl-item-accordion\" data-target=\"#pxl-accordion-008dcdepxl_accordion-ac3a2d7-3609\">\r\n                    <i class=\"fa fa-angle-down\"><\/i>\r\n                    <span>Description<\/span>\r\n                    \r\n                <\/h3>\r\n                <div id=\"pxl-accordion-008dcdepxl_accordion-ac3a2d7-3609\" class=\"pxl-item--content\" style=\"display: block;\">Forg\u00e9e en argent 925 patin\u00e9, la Bague H\u00e9ritage Nar Tanesi est le fruit d\u2019un savoir-faire minutieux.<br \/>\n<br \/>\nSon oxyde rouge grenat brille d\u2019un \u00e9clat profond, encadr\u00e9 par un pavage d\u2019oxydes clairs.<br \/>\n<br \/>\nLes d\u00e9tails floraux et la patine antique conf\u00e8rent au bijou un caract\u00e8re historique et pr\u00e9cieux.<br \/>\n<br \/>\nL\u00e9g\u00e8re et confortable, elle s\u2019adapte \u00e0 toutes les mains et se porte aussi bien seule qu\u2019en parure.<br \/>\n<br \/>\nUn bijou \u00e0 l\u2019\u00e9nergie ardente, \u00e0 la fois protecteur et raffin\u00e9.<\/div>\r\n            <\/div>\r\n                    <div class=\"pxl--item\">\r\n                <h3 class=\"pxl-item-accordion\" data-target=\"#pxl-accordion-8dda546pxl_accordion-ac3a2d7-3609\">\r\n                    <i class=\"fa fa-angle-down\"><\/i>\r\n                    <span>Caract\u00e9ristiques :<\/span>\r\n                    \r\n                <\/h3>\r\n                <div id=\"pxl-accordion-8dda546pxl_accordion-ac3a2d7-3609\" class=\"pxl-item--content\" >- M\u00e9tal : Argent sterling 925 massif, hypoallerg\u00e9nique<br \/>\n- Finition : Patine bronze antique<br \/>\n- Pierre principale : Oxyde de zirconium rouge grenat<br \/>\n- Pierres lat\u00e9rales : Oxydes de zirconium clairs<br \/>\n- Poids total : 3.95 g<br \/>\n- Style : Motif grenade ottoman (Nar)<br \/>\n- Origine : Fait main \u00e0 Istanbul<br \/>\n- Garantie : 1 an<br \/>\n- Inclus : Pochette et certificat d\u2019authenticit\u00e9<\/div>\r\n            <\/div>\r\n                    <div class=\"pxl--item\">\r\n                <h3 class=\"pxl-item-accordion\" data-target=\"#pxl-accordion-b0764d1pxl_accordion-ac3a2d7-3609\">\r\n                    <i class=\"fa fa-angle-down\"><\/i>\r\n                    <span>Conseils d'entretien :<\/span>\r\n                    \r\n                <\/h3>\r\n                <div id=\"pxl-accordion-b0764d1pxl_accordion-ac3a2d7-3609\" class=\"pxl-item--content\" >- \u00c9vitez le contact avec l\u2019eau sal\u00e9e, le parfum et les produits chimiques.<br \/>\n- Nettoyez avec un chiffon doux et sec apr\u00e8s chaque usage.<br \/>\n- Rangez vos bijoux dans leur pochette ou \u00e9crin d\u2019origine \u00e0 l\u2019abri de la lumi\u00e8re.<\/div>\r\n            <\/div>\r\n            <\/div>\r\n\t\t\t\t<\/div>\n\t\t\t\t<\/div>\n\t\t\t\t\t<\/div>\r\n\t\t\t\t<\/div>\r\n\t\t\t\t<\/div>","protected":false},"excerpt":{"rendered":"<p>La <strong data-start=\"3181\" data-end=\"3210\">Bague H\u00e9ritage Nar Tanesi<\/strong> en <strong data-start=\"3214\" data-end=\"3235\">argent 925 patin\u00e9<\/strong> s\u2019inspire du fruit sacr\u00e9 de la grenade (<em data-start=\"3276\" data-end=\"3281\">Nar<\/em>), symbole de prosp\u00e9rit\u00e9 et de vitalit\u00e9.<\/p>\n<p>Son <strong data-start=\"3328\" data-end=\"3363\">oxyde de zirconium rouge grenat<\/strong>, entour\u00e9 d\u2019oxydes clairs, diffuse une \u00e9nergie protectrice et chaleureuse.<\/p>","protected":false},"featured_media":6612,"template":"","meta":[],"product_brand":[53],"product_cat":[33],"product_tag":[],"class_list":{"0":"post-6611","1":"product","2":"type-product","3":"status-publish","4":"has-post-thumbnail","6":"product_brand-turquaz-store","7":"product_cat-bagues","9":"first","10":"instock","11":"purchasable","12":"product-type-variable","13":"rtwpvs-product"},"_links":{"self":[{"href":"https:\/\/turquaz-store.fr\/en\/wp-json\/wp\/v2\/product\/6611","targetHints":{"allow":["GET"]}}],"collection":[{"href":"https:\/\/turquaz-store.fr\/en\/wp-json\/wp\/v2\/product"}],"about":[{"href":"https:\/\/turquaz-store.fr\/en\/wp-json\/wp\/v2\/types\/product"}],"version-history":[{"count":8,"href":"https:\/\/turquaz-store.fr\/en\/wp-json\/wp\/v2\/product\/6611\/revisions"}],"predecessor-version":[{"id":9632,"href":"https:\/\/turquaz-store.fr\/en\/wp-json\/wp\/v2\/product\/6611\/revisions\/9632"}],"wp:featuredmedia":[{"embeddable":true,"href":"https:\/\/turquaz-store.fr\/en\/wp-json\/wp\/v2\/media\/6612"}],"wp:attachment":[{"href":"https:\/\/turquaz-store.fr\/en\/wp-json\/wp\/v2\/media?parent=6611"}],"wp:term":[{"taxonomy":"product_brand","embeddable":true,"href":"https:\/\/turquaz-store.fr\/en\/wp-json\/wp\/v2\/product_brand?post=6611"},{"taxonomy":"product_cat","embeddable":true,"href":"https:\/\/turquaz-store.fr\/en\/wp-json\/wp\/v2\/product_cat?post=6611"},{"taxonomy":"product_tag","embeddable":true,"href":"https:\/\/turquaz-store.fr\/en\/wp-json\/wp\/v2\/product_tag?post=6611"}],"curies":[{"name":"wp","href":"https:\/\/api.w.org\/{rel}","templated":true}]}}