{"id":6655,"date":"2025-11-07T03:12:16","date_gmt":"2025-11-07T01:12:16","guid":{"rendered":"https:\/\/turquaz-store.fr\/?post_type=product&#038;p=6655"},"modified":"2026-01-31T09:01:08","modified_gmt":"2026-01-31T08:01:08","slug":"bague-heritage-harem-imperial","status":"publish","type":"product","link":"https:\/\/turquaz-store.fr\/en\/product\/bague-heritage-harem-imperial\/","title":{"rendered":"Bague H\u00e9ritage Harem Imp\u00e9rial"},"content":{"rendered":"<div data-elementor-type=\"wp-post\" data-elementor-id=\"6655\" class=\"elementor elementor-6655\" data-elementor-post-type=\"product\">\n\t\t\t\t<div class=\"elementor-element elementor-element-8469bb2 e-flex e-con-boxed e-con e-parent\" data-id=\"8469bb2\" data-element_type=\"container\" data-e-type=\"container\">\t\t\t<div class=\"e-con-inner\">\r\n\t\t<div class=\"elementor-element elementor-element-9c6d526 e-con-full e-flex e-con e-child\" data-id=\"9c6d526\" data-element_type=\"container\" data-e-type=\"container\" data-settings=\"{&quot;background_background&quot;:&quot;classic&quot;}\">\t\t<div class=\"elementor-element elementor-element-efacd16 elementor-widget elementor-widget-pxl_icon_box\" data-id=\"efacd16\" data-element_type=\"widget\" data-e-type=\"widget\" data-widget_type=\"pxl_icon_box.default\">\n\t\t\t\t<div class=\"elementor-widget-container\">\n\t\t\t\t\t<div class=\"pxl-icon-box pxl-icon-box1 style-1\" data-wow-delay=\"ms\">\r\n    <div class=\"pxl-item--inner\">\r\n                    <div class=\"pxl-item--icon\">\r\n                <i aria-hidden=\"true\" class=\"fal fa-graduation-cap\"><\/i>            <\/div>\r\n                        <h3 class=\"pxl-item--title el-empty\">HISTOIRE<\/h3>\r\n        <div class=\"pxl-item--description el-empty\">Dans le harem du palais imp\u00e9rial, les bijoux \u00e9taient un langage.\nLeur taille et leurs couleurs indiquaient le rang, l\u2019origine et la faveur d\u2019une sultane.\nLa Bague Harem Imp\u00e9rial, forg\u00e9e \u00e0 la main dans nos ateliers d\u2019Istanbul, reprend ce rituel de prestige : une base d\u2019argent 925 patin\u00e9, rehauss\u00e9e d\u2019oxydes de zirconium rouges, verts et clairs sertis \u00e0 la main.\nChaque teinte \u00e9voque une qualit\u00e9 du c\u0153ur et de l\u2019esprit : courage, \u00e9quilibre et clart\u00e9.\nUn bijou \u00e0 la fois somptueux et signifiant, con\u00e7u pour rayonner.<\/div>\r\n    <\/div>\r\n<\/div>\t\t\t\t<\/div>\n\t\t\t\t<\/div>\n\t\t\t\t<\/div>\r\n\t\t<div class=\"elementor-element elementor-element-0d32e84 e-con-full e-flex e-con e-child\" data-id=\"0d32e84\" data-element_type=\"container\" data-e-type=\"container\">\t\t<div class=\"elementor-element elementor-element-4220a1b elementor-widget elementor-widget-pxl_icon_box\" data-id=\"4220a1b\" data-element_type=\"widget\" data-e-type=\"widget\" data-widget_type=\"pxl_icon_box.default\">\n\t\t\t\t<div class=\"elementor-widget-container\">\n\t\t\t\t\t<div class=\"pxl-icon-box pxl-icon-box1 style-1\" data-wow-delay=\"ms\">\r\n    <div class=\"pxl-item--inner\">\r\n                    <div class=\"pxl-item--icon\">\r\n                <i aria-hidden=\"true\" class=\"fal fa-hamsa\"><\/i>            <\/div>\r\n                        <h3 class=\"pxl-item--title el-empty\">SYMBOLIQUE<\/h3>\r\n        <div class=\"pxl-item--description el-empty\">L\u2019oxyde rouge incarne la vitalit\u00e9 et la passion cr\u00e9ative,\nl\u2019oxyde vert, la sagesse et la stabilit\u00e9,\net l\u2019oxyde clair, la lumi\u00e8re de la conscience.\nEnsemble, ils forment une triade harmonieuse repr\u00e9sentant l\u2019unit\u00e9 du corps, du c\u0153ur et de l\u2019esprit.\nCette bague favorise le rayonnement int\u00e9rieur et la confiance noble.<\/div>\r\n    <\/div>\r\n<\/div>\t\t\t\t<\/div>\n\t\t\t\t<\/div>\n\t\t\t\t<\/div>\r\n\t\t\t\t\t<\/div>\r\n\t\t\t\t<\/div>\r\n\t\t<div class=\"elementor-element elementor-element-4d39f81 e-flex e-con-boxed e-con e-parent\" data-id=\"4d39f81\" data-element_type=\"container\" data-e-type=\"container\">\t\t\t<div class=\"e-con-inner\">\r\n\t\t\t\t<div class=\"elementor-element elementor-element-ac3a2d7 elementor-widget elementor-widget-pxl_accordion\" data-id=\"ac3a2d7\" data-element_type=\"widget\" data-e-type=\"widget\" data-widget_type=\"pxl_accordion.default\">\n\t\t\t\t<div class=\"elementor-widget-container\">\n\t\t\t\t\t    <div class=\"pxl-accordion pxl-accordion1 style1\" data-wow-delay=\"ms\">\r\n                    <div class=\"pxl--item active\">\r\n                <h3 class=\"pxl-item-accordion\" data-target=\"#pxl-accordion-008dcdepxl_accordion-ac3a2d7-3364\">\r\n                    <i class=\"fa fa-angle-down\"><\/i>\r\n                    <span>Description<\/span>\r\n                    \r\n                <\/h3>\r\n                <div id=\"pxl-accordion-008dcdepxl_accordion-ac3a2d7-3364\" class=\"pxl-item--content\" style=\"display: block;\">Forg\u00e9e en argent 925 massif patin\u00e9, la Bague Harem Imp\u00e9rial associe couleurs et textures dans une composition raffin\u00e9e.<br \/>\n<br \/>\nLes oxydes de zirconium, taill\u00e9s \u00e0 la main, jouent avec la lumi\u00e8re et cr\u00e9ent un contraste vibrant.<br \/>\n<br \/>\nSon design l\u00e9g\u00e8rement bomb\u00e9 assure un confort parfait.<br \/>\n<br \/>\nUne pi\u00e8ce d\u2019apparat contemporaine, hommage \u00e0 la puissance des femmes de l\u2019empire.<\/div>\r\n            <\/div>\r\n                    <div class=\"pxl--item\">\r\n                <h3 class=\"pxl-item-accordion\" data-target=\"#pxl-accordion-8dda546pxl_accordion-ac3a2d7-3364\">\r\n                    <i class=\"fa fa-angle-down\"><\/i>\r\n                    <span>Caract\u00e9ristiques :<\/span>\r\n                    \r\n                <\/h3>\r\n                <div id=\"pxl-accordion-8dda546pxl_accordion-ac3a2d7-3364\" class=\"pxl-item--content\" >- M\u00e9tal : Argent sterling 925 massif, hypoallerg\u00e9nique<br \/>\n- Finition : Patine bronze antique<br \/>\n- Pierres principales : Oxydes de zirconium verts, rouges et clairs<br \/>\n- Poids total : 7.90 g<br \/>\n- Style : Inspir\u00e9e des bagues imp\u00e9riales ottomanes<br \/>\n- Origine : Fait main \u00e0 Istanbul<br \/>\n- Garantie : 1 an<br \/>\n- Inclus : Pochette et certificat d\u2019authenticit\u00e9<\/div>\r\n            <\/div>\r\n                    <div class=\"pxl--item\">\r\n                <h3 class=\"pxl-item-accordion\" data-target=\"#pxl-accordion-b0764d1pxl_accordion-ac3a2d7-3364\">\r\n                    <i class=\"fa fa-angle-down\"><\/i>\r\n                    <span>Conseils d'entretien :<\/span>\r\n                    \r\n                <\/h3>\r\n                <div id=\"pxl-accordion-b0764d1pxl_accordion-ac3a2d7-3364\" class=\"pxl-item--content\" >- \u00c9vitez le contact avec l\u2019eau sal\u00e9e, le parfum et les produits chimiques.<br \/>\n- Nettoyez avec un chiffon doux et sec apr\u00e8s chaque usage.<br \/>\n- Rangez vos bijoux dans leur pochette ou \u00e9crin d\u2019origine \u00e0 l\u2019abri de la lumi\u00e8re.<\/div>\r\n            <\/div>\r\n            <\/div>\r\n\t\t\t\t<\/div>\n\t\t\t\t<\/div>\n\t\t\t\t\t<\/div>\r\n\t\t\t\t<\/div>\r\n\t\t\t\t<\/div>","protected":false},"excerpt":{"rendered":"<p>La <strong data-start=\"615\" data-end=\"648\">Bague H\u00e9ritage Harem Imp\u00e9rial<\/strong> en <strong data-start=\"652\" data-end=\"673\">argent 925 patin\u00e9<\/strong> \u00e9voque la splendeur des bijoux du palais de Topkapi.<\/p>\n<p>Ses <strong data-start=\"733\" data-end=\"780\">oxydes de zirconium verts, rouges et clairs<\/strong> incarnent la <strong data-start=\"794\" data-end=\"832\">sagesse, la passion et la lumi\u00e8re.<\/strong><\/p>\n<p>Un bijou articul\u00e9, symbole de f\u00e9minit\u00e9 souveraine et d\u2019\u00e9l\u00e9gance imp\u00e9riale.<\/p>","protected":false},"featured_media":6656,"template":"","meta":[],"product_brand":[53],"product_cat":[33],"product_tag":[],"class_list":{"0":"post-6655","1":"product","2":"type-product","3":"status-publish","4":"has-post-thumbnail","6":"product_brand-turquaz-store","7":"product_cat-bagues","9":"first","10":"instock","11":"purchasable","12":"product-type-variable","13":"rtwpvs-product"},"_links":{"self":[{"href":"https:\/\/turquaz-store.fr\/en\/wp-json\/wp\/v2\/product\/6655","targetHints":{"allow":["GET"]}}],"collection":[{"href":"https:\/\/turquaz-store.fr\/en\/wp-json\/wp\/v2\/product"}],"about":[{"href":"https:\/\/turquaz-store.fr\/en\/wp-json\/wp\/v2\/types\/product"}],"version-history":[{"count":9,"href":"https:\/\/turquaz-store.fr\/en\/wp-json\/wp\/v2\/product\/6655\/revisions"}],"predecessor-version":[{"id":9641,"href":"https:\/\/turquaz-store.fr\/en\/wp-json\/wp\/v2\/product\/6655\/revisions\/9641"}],"wp:featuredmedia":[{"embeddable":true,"href":"https:\/\/turquaz-store.fr\/en\/wp-json\/wp\/v2\/media\/6656"}],"wp:attachment":[{"href":"https:\/\/turquaz-store.fr\/en\/wp-json\/wp\/v2\/media?parent=6655"}],"wp:term":[{"taxonomy":"product_brand","embeddable":true,"href":"https:\/\/turquaz-store.fr\/en\/wp-json\/wp\/v2\/product_brand?post=6655"},{"taxonomy":"product_cat","embeddable":true,"href":"https:\/\/turquaz-store.fr\/en\/wp-json\/wp\/v2\/product_cat?post=6655"},{"taxonomy":"product_tag","embeddable":true,"href":"https:\/\/turquaz-store.fr\/en\/wp-json\/wp\/v2\/product_tag?post=6655"}],"curies":[{"name":"wp","href":"https:\/\/api.w.org\/{rel}","templated":true}]}}