{"id":6686,"date":"2025-11-07T03:42:19","date_gmt":"2025-11-07T01:42:19","guid":{"rendered":"https:\/\/turquaz-store.fr\/?post_type=product&#038;p=6686"},"modified":"2026-01-27T20:41:43","modified_gmt":"2026-01-27T19:41:43","slug":"bague-heritage-aurore-d-istanbul","status":"publish","type":"product","link":"https:\/\/turquaz-store.fr\/en\/product\/bague-heritage-aurore-d-istanbul\/","title":{"rendered":"Bague H\u00e9ritage Aurore d\u2019Istanbul"},"content":{"rendered":"<div data-elementor-type=\"wp-post\" data-elementor-id=\"6686\" class=\"elementor elementor-6686\" data-elementor-post-type=\"product\">\n\t\t\t\t<div class=\"elementor-element elementor-element-8469bb2 e-flex e-con-boxed e-con e-parent\" data-id=\"8469bb2\" data-element_type=\"container\" data-e-type=\"container\">\t\t\t<div class=\"e-con-inner\">\r\n\t\t<div class=\"elementor-element elementor-element-9c6d526 e-con-full e-flex e-con e-child\" data-id=\"9c6d526\" data-element_type=\"container\" data-e-type=\"container\" data-settings=\"{&quot;background_background&quot;:&quot;classic&quot;}\">\t\t<div class=\"elementor-element elementor-element-efacd16 elementor-widget elementor-widget-pxl_icon_box\" data-id=\"efacd16\" data-element_type=\"widget\" data-e-type=\"widget\" data-widget_type=\"pxl_icon_box.default\">\n\t\t\t\t<div class=\"elementor-widget-container\">\n\t\t\t\t\t<div class=\"pxl-icon-box pxl-icon-box1 style-1\" data-wow-delay=\"ms\">\r\n    <div class=\"pxl-item--inner\">\r\n                    <div class=\"pxl-item--icon\">\r\n                <i aria-hidden=\"true\" class=\"fal fa-graduation-cap\"><\/i>            <\/div>\r\n                        <h3 class=\"pxl-item--title el-empty\">HISTOIRE<\/h3>\r\n        <div class=\"pxl-item--description el-empty\">Inspir\u00e9e par la lumi\u00e8re matinale d\u2019Istanbul, cette bague rend hommage \u00e0 la zultanite, gemme pl\u00e9ochro\u00efque native d\u2019Anatolie.\nSon oxyde de zirconium couleur zultanite, taill\u00e9 \u00e0 la main, imite ses nuances naturelles allant du cognac ros\u00e9 au champagne dor\u00e9.\nL\u2019argent 925 dor\u00e9 or 16K sublime cette transformation de lumi\u00e8re.\nUne pi\u00e8ce raffin\u00e9e, forg\u00e9e par les artisans d\u2019Istanbul pour capter l\u2019aube \u00e9ternelle de l\u2019\u00e2me.<\/div>\r\n    <\/div>\r\n<\/div>\t\t\t\t<\/div>\n\t\t\t\t<\/div>\n\t\t\t\t<\/div>\r\n\t\t<div class=\"elementor-element elementor-element-0d32e84 e-con-full e-flex e-con e-child\" data-id=\"0d32e84\" data-element_type=\"container\" data-e-type=\"container\">\t\t<div class=\"elementor-element elementor-element-4220a1b elementor-widget elementor-widget-pxl_icon_box\" data-id=\"4220a1b\" data-element_type=\"widget\" data-e-type=\"widget\" data-widget_type=\"pxl_icon_box.default\">\n\t\t\t\t<div class=\"elementor-widget-container\">\n\t\t\t\t\t<div class=\"pxl-icon-box pxl-icon-box1 style-1\" data-wow-delay=\"ms\">\r\n    <div class=\"pxl-item--inner\">\r\n                    <div class=\"pxl-item--icon\">\r\n                <i aria-hidden=\"true\" class=\"fal fa-hamsa\"><\/i>            <\/div>\r\n                        <h3 class=\"pxl-item--title el-empty\">SYMBOLIQUE<\/h3>\r\n        <div class=\"pxl-item--description el-empty\">L\u2019oxyde couleur zultanite repr\u00e9sente la transformation et la lucidit\u00e9.\nIl rappelle que la lumi\u00e8re change, tout comme nous.\nCette bague accompagne les transitions avec douceur et confiance.<\/div>\r\n    <\/div>\r\n<\/div>\t\t\t\t<\/div>\n\t\t\t\t<\/div>\n\t\t\t\t<\/div>\r\n\t\t\t\t\t<\/div>\r\n\t\t\t\t<\/div>\r\n\t\t<div class=\"elementor-element elementor-element-4d39f81 e-flex e-con-boxed e-con e-parent\" data-id=\"4d39f81\" data-element_type=\"container\" data-e-type=\"container\">\t\t\t<div class=\"e-con-inner\">\r\n\t\t\t\t<div class=\"elementor-element elementor-element-ac3a2d7 elementor-widget elementor-widget-pxl_accordion\" data-id=\"ac3a2d7\" data-element_type=\"widget\" data-e-type=\"widget\" data-widget_type=\"pxl_accordion.default\">\n\t\t\t\t<div class=\"elementor-widget-container\">\n\t\t\t\t\t    <div class=\"pxl-accordion pxl-accordion1 style1\" data-wow-delay=\"ms\">\r\n                    <div class=\"pxl--item active\">\r\n                <h3 class=\"pxl-item-accordion\" data-target=\"#pxl-accordion-008dcdepxl_accordion-ac3a2d7-4109\">\r\n                    <i class=\"fa fa-angle-down\"><\/i>\r\n                    <span>Description<\/span>\r\n                    \r\n                <\/h3>\r\n                <div id=\"pxl-accordion-008dcdepxl_accordion-ac3a2d7-4109\" class=\"pxl-item--content\" style=\"display: block;\">Forg\u00e9e en argent 925 dor\u00e9 or 16K, la Bague H\u00e9ritage Aurore d\u2019Istanbul allie modernit\u00e9 et spiritualit\u00e9.<br \/>\n<br \/>\nL\u2019oxyde couleur zultanite au centre refl\u00e8te diff\u00e9rentes teintes selon l\u2019\u00e9clairage, donnant vie au bijou.<br \/>\n<br \/>\nSon pavage d\u2019oxydes clairs amplifie cette lueur subtile.<br \/>\n<br \/>\nUn bijou talisman pour les femmes en mouvement, symbole d\u2019adaptation et de lumi\u00e8re retrouv\u00e9e.<\/div>\r\n            <\/div>\r\n                    <div class=\"pxl--item\">\r\n                <h3 class=\"pxl-item-accordion\" data-target=\"#pxl-accordion-8dda546pxl_accordion-ac3a2d7-4109\">\r\n                    <i class=\"fa fa-angle-down\"><\/i>\r\n                    <span>Caract\u00e9ristiques :<\/span>\r\n                    \r\n                <\/h3>\r\n                <div id=\"pxl-accordion-8dda546pxl_accordion-ac3a2d7-4109\" class=\"pxl-item--content\" >- M\u00e9tal : Argent sterling 925 dor\u00e9 or 16K (1,5 micron)<br \/>\n- Finition : Dorure or 16 carats<br \/>\n- Pierre principale : Oxyde de zirconium couleur zultanite<br \/>\n- Pierres lat\u00e9rales : Oxydes de zirconium clairs<br \/>\n- Poids total : 6.20 g<br \/>\n- Style : Motif ovale ottoman<br \/>\n- Origine : Fait main \u00e0 Istanbul<br \/>\n- Garantie : 1 an<br \/>\n- Inclus : Pochette et certificat d\u2019authenticit\u00e9<\/div>\r\n            <\/div>\r\n                    <div class=\"pxl--item\">\r\n                <h3 class=\"pxl-item-accordion\" data-target=\"#pxl-accordion-b0764d1pxl_accordion-ac3a2d7-4109\">\r\n                    <i class=\"fa fa-angle-down\"><\/i>\r\n                    <span>Conseils d'entretien :<\/span>\r\n                    \r\n                <\/h3>\r\n                <div id=\"pxl-accordion-b0764d1pxl_accordion-ac3a2d7-4109\" class=\"pxl-item--content\" >- \u00c9vitez le contact avec l\u2019eau sal\u00e9e, le parfum et les produits chimiques.<br \/>\n- Nettoyez avec un chiffon doux et sec apr\u00e8s chaque usage.<br \/>\n- Rangez vos bijoux dans leur pochette ou \u00e9crin d\u2019origine \u00e0 l\u2019abri de la lumi\u00e8re.<\/div>\r\n            <\/div>\r\n            <\/div>\r\n\t\t\t\t<\/div>\n\t\t\t\t<\/div>\n\t\t\t\t\t<\/div>\r\n\t\t\t\t<\/div>\r\n\t\t\t\t<\/div>","protected":false},"excerpt":{"rendered":"<article class=\"text-token-text-primary w-full focus:outline-none [--shadow-height:45px] has-data-writing-block:pointer-events-none has-data-writing-block:-mt-(--shadow-height) has-data-writing-block:pt-(--shadow-height) [&amp;:has([data-writing-block])&gt;*]:pointer-events-auto [content-visibility:auto] supports-[content-visibility:auto]:[contain-intrinsic-size:auto_100lvh] scroll-mt-[calc(var(--header-height)+min(200px,max(70px,20svh)))]\" dir=\"auto\" tabindex=\"-1\" data-turn-id=\"418f51cd-accb-4512-9e0f-ec9edc41940b\" data-testid=\"conversation-turn-224\" data-scroll-anchor=\"true\" data-turn=\"assistant\">\n<div class=\"text-base my-auto mx-auto pb-10 [--thread-content-margin:--spacing(4)] thread-sm:[--thread-content-margin:--spacing(6)] thread-lg:[--thread-content-margin:--spacing(16)] px-(--thread-content-margin)\">\n<div class=\"[--thread-content-max-width:40rem] thread-lg:[--thread-content-max-width:48rem] mx-auto max-w-(--thread-content-max-width) flex-1 group\/turn-messages focus-visible:outline-hidden relative flex w-full min-w-0 flex-col agent-turn\" tabindex=\"-1\">\n<div class=\"flex max-w-full flex-col grow\">\n<div class=\"min-h-8 text-message relative flex w-full flex-col items-end gap-2 text-start break-words whitespace-normal [.text-message+&amp;]:mt-1\" dir=\"auto\" data-message-author-role=\"assistant\" data-message-id=\"418f51cd-accb-4512-9e0f-ec9edc41940b\" data-message-model-slug=\"gpt-5\">\n<div class=\"flex w-full flex-col gap-1 empty:hidden first:pt-[1px]\">\n<div class=\"markdown prose dark:prose-invert w-full break-words dark markdown-new-styling\">\n<p data-start=\"5311\" data-end=\"5573\">La <strong data-start=\"5314\" data-end=\"5350\">Bague H\u00e9ritage Aurore d\u2019Istanbul<\/strong> en <strong data-start=\"5354\" data-end=\"5386\">argent 925 dor\u00e9 or 16 carats<\/strong> r\u00e9v\u00e8le la magie changeante de la zultanite.<\/p>\n<p data-start=\"5311\" data-end=\"5573\">Son <strong data-start=\"5437\" data-end=\"5477\">oxyde de zirconium couleur zultanite<\/strong> change de teinte selon la lumi\u00e8re, symbolisant la <strong data-start=\"5528\" data-end=\"5571\">renaissance et la confiance int\u00e9rieure.<\/strong><\/p>\n<\/div>\n<\/div>\n<\/div>\n<\/div>\n<\/div>\n<\/div>\n<\/article>\n","protected":false},"featured_media":9940,"template":"","meta":[],"product_brand":[53],"product_cat":[33],"product_tag":[],"class_list":{"0":"post-6686","1":"product","2":"type-product","3":"status-publish","4":"has-post-thumbnail","6":"product_brand-turquaz-store","7":"product_cat-bagues","9":"first","10":"instock","11":"purchasable","12":"product-type-simple"},"_links":{"self":[{"href":"https:\/\/turquaz-store.fr\/en\/wp-json\/wp\/v2\/product\/6686","targetHints":{"allow":["GET"]}}],"collection":[{"href":"https:\/\/turquaz-store.fr\/en\/wp-json\/wp\/v2\/product"}],"about":[{"href":"https:\/\/turquaz-store.fr\/en\/wp-json\/wp\/v2\/types\/product"}],"version-history":[{"count":8,"href":"https:\/\/turquaz-store.fr\/en\/wp-json\/wp\/v2\/product\/6686\/revisions"}],"predecessor-version":[{"id":9941,"href":"https:\/\/turquaz-store.fr\/en\/wp-json\/wp\/v2\/product\/6686\/revisions\/9941"}],"wp:featuredmedia":[{"embeddable":true,"href":"https:\/\/turquaz-store.fr\/en\/wp-json\/wp\/v2\/media\/9940"}],"wp:attachment":[{"href":"https:\/\/turquaz-store.fr\/en\/wp-json\/wp\/v2\/media?parent=6686"}],"wp:term":[{"taxonomy":"product_brand","embeddable":true,"href":"https:\/\/turquaz-store.fr\/en\/wp-json\/wp\/v2\/product_brand?post=6686"},{"taxonomy":"product_cat","embeddable":true,"href":"https:\/\/turquaz-store.fr\/en\/wp-json\/wp\/v2\/product_cat?post=6686"},{"taxonomy":"product_tag","embeddable":true,"href":"https:\/\/turquaz-store.fr\/en\/wp-json\/wp\/v2\/product_tag?post=6686"}],"curies":[{"name":"wp","href":"https:\/\/api.w.org\/{rel}","templated":true}]}}