{"id":6819,"date":"2025-11-14T00:29:39","date_gmt":"2025-11-13T22:29:39","guid":{"rendered":"https:\/\/turquaz-store.fr\/?post_type=product&#038;p=6819"},"modified":"2026-01-31T09:01:09","modified_gmt":"2026-01-31T08:01:09","slug":"parure-heritage-leyla","status":"publish","type":"product","link":"https:\/\/turquaz-store.fr\/en\/product\/parure-heritage-leyla\/","title":{"rendered":"Parure H\u00e9ritage Leyla"},"content":{"rendered":"<div data-elementor-type=\"wp-post\" data-elementor-id=\"6819\" class=\"elementor elementor-6819\" data-elementor-post-type=\"product\">\n\t\t\t\t<div class=\"elementor-element elementor-element-7102508 e-flex e-con-boxed e-con e-parent\" data-id=\"7102508\" data-element_type=\"container\" data-e-type=\"container\">\t\t\t<div class=\"e-con-inner\">\r\n\t\t<div class=\"elementor-element elementor-element-438ac39 e-con-full e-flex e-con e-child\" data-id=\"438ac39\" data-element_type=\"container\" data-e-type=\"container\" data-settings=\"{&quot;background_background&quot;:&quot;classic&quot;}\">\t\t<div class=\"elementor-element elementor-element-bbfe996 elementor-widget elementor-widget-pxl_icon_box\" data-id=\"bbfe996\" data-element_type=\"widget\" data-e-type=\"widget\" data-widget_type=\"pxl_icon_box.default\">\n\t\t\t\t<div class=\"elementor-widget-container\">\n\t\t\t\t\t<div class=\"pxl-icon-box pxl-icon-box1 style-1\" data-wow-delay=\"ms\">\r\n    <div class=\"pxl-item--inner\">\r\n                    <div class=\"pxl-item--icon\">\r\n                <i aria-hidden=\"true\" class=\"fal fa-graduation-cap\"><\/i>            <\/div>\r\n                        <h3 class=\"pxl-item--title el-empty\">HISTOIRE<\/h3>\r\n        <div class=\"pxl-item--description el-empty\">Dans les r\u00e9cits ottomans, les femmes portant des pierres bleues \u00e9taient associ\u00e9es \u00e0 la sagesse \u00e9motionnelle et \u00e0 l\u2019expression juste.\nLa Parure Leyla s\u2019inspire du style Sallapati avec ses formes visibles et ses motifs fins.\nForg\u00e9e \u00e0 Istanbul, elle m\u00eale argent patin\u00e9 et oxydes bleus pour rappeler les bijoux port\u00e9s dans les po\u00e9sies d\u2019amour anatoliennes, o\u00f9 le bleu symbolisait la parole vraie et le calme du c\u0153ur.<\/div>\r\n    <\/div>\r\n<\/div>\t\t\t\t<\/div>\n\t\t\t\t<\/div>\n\t\t\t\t<\/div>\r\n\t\t<div class=\"elementor-element elementor-element-cf85f06 e-con-full e-flex e-con e-child\" data-id=\"cf85f06\" data-element_type=\"container\" data-e-type=\"container\">\t\t<div class=\"elementor-element elementor-element-f305eb0 elementor-widget elementor-widget-pxl_icon_box\" data-id=\"f305eb0\" data-element_type=\"widget\" data-e-type=\"widget\" data-widget_type=\"pxl_icon_box.default\">\n\t\t\t\t<div class=\"elementor-widget-container\">\n\t\t\t\t\t<div class=\"pxl-icon-box pxl-icon-box1 style-1\" data-wow-delay=\"ms\">\r\n    <div class=\"pxl-item--inner\">\r\n                    <div class=\"pxl-item--icon\">\r\n                <i aria-hidden=\"true\" class=\"fal fa-hamsa\"><\/i>            <\/div>\r\n                        <h3 class=\"pxl-item--title el-empty\">SYMBOLIQUE<\/h3>\r\n        <div class=\"pxl-item--description el-empty\">L\u2019oxyde de zirconium bleu clair incarne l\u2019apaisement, la communication douce et la limpidit\u00e9 \u00e9motionnelle.\nIl favorise le dialogue int\u00e9rieur et l\u2019\u00e9coute empathique.\nLes pierres claires apportent lumi\u00e8re, discernement et stabilit\u00e9.\nCette parure accompagne les femmes qui souhaitent avancer avec gr\u00e2ce et sinc\u00e9rit\u00e9.<\/div>\r\n    <\/div>\r\n<\/div>\t\t\t\t<\/div>\n\t\t\t\t<\/div>\n\t\t\t\t<\/div>\r\n\t\t\t\t\t<\/div>\r\n\t\t\t\t<\/div>\r\n\t\t<div class=\"elementor-element elementor-element-fcc2518 e-flex e-con-boxed e-con e-parent\" data-id=\"fcc2518\" data-element_type=\"container\" data-e-type=\"container\">\t\t\t<div class=\"e-con-inner\">\r\n\t\t\t\t<div class=\"elementor-element elementor-element-a4d894e elementor-widget elementor-widget-pxl_accordion\" data-id=\"a4d894e\" data-element_type=\"widget\" data-e-type=\"widget\" data-widget_type=\"pxl_accordion.default\">\n\t\t\t\t<div class=\"elementor-widget-container\">\n\t\t\t\t\t    <div class=\"pxl-accordion pxl-accordion1 style1\" data-wow-delay=\"ms\">\r\n                    <div class=\"pxl--item active\">\r\n                <h3 class=\"pxl-item-accordion\" data-target=\"#pxl-accordion-008dcdepxl_accordion-a4d894e-4746\">\r\n                    <i class=\"fa fa-angle-down\"><\/i>\r\n                    <span>Description<\/span>\r\n                    \r\n                <\/h3>\r\n                <div id=\"pxl-accordion-008dcdepxl_accordion-a4d894e-4746\" class=\"pxl-item--content\" style=\"display: block;\">Forg\u00e9e \u00e0 Istanbul en argent 925 massif patin\u00e9, la Parure H\u00e9ritage Leyla marie d\u00e9licatesse et profondeur.<br \/>\n<br \/>\nLes Boucles Leyla, pendantes et subtilement sculpt\u00e9es, offrent une lumi\u00e8re douce qui illumine le visage sans exc\u00e8s.<br \/>\n<br \/>\nLe Collier Leyla, orn\u00e9 d\u2019un oxyde de zirconium bleu clair, repose pr\u00e8s du c\u0153ur pour encourager s\u00e9r\u00e9nit\u00e9 et communication bienveillante.<br \/>\n<br \/>\nLa Bague Leyla, \u00e9quilibr\u00e9e et \u00e9l\u00e9gante, compl\u00e8te l\u2019ensemble avec raffinement.<br \/>\n<br \/>\nChaque pierre est taill\u00e9e \u00e0 la main pour accentuer les reflets bleut\u00e9s tandis que la patine bronze antique apporte un charme vintage inspir\u00e9 des bijoux ottomans.<br \/>\n<br \/>\nUne parure con\u00e7ue pour r\u00e9v\u00e9ler une f\u00e9minit\u00e9 apais\u00e9e et radieuse.<\/div>\r\n            <\/div>\r\n                    <div class=\"pxl--item\">\r\n                <h3 class=\"pxl-item-accordion\" data-target=\"#pxl-accordion-8dda546pxl_accordion-a4d894e-4746\">\r\n                    <i class=\"fa fa-angle-down\"><\/i>\r\n                    <span>Caract\u00e9ristiques :<\/span>\r\n                    \r\n                <\/h3>\r\n                <div id=\"pxl-accordion-8dda546pxl_accordion-a4d894e-4746\" class=\"pxl-item--content\" >- M\u00e9tal : Argent sterling 925 massif hypoallerg\u00e9nique<br \/>\n- Finition : Patine bronze antique<br \/>\n- Pierres principales : Oxydes de zirconium bleu clair<br \/>\n- Pierres secondaires : Oxydes de zirconium clairs<br \/>\n- Poids total : - Boucles : 14.85 g - Collier : 5.45 g - Bague : 14.85 g<br \/>\n- Style : Motif sculpt\u00e9 inspir\u00e9 des bijoux po\u00e9tiques du Bosphore<br \/>\n- Origine : Fait main \u00e0 Istanbul<br \/>\n- Inclus : Pochette en velours et certificat d\u2019authenticit\u00e9<br \/>\n- Garantie : 1 an<\/div>\r\n            <\/div>\r\n                    <div class=\"pxl--item\">\r\n                <h3 class=\"pxl-item-accordion\" data-target=\"#pxl-accordion-4144b96pxl_accordion-a4d894e-4746\">\r\n                    <i class=\"fa fa-angle-down\"><\/i>\r\n                    <span>Contenu du coffret :<\/span>\r\n                    \r\n                <\/h3>\r\n                <div id=\"pxl-accordion-4144b96pxl_accordion-a4d894e-4746\" class=\"pxl-item--content\" >- 1 paire de Boucles d\u2019oreilles H\u00e9ritage Leyla<br \/>\n<br \/>\n- 1 Collier H\u00e9ritage Leyla<br \/>\n<br \/>\n- 1 Bague H\u00e9ritage Leyla<\/div>\r\n            <\/div>\r\n                    <div class=\"pxl--item\">\r\n                <h3 class=\"pxl-item-accordion\" data-target=\"#pxl-accordion-b0764d1pxl_accordion-a4d894e-4746\">\r\n                    <i class=\"fa fa-angle-down\"><\/i>\r\n                    <span>Conseils d'entretien :<\/span>\r\n                    \r\n                <\/h3>\r\n                <div id=\"pxl-accordion-b0764d1pxl_accordion-a4d894e-4746\" class=\"pxl-item--content\" >- Nettoyez les bijoux avec un chiffon doux apr\u00e8s chaque port.<br \/>\n<br \/>\n- \u00c9vitez le contact avec l\u2019eau, le parfum et les produits chimiques.<br \/>\n<br \/>\n- Rangez la parure dans sa pochette \u00e0 l\u2019abri de la lumi\u00e8re et de l\u2019humidit\u00e9.<br \/>\n<br \/>\n- Pour activer son \u00e9nergie symbolique, touchez la pierre avant de la porter et visualisez la couleur verte comme une lumi\u00e8re d\u2019\u00e9quilibre et d\u2019harmonie.<\/div>\r\n            <\/div>\r\n            <\/div>\r\n\t\t\t\t<\/div>\n\t\t\t\t<\/div>\n\t\t\t\t\t<\/div>\r\n\t\t\t\t<\/div>\r\n\t\t\t\t<\/div>","protected":false},"excerpt":{"rendered":"<p data-start=\"6343\" data-end=\"6597\">La <strong data-start=\"6346\" data-end=\"6371\">Parure H\u00e9ritage Leyla<\/strong> en <strong data-start=\"6375\" data-end=\"6396\">argent 925 patin\u00e9<\/strong> c\u00e9l\u00e8bre la douceur et la force expressive.<\/p>\n<p data-start=\"6343\" data-end=\"6597\">Ses <strong data-start=\"6446\" data-end=\"6480\">oxydes de zirconium bleu clair<\/strong> symbolisent la communication harmonieuse et la paix int\u00e9rieure.<\/p>\n<p data-start=\"6343\" data-end=\"6597\">Un ensemble lumineux fa\u00e7onn\u00e9 \u00e0 la main \u00e0 Istanbul.<\/p>","protected":false},"featured_media":6727,"template":"","meta":[],"product_brand":[53],"product_cat":[34],"product_tag":[],"class_list":{"0":"post-6819","1":"product","2":"type-product","3":"status-publish","4":"has-post-thumbnail","6":"product_brand-turquaz-store","7":"product_cat-parure","9":"first","10":"instock","11":"purchasable","12":"product-type-variable","13":"rtwpvs-product"},"_links":{"self":[{"href":"https:\/\/turquaz-store.fr\/en\/wp-json\/wp\/v2\/product\/6819","targetHints":{"allow":["GET"]}}],"collection":[{"href":"https:\/\/turquaz-store.fr\/en\/wp-json\/wp\/v2\/product"}],"about":[{"href":"https:\/\/turquaz-store.fr\/en\/wp-json\/wp\/v2\/types\/product"}],"version-history":[{"count":12,"href":"https:\/\/turquaz-store.fr\/en\/wp-json\/wp\/v2\/product\/6819\/revisions"}],"predecessor-version":[{"id":10007,"href":"https:\/\/turquaz-store.fr\/en\/wp-json\/wp\/v2\/product\/6819\/revisions\/10007"}],"wp:featuredmedia":[{"embeddable":true,"href":"https:\/\/turquaz-store.fr\/en\/wp-json\/wp\/v2\/media\/6727"}],"wp:attachment":[{"href":"https:\/\/turquaz-store.fr\/en\/wp-json\/wp\/v2\/media?parent=6819"}],"wp:term":[{"taxonomy":"product_brand","embeddable":true,"href":"https:\/\/turquaz-store.fr\/en\/wp-json\/wp\/v2\/product_brand?post=6819"},{"taxonomy":"product_cat","embeddable":true,"href":"https:\/\/turquaz-store.fr\/en\/wp-json\/wp\/v2\/product_cat?post=6819"},{"taxonomy":"product_tag","embeddable":true,"href":"https:\/\/turquaz-store.fr\/en\/wp-json\/wp\/v2\/product_tag?post=6819"}],"curies":[{"name":"wp","href":"https:\/\/api.w.org\/{rel}","templated":true}]}}