{"id":6881,"date":"2025-11-14T03:12:50","date_gmt":"2025-11-14T01:12:50","guid":{"rendered":"https:\/\/turquaz-store.fr\/?post_type=product&#038;p=6881"},"modified":"2026-02-01T09:31:43","modified_gmt":"2026-02-01T08:31:43","slug":"puces-coeur-leyla-eclat","status":"publish","type":"product","link":"https:\/\/turquaz-store.fr\/en\/product\/puces-coeur-leyla-eclat\/","title":{"rendered":"Puces C\u0153ur Leyla \u00c9clat"},"content":{"rendered":"<div data-elementor-type=\"wp-post\" data-elementor-id=\"6881\" class=\"elementor elementor-6881\" data-elementor-post-type=\"product\">\n\t\t\t\t<div class=\"elementor-element elementor-element-8469bb2 e-con-full e-flex e-con e-parent\" data-id=\"8469bb2\" data-element_type=\"container\" data-e-type=\"container\"><div class=\"elementor-element elementor-element-6a1e6b9 e-con-full e-flex e-con e-child\" data-id=\"6a1e6b9\" data-element_type=\"container\" data-e-type=\"container\"><div class=\"elementor-element elementor-element-754b783 e-con-full e-flex e-con e-child\" data-id=\"754b783\" data-element_type=\"container\" data-e-type=\"container\"><div class=\"elementor-element elementor-element-3632345 e-con-full e-flex e-con e-child\" data-id=\"3632345\" data-element_type=\"container\" data-e-type=\"container\" data-settings=\"{&quot;background_background&quot;:&quot;classic&quot;}\">\t\t<div class=\"elementor-element elementor-element-66e8f24 elementor-widget elementor-widget-pxl_icon_box\" data-id=\"66e8f24\" data-element_type=\"widget\" data-e-type=\"widget\" data-widget_type=\"pxl_icon_box.default\">\n\t\t\t\t<div class=\"elementor-widget-container\">\n\t\t\t\t\t<div class=\"pxl-icon-box pxl-icon-box1 style-1\" data-wow-delay=\"ms\">\r\n    <div class=\"pxl-item--inner\">\r\n                    <div class=\"pxl-item--icon\">\r\n                <i aria-hidden=\"true\" class=\"fal fa-graduation-cap\"><\/i>            <\/div>\r\n                        <h3 class=\"pxl-item--title el-empty\">HISTOIRE<\/h3>\r\n        <div class=\"pxl-item--description el-empty\">Dans l\u2019art ottoman, les bijoux minimalistes servaient de messagers silencieux, captant la lumi\u00e8re pour r\u00e9v\u00e9ler la personnalit\u00e9 de celle qui les portait.\nCes puces s\u2019inspirent de cette tradition : un c\u0153ur finement taill\u00e9, pos\u00e9 sur un support en argent 925 massif, prot\u00e9g\u00e9 par un rhodiage d\u2019orf\u00e8vrerie qui \u00e9voque l\u2019\u00e9clat blanc des ornements luxueux des palais d\u2019Istanbul.\nPens\u00e9es comme un accessoire intime plus qu\u2019une parure d\u00e9monstrative, elles rendent hommage \u00e0 l\u2019esth\u00e9tique subtile des femmes ottomanes, qui privil\u00e9giaient l\u2019\u00e9l\u00e9gance discr\u00e8te.<\/div>\r\n    <\/div>\r\n<\/div>\t\t\t\t<\/div>\n\t\t\t\t<\/div>\n\t\t\t\t<\/div>\r\n\t\t<div class=\"elementor-element elementor-element-0b0a1cb e-con-full e-flex e-con e-child\" data-id=\"0b0a1cb\" data-element_type=\"container\" data-e-type=\"container\">\t\t<div class=\"elementor-element elementor-element-e7daf51 elementor-widget elementor-widget-pxl_icon_box\" data-id=\"e7daf51\" data-element_type=\"widget\" data-e-type=\"widget\" data-widget_type=\"pxl_icon_box.default\">\n\t\t\t\t<div class=\"elementor-widget-container\">\n\t\t\t\t\t<div class=\"pxl-icon-box pxl-icon-box1 style-1\" data-wow-delay=\"ms\">\r\n    <div class=\"pxl-item--inner\">\r\n                    <div class=\"pxl-item--icon\">\r\n                <i aria-hidden=\"true\" class=\"fal fa-hamsa\"><\/i>            <\/div>\r\n                        <h3 class=\"pxl-item--title el-empty\">SYMBOLIQUE<\/h3>\r\n        <div class=\"pxl-item--description el-empty\">L\u2019oxyde de zirconium teint\u00e9 zultanite est r\u00e9put\u00e9 pour ses variations de lumi\u00e8re : vert tendre, champagne ros\u00e9 ou nuances p\u00eaches selon l\u2019\u00e9clairage.\nCette pierre symbolise l\u2019adaptabilit\u00e9, la profondeur \u00e9motionnelle et l\u2019\u00e9volution personnelle.\nLe motif c\u0153ur \u00e9voque douceur et int\u00e9riorit\u00e9.\nCes puces accompagnent les femmes qui veulent cultiver une beaut\u00e9 calme, changeante et authentique.<\/div>\r\n    <\/div>\r\n<\/div>\t\t\t\t<\/div>\n\t\t\t\t<\/div>\n\t\t\t\t<\/div>\r\n\t\t\t\t<\/div>\r\n\t\t\t\t<\/div>\r\n\t\t\t\t<\/div>\r\n\t\t<div class=\"elementor-element elementor-element-4d39f81 e-flex e-con-boxed e-con e-parent\" data-id=\"4d39f81\" data-element_type=\"container\" data-e-type=\"container\">\t\t\t<div class=\"e-con-inner\">\r\n\t\t\t\t<div class=\"elementor-element elementor-element-ac3a2d7 elementor-widget elementor-widget-pxl_accordion\" data-id=\"ac3a2d7\" data-element_type=\"widget\" data-e-type=\"widget\" data-widget_type=\"pxl_accordion.default\">\n\t\t\t\t<div class=\"elementor-widget-container\">\n\t\t\t\t\t    <div class=\"pxl-accordion pxl-accordion1 style1\" data-wow-delay=\"ms\">\r\n                    <div class=\"pxl--item active\">\r\n                <h3 class=\"pxl-item-accordion\" data-target=\"#pxl-accordion-008dcdepxl_accordion-ac3a2d7-2914\">\r\n                    <i class=\"fa fa-angle-down\"><\/i>\r\n                    <span>Description<\/span>\r\n                    \r\n                <\/h3>\r\n                <div id=\"pxl-accordion-008dcdepxl_accordion-ac3a2d7-2914\" class=\"pxl-item--content\" style=\"display: block;\">Ces clous d'oreilles sont l'incarnation du minimalisme vivant. Chaque puce est un c\u0153ur de Zultanite (oxyde de zirconium), une pierre au caract\u00e8re fascinant. C\u00e9l\u00e8bre pour son jeu de couleurs spectaculaire, elle capte la lumi\u00e8re ambiante pour se transformer sous vos yeux. D'un vert tendre la nuit et \u00e0 la lumi\u00e8re du jour, elles se parent de reflets ros\u00e9s poudr\u00e9s ou de champagne chaud \u00e0 la lueur d'une bougie.<br \/>\n<br \/>\nC'est un bijou qui ne se r\u00e9v\u00e8le jamais deux fois de la m\u00eame mani\u00e8re, un spectacle de couleurs. Elles r\u00e9pondent au d\u00e9sir d'une \u00e9l\u00e9gance subtile, d'un \"je-ne-sais-quoi\" qui intrigue. Loin de l'ostentatoire, leur artisanat se concentre sur la puret\u00e9 de la taille c\u0153ur et la perfection du m\u00e9tal.<br \/>\n<br \/>\nLe support, forg\u00e9 en Argent 925 massif hypoallerg\u00e9nique, est prot\u00e9g\u00e9 par un rhodiage m\u00e9ticuleux. Cette finition de luxe assure un \u00e9clat blanc pur, semblable \u00e0 la dorure or, et une r\u00e9sistance absolue au ternissement. Ce sont des points de lumi\u00e8re personnels, qui encadrent le visage de nuances changeantes.<br \/>\n<\/div>\r\n            <\/div>\r\n                    <div class=\"pxl--item\">\r\n                <h3 class=\"pxl-item-accordion\" data-target=\"#pxl-accordion-8dda546pxl_accordion-ac3a2d7-2914\">\r\n                    <i class=\"fa fa-angle-down\"><\/i>\r\n                    <span>Caract\u00e9ristiques :<\/span>\r\n                    \r\n                <\/h3>\r\n                <div id=\"pxl-accordion-8dda546pxl_accordion-ac3a2d7-2914\" class=\"pxl-item--content\" >- M\u00e9tal : Argent Sterling 925 massif<br \/>\n- Finition : Rhodi\u00e9 (brillance durable et protection anti-ternissement)<br \/>\n- Pierre principale : Oxyde de zirconium teint\u00e9 zultanite<br \/>\n- Pierres lat\u00e9rales : Aucune<br \/>\n- Dimensions : 6\u00d76 mm<br \/>\n- Poids total : 1.55 g<br \/>\n- Fermoir : Clous s\u00e9curis\u00e9s hypoallerg\u00e9niques<br \/>\n- Origine : Fabriqu\u00e9 \u00e0 la main en Turquie<br \/>\n- Inclus : Pochette de rangement + certificat d\u2019authenticit\u00e9<br \/>\n- Garantie : 1 an<\/div>\r\n            <\/div>\r\n                    <div class=\"pxl--item\">\r\n                <h3 class=\"pxl-item-accordion\" data-target=\"#pxl-accordion-b0764d1pxl_accordion-ac3a2d7-2914\">\r\n                    <i class=\"fa fa-angle-down\"><\/i>\r\n                    <span>Conseils d'entretien :<\/span>\r\n                    \r\n                <\/h3>\r\n                <div id=\"pxl-accordion-b0764d1pxl_accordion-ac3a2d7-2914\" class=\"pxl-item--content\" >- Nettoyez avec un chiffon doux et sec.<br \/>\n- \u00c9vitez l\u2019eau, les parfums et les produits chimiques.<br \/>\n- Rangez-les dans leur pochette pour pr\u00e9server l\u2019\u00e9clat du rhodium et des oxydes.<br \/>\n- Pour renforcer leur \u00e9nergie, tenez-les quelques secondes dans les mains et posez une intention d\u2019expression calme et sinc\u00e8re.<\/div>\r\n            <\/div>\r\n            <\/div>\r\n\t\t\t\t<\/div>\n\t\t\t\t<\/div>\n\t\t\t\t\t<\/div>\r\n\t\t\t\t<\/div>\r\n\t\t\t\t<\/div>","protected":false},"excerpt":{"rendered":"<p>Les <strong data-start=\"1170\" data-end=\"1198\">Puces C\u0153ur Leyla \u2014 \u00c9clat<\/strong> en <strong data-start=\"1202\" data-end=\"1223\">argent 925 rhodi\u00e9<\/strong> r\u00e9v\u00e8lent un c\u0153ur d\u2019oxyde de zirconium teint\u00e9 zultanite aux reflets changeants.<\/p>\n<p>Un bijou minimaliste et lumineux fa\u00e7onn\u00e9 \u00e0 Istanbul, pens\u00e9 pour sublimer la lumi\u00e8re avec discr\u00e9tion et \u00e9l\u00e9gance.<\/p>","protected":false},"featured_media":6882,"template":"","meta":[],"product_brand":[53],"product_cat":[16],"product_tag":[],"class_list":{"0":"post-6881","1":"product","2":"type-product","3":"status-publish","4":"has-post-thumbnail","6":"product_brand-turquaz-store","7":"product_cat-boucles-oreilles","9":"first","10":"instock","11":"purchasable","12":"product-type-simple"},"_links":{"self":[{"href":"https:\/\/turquaz-store.fr\/en\/wp-json\/wp\/v2\/product\/6881","targetHints":{"allow":["GET"]}}],"collection":[{"href":"https:\/\/turquaz-store.fr\/en\/wp-json\/wp\/v2\/product"}],"about":[{"href":"https:\/\/turquaz-store.fr\/en\/wp-json\/wp\/v2\/types\/product"}],"version-history":[{"count":12,"href":"https:\/\/turquaz-store.fr\/en\/wp-json\/wp\/v2\/product\/6881\/revisions"}],"predecessor-version":[{"id":10197,"href":"https:\/\/turquaz-store.fr\/en\/wp-json\/wp\/v2\/product\/6881\/revisions\/10197"}],"wp:featuredmedia":[{"embeddable":true,"href":"https:\/\/turquaz-store.fr\/en\/wp-json\/wp\/v2\/media\/6882"}],"wp:attachment":[{"href":"https:\/\/turquaz-store.fr\/en\/wp-json\/wp\/v2\/media?parent=6881"}],"wp:term":[{"taxonomy":"product_brand","embeddable":true,"href":"https:\/\/turquaz-store.fr\/en\/wp-json\/wp\/v2\/product_brand?post=6881"},{"taxonomy":"product_cat","embeddable":true,"href":"https:\/\/turquaz-store.fr\/en\/wp-json\/wp\/v2\/product_cat?post=6881"},{"taxonomy":"product_tag","embeddable":true,"href":"https:\/\/turquaz-store.fr\/en\/wp-json\/wp\/v2\/product_tag?post=6881"}],"curies":[{"name":"wp","href":"https:\/\/api.w.org\/{rel}","templated":true}]}}