{"id":6895,"date":"2025-11-14T03:41:46","date_gmt":"2025-11-14T01:41:46","guid":{"rendered":"https:\/\/turquaz-store.fr\/?post_type=product&#038;p=6895"},"modified":"2025-12-12T05:10:01","modified_gmt":"2025-12-12T04:10:01","slug":"stud-nazar-essentiel","status":"publish","type":"product","link":"https:\/\/turquaz-store.fr\/en\/product\/stud-nazar-essentiel\/","title":{"rendered":"Stud Nazar Essentiel"},"content":{"rendered":"<div data-elementor-type=\"wp-post\" data-elementor-id=\"6895\" class=\"elementor elementor-6895\" data-elementor-post-type=\"product\">\n\t\t\t\t<div class=\"elementor-element elementor-element-8469bb2 e-flex e-con-boxed e-con e-parent\" data-id=\"8469bb2\" data-element_type=\"container\" data-e-type=\"container\">\t\t\t<div class=\"e-con-inner\">\r\n\t\t<div class=\"elementor-element elementor-element-6a1e6b9 e-con-full e-flex e-con e-child\" data-id=\"6a1e6b9\" data-element_type=\"container\" data-e-type=\"container\"><div class=\"elementor-element elementor-element-754b783 e-con-full e-flex e-con e-child\" data-id=\"754b783\" data-element_type=\"container\" data-e-type=\"container\"><div class=\"elementor-element elementor-element-3632345 e-con-full e-flex e-con e-child\" data-id=\"3632345\" data-element_type=\"container\" data-e-type=\"container\" data-settings=\"{&quot;background_background&quot;:&quot;classic&quot;}\">\t\t<div class=\"elementor-element elementor-element-66e8f24 elementor-widget elementor-widget-pxl_icon_box\" data-id=\"66e8f24\" data-element_type=\"widget\" data-e-type=\"widget\" data-widget_type=\"pxl_icon_box.default\">\n\t\t\t\t<div class=\"elementor-widget-container\">\n\t\t\t\t\t<div class=\"pxl-icon-box pxl-icon-box1 style-1\" data-wow-delay=\"ms\">\r\n    <div class=\"pxl-item--inner\">\r\n                    <div class=\"pxl-item--icon\">\r\n                <i aria-hidden=\"true\" class=\"fal fa-graduation-cap\"><\/i>            <\/div>\r\n                        <h3 class=\"pxl-item--title el-empty\">HISTOIRE<\/h3>\r\n        <div class=\"pxl-item--description el-empty\">Le Nazar est l\u2019un des symboles protecteurs les plus anciens d\u2019Anatolie. Ses premi\u00e8res traces remontent aux talismans en verre bleu fa\u00e7onn\u00e9s dans les r\u00e9gions c\u00f4ti\u00e8res, puis int\u00e9gr\u00e9s aux joyaux pour prot\u00e9ger les femmes de la cour et les voyageurs. Il repr\u00e9sentait l\u2019\u0153il qui voit, qui veille, et qui d\u00e9tourne les \u00e9nergies ind\u00e9sirables. La signature Turquaz s\u2019inspire de ce patrimoine pour \u00e9crire de nouvelles histoires. Nos artisans l'ont \u00e9pur\u00e9 pour en conserver l'essentiel, figeant cette protection discr\u00e8te dans la raret\u00e9 de l\u2019Argent 925 massif rhodi\u00e9, pour une brillance qui honore l'exigence de qualit\u00e9 fran\u00e7aise.<\/div>\r\n    <\/div>\r\n<\/div>\t\t\t\t<\/div>\n\t\t\t\t<\/div>\n\t\t\t\t<\/div>\r\n\t\t<div class=\"elementor-element elementor-element-0b0a1cb e-con-full e-flex e-con e-child\" data-id=\"0b0a1cb\" data-element_type=\"container\" data-e-type=\"container\">\t\t<div class=\"elementor-element elementor-element-e7daf51 elementor-widget elementor-widget-pxl_icon_box\" data-id=\"e7daf51\" data-element_type=\"widget\" data-e-type=\"widget\" data-widget_type=\"pxl_icon_box.default\">\n\t\t\t\t<div class=\"elementor-widget-container\">\n\t\t\t\t\t<div class=\"pxl-icon-box pxl-icon-box1 style-1\" data-wow-delay=\"ms\">\r\n    <div class=\"pxl-item--inner\">\r\n                    <div class=\"pxl-item--icon\">\r\n                <i aria-hidden=\"true\" class=\"fal fa-hamsa\"><\/i>            <\/div>\r\n                        <h3 class=\"pxl-item--title el-empty\">SYMBOLIQUE<\/h3>\r\n        <div class=\"pxl-item--description el-empty\">Le Nazar est consid\u00e9r\u00e9 comme un gardien spirituel capable d\u2019absorber les intentions malveillantes et de pr\u00e9server l\u2019\u00e9quilibre int\u00e9rieur.\nSa pupille bleue symbolise la sagesse, la v\u00e9rit\u00e9 et la clart\u00e9 \u00e9motionnelle, tandis que son cercle blanc repr\u00e9sente la purification et l\u2019apaisement.\nLe bleu fonc\u00e9, \u00e0 l\u2019ext\u00e9rieur, forme une barri\u00e8re protectrice qui renvoie ce qui ne nous appartient pas, dans le respect et la douceur.\nC\u2019est un symbole de lumi\u00e8re int\u00e9rieure, d\u2019intuition et de guidance qui accompagne celles qui souhaitent se prot\u00e9ger tout en restant ouvertes au monde.<\/div>\r\n    <\/div>\r\n<\/div>\t\t\t\t<\/div>\n\t\t\t\t<\/div>\n\t\t\t\t<\/div>\r\n\t\t\t\t<\/div>\r\n\t\t\t\t<\/div>\r\n\t\t\t\t\t<\/div>\r\n\t\t\t\t<\/div>\r\n\t\t<div class=\"elementor-element elementor-element-4d39f81 e-flex e-con-boxed e-con e-parent\" data-id=\"4d39f81\" data-element_type=\"container\" data-e-type=\"container\">\t\t\t<div class=\"e-con-inner\">\r\n\t\t\t\t<div class=\"elementor-element elementor-element-ac3a2d7 elementor-widget elementor-widget-pxl_accordion\" data-id=\"ac3a2d7\" data-element_type=\"widget\" data-e-type=\"widget\" data-widget_type=\"pxl_accordion.default\">\n\t\t\t\t<div class=\"elementor-widget-container\">\n\t\t\t\t\t    <div class=\"pxl-accordion pxl-accordion1 style1\" data-wow-delay=\"ms\">\r\n                    <div class=\"pxl--item active\">\r\n                <h3 class=\"pxl-item-accordion\" data-target=\"#pxl-accordion-008dcdepxl_accordion-ac3a2d7-8544\">\r\n                    <i class=\"fa fa-angle-down\"><\/i>\r\n                    <span>Description<\/span>\r\n                    \r\n                <\/h3>\r\n                <div id=\"pxl-accordion-008dcdepxl_accordion-ac3a2d7-8544\" class=\"pxl-item--content\" style=\"display: block;\">Un regard bienveillant pour veiller sur vous, \u00e0 chaque instant. Ces puces d'oreilles essentielles, discr\u00e8tes mais puissantes, sont fa\u00e7onn\u00e9es \u00e0 la main par nos ma\u00eetres artisans d'Istanbul. Sur une base noble en argent 925 massif, un placage au rhodium est appliqu\u00e9 pour offrir un \u00e9clat intense, durable et hypoallerg\u00e9nique. <br \/>\n<br \/>\nAu centre, le Nazar Boncuk, talisman ancestral, prend vie. Un cercle de saphirs profonds, symboles de sagesse, entoure un c\u0153ur de zircons purs qui prot\u00e8gent des \u00e9nergies n\u00e9gatives. L'alliance des pierres forge un rempart contre la jalousie tout en renfor\u00e7ant votre clart\u00e9 int\u00e9rieure.<br \/>\n<br \/>\nL\u00e9g\u00e8res, confortables et raffin\u00e9es, ces puces peuvent \u00eatre port\u00e9es seules pour un effet minimaliste ou en accumulation pour un style plus affirm\u00e9.<br \/>\n<br \/>\nNous savons que vous cherchez un bijou qui ait du sens au-del\u00e0 de l'esth\u00e9tique. Ces puces sont la r\u00e9ponse : un gardien discret pour votre quotidien. En les fixant chaque matin, c'est un rituel de confiance que vous vous accordez, un secret de protection chuchot\u00e9 \u00e0 votre oreille. Sentez leur l\u00e9g\u00e8ret\u00e9 et ressentez la bulle de protection qu'elles cr\u00e9ent autour de vous.<br \/>\n<br \/>\nNotice : Un talisman Nazar ne doit jamais \u00eatre pr\u00eat\u00e9 car il se calibre \u00e0 l\u2019\u00e9nergie de celle qui le porte. Offert, il gagne en puissance car il porte l\u2019intention positive de la personne qui l\u2019offre, ce qui en fait un cadeau charg\u00e9 de sens et de protection profonde.<\/div>\r\n            <\/div>\r\n                    <div class=\"pxl--item\">\r\n                <h3 class=\"pxl-item-accordion\" data-target=\"#pxl-accordion-8dda546pxl_accordion-ac3a2d7-8544\">\r\n                    <i class=\"fa fa-angle-down\"><\/i>\r\n                    <span>Caract\u00e9ristiques :<\/span>\r\n                    \r\n                <\/h3>\r\n                <div id=\"pxl-accordion-8dda546pxl_accordion-ac3a2d7-8544\" class=\"pxl-item--content\" >- M\u00e9tal : Argent Sterling 925 massif<br \/>\n- Finition : Rhodi\u00e9 (brillance durable et protection anti-ternissement)<br \/>\n- \u00c9l\u00e9ment central : \u00c9mail Nazar bleu traditionnel<br \/>\n- Pierre principale : Cristaux bleu saphir (oxydes de zirconium)<br \/>\n- Pierres secondaires : Cristaux blancs (oxydes de zirconium)<br \/>\n- Poids : 1.35 g<br \/>\n- Origine : Fabriqu\u00e9 \u00e0 Istanbul<br \/>\n- Inclus : Pochette de rangement + certificat d\u2019authenticit\u00e9<br \/>\n- Garantie : 1 an<\/div>\r\n            <\/div>\r\n                    <div class=\"pxl--item\">\r\n                <h3 class=\"pxl-item-accordion\" data-target=\"#pxl-accordion-b0764d1pxl_accordion-ac3a2d7-8544\">\r\n                    <i class=\"fa fa-angle-down\"><\/i>\r\n                    <span>Conseils d'entretien :<\/span>\r\n                    \r\n                <\/h3>\r\n                <div id=\"pxl-accordion-b0764d1pxl_accordion-ac3a2d7-8544\" class=\"pxl-item--content\" >- Nettoyez avec un chiffon doux et sec.<br \/>\n- \u00c9vitez l\u2019eau, les parfums et les produits chimiques.<br \/>\n- Rangez-les dans leur pochette pour pr\u00e9server l\u2019\u00e9clat du rhodium et des oxydes.<br \/>\n- Pour renforcer leur \u00e9nergie, tenez-les quelques secondes dans les mains et posez une intention d\u2019expression calme et sinc\u00e8re.<\/div>\r\n            <\/div>\r\n            <\/div>\r\n\t\t\t\t<\/div>\n\t\t\t\t<\/div>\n\t\t\t\t\t<\/div>\r\n\t\t\t\t<\/div>\r\n\t\t\t\t<\/div>","protected":false},"excerpt":{"rendered":"<p>Les <strong data-start=\"721\" data-end=\"745\">Stud Nazar Essentiel<\/strong> en <strong data-start=\"749\" data-end=\"770\">argent 925 rhodi\u00e9<\/strong> incarnent la protection traditionnelle du Nazar dans un format minimaliste.<\/p>\n<p>Un \u0153il bleu sacr\u00e9 entour\u00e9 d\u2019\u00e9clats lumineux, fa\u00e7onn\u00e9 \u00e0 Istanbul, qui veille avec discr\u00e9tion et \u00e9l\u00e9gance.<\/p>","protected":false},"featured_media":6898,"template":"","meta":[],"product_brand":[53],"product_cat":[16],"product_tag":[],"class_list":{"0":"post-6895","1":"product","2":"type-product","3":"status-publish","4":"has-post-thumbnail","6":"product_brand-turquaz-store","7":"product_cat-boucles-oreilles","9":"first","10":"instock","11":"purchasable","12":"product-type-variable","13":"rtwpvs-product"},"_links":{"self":[{"href":"https:\/\/turquaz-store.fr\/en\/wp-json\/wp\/v2\/product\/6895","targetHints":{"allow":["GET"]}}],"collection":[{"href":"https:\/\/turquaz-store.fr\/en\/wp-json\/wp\/v2\/product"}],"about":[{"href":"https:\/\/turquaz-store.fr\/en\/wp-json\/wp\/v2\/types\/product"}],"version-history":[{"count":14,"href":"https:\/\/turquaz-store.fr\/en\/wp-json\/wp\/v2\/product\/6895\/revisions"}],"predecessor-version":[{"id":9873,"href":"https:\/\/turquaz-store.fr\/en\/wp-json\/wp\/v2\/product\/6895\/revisions\/9873"}],"wp:featuredmedia":[{"embeddable":true,"href":"https:\/\/turquaz-store.fr\/en\/wp-json\/wp\/v2\/media\/6898"}],"wp:attachment":[{"href":"https:\/\/turquaz-store.fr\/en\/wp-json\/wp\/v2\/media?parent=6895"}],"wp:term":[{"taxonomy":"product_brand","embeddable":true,"href":"https:\/\/turquaz-store.fr\/en\/wp-json\/wp\/v2\/product_brand?post=6895"},{"taxonomy":"product_cat","embeddable":true,"href":"https:\/\/turquaz-store.fr\/en\/wp-json\/wp\/v2\/product_cat?post=6895"},{"taxonomy":"product_tag","embeddable":true,"href":"https:\/\/turquaz-store.fr\/en\/wp-json\/wp\/v2\/product_tag?post=6895"}],"curies":[{"name":"wp","href":"https:\/\/api.w.org\/{rel}","templated":true}]}}