{"id":6931,"date":"2025-11-14T04:46:24","date_gmt":"2025-11-14T02:46:24","guid":{"rendered":"https:\/\/turquaz-store.fr\/?post_type=product&#038;p=6931"},"modified":"2025-12-01T23:34:27","modified_gmt":"2025-12-01T21:34:27","slug":"boucles-nazar-d-azur","status":"publish","type":"product","link":"https:\/\/turquaz-store.fr\/en\/product\/boucles-nazar-d-azur\/","title":{"rendered":"Boucles Nazar d\u2019Azur"},"content":{"rendered":"<div data-elementor-type=\"wp-post\" data-elementor-id=\"6931\" class=\"elementor elementor-6931\" data-elementor-post-type=\"product\">\n\t\t\t\t<div class=\"elementor-element elementor-element-8469bb2 e-flex e-con-boxed e-con e-parent\" data-id=\"8469bb2\" data-element_type=\"container\" data-e-type=\"container\">\t\t\t<div class=\"e-con-inner\">\r\n\t\t<div class=\"elementor-element elementor-element-3632345 e-con-full e-flex e-con e-child\" data-id=\"3632345\" data-element_type=\"container\" data-e-type=\"container\" data-settings=\"{&quot;background_background&quot;:&quot;classic&quot;}\">\t\t<div class=\"elementor-element elementor-element-66e8f24 elementor-widget elementor-widget-pxl_icon_box\" data-id=\"66e8f24\" data-element_type=\"widget\" data-e-type=\"widget\" data-widget_type=\"pxl_icon_box.default\">\n\t\t\t\t<div class=\"elementor-widget-container\">\n\t\t\t\t\t<div class=\"pxl-icon-box pxl-icon-box1 style-1\" data-wow-delay=\"ms\">\r\n    <div class=\"pxl-item--inner\">\r\n                    <div class=\"pxl-item--icon\">\r\n                <i aria-hidden=\"true\" class=\"fal fa-graduation-cap\"><\/i>            <\/div>\r\n                        <h3 class=\"pxl-item--title el-empty\">HISTOIRE<\/h3>\r\n        <div class=\"pxl-item--description el-empty\">Le Nazar Boncu\u011fu est l\u2019un des symboles les plus embl\u00e9matiques de Turquie.\nUtilis\u00e9 depuis des si\u00e8cles pour d\u00e9tourner le mauvais \u0153il, il ornait les portes des maisons, les berceaux, les bateaux et les parures des sultanes de Topkapi.\nLes Boucles Nazar d\u2019Azur rendent hommage \u00e0 cette tradition mill\u00e9naire dans un format d\u00e9licat, fa\u00e7onn\u00e9 sur une base d\u2019argent 925 massif.\nLe bleu profond, appliqu\u00e9 comme un pavage lumineux, rappelle les talismans protecteurs que les artisans anatoliens soufflaient autrefois dans le verre.\nRehauss\u00e9es d\u2019une dorure or 16K, ces dormeuses r\u00e9interpr\u00e8tent l\u2019h\u00e9ritage ottoman avec finesse et modernit\u00e9.<\/div>\r\n    <\/div>\r\n<\/div>\t\t\t\t<\/div>\n\t\t\t\t<\/div>\n\t\t\t\t<\/div>\r\n\t\t<div class=\"elementor-element elementor-element-0b0a1cb e-con-full e-flex e-con e-child\" data-id=\"0b0a1cb\" data-element_type=\"container\" data-e-type=\"container\">\t\t<div class=\"elementor-element elementor-element-e7daf51 elementor-widget elementor-widget-pxl_icon_box\" data-id=\"e7daf51\" data-element_type=\"widget\" data-e-type=\"widget\" data-widget_type=\"pxl_icon_box.default\">\n\t\t\t\t<div class=\"elementor-widget-container\">\n\t\t\t\t\t<div class=\"pxl-icon-box pxl-icon-box1 style-1\" data-wow-delay=\"ms\">\r\n    <div class=\"pxl-item--inner\">\r\n                    <div class=\"pxl-item--icon\">\r\n                <i aria-hidden=\"true\" class=\"fal fa-hamsa\"><\/i>            <\/div>\r\n                        <h3 class=\"pxl-item--title el-empty\">SYMBOLIQUE<\/h3>\r\n        <div class=\"pxl-item--description el-empty\">Le Nazar repr\u00e9sente l\u2019\u0153il qui veille, observe et prot\u00e8ge.\nLe bleu profond apaise, neutralise les intentions n\u00e9gatives et symbolise la v\u00e9rit\u00e9 int\u00e9rieure.\nLa pupille centrale agit comme un gardien \u00e9nerg\u00e9tique, absorbant ce qui ne vous appartient pas et pr\u00e9servant votre \u00e9quilibre \u00e9motionnel.\nCe talisman accompagne la clart\u00e9, la vigilance douce et la s\u00e9r\u00e9nit\u00e9 dans les interactions quotidiennes.<\/div>\r\n    <\/div>\r\n<\/div>\t\t\t\t<\/div>\n\t\t\t\t<\/div>\n\t\t\t\t<\/div>\r\n\t\t\t\t\t<\/div>\r\n\t\t\t\t<\/div>\r\n\t\t<div class=\"elementor-element elementor-element-4d39f81 e-flex e-con-boxed e-con e-parent\" data-id=\"4d39f81\" data-element_type=\"container\" data-e-type=\"container\">\t\t\t<div class=\"e-con-inner\">\r\n\t\t\t\t<div class=\"elementor-element elementor-element-ac3a2d7 elementor-widget elementor-widget-pxl_accordion\" data-id=\"ac3a2d7\" data-element_type=\"widget\" data-e-type=\"widget\" data-widget_type=\"pxl_accordion.default\">\n\t\t\t\t<div class=\"elementor-widget-container\">\n\t\t\t\t\t    <div class=\"pxl-accordion pxl-accordion1 style1\" data-wow-delay=\"ms\">\r\n                    <div class=\"pxl--item active\">\r\n                <h3 class=\"pxl-item-accordion\" data-target=\"#pxl-accordion-008dcdepxl_accordion-ac3a2d7-7110\">\r\n                    <i class=\"fa fa-angle-down\"><\/i>\r\n                    <span>Description<\/span>\r\n                    \r\n                <\/h3>\r\n                <div id=\"pxl-accordion-008dcdepxl_accordion-ac3a2d7-7110\" class=\"pxl-item--content\" style=\"display: block;\">Les Boucles Nazar d\u2019Azur ont \u00e9t\u00e9 con\u00e7ues comme des gardiennes discr\u00e8tes, \u00e0 porter comme un rituel de protection.<br \/>\n<br \/>\nLeur pendentif central s\u2019inspire directement du Nazar Boncu\u011fu, le talisman le plus v\u00e9n\u00e9r\u00e9 d\u2019Anatolie.<br \/>\n<br \/>\nSur une base solide en argent 925 massif, un pavage d\u2019oxydes de zirconium bleu type saphir forme l\u2019anneau protecteur, tandis que la pupille centrale veille en permanence.<br \/>\n<br \/>\nUn halo d\u2019oxydes clairs diffuse une lumi\u00e8re sereine, \u00e9voquant la fonction purificatrice du Nazar traditionnel.<br \/>\n<br \/>\nLa dorure or 16 carats (1,5 microns) rehausse l\u2019ensemble d\u2019un \u00e9clat chaud et durable, tout en conservant un poids minimal pour un confort absolu.<br \/>\n<br \/>\nL\u00e9g\u00e8res, hypoallerg\u00e9niques et pens\u00e9es pour accompagner les gestes du quotidien, ces boucles transforment chaque matin en rituel de recentrage.<br \/>\n<br \/>\nElles ne sont pas un simple bijou mais une pr\u00e9sence symbolique, un rappel que vous marchez sous protection.<br \/>\n<br \/>\nUn talisman Nazar ne doit jamais \u00eatre pr\u00eat\u00e9 car il se calibre \u00e0 votre \u00e9nergie personnelle.<br \/>\n<br \/>\nOffert, il devient plus puissant encore, port\u00e9 par l\u2019intention bienveillante de celle ou celui qui l\u2019a transmis.<\/div>\r\n            <\/div>\r\n                    <div class=\"pxl--item\">\r\n                <h3 class=\"pxl-item-accordion\" data-target=\"#pxl-accordion-8dda546pxl_accordion-ac3a2d7-7110\">\r\n                    <i class=\"fa fa-angle-down\"><\/i>\r\n                    <span>Caract\u00e9ristiques :<\/span>\r\n                    \r\n                <\/h3>\r\n                <div id=\"pxl-accordion-8dda546pxl_accordion-ac3a2d7-7110\" class=\"pxl-item--content\" >- M\u00e9tal : Argent Sterling 925 massif<br \/>\n- Finition : Dor\u00e9 Or 16K (1,5 microns)<br \/>\n- Pierre principale : Oxyde de zirconium bleu type saphir<br \/>\n- Pierres lat\u00e9rales : Oxydes de zirconium clairs<br \/>\n- Poids total : 2.70 g<br \/>\n- Type : Dormeuses talismaniques<br \/>\n- Origine : Fait main dans nos ateliers en Turquie<br \/>\n- Inclus : Pochette Turquaz + certificat d\u2019authenticit\u00e9<br \/>\n- Garantie : 1 an<\/div>\r\n            <\/div>\r\n                    <div class=\"pxl--item\">\r\n                <h3 class=\"pxl-item-accordion\" data-target=\"#pxl-accordion-b0764d1pxl_accordion-ac3a2d7-7110\">\r\n                    <i class=\"fa fa-angle-down\"><\/i>\r\n                    <span>Conseils d'entretien :<\/span>\r\n                    \r\n                <\/h3>\r\n                <div id=\"pxl-accordion-b0764d1pxl_accordion-ac3a2d7-7110\" class=\"pxl-item--content\" >- Nettoyez avec un chiffon doux et sec.<br \/>\n- \u00c9vitez l\u2019eau, les parfums et les produits chimiques.<br \/>\n- Rangez-les dans leur pochette pour pr\u00e9server l\u2019\u00e9clat du rhodium et des oxydes.<br \/>\n- Pour renforcer leur \u00e9nergie, tenez-les quelques secondes dans les mains et posez une intention d\u2019expression calme et sinc\u00e8re.<\/div>\r\n            <\/div>\r\n            <\/div>\r\n\t\t\t\t<\/div>\n\t\t\t\t<\/div>\n\t\t\t\t\t<\/div>\r\n\t\t\t\t<\/div>\r\n\t\t\t\t<\/div>","protected":false},"excerpt":{"rendered":"<p>Les <strong data-start=\"766\" data-end=\"790\">Boucles Nazar d\u2019Azur<\/strong> en <strong data-start=\"794\" data-end=\"820\">argent 925 dor\u00e9 or 16K<\/strong> r\u00e9inventent le talisman Nazar dans une version \u00e9l\u00e9gante et l\u00e9g\u00e8re.<\/p>\n<p>Un \u0153il protecteur bleu intense entour\u00e9 d\u2019oxydes clairs, fa\u00e7onn\u00e9 \u00e0 la main \u00e0 Istanbul pour offrir un bouclier spirituel au quotidien.<\/p>","protected":false},"featured_media":6932,"template":"","meta":[],"product_brand":[53],"product_cat":[16],"product_tag":[],"class_list":{"0":"post-6931","1":"product","2":"type-product","3":"status-publish","4":"has-post-thumbnail","6":"product_brand-turquaz-store","7":"product_cat-boucles-oreilles","9":"first","10":"instock","11":"purchasable","12":"product-type-simple"},"_links":{"self":[{"href":"https:\/\/turquaz-store.fr\/en\/wp-json\/wp\/v2\/product\/6931","targetHints":{"allow":["GET"]}}],"collection":[{"href":"https:\/\/turquaz-store.fr\/en\/wp-json\/wp\/v2\/product"}],"about":[{"href":"https:\/\/turquaz-store.fr\/en\/wp-json\/wp\/v2\/types\/product"}],"version-history":[{"count":10,"href":"https:\/\/turquaz-store.fr\/en\/wp-json\/wp\/v2\/product\/6931\/revisions"}],"predecessor-version":[{"id":8620,"href":"https:\/\/turquaz-store.fr\/en\/wp-json\/wp\/v2\/product\/6931\/revisions\/8620"}],"wp:featuredmedia":[{"embeddable":true,"href":"https:\/\/turquaz-store.fr\/en\/wp-json\/wp\/v2\/media\/6932"}],"wp:attachment":[{"href":"https:\/\/turquaz-store.fr\/en\/wp-json\/wp\/v2\/media?parent=6931"}],"wp:term":[{"taxonomy":"product_brand","embeddable":true,"href":"https:\/\/turquaz-store.fr\/en\/wp-json\/wp\/v2\/product_brand?post=6931"},{"taxonomy":"product_cat","embeddable":true,"href":"https:\/\/turquaz-store.fr\/en\/wp-json\/wp\/v2\/product_cat?post=6931"},{"taxonomy":"product_tag","embeddable":true,"href":"https:\/\/turquaz-store.fr\/en\/wp-json\/wp\/v2\/product_tag?post=6931"}],"curies":[{"name":"wp","href":"https:\/\/api.w.org\/{rel}","templated":true}]}}