{"id":6967,"date":"2025-11-14T05:23:12","date_gmt":"2025-11-14T03:23:12","guid":{"rendered":"https:\/\/turquaz-store.fr\/?post_type=product&#038;p=6967"},"modified":"2025-12-11T21:39:58","modified_gmt":"2025-12-11T20:39:58","slug":"pendantes-nazarelle","status":"publish","type":"product","link":"https:\/\/turquaz-store.fr\/en\/product\/pendantes-nazarelle\/","title":{"rendered":"Pendantes Nazarelle"},"content":{"rendered":"<div data-elementor-type=\"wp-post\" data-elementor-id=\"6967\" class=\"elementor elementor-6967\" data-elementor-post-type=\"product\">\n\t\t\t\t<div class=\"elementor-element elementor-element-8469bb2 e-flex e-con-boxed e-con e-parent\" data-id=\"8469bb2\" data-element_type=\"container\" data-e-type=\"container\">\t\t\t<div class=\"e-con-inner\">\r\n\t\t<div class=\"elementor-element elementor-element-3632345 e-con-full e-flex e-con e-child\" data-id=\"3632345\" data-element_type=\"container\" data-e-type=\"container\" data-settings=\"{&quot;background_background&quot;:&quot;classic&quot;}\">\t\t<div class=\"elementor-element elementor-element-66e8f24 elementor-widget elementor-widget-pxl_icon_box\" data-id=\"66e8f24\" data-element_type=\"widget\" data-e-type=\"widget\" data-widget_type=\"pxl_icon_box.default\">\n\t\t\t\t<div class=\"elementor-widget-container\">\n\t\t\t\t\t<div class=\"pxl-icon-box pxl-icon-box1 style-1\" data-wow-delay=\"ms\">\r\n    <div class=\"pxl-item--inner\">\r\n                    <div class=\"pxl-item--icon\">\r\n                <i aria-hidden=\"true\" class=\"fal fa-graduation-cap\"><\/i>            <\/div>\r\n                        <h3 class=\"pxl-item--title el-empty\">HISTOIRE<\/h3>\r\n        <div class=\"pxl-item--description el-empty\">Avant les pierres, avant les ornements sophistiqu\u00e9s, le Nazar Boncu\u011fu originel \u00e9tait un simple disque d\u2019\u00e9mail bleu, fa\u00e7onn\u00e9 dans les villages d\u2019Anatolie.\nCe talisman \u00e9tait souffl\u00e9 dans le verre ou peint \u00e0 la main pour absorber les intentions n\u00e9gatives et prot\u00e9ger la maison, les voyages et l\u2019\u00e2me.\nLes Pendantes Nazarelle reviennent \u00e0 cette origine sacr\u00e9e : l\u2019\u00e9mail profond, la forme ronde, les cercles blancs purificateurs, la pupille bleue qui veille.\nChaque pi\u00e8ce rend hommage \u00e0 ce geste ancestral, transmis \u00e0 travers si\u00e8cles et dynasties ottomanes.<\/div>\r\n    <\/div>\r\n<\/div>\t\t\t\t<\/div>\n\t\t\t\t<\/div>\n\t\t\t\t<\/div>\r\n\t\t<div class=\"elementor-element elementor-element-0b0a1cb e-con-full e-flex e-con e-child\" data-id=\"0b0a1cb\" data-element_type=\"container\" data-e-type=\"container\">\t\t<div class=\"elementor-element elementor-element-e7daf51 elementor-widget elementor-widget-pxl_icon_box\" data-id=\"e7daf51\" data-element_type=\"widget\" data-e-type=\"widget\" data-widget_type=\"pxl_icon_box.default\">\n\t\t\t\t<div class=\"elementor-widget-container\">\n\t\t\t\t\t<div class=\"pxl-icon-box pxl-icon-box1 style-1\" data-wow-delay=\"ms\">\r\n    <div class=\"pxl-item--inner\">\r\n                    <div class=\"pxl-item--icon\">\r\n                <i aria-hidden=\"true\" class=\"fal fa-hamsa\"><\/i>            <\/div>\r\n                        <h3 class=\"pxl-item--title el-empty\">SYMBOLIQUE<\/h3>\r\n        <div class=\"pxl-item--description el-empty\">L\u2019\u00e9mail bleu du Nazar symbolise la vigilance int\u00e9rieure et la s\u00e9r\u00e9nit\u00e9.\nLa pupille centrale absorbe les regards lourds, tandis que l\u2019aur\u00e9ole blanche diffuse une \u00e9nergie purificatrice.\nPorter le Nazar en mouvement, suspendu, amplifie sa fonction protectrice en r\u00e9activant son r\u00f4le \u00e0 chaque oscillation.\nNazar Multiple (Plusieurs yeux) est une protection renforc\u00e9e et cumulative, pour les personnes tr\u00e8s expos\u00e9es ou les situations \u00e0 haut risque.\n<\/div>\r\n    <\/div>\r\n<\/div>\t\t\t\t<\/div>\n\t\t\t\t<\/div>\n\t\t\t\t<\/div>\r\n\t\t\t\t\t<\/div>\r\n\t\t\t\t<\/div>\r\n\t\t<div class=\"elementor-element elementor-element-4d39f81 e-flex e-con-boxed e-con e-parent\" data-id=\"4d39f81\" data-element_type=\"container\" data-e-type=\"container\">\t\t\t<div class=\"e-con-inner\">\r\n\t\t\t\t<div class=\"elementor-element elementor-element-ac3a2d7 elementor-widget elementor-widget-pxl_accordion\" data-id=\"ac3a2d7\" data-element_type=\"widget\" data-e-type=\"widget\" data-widget_type=\"pxl_accordion.default\">\n\t\t\t\t<div class=\"elementor-widget-container\">\n\t\t\t\t\t    <div class=\"pxl-accordion pxl-accordion1 style1\" data-wow-delay=\"ms\">\r\n                    <div class=\"pxl--item active\">\r\n                <h3 class=\"pxl-item-accordion\" data-target=\"#pxl-accordion-008dcdepxl_accordion-ac3a2d7-3530\">\r\n                    <i class=\"fa fa-angle-down\"><\/i>\r\n                    <span>Description<\/span>\r\n                    \r\n                <\/h3>\r\n                <div id=\"pxl-accordion-008dcdepxl_accordion-ac3a2d7-3530\" class=\"pxl-item--content\" style=\"display: block;\">Les Pendantes \u201cNazarelle\u201d capturent l\u2019essence la plus pure du Nazar anatolien.<br \/>\n<br \/>\nElles d\u00e9laissent volontairement l\u2019\u00e9clat des pierres pour revenir \u00e0 la source : un \u00e9mail bleu profond, lisse, laqu\u00e9, fid\u00e8le aux amulettes traditionnelles appel\u00e9es boncuk.<br \/>\n<br \/>\n\u00c0 travers ce bleu central qui absorbe le regard et ces cercles blancs qui dissipent l\u2019\u00e9nergie, c\u2019est toute la m\u00e9canique spirituelle du Nazar qui s\u2019exprime.<br \/>\n<br \/>\nLes pendentifs Nazar sont suspendus \u00e0 trois cha\u00eenes fines, fix\u00e9es \u00e0 un stud discret en argent, cr\u00e9ant une danse subtile \u00e0 chaque mouvement de t\u00eate.<br \/>\n<br \/>\nCe mouvement n\u2019est pas seulement d\u00e9coratif ; il active la protection, comme dans les talismans anciens accroch\u00e9s aux portes ou aux berceaux.<br \/>\n<br \/>\nForg\u00e9es sur une base de 925 massif hypoallerg\u00e9nique, les boucles sont ensuite sublim\u00e9es d\u2019une dorure or 16 carats (1,5 microns) pour leur offrir une chaleur solaire et un \u00e9clat durable.<br \/>\n<br \/>\nLe choix de l\u2019\u00e9mail v\u00e9ritable affirme un retour \u00e0 l\u2019authenticit\u00e9, loin des productions industrielles uniformis\u00e9es, et redonne au Nazar son sens originel : un gardien silencieux, discret, intime.<br \/>\n<br \/>\nL\u00e9g\u00e8res et confortables, ces pendantes se portent du matin au soir sans fatigue.<br \/>\n<br \/>\nElles s\u2019adressent \u00e0 celles qui ne cherchent pas \u00e0 \u00e9blouir mais \u00e0 s\u2019ancrer, \u00e0 celles qui veulent porter une protection subtile, presque secr\u00e8te, entre elles et leur bijou.<br \/>\n<br \/>\nUn talisman Nazar ne doit jamais \u00eatre pr\u00eat\u00e9 car il se cale sur votre \u00e9nergie personnelle.<br \/>\n<br \/>\nOffert, il devient plus puissant, car il porte l\u2019intention de protection de celui qui le transmet.<\/div>\r\n            <\/div>\r\n                    <div class=\"pxl--item\">\r\n                <h3 class=\"pxl-item-accordion\" data-target=\"#pxl-accordion-8dda546pxl_accordion-ac3a2d7-3530\">\r\n                    <i class=\"fa fa-angle-down\"><\/i>\r\n                    <span>Caract\u00e9ristiques :<\/span>\r\n                    \r\n                <\/h3>\r\n                <div id=\"pxl-accordion-8dda546pxl_accordion-ac3a2d7-3530\" class=\"pxl-item--content\" >- M\u00e9tal : Argent Sterling 925 massif<br \/>\n- Finition : Dor\u00e9 Or 16 carats (1,5 microns)<br \/>\n- Motif : Nazar multiples en \u00e9mail profond<br \/>\n- Pierre : Aucune (\u00e9mail traditionnel)<br \/>\n- Poids total : 2.75 g<br \/>\n- Type : Pendantes \u00e0 trois cha\u00eenes<br \/>\n- Origine : Fait main en atelier anatolien<br \/>\n- Inclus : Pochette Turquaz + certificat d\u2019authenticit\u00e9<br \/>\n- Garantie : 1 an<\/div>\r\n            <\/div>\r\n                    <div class=\"pxl--item\">\r\n                <h3 class=\"pxl-item-accordion\" data-target=\"#pxl-accordion-b0764d1pxl_accordion-ac3a2d7-3530\">\r\n                    <i class=\"fa fa-angle-down\"><\/i>\r\n                    <span>Conseils d'entretien :<\/span>\r\n                    \r\n                <\/h3>\r\n                <div id=\"pxl-accordion-b0764d1pxl_accordion-ac3a2d7-3530\" class=\"pxl-item--content\" >- Nettoyez avec un chiffon doux et sec.<br \/>\n- \u00c9vitez l\u2019eau, les parfums et les produits chimiques.<br \/>\n- Rangez-les dans leur pochette pour pr\u00e9server l\u2019\u00e9clat du rhodium et des oxydes.<br \/>\n- Pour renforcer leur \u00e9nergie, tenez-les quelques secondes dans les mains et posez une intention d\u2019expression calme et sinc\u00e8re.<\/div>\r\n            <\/div>\r\n            <\/div>\r\n\t\t\t\t<\/div>\n\t\t\t\t<\/div>\n\t\t\t\t\t<\/div>\r\n\t\t\t\t<\/div>\r\n\t\t\t\t<\/div>","protected":false},"excerpt":{"rendered":"<p>Les <strong data-start=\"625\" data-end=\"650\">Pendantes \u201cNazarelle\u201d<\/strong> en <strong data-start=\"654\" data-end=\"680\">argent 925 dor\u00e9 or 16K<\/strong> r\u00e9inventent le Nazar dans sa forme la plus authentique : un talisman en \u00e9mail bleu profond suspendu \u00e0 de fines cha\u00eenes.<\/p>\n<p>Un bijou protecteur et \u00e9l\u00e9gant, fait main en Anatolie.<\/p>","protected":false},"featured_media":6968,"template":"","meta":[],"product_brand":[53],"product_cat":[16],"product_tag":[],"class_list":{"0":"post-6967","1":"product","2":"type-product","3":"status-publish","4":"has-post-thumbnail","6":"product_brand-turquaz-store","7":"product_cat-boucles-oreilles","9":"first","10":"instock","11":"purchasable","12":"product-type-variable","13":"rtwpvs-product"},"_links":{"self":[{"href":"https:\/\/turquaz-store.fr\/en\/wp-json\/wp\/v2\/product\/6967","targetHints":{"allow":["GET"]}}],"collection":[{"href":"https:\/\/turquaz-store.fr\/en\/wp-json\/wp\/v2\/product"}],"about":[{"href":"https:\/\/turquaz-store.fr\/en\/wp-json\/wp\/v2\/types\/product"}],"version-history":[{"count":11,"href":"https:\/\/turquaz-store.fr\/en\/wp-json\/wp\/v2\/product\/6967\/revisions"}],"predecessor-version":[{"id":9723,"href":"https:\/\/turquaz-store.fr\/en\/wp-json\/wp\/v2\/product\/6967\/revisions\/9723"}],"wp:featuredmedia":[{"embeddable":true,"href":"https:\/\/turquaz-store.fr\/en\/wp-json\/wp\/v2\/media\/6968"}],"wp:attachment":[{"href":"https:\/\/turquaz-store.fr\/en\/wp-json\/wp\/v2\/media?parent=6967"}],"wp:term":[{"taxonomy":"product_brand","embeddable":true,"href":"https:\/\/turquaz-store.fr\/en\/wp-json\/wp\/v2\/product_brand?post=6967"},{"taxonomy":"product_cat","embeddable":true,"href":"https:\/\/turquaz-store.fr\/en\/wp-json\/wp\/v2\/product_cat?post=6967"},{"taxonomy":"product_tag","embeddable":true,"href":"https:\/\/turquaz-store.fr\/en\/wp-json\/wp\/v2\/product_tag?post=6967"}],"curies":[{"name":"wp","href":"https:\/\/api.w.org\/{rel}","templated":true}]}}