{"id":6974,"date":"2025-11-14T05:33:16","date_gmt":"2025-11-14T03:33:16","guid":{"rendered":"https:\/\/turquaz-store.fr\/?post_type=product&#038;p=6974"},"modified":"2025-12-01T23:26:15","modified_gmt":"2025-12-01T21:26:15","slug":"clous-prestige-de-l-egee","status":"publish","type":"product","link":"https:\/\/turquaz-store.fr\/en\/product\/clous-prestige-de-l-egee\/","title":{"rendered":"Clous Prestige de l\u2019\u00c9g\u00e9e"},"content":{"rendered":"<div data-elementor-type=\"wp-post\" data-elementor-id=\"6974\" class=\"elementor elementor-6974\" data-elementor-post-type=\"product\">\n\t\t\t\t<div class=\"elementor-element elementor-element-8469bb2 e-flex e-con-boxed e-con e-parent\" data-id=\"8469bb2\" data-element_type=\"container\" data-e-type=\"container\">\t\t\t<div class=\"e-con-inner\">\r\n\t\t<div class=\"elementor-element elementor-element-3632345 e-con-full e-flex e-con e-child\" data-id=\"3632345\" data-element_type=\"container\" data-e-type=\"container\" data-settings=\"{&quot;background_background&quot;:&quot;classic&quot;}\">\t\t<div class=\"elementor-element elementor-element-66e8f24 elementor-widget elementor-widget-pxl_icon_box\" data-id=\"66e8f24\" data-element_type=\"widget\" data-e-type=\"widget\" data-widget_type=\"pxl_icon_box.default\">\n\t\t\t\t<div class=\"elementor-widget-container\">\n\t\t\t\t\t<div class=\"pxl-icon-box pxl-icon-box1 style-1\" data-wow-delay=\"ms\">\r\n    <div class=\"pxl-item--inner\">\r\n                    <div class=\"pxl-item--icon\">\r\n                <i aria-hidden=\"true\" class=\"fal fa-graduation-cap\"><\/i>            <\/div>\r\n                        <h3 class=\"pxl-item--title el-empty\">HISTOIRE<\/h3>\r\n        <div class=\"pxl-item--description el-empty\">Dans l\u2019h\u00e9ritage ottoman, les bijoux aux nuances bleues symbolisaient la clart\u00e9 d\u2019esprit et la protection.\nLes artisans d\u2019Istanbul fa\u00e7onnaient des puces lumineuses destin\u00e9es \u00e0 \u00e9clairer le visage et \u00e0 prot\u00e9ger symboliquement leur propri\u00e9taire.\nLes Clous Prestige de l\u2019\u00c9g\u00e9e reprennent ce design intemporel : une pierre centrale bleu \u00c9g\u00e9e, entour\u00e9e d\u2019un halo \u00e9clatant rappelant les mosa\u00efques des palais et les reflets changeants de la mer.<\/div>\r\n    <\/div>\r\n<\/div>\t\t\t\t<\/div>\n\t\t\t\t<\/div>\n\t\t\t\t<\/div>\r\n\t\t<div class=\"elementor-element elementor-element-0b0a1cb e-con-full e-flex e-con e-child\" data-id=\"0b0a1cb\" data-element_type=\"container\" data-e-type=\"container\">\t\t<div class=\"elementor-element elementor-element-e7daf51 elementor-widget elementor-widget-pxl_icon_box\" data-id=\"e7daf51\" data-element_type=\"widget\" data-e-type=\"widget\" data-widget_type=\"pxl_icon_box.default\">\n\t\t\t\t<div class=\"elementor-widget-container\">\n\t\t\t\t\t<div class=\"pxl-icon-box pxl-icon-box1 style-1\" data-wow-delay=\"ms\">\r\n    <div class=\"pxl-item--inner\">\r\n                    <div class=\"pxl-item--icon\">\r\n                <i aria-hidden=\"true\" class=\"fal fa-hamsa\"><\/i>            <\/div>\r\n                        <h3 class=\"pxl-item--title el-empty\">SYMBOLIQUE<\/h3>\r\n        <div class=\"pxl-item--description el-empty\">Le bleu aigue-marine \u00e9voque l\u2019apaisement, la sinc\u00e9rit\u00e9 et la clart\u00e9 \u00e9motionnelle.\nIl repr\u00e9sente les eaux paisibles de la mer \u00c9g\u00e9e, symbole d\u2019harmonie int\u00e9rieure et de communication douce.\nLe halo clair renforce cette \u00e9nergie en apportant lumi\u00e8re, puret\u00e9 et distinction.\nCes clous deviennent ainsi un talisman de lucidit\u00e9 et d\u2019\u00e9l\u00e9gance absolue.<\/div>\r\n    <\/div>\r\n<\/div>\t\t\t\t<\/div>\n\t\t\t\t<\/div>\n\t\t\t\t<\/div>\r\n\t\t\t\t\t<\/div>\r\n\t\t\t\t<\/div>\r\n\t\t<div class=\"elementor-element elementor-element-4d39f81 e-flex e-con-boxed e-con e-parent\" data-id=\"4d39f81\" data-element_type=\"container\" data-e-type=\"container\">\t\t\t<div class=\"e-con-inner\">\r\n\t\t\t\t<div class=\"elementor-element elementor-element-ac3a2d7 elementor-widget elementor-widget-pxl_accordion\" data-id=\"ac3a2d7\" data-element_type=\"widget\" data-e-type=\"widget\" data-widget_type=\"pxl_accordion.default\">\n\t\t\t\t<div class=\"elementor-widget-container\">\n\t\t\t\t\t    <div class=\"pxl-accordion pxl-accordion1 style1\" data-wow-delay=\"ms\">\r\n                    <div class=\"pxl--item active\">\r\n                <h3 class=\"pxl-item-accordion\" data-target=\"#pxl-accordion-008dcdepxl_accordion-ac3a2d7-3335\">\r\n                    <i class=\"fa fa-angle-down\"><\/i>\r\n                    <span>Description<\/span>\r\n                    \r\n                <\/h3>\r\n                <div id=\"pxl-accordion-008dcdepxl_accordion-ac3a2d7-3335\" class=\"pxl-item--content\" style=\"display: block;\">Les Clous Prestige de l\u2019\u00c9g\u00e9e incarnent un luxe doux, pens\u00e9 pour illuminer le visage.<br \/>\n<br \/>\nAu centre, un oxyde de zirconium teint\u00e9 aigue-marine capte la lumi\u00e8re comme un \u00e9clat de mer \u00c9g\u00e9e.<br \/>\n<br \/>\nFacett\u00e9 avec pr\u00e9cision, il diffuse une brillance ma\u00eetris\u00e9e, intensifi\u00e9e par un halo d\u2019oxydes de zirconium clairs qui l\u2019entoure dans une composition harmonieuse.<br \/>\n<br \/>\nForg\u00e9s sur une \u00e2me noble en argent 925 massif, les clous sont ensuite sublim\u00e9s d\u2019une dorure or 16 carats (1,5 microns), cr\u00e9ant une chaleur raffin\u00e9e et durable.<br \/>\n<br \/>\nLeur l\u00e9g\u00e8ret\u00e9 offre un confort parfait du matin au soir, tandis que leur esth\u00e9tique classique en fait un bijou intemporel, loin des tendances \u00e9ph\u00e9m\u00e8res.<br \/>\n<br \/>\nEn les portant, vous affirmez votre go\u00fbt pour l\u2019\u00e9l\u00e9gance pure.<br \/>\n<br \/>\nIls encadrent subtilement le regard et rendent hommage \u00e0 l\u2019h\u00e9ritage lumineux des c\u00f4tes ottomanes et \u00e9g\u00e9ennes, entre mer, lumi\u00e8re et raffinement.<\/div>\r\n            <\/div>\r\n                    <div class=\"pxl--item\">\r\n                <h3 class=\"pxl-item-accordion\" data-target=\"#pxl-accordion-8dda546pxl_accordion-ac3a2d7-3335\">\r\n                    <i class=\"fa fa-angle-down\"><\/i>\r\n                    <span>Caract\u00e9ristiques :<\/span>\r\n                    \r\n                <\/h3>\r\n                <div id=\"pxl-accordion-8dda546pxl_accordion-ac3a2d7-3335\" class=\"pxl-item--content\" >- M\u00e9tal : Argent Sterling 925 massif<br \/>\n- Finition : Dor\u00e9 Or 16 carats (1,5 microns)<br \/>\n- Pierre principale : Oxyde de zirconium teint\u00e9 aigue-marine<br \/>\n- Pierres secondaires : Oxydes de zirconium clairs<br \/>\n- Poids total : 2.90 g<br \/>\n- Origine : Fait main dans nos ateliers turcs<br \/>\n- Inclus : Pochette Turquaz + certificat d\u2019authenticit\u00e9<br \/>\n- Garantie : 1 an<\/div>\r\n            <\/div>\r\n                    <div class=\"pxl--item\">\r\n                <h3 class=\"pxl-item-accordion\" data-target=\"#pxl-accordion-b0764d1pxl_accordion-ac3a2d7-3335\">\r\n                    <i class=\"fa fa-angle-down\"><\/i>\r\n                    <span>Conseils d'entretien :<\/span>\r\n                    \r\n                <\/h3>\r\n                <div id=\"pxl-accordion-b0764d1pxl_accordion-ac3a2d7-3335\" class=\"pxl-item--content\" >- Nettoyez avec un chiffon doux et sec.<br \/>\n- \u00c9vitez l\u2019eau, les parfums et les produits chimiques.<br \/>\n- Rangez-les dans leur pochette pour pr\u00e9server l\u2019\u00e9clat du rhodium et des oxydes.<br \/>\n- Pour renforcer leur \u00e9nergie, tenez-les quelques secondes dans les mains et posez une intention d\u2019expression calme et sinc\u00e8re.<\/div>\r\n            <\/div>\r\n            <\/div>\r\n\t\t\t\t<\/div>\n\t\t\t\t<\/div>\n\t\t\t\t\t<\/div>\r\n\t\t\t\t<\/div>\r\n\t\t\t\t<\/div>","protected":false},"excerpt":{"rendered":"<p>Les <strong data-start=\"454\" data-end=\"482\">Clous Prestige de l\u2019\u00c9g\u00e9e<\/strong> en <strong data-start=\"486\" data-end=\"512\">argent 925 dor\u00e9 or 16K<\/strong> d\u00e9voilent un oxyde de zirconium teint\u00e9 aigue-marine, cercl\u00e9 d\u2019un halo lumineux.<\/p>\n<p>Un bijou raffin\u00e9 fa\u00e7onn\u00e9 en Turquie, inspir\u00e9 des lumi\u00e8res pures de la mer \u00c9g\u00e9e.<\/p>","protected":false},"featured_media":6975,"template":"","meta":[],"product_brand":[53],"product_cat":[16],"product_tag":[],"class_list":{"0":"post-6974","1":"product","2":"type-product","3":"status-publish","4":"has-post-thumbnail","6":"product_brand-turquaz-store","7":"product_cat-boucles-oreilles","9":"first","10":"instock","11":"purchasable","12":"product-type-simple"},"_links":{"self":[{"href":"https:\/\/turquaz-store.fr\/en\/wp-json\/wp\/v2\/product\/6974","targetHints":{"allow":["GET"]}}],"collection":[{"href":"https:\/\/turquaz-store.fr\/en\/wp-json\/wp\/v2\/product"}],"about":[{"href":"https:\/\/turquaz-store.fr\/en\/wp-json\/wp\/v2\/types\/product"}],"version-history":[{"count":10,"href":"https:\/\/turquaz-store.fr\/en\/wp-json\/wp\/v2\/product\/6974\/revisions"}],"predecessor-version":[{"id":8605,"href":"https:\/\/turquaz-store.fr\/en\/wp-json\/wp\/v2\/product\/6974\/revisions\/8605"}],"wp:featuredmedia":[{"embeddable":true,"href":"https:\/\/turquaz-store.fr\/en\/wp-json\/wp\/v2\/media\/6975"}],"wp:attachment":[{"href":"https:\/\/turquaz-store.fr\/en\/wp-json\/wp\/v2\/media?parent=6974"}],"wp:term":[{"taxonomy":"product_brand","embeddable":true,"href":"https:\/\/turquaz-store.fr\/en\/wp-json\/wp\/v2\/product_brand?post=6974"},{"taxonomy":"product_cat","embeddable":true,"href":"https:\/\/turquaz-store.fr\/en\/wp-json\/wp\/v2\/product_cat?post=6974"},{"taxonomy":"product_tag","embeddable":true,"href":"https:\/\/turquaz-store.fr\/en\/wp-json\/wp\/v2\/product_tag?post=6974"}],"curies":[{"name":"wp","href":"https:\/\/api.w.org\/{rel}","templated":true}]}}