{"id":6984,"date":"2025-11-17T16:28:58","date_gmt":"2025-11-17T14:28:58","guid":{"rendered":"https:\/\/turquaz-store.fr\/?post_type=product&#038;p=6984"},"modified":"2025-12-01T23:24:14","modified_gmt":"2025-12-01T21:24:14","slug":"collier-coeur-leyla-eclat","status":"publish","type":"product","link":"https:\/\/turquaz-store.fr\/en\/product\/collier-coeur-leyla-eclat\/","title":{"rendered":"Collier C\u0153ur Leyla Eclat"},"content":{"rendered":"<div data-elementor-type=\"wp-post\" data-elementor-id=\"6984\" class=\"elementor elementor-6984\" data-elementor-post-type=\"product\">\n\t\t\t\t<div class=\"elementor-element elementor-element-8469bb2 e-flex e-con-boxed e-con e-parent\" data-id=\"8469bb2\" data-element_type=\"container\" data-e-type=\"container\">\t\t\t<div class=\"e-con-inner\">\r\n\t\t<div class=\"elementor-element elementor-element-9c6d526 e-con-full e-flex e-con e-child\" data-id=\"9c6d526\" data-element_type=\"container\" data-e-type=\"container\" data-settings=\"{&quot;background_background&quot;:&quot;classic&quot;}\">\t\t<div class=\"elementor-element elementor-element-efacd16 elementor-widget elementor-widget-pxl_icon_box\" data-id=\"efacd16\" data-element_type=\"widget\" data-e-type=\"widget\" data-widget_type=\"pxl_icon_box.default\">\n\t\t\t\t<div class=\"elementor-widget-container\">\n\t\t\t\t\t<div class=\"pxl-icon-box pxl-icon-box1 style-1\" data-wow-delay=\"ms\">\r\n    <div class=\"pxl-item--inner\">\r\n                    <div class=\"pxl-item--icon\">\r\n                <i aria-hidden=\"true\" class=\"fal fa-graduation-cap\"><\/i>            <\/div>\r\n                        <h3 class=\"pxl-item--title el-empty\">HISTOIRE<\/h3>\r\n        <div class=\"pxl-item--description el-empty\">Dans les ateliers turcs, la symbolique du c\u0153ur a toujours repr\u00e9sent\u00e9 l\u2019intimit\u00e9, la loyaut\u00e9 et le secret \u00e9motionnel.\nCe collier en est l\u2019h\u00e9ritier contemporain : une pi\u00e8ce fine, d\u00e9licate, dont l\u2019\u00e9clat varie comme les humeurs de celles qui la portent.\nLa zultanite, pierre identitaire des r\u00e9gions turques d\u2019Anatolie (ici recr\u00e9\u00e9e sous forme d\u2019oxyde de zirconium teint\u00e9), est reconnue pour son jeu de couleurs subtils.\nLes artisans d\u2019Istanbul taillent chaque c\u0153ur avec pr\u00e9cision avant de le sceller sous un rhodiage \u00e9clatant, digne des finitions ottomanes les plus raffin\u00e9es.<\/div>\r\n    <\/div>\r\n<\/div>\t\t\t\t<\/div>\n\t\t\t\t<\/div>\n\t\t\t\t<\/div>\r\n\t\t<div class=\"elementor-element elementor-element-0d32e84 e-con-full e-flex e-con e-child\" data-id=\"0d32e84\" data-element_type=\"container\" data-e-type=\"container\">\t\t<div class=\"elementor-element elementor-element-4220a1b elementor-widget elementor-widget-pxl_icon_box\" data-id=\"4220a1b\" data-element_type=\"widget\" data-e-type=\"widget\" data-widget_type=\"pxl_icon_box.default\">\n\t\t\t\t<div class=\"elementor-widget-container\">\n\t\t\t\t\t<div class=\"pxl-icon-box pxl-icon-box1 style-1\" data-wow-delay=\"ms\">\r\n    <div class=\"pxl-item--inner\">\r\n                    <div class=\"pxl-item--icon\">\r\n                <i aria-hidden=\"true\" class=\"fal fa-hamsa\"><\/i>            <\/div>\r\n                        <h3 class=\"pxl-item--title el-empty\">SYMBOLIQUE<\/h3>\r\n        <div class=\"pxl-item--description el-empty\">La zultanite symbolise l\u2019adaptabilit\u00e9, la sensibilit\u00e9 \u00e9motionnelle et la lumi\u00e8re int\u00e9rieure.\nSes nuances changeantes refl\u00e8tent l\u2019\u00e9tat d\u2019\u00e2me, passant du vert tendre aux tonalit\u00e9s p\u00eache ou champagne ros\u00e9.\nLe c\u0153ur, lui, \u00e9voque la sinc\u00e9rit\u00e9 et l\u2019intimit\u00e9, un symbole port\u00e9 pr\u00e8s de la peau comme une confidence silencieuse.\nLe collier devient ainsi un talisman discret, un miroir subtil de votre sensibilit\u00e9 du moment.<\/div>\r\n    <\/div>\r\n<\/div>\t\t\t\t<\/div>\n\t\t\t\t<\/div>\n\t\t\t\t<\/div>\r\n\t\t\t\t\t<\/div>\r\n\t\t\t\t<\/div>\r\n\t\t<div class=\"elementor-element elementor-element-4d39f81 e-flex e-con-boxed e-con e-parent\" data-id=\"4d39f81\" data-element_type=\"container\" data-e-type=\"container\">\t\t\t<div class=\"e-con-inner\">\r\n\t\t\t\t<div class=\"elementor-element elementor-element-ac3a2d7 elementor-widget elementor-widget-pxl_accordion\" data-id=\"ac3a2d7\" data-element_type=\"widget\" data-e-type=\"widget\" data-widget_type=\"pxl_accordion.default\">\n\t\t\t\t<div class=\"elementor-widget-container\">\n\t\t\t\t\t    <div class=\"pxl-accordion pxl-accordion1 style1\" data-wow-delay=\"ms\">\r\n                    <div class=\"pxl--item active\">\r\n                <h3 class=\"pxl-item-accordion\" data-target=\"#pxl-accordion-008dcdepxl_accordion-ac3a2d7-5662\">\r\n                    <i class=\"fa fa-angle-down\"><\/i>\r\n                    <span>Description<\/span>\r\n                    \r\n                <\/h3>\r\n                <div id=\"pxl-accordion-008dcdepxl_accordion-ac3a2d7-5662\" class=\"pxl-item--content\" style=\"display: block;\">Le Collier C\u0153ur Leyla-\u00c9clat est un secret suspendu au creux du cou.<br \/>\n<br \/>\nEn son centre, un c\u0153ur d\u2019oxyde de zirconium teint\u00e9 zultanite d\u00e9ploie toute sa magie.<br \/>\n<br \/>\nC\u2019est une pierre vivante qui capte l\u2019ambiance lumineuse pour se transformer : vert kiwi \u00e9clatant la nuit, nuances p\u00eache en plein jour, champagne ros\u00e9 \u00e0 la lumi\u00e8re douce.<br \/>\n<br \/>\nUn cam\u00e9l\u00e9on d\u2019\u00e9motions qui n\u2019impose rien et s\u2019adapte \u00e0 vous.<br \/>\n<br \/>\nLa finesse de la cha\u00eene en argent 925 massif met en valeur la pierre sans la surcharger.<br \/>\n<br \/>\nL\u2019ensemble est prot\u00e9g\u00e9 par un rhodiage pr\u00e9cieux, finition habituellement r\u00e9serv\u00e9e aux pi\u00e8ces haut de gamme.<br \/>\n<br \/>\nCe traitement apporte une brillance blanche incomparable et une r\u00e9sistance durable au ternissement.<br \/>\n<br \/>\nPort\u00e9 comme un bijou intime, le Collier Leyla-\u00c9clat devient un dialogue silencieux entre vous et la lumi\u00e8re.<br \/>\n<br \/>\nIl refl\u00e8te votre humeur, r\u00e9v\u00e8le votre \u00e9l\u00e9gance naturelle et offre un luxe discret, pens\u00e9 pour durer.<br \/>\n<br \/>\nC\u2019est un classique personnel, un bijou qui se glisse sur la peau et qui accompagne chaque moment de la journ\u00e9e.<\/div>\r\n            <\/div>\r\n                    <div class=\"pxl--item\">\r\n                <h3 class=\"pxl-item-accordion\" data-target=\"#pxl-accordion-8dda546pxl_accordion-ac3a2d7-5662\">\r\n                    <i class=\"fa fa-angle-down\"><\/i>\r\n                    <span>Caract\u00e9ristiques :<\/span>\r\n                    \r\n                <\/h3>\r\n                <div id=\"pxl-accordion-8dda546pxl_accordion-ac3a2d7-5662\" class=\"pxl-item--content\" >- M\u00e9tal : Argent Sterling 925 massif<br \/>\n- Finition : Rhodi\u00e9 (rev\u00eatement brillant et protecteur)<br \/>\n- Pierre principale : Oxyde de zirconium teint\u00e9 zultanite<br \/>\n- Pierres lat\u00e9rales : Aucune<br \/>\n- Poids total : 3.20 g<br \/>\n- Longueur : 40 + 5 cm (cha\u00eene r\u00e9glable)<br \/>\n- Origine : Fabriqu\u00e9 en Turquie<br \/>\n- Inclus : Certificat d\u2019authenticit\u00e9 + pochette de rangement<br \/>\n- Garantie : 1 an<\/div>\r\n            <\/div>\r\n                    <div class=\"pxl--item\">\r\n                <h3 class=\"pxl-item-accordion\" data-target=\"#pxl-accordion-b0764d1pxl_accordion-ac3a2d7-5662\">\r\n                    <i class=\"fa fa-angle-down\"><\/i>\r\n                    <span>Conseils d'entretien :<\/span>\r\n                    \r\n                <\/h3>\r\n                <div id=\"pxl-accordion-b0764d1pxl_accordion-ac3a2d7-5662\" class=\"pxl-item--content\" >- \u00c9vitez le contact avec l\u2019eau sal\u00e9e, le parfum et les produits chimiques.<br \/>\n- Nettoyez avec un chiffon doux et sec apr\u00e8s chaque usage.<br \/>\n- Rangez vos bijoux dans leur pochette ou \u00e9crin d\u2019origine \u00e0 l\u2019abri de la lumi\u00e8re.<\/div>\r\n            <\/div>\r\n            <\/div>\r\n\t\t\t\t<\/div>\n\t\t\t\t<\/div>\n\t\t\t\t\t<\/div>\r\n\t\t\t\t<\/div>\r\n\t\t\t\t<\/div>","protected":false},"excerpt":{"rendered":"<p data-start=\"8482\" data-end=\"8757\">Le <strong data-start=\"622\" data-end=\"650\">Collier C\u0153ur Leyla-\u00c9clat<\/strong> en <strong data-start=\"654\" data-end=\"675\">argent 925 rhodi\u00e9<\/strong> r\u00e9v\u00e8le un c\u0153ur d\u2019oxyde de zirconium teint\u00e9 zultanite, c\u00e9l\u00e8bre pour ses reflets changeants.<\/p>\n<p data-start=\"8482\" data-end=\"8757\">Un bijou minimaliste et po\u00e9tique fa\u00e7onn\u00e9 en Turquie, pens\u00e9 pour capturer la lumi\u00e8re avec douceur.<\/p>","protected":false},"featured_media":6986,"template":"","meta":[],"product_brand":[53],"product_cat":[25],"product_tag":[],"class_list":{"0":"post-6984","1":"product","2":"type-product","3":"status-publish","4":"has-post-thumbnail","6":"product_brand-turquaz-store","7":"product_cat-colliers-pendentifs","9":"first","10":"instock","11":"purchasable","12":"product-type-simple"},"_links":{"self":[{"href":"https:\/\/turquaz-store.fr\/en\/wp-json\/wp\/v2\/product\/6984","targetHints":{"allow":["GET"]}}],"collection":[{"href":"https:\/\/turquaz-store.fr\/en\/wp-json\/wp\/v2\/product"}],"about":[{"href":"https:\/\/turquaz-store.fr\/en\/wp-json\/wp\/v2\/types\/product"}],"version-history":[{"count":10,"href":"https:\/\/turquaz-store.fr\/en\/wp-json\/wp\/v2\/product\/6984\/revisions"}],"predecessor-version":[{"id":8602,"href":"https:\/\/turquaz-store.fr\/en\/wp-json\/wp\/v2\/product\/6984\/revisions\/8602"}],"wp:featuredmedia":[{"embeddable":true,"href":"https:\/\/turquaz-store.fr\/en\/wp-json\/wp\/v2\/media\/6986"}],"wp:attachment":[{"href":"https:\/\/turquaz-store.fr\/en\/wp-json\/wp\/v2\/media?parent=6984"}],"wp:term":[{"taxonomy":"product_brand","embeddable":true,"href":"https:\/\/turquaz-store.fr\/en\/wp-json\/wp\/v2\/product_brand?post=6984"},{"taxonomy":"product_cat","embeddable":true,"href":"https:\/\/turquaz-store.fr\/en\/wp-json\/wp\/v2\/product_cat?post=6984"},{"taxonomy":"product_tag","embeddable":true,"href":"https:\/\/turquaz-store.fr\/en\/wp-json\/wp\/v2\/product_tag?post=6984"}],"curies":[{"name":"wp","href":"https:\/\/api.w.org\/{rel}","templated":true}]}}