{"id":7001,"date":"2025-11-17T16:53:22","date_gmt":"2025-11-17T14:53:22","guid":{"rendered":"https:\/\/turquaz-store.fr\/?post_type=product&#038;p=7001"},"modified":"2025-11-29T23:53:33","modified_gmt":"2025-11-29T21:53:33","slug":"collier-llayda-delicate","status":"publish","type":"product","link":"https:\/\/turquaz-store.fr\/en\/product\/collier-llayda-delicate\/","title":{"rendered":"Collier Ilayda D\u00e9licate"},"content":{"rendered":"<div data-elementor-type=\"wp-post\" data-elementor-id=\"7001\" class=\"elementor elementor-7001\" data-elementor-post-type=\"product\">\n\t\t\t\t<div class=\"elementor-element elementor-element-8469bb2 e-flex e-con-boxed e-con e-parent\" data-id=\"8469bb2\" data-element_type=\"container\" data-e-type=\"container\">\t\t\t<div class=\"e-con-inner\">\r\n\t\t<div class=\"elementor-element elementor-element-9c6d526 e-con-full e-flex e-con e-child\" data-id=\"9c6d526\" data-element_type=\"container\" data-e-type=\"container\" data-settings=\"{&quot;background_background&quot;:&quot;classic&quot;}\">\t\t<div class=\"elementor-element elementor-element-efacd16 elementor-widget elementor-widget-pxl_icon_box\" data-id=\"efacd16\" data-element_type=\"widget\" data-e-type=\"widget\" data-widget_type=\"pxl_icon_box.default\">\n\t\t\t\t<div class=\"elementor-widget-container\">\n\t\t\t\t\t<div class=\"pxl-icon-box pxl-icon-box1 style-1\" data-wow-delay=\"ms\">\r\n    <div class=\"pxl-item--inner\">\r\n                    <div class=\"pxl-item--icon\">\r\n                <i aria-hidden=\"true\" class=\"fal fa-graduation-cap\"><\/i>            <\/div>\r\n                        <h3 class=\"pxl-item--title el-empty\">HISTOIRE<\/h3>\r\n        <div class=\"pxl-item--description el-empty\">Le triangle invers\u00e9 est l\u2019un des symboles les plus anciens du f\u00e9minin sacr\u00e9.\nDans les traditions tantriques comme dans les cultures anatoliennes, il repr\u00e9sente la source cr\u00e9atrice, l\u2019intuition et le pouvoir int\u00e9rieur de transformation.\nLes artisans turcs ont depuis toujours fa\u00e7onn\u00e9 des bijoux triangulaires pour honorer cette \u00e9nergie Shakti.\nLe Collier Ilayda D\u00e9licate s\u2019inscrit dans cette lign\u00e9e : un pendentif de g\u00e9om\u00e9trie sacr\u00e9e, pav\u00e9 de turquoise, suspendu \u00e0 une cha\u00eene d\u00e9licate en argent 925 dor\u00e9 or 16K.<\/div>\r\n    <\/div>\r\n<\/div>\t\t\t\t<\/div>\n\t\t\t\t<\/div>\n\t\t\t\t<\/div>\r\n\t\t<div class=\"elementor-element elementor-element-0d32e84 e-con-full e-flex e-con e-child\" data-id=\"0d32e84\" data-element_type=\"container\" data-e-type=\"container\">\t\t<div class=\"elementor-element elementor-element-4220a1b elementor-widget elementor-widget-pxl_icon_box\" data-id=\"4220a1b\" data-element_type=\"widget\" data-e-type=\"widget\" data-widget_type=\"pxl_icon_box.default\">\n\t\t\t\t<div class=\"elementor-widget-container\">\n\t\t\t\t\t<div class=\"pxl-icon-box pxl-icon-box1 style-1\" data-wow-delay=\"ms\">\r\n    <div class=\"pxl-item--inner\">\r\n                    <div class=\"pxl-item--icon\">\r\n                <i aria-hidden=\"true\" class=\"fal fa-hamsa\"><\/i>            <\/div>\r\n                        <h3 class=\"pxl-item--title el-empty\">SYMBOLIQUE<\/h3>\r\n        <div class=\"pxl-item--description el-empty\">La turquoise est la pierre du calme profond, de la paix int\u00e9rieure et de la communication sinc\u00e8re.\nElle adoucit les \u00e9motions, stabilise l\u2019esprit et facilite la connexion \u00e0 l\u2019intuition.\nAssoci\u00e9e \u00e0 la forme triangulaire sacr\u00e9e, elle devient un symbole d\u2019\u00e9nergie cr\u00e9atrice, de clart\u00e9 et d\u2019alignement int\u00e9rieur.\nPorter ce collier, c\u2019est ancrer pr\u00e8s du c\u0153ur un rappel subtil de votre force f\u00e9minine et de votre harmonie.<\/div>\r\n    <\/div>\r\n<\/div>\t\t\t\t<\/div>\n\t\t\t\t<\/div>\n\t\t\t\t<\/div>\r\n\t\t\t\t\t<\/div>\r\n\t\t\t\t<\/div>\r\n\t\t<div class=\"elementor-element elementor-element-4d39f81 e-flex e-con-boxed e-con e-parent\" data-id=\"4d39f81\" data-element_type=\"container\" data-e-type=\"container\">\t\t\t<div class=\"e-con-inner\">\r\n\t\t\t\t<div class=\"elementor-element elementor-element-ac3a2d7 elementor-widget elementor-widget-pxl_accordion\" data-id=\"ac3a2d7\" data-element_type=\"widget\" data-e-type=\"widget\" data-widget_type=\"pxl_accordion.default\">\n\t\t\t\t<div class=\"elementor-widget-container\">\n\t\t\t\t\t    <div class=\"pxl-accordion pxl-accordion1 style1\" data-wow-delay=\"ms\">\r\n                    <div class=\"pxl--item active\">\r\n                <h3 class=\"pxl-item-accordion\" data-target=\"#pxl-accordion-008dcdepxl_accordion-ac3a2d7-1893\">\r\n                    <i class=\"fa fa-angle-down\"><\/i>\r\n                    <span>Description<\/span>\r\n                    \r\n                <\/h3>\r\n                <div id=\"pxl-accordion-008dcdepxl_accordion-ac3a2d7-1893\" class=\"pxl-item--content\" style=\"display: block;\">Inspir\u00e9 du symbole tantrique Yoni, le Collier Ilayda D\u00e9licate \u00e9voque l\u2019\u00e9nergie Shakti, puissance cr\u00e9atrice au c\u0153ur du f\u00e9minin sacr\u00e9.<br \/>\n<br \/>\nSon pendentif triangulaire, enti\u00e8rement fa\u00e7onn\u00e9 \u00e0 la main, est pav\u00e9 de turquoises v\u00e9ritables, gemmes reconnues pour diffuser une aura de paix et de stabilit\u00e9 int\u00e9rieure.<br \/>\n<br \/>\nMont\u00e9 sur une cha\u00eene fine en argent 925 massif, recouverte d\u2019une dorure or 16 carats de 1,5 microns, ce collier capte la lumi\u00e8re avec douceur et \u00e9l\u00e9gance.<br \/>\n<br \/>\nCon\u00e7u pour se poser d\u00e9licatement au creux du cou, Ilayda devient un point d\u2019ancrage intime.<br \/>\n<br \/>\nChaque pierre, chaque angle du triangle est pens\u00e9 pour \u00e9quilibrer l\u2019\u00e9nergie, rappeler la cr\u00e9ativit\u00e9 naturelle et r\u00e9activer l\u2019intuition.<br \/>\n<br \/>\nLe travail artisanal des ma\u00eetres turcs conf\u00e8re au bijou une \u00e2me v\u00e9ritable, loin de l\u2019uniformit\u00e9 industrielle.<br \/>\n<br \/>\nC\u2019est un talisman qui se transmet, un secret d\u2019\u00e9l\u00e9gance dont la valeur narrative et symbolique grandit avec le temps.<br \/>\n<br \/>\nEn le portant, vous faites entrer dans votre quotidien un murmure d\u2019histoire, une g\u00e9om\u00e9trie sacr\u00e9e et une lumi\u00e8re int\u00e9rieure.<\/div>\r\n            <\/div>\r\n                    <div class=\"pxl--item\">\r\n                <h3 class=\"pxl-item-accordion\" data-target=\"#pxl-accordion-8dda546pxl_accordion-ac3a2d7-1893\">\r\n                    <i class=\"fa fa-angle-down\"><\/i>\r\n                    <span>Caract\u00e9ristiques :<\/span>\r\n                    \r\n                <\/h3>\r\n                <div id=\"pxl-accordion-8dda546pxl_accordion-ac3a2d7-1893\" class=\"pxl-item--content\" >- M\u00e9tal : Argent Sterling 925 massif<br \/>\n- Finition : Dor\u00e9 Or 16 carats (1,5 microns)<br \/>\n- Pierre principale : Turquoise v\u00e9ritable<br \/>\n- Pierres lat\u00e9rales : Aucune<br \/>\n- Poids total : 1.80 g<br \/>\n- Longueur : 40 + 5 cm (r\u00e9glable)<br \/>\n- Origine : Fait main par nos ma\u00eetres-artisans en Turquie<br \/>\n- Inclus : Pochette Turquaz + certificat d\u2019authenticit\u00e9<br \/>\n- Garantie : 1 an<\/div>\r\n            <\/div>\r\n                    <div class=\"pxl--item\">\r\n                <h3 class=\"pxl-item-accordion\" data-target=\"#pxl-accordion-b0764d1pxl_accordion-ac3a2d7-1893\">\r\n                    <i class=\"fa fa-angle-down\"><\/i>\r\n                    <span>Conseils d'entretien :<\/span>\r\n                    \r\n                <\/h3>\r\n                <div id=\"pxl-accordion-b0764d1pxl_accordion-ac3a2d7-1893\" class=\"pxl-item--content\" >- \u00c9vitez le contact avec l\u2019eau sal\u00e9e, le parfum et les produits chimiques.<br \/>\n- Nettoyez avec un chiffon doux et sec apr\u00e8s chaque usage.<br \/>\n- Rangez vos bijoux dans leur pochette ou \u00e9crin d\u2019origine \u00e0 l\u2019abri de la lumi\u00e8re.<\/div>\r\n            <\/div>\r\n            <\/div>\r\n\t\t\t\t<\/div>\n\t\t\t\t<\/div>\n\t\t\t\t\t<\/div>\r\n\t\t\t\t<\/div>\r\n\t\t\t\t<\/div>","protected":false},"excerpt":{"rendered":"<p data-start=\"8482\" data-end=\"8757\">Le <strong data-start=\"535\" data-end=\"562\">Collier Ilayda D\u00e9licate<\/strong> en <strong data-start=\"566\" data-end=\"592\">argent 925 dor\u00e9 or 16K<\/strong> r\u00e9v\u00e8le un pendentif triangulaire pav\u00e9 de turquoises v\u00e9ritables, symbole d\u2019\u00e9nergie cr\u00e9atrice et d\u2019\u00e9quilibre int\u00e9rieur.<\/p>\n<p data-start=\"8482\" data-end=\"8757\">Un talisman artisanal fa\u00e7onn\u00e9 en Turquie, inspir\u00e9 du principe Yoni Shakti.<\/p>","protected":false},"featured_media":7002,"template":"","meta":[],"product_brand":[53],"product_cat":[25],"product_tag":[],"class_list":{"0":"post-7001","1":"product","2":"type-product","3":"status-publish","4":"has-post-thumbnail","6":"product_brand-turquaz-store","7":"product_cat-colliers-pendentifs","9":"first","10":"instock","11":"purchasable","12":"product-type-simple"},"_links":{"self":[{"href":"https:\/\/turquaz-store.fr\/en\/wp-json\/wp\/v2\/product\/7001","targetHints":{"allow":["GET"]}}],"collection":[{"href":"https:\/\/turquaz-store.fr\/en\/wp-json\/wp\/v2\/product"}],"about":[{"href":"https:\/\/turquaz-store.fr\/en\/wp-json\/wp\/v2\/types\/product"}],"version-history":[{"count":7,"href":"https:\/\/turquaz-store.fr\/en\/wp-json\/wp\/v2\/product\/7001\/revisions"}],"predecessor-version":[{"id":7906,"href":"https:\/\/turquaz-store.fr\/en\/wp-json\/wp\/v2\/product\/7001\/revisions\/7906"}],"wp:featuredmedia":[{"embeddable":true,"href":"https:\/\/turquaz-store.fr\/en\/wp-json\/wp\/v2\/media\/7002"}],"wp:attachment":[{"href":"https:\/\/turquaz-store.fr\/en\/wp-json\/wp\/v2\/media?parent=7001"}],"wp:term":[{"taxonomy":"product_brand","embeddable":true,"href":"https:\/\/turquaz-store.fr\/en\/wp-json\/wp\/v2\/product_brand?post=7001"},{"taxonomy":"product_cat","embeddable":true,"href":"https:\/\/turquaz-store.fr\/en\/wp-json\/wp\/v2\/product_cat?post=7001"},{"taxonomy":"product_tag","embeddable":true,"href":"https:\/\/turquaz-store.fr\/en\/wp-json\/wp\/v2\/product_tag?post=7001"}],"curies":[{"name":"wp","href":"https:\/\/api.w.org\/{rel}","templated":true}]}}