{"id":7010,"date":"2025-11-17T17:02:13","date_gmt":"2025-11-17T15:02:13","guid":{"rendered":"https:\/\/turquaz-store.fr\/?post_type=product&#038;p=7010"},"modified":"2026-02-17T17:53:54","modified_gmt":"2026-02-17T16:53:54","slug":"collier-nar-d-eden","status":"publish","type":"product","link":"https:\/\/turquaz-store.fr\/en\/product\/collier-nar-d-eden\/","title":{"rendered":"Collier Nar d&rsquo;Eden"},"content":{"rendered":"<div data-elementor-type=\"wp-post\" data-elementor-id=\"7010\" class=\"elementor elementor-7010\" data-elementor-post-type=\"product\">\n\t\t\t\t<div class=\"elementor-element elementor-element-8469bb2 e-flex e-con-boxed e-con e-parent\" data-id=\"8469bb2\" data-element_type=\"container\" data-e-type=\"container\">\t\t\t<div class=\"e-con-inner\">\r\n\t\t<div class=\"elementor-element elementor-element-9c6d526 e-con-full e-flex e-con e-child\" data-id=\"9c6d526\" data-element_type=\"container\" data-e-type=\"container\" data-settings=\"{&quot;background_background&quot;:&quot;classic&quot;}\">\t\t<div class=\"elementor-element elementor-element-efacd16 elementor-widget elementor-widget-pxl_icon_box\" data-id=\"efacd16\" data-element_type=\"widget\" data-e-type=\"widget\" data-widget_type=\"pxl_icon_box.default\">\n\t\t\t\t<div class=\"elementor-widget-container\">\n\t\t\t\t\t<div class=\"pxl-icon-box pxl-icon-box1 style-1\" data-wow-delay=\"ms\">\r\n    <div class=\"pxl-item--inner\">\r\n                    <div class=\"pxl-item--icon\">\r\n                <i aria-hidden=\"true\" class=\"fal fa-graduation-cap\"><\/i>            <\/div>\r\n                        <h3 class=\"pxl-item--title el-empty\">HISTOIRE<\/h3>\r\n        <div class=\"pxl-item--description el-empty\">Dans l\u2019Anatolie antique, la grenade \u00e9tait consid\u00e9r\u00e9e comme un fruit sacr\u00e9, symbole de fertilit\u00e9, de prosp\u00e9rit\u00e9 et de renaissance.\nLes artisans ottomans reproduisaient souvent sa forme dans des bijoux protecteurs, destin\u00e9s \u00e0 porter chance et abondance.\nLe Collier Nar d\u2019Eden perp\u00e9tue cette tradition avec un pendentif fa\u00e7onn\u00e9 \u00e0 la main, dont les nuances rose grenat et violet am\u00e9thyste \u00e9voquent les grains pr\u00e9cieux du fruit.\nC\u2019est un hommage \u00e0 un symbole ancestral, r\u00e9interpr\u00e9t\u00e9 avec un sens aiguis\u00e9 du luxe artisanal.<\/div>\r\n    <\/div>\r\n<\/div>\t\t\t\t<\/div>\n\t\t\t\t<\/div>\n\t\t\t\t<\/div>\r\n\t\t<div class=\"elementor-element elementor-element-0d32e84 e-con-full e-flex e-con e-child\" data-id=\"0d32e84\" data-element_type=\"container\" data-e-type=\"container\">\t\t<div class=\"elementor-element elementor-element-4220a1b elementor-widget elementor-widget-pxl_icon_box\" data-id=\"4220a1b\" data-element_type=\"widget\" data-e-type=\"widget\" data-widget_type=\"pxl_icon_box.default\">\n\t\t\t\t<div class=\"elementor-widget-container\">\n\t\t\t\t\t<div class=\"pxl-icon-box pxl-icon-box1 style-1\" data-wow-delay=\"ms\">\r\n    <div class=\"pxl-item--inner\">\r\n                    <div class=\"pxl-item--icon\">\r\n                <i aria-hidden=\"true\" class=\"fal fa-hamsa\"><\/i>            <\/div>\r\n                        <h3 class=\"pxl-item--title el-empty\">SYMBOLIQUE<\/h3>\r\n        <div class=\"pxl-item--description el-empty\">La grenade repr\u00e9sente la richesse int\u00e9rieure, la f\u00e9condit\u00e9 cr\u00e9ative et l\u2019abondance.\nL\u2019oxyde de zirconium teint\u00e9 grenat \u00e9voque la vitalit\u00e9, la force et l\u2019\u00e9nergie de vie.\nL\u2019oxyde de zirconium teint\u00e9 am\u00e9thyste symbolise la paix de l\u2019esprit, la sagesse intuitive et l\u2019\u00e9l\u00e9vation \u00e9motionnelle.\nEnsemble, ils cr\u00e9ent un gradient lumineux qui incarne la croissance, l\u2019\u00e9quilibre et la prosp\u00e9rit\u00e9.<\/div>\r\n    <\/div>\r\n<\/div>\t\t\t\t<\/div>\n\t\t\t\t<\/div>\n\t\t\t\t<\/div>\r\n\t\t\t\t\t<\/div>\r\n\t\t\t\t<\/div>\r\n\t\t<div class=\"elementor-element elementor-element-4d39f81 e-flex e-con-boxed e-con e-parent\" data-id=\"4d39f81\" data-element_type=\"container\" data-e-type=\"container\">\t\t\t<div class=\"e-con-inner\">\r\n\t\t\t\t<div class=\"elementor-element elementor-element-ac3a2d7 elementor-widget elementor-widget-pxl_accordion\" data-id=\"ac3a2d7\" data-element_type=\"widget\" data-e-type=\"widget\" data-widget_type=\"pxl_accordion.default\">\n\t\t\t\t<div class=\"elementor-widget-container\">\n\t\t\t\t\t    <div class=\"pxl-accordion pxl-accordion1 style1\" data-wow-delay=\"ms\">\r\n                    <div class=\"pxl--item active\">\r\n                <h3 class=\"pxl-item-accordion\" data-target=\"#pxl-accordion-008dcdepxl_accordion-ac3a2d7-4375\">\r\n                    <i class=\"fa fa-angle-down\"><\/i>\r\n                    <span>Description<\/span>\r\n                    \r\n                <\/h3>\r\n                <div id=\"pxl-accordion-008dcdepxl_accordion-ac3a2d7-4375\" class=\"pxl-item--content\" style=\"display: block;\">Le Collier Nar d\u2019Eden est un murmure d\u2019Anatolie, une ode \u00e0 la fertilit\u00e9 symbolique et \u00e0 l\u2019abondance.<br \/>\n<br \/>\nSur une \u00e2me noble en argent 925 massif, nos ma\u00eetres-artisans appliquent une dorure or 16 carats qui enveloppe le bijou d\u2019une chaleur luxueuse.<br \/>\n<br \/>\nLe pendentif, inspir\u00e9 de la silhouette de la grenade sacr\u00e9e, est enti\u00e8rement pav\u00e9 d\u2019un d\u00e9grad\u00e9 d\u2019oxydes de zirconium teint\u00e9s grenat et am\u00e9thyste.<br \/>\n<br \/>\nLeurs nuances, allant du rose tendre au pourpre profond, cr\u00e9ent un effet gradient vibrant qui capture l\u2019essence de la vie et du renouveau.<br \/>\n<br \/>\nCe collier n\u2019est pas un simple accessoire mais un talisman personnel, un point d\u2019ancrage port\u00e9 pr\u00e8s du c\u0153ur.<br \/>\n<br \/>\nLe grenat symbolique vous relie \u00e0 la puissance vitale, tandis que l\u2019am\u00e9thyste adoucit les \u00e9motions et clarifie l\u2019esprit.<br \/>\n<br \/>\nC\u2019est une pi\u00e8ce qui raconte une histoire, un fragment de culture ottomane rehauss\u00e9 de modernit\u00e9, fa\u00e7onn\u00e9 loin de toute production de masse.<br \/>\n<br \/>\nPort\u00e9 chaque jour, il devient un gardien discret de votre richesse int\u00e9rieure, un bijou lumineux dont la valeur narrative et \u00e9motionnelle grandit avec le temps.<\/div>\r\n            <\/div>\r\n                    <div class=\"pxl--item\">\r\n                <h3 class=\"pxl-item-accordion\" data-target=\"#pxl-accordion-8dda546pxl_accordion-ac3a2d7-4375\">\r\n                    <i class=\"fa fa-angle-down\"><\/i>\r\n                    <span>Caract\u00e9ristiques :<\/span>\r\n                    \r\n                <\/h3>\r\n                <div id=\"pxl-accordion-8dda546pxl_accordion-ac3a2d7-4375\" class=\"pxl-item--content\" >- M\u00e9tal : Argent Sterling 925 massif<br \/>\n- Finition : Dor\u00e9 Or 16 carats (1,5 microns)<br \/>\n- Pierre principale : Oxyde de zirconium teint\u00e9 grenat<br \/>\n- Pierres secondaires : Oxyde de zirconium teint\u00e9 am\u00e9thyste<br \/>\n- Effet : D\u00e9grad\u00e9 \u201cgradient\u201d<br \/>\n- Poids total : 1.85 g<br \/>\n- Longueur : 42 + 3 cm<br \/>\n- Origine : Fait main en Turquie<br \/>\n- Inclus : Certificat d\u2019authenticit\u00e9 + pochette de rangement<br \/>\n- Garantie : 1 an<\/div>\r\n            <\/div>\r\n                    <div class=\"pxl--item\">\r\n                <h3 class=\"pxl-item-accordion\" data-target=\"#pxl-accordion-b0764d1pxl_accordion-ac3a2d7-4375\">\r\n                    <i class=\"fa fa-angle-down\"><\/i>\r\n                    <span>Conseils d'entretien :<\/span>\r\n                    \r\n                <\/h3>\r\n                <div id=\"pxl-accordion-b0764d1pxl_accordion-ac3a2d7-4375\" class=\"pxl-item--content\" >- \u00c9vitez le contact avec l\u2019eau sal\u00e9e, le parfum et les produits chimiques.<br \/>\n- Nettoyez avec un chiffon doux et sec apr\u00e8s chaque usage.<br \/>\n- Rangez vos bijoux dans leur pochette ou \u00e9crin d\u2019origine \u00e0 l\u2019abri de la lumi\u00e8re.<\/div>\r\n            <\/div>\r\n            <\/div>\r\n\t\t\t\t<\/div>\n\t\t\t\t<\/div>\n\t\t\t\t\t<\/div>\r\n\t\t\t\t<\/div>\r\n\t\t\t\t<\/div>","protected":false},"excerpt":{"rendered":"<p data-start=\"8482\" data-end=\"8757\">Le <strong data-start=\"962\" data-end=\"984\">Collier Nar d\u2019Eden<\/strong> en <strong data-start=\"988\" data-end=\"1014\">argent 925 dor\u00e9 or 16K<\/strong> c\u00e9l\u00e8bre l\u2019abondance \u00e0 travers un pendentif grenade pav\u00e9 d\u2019oxydes de zirconium grenat et am\u00e9thyste.<\/p>\n<p data-start=\"8482\" data-end=\"8757\">Un talisman d\u2019\u00e9l\u00e9gance, fa\u00e7onn\u00e9 \u00e0 la main en Turquie pour diffuser prosp\u00e9rit\u00e9 et intuition.<\/p>","protected":false},"featured_media":7310,"template":"","meta":[],"product_brand":[53],"product_cat":[25],"product_tag":[],"class_list":{"0":"post-7010","1":"product","2":"type-product","3":"status-publish","4":"has-post-thumbnail","6":"product_brand-turquaz-store","7":"product_cat-colliers-pendentifs","9":"first","10":"instock","11":"purchasable","12":"product-type-simple"},"_links":{"self":[{"href":"https:\/\/turquaz-store.fr\/en\/wp-json\/wp\/v2\/product\/7010","targetHints":{"allow":["GET"]}}],"collection":[{"href":"https:\/\/turquaz-store.fr\/en\/wp-json\/wp\/v2\/product"}],"about":[{"href":"https:\/\/turquaz-store.fr\/en\/wp-json\/wp\/v2\/types\/product"}],"version-history":[{"count":8,"href":"https:\/\/turquaz-store.fr\/en\/wp-json\/wp\/v2\/product\/7010\/revisions"}],"predecessor-version":[{"id":7909,"href":"https:\/\/turquaz-store.fr\/en\/wp-json\/wp\/v2\/product\/7010\/revisions\/7909"}],"wp:featuredmedia":[{"embeddable":true,"href":"https:\/\/turquaz-store.fr\/en\/wp-json\/wp\/v2\/media\/7310"}],"wp:attachment":[{"href":"https:\/\/turquaz-store.fr\/en\/wp-json\/wp\/v2\/media?parent=7010"}],"wp:term":[{"taxonomy":"product_brand","embeddable":true,"href":"https:\/\/turquaz-store.fr\/en\/wp-json\/wp\/v2\/product_brand?post=7010"},{"taxonomy":"product_cat","embeddable":true,"href":"https:\/\/turquaz-store.fr\/en\/wp-json\/wp\/v2\/product_cat?post=7010"},{"taxonomy":"product_tag","embeddable":true,"href":"https:\/\/turquaz-store.fr\/en\/wp-json\/wp\/v2\/product_tag?post=7010"}],"curies":[{"name":"wp","href":"https:\/\/api.w.org\/{rel}","templated":true}]}}