{"id":7015,"date":"2025-11-17T17:14:40","date_gmt":"2025-11-17T15:14:40","guid":{"rendered":"https:\/\/turquaz-store.fr\/?post_type=product&#038;p=7015"},"modified":"2025-11-29T23:56:06","modified_gmt":"2025-11-29T21:56:06","slug":"collier-mavi-ruya","status":"publish","type":"product","link":"https:\/\/turquaz-store.fr\/en\/product\/collier-mavi-ruya\/","title":{"rendered":"Collier Mavi R\u00fbya"},"content":{"rendered":"<div data-elementor-type=\"wp-post\" data-elementor-id=\"7015\" class=\"elementor elementor-7015\" data-elementor-post-type=\"product\">\n\t\t\t\t<div class=\"elementor-element elementor-element-8469bb2 e-flex e-con-boxed e-con e-parent\" data-id=\"8469bb2\" data-element_type=\"container\" data-e-type=\"container\">\t\t\t<div class=\"e-con-inner\">\r\n\t\t<div class=\"elementor-element elementor-element-9c6d526 e-con-full e-flex e-con e-child\" data-id=\"9c6d526\" data-element_type=\"container\" data-e-type=\"container\" data-settings=\"{&quot;background_background&quot;:&quot;classic&quot;}\">\t\t<div class=\"elementor-element elementor-element-efacd16 elementor-widget elementor-widget-pxl_icon_box\" data-id=\"efacd16\" data-element_type=\"widget\" data-e-type=\"widget\" data-widget_type=\"pxl_icon_box.default\">\n\t\t\t\t<div class=\"elementor-widget-container\">\n\t\t\t\t\t<div class=\"pxl-icon-box pxl-icon-box1 style-1\" data-wow-delay=\"ms\">\r\n    <div class=\"pxl-item--inner\">\r\n                    <div class=\"pxl-item--icon\">\r\n                <i aria-hidden=\"true\" class=\"fal fa-graduation-cap\"><\/i>            <\/div>\r\n                        <h3 class=\"pxl-item--title el-empty\">HISTOIRE<\/h3>\r\n        <div class=\"pxl-item--description el-empty\">Mavi R\u00fbya signifie \u00ab r\u00eave bleu \u00bb, un nom emprunt\u00e9 \u00e0 la po\u00e9sie anatolienne o\u00f9 le bleu \u00e9voque le calme, la sagesse et l\u2019introspection.\nDans l\u2019artisanat turc, les m\u00e9daillons ronds \u00e9taient souvent port\u00e9s pour ancrer l\u2019esprit et apaiser les \u00e9motions.\nLes artisans d\u2019Anatolie utilisaient d\u00e9j\u00e0 la turquoise et l\u2019opale pour symboliser la s\u00e9r\u00e9nit\u00e9 int\u00e9rieure et la clart\u00e9 mentale.\nCe collier perp\u00e9tue cette tradition avec un travail minutieux qui allie opale v\u00e9ritable, m\u00e9tal pr\u00e9cieux et dorure raffin\u00e9e.<\/div>\r\n    <\/div>\r\n<\/div>\t\t\t\t<\/div>\n\t\t\t\t<\/div>\n\t\t\t\t<\/div>\r\n\t\t<div class=\"elementor-element elementor-element-0d32e84 e-con-full e-flex e-con e-child\" data-id=\"0d32e84\" data-element_type=\"container\" data-e-type=\"container\">\t\t<div class=\"elementor-element elementor-element-4220a1b elementor-widget elementor-widget-pxl_icon_box\" data-id=\"4220a1b\" data-element_type=\"widget\" data-e-type=\"widget\" data-widget_type=\"pxl_icon_box.default\">\n\t\t\t\t<div class=\"elementor-widget-container\">\n\t\t\t\t\t<div class=\"pxl-icon-box pxl-icon-box1 style-1\" data-wow-delay=\"ms\">\r\n    <div class=\"pxl-item--inner\">\r\n                    <div class=\"pxl-item--icon\">\r\n                <i aria-hidden=\"true\" class=\"fal fa-hamsa\"><\/i>            <\/div>\r\n                        <h3 class=\"pxl-item--title el-empty\">SYMBOLIQUE<\/h3>\r\n        <div class=\"pxl-item--description el-empty\">L\u2019opale bleue est une pierre li\u00e9e \u00e0 l\u2019intuition, au calme int\u00e9rieur et \u00e0 l\u2019expression \u00e9motionnelle harmonieuse.\nElle fluidifie les pens\u00e9es, apaise les tensions et invite \u00e0 une connexion plus douce avec soi-m\u00eame.\nLe pendentif rond symbolise le cycle, l\u2019\u00e9quilibre et la continuit\u00e9 de l\u2019esprit.\nEnsemble, ils composent un talisman de paix profonde, parfait pour accompagner les journ\u00e9es exigeantes comme les moments de recentrage.<\/div>\r\n    <\/div>\r\n<\/div>\t\t\t\t<\/div>\n\t\t\t\t<\/div>\n\t\t\t\t<\/div>\r\n\t\t\t\t\t<\/div>\r\n\t\t\t\t<\/div>\r\n\t\t<div class=\"elementor-element elementor-element-4d39f81 e-flex e-con-boxed e-con e-parent\" data-id=\"4d39f81\" data-element_type=\"container\" data-e-type=\"container\">\t\t\t<div class=\"e-con-inner\">\r\n\t\t\t\t<div class=\"elementor-element elementor-element-ac3a2d7 elementor-widget elementor-widget-pxl_accordion\" data-id=\"ac3a2d7\" data-element_type=\"widget\" data-e-type=\"widget\" data-widget_type=\"pxl_accordion.default\">\n\t\t\t\t<div class=\"elementor-widget-container\">\n\t\t\t\t\t    <div class=\"pxl-accordion pxl-accordion1 style1\" data-wow-delay=\"ms\">\r\n                    <div class=\"pxl--item active\">\r\n                <h3 class=\"pxl-item-accordion\" data-target=\"#pxl-accordion-008dcdepxl_accordion-ac3a2d7-3211\">\r\n                    <i class=\"fa fa-angle-down\"><\/i>\r\n                    <span>Description<\/span>\r\n                    \r\n                <\/h3>\r\n                <div id=\"pxl-accordion-008dcdepxl_accordion-ac3a2d7-3211\" class=\"pxl-item--content\" style=\"display: block;\">Le Collier Mavi R\u00fbya est une ode au calme et \u00e0 la douceur int\u00e9rieure.<br \/>\n<br \/>\nForg\u00e9 sur une \u00e2me en argent 925 massif, il est sublim\u00e9 d\u2019une dorure or 16 carats (1,5 microns) qui apporte une chaleur lumineuse et durable.<br \/>\n<br \/>\nLe pendentif rond, encadr\u00e9 d\u2019un d\u00e9licat motif torsad\u00e9, abrite en son centre une opale bleue v\u00e9ritable.<br \/>\n<br \/>\nCette pierre ancestrale d\u00e9voile des reflets c\u00e9lestes, tant\u00f4t laiteux, tant\u00f4t plus profonds, qui apaisent instantan\u00e9ment le regard.<br \/>\n<br \/>\nChaque d\u00e9tail est fa\u00e7onn\u00e9 \u00e0 la main par nos artisans, offrant un contraste raffin\u00e9 avec les productions industrielles.<br \/>\n<br \/>\nLa fra\u00eecheur du m\u00e9daillon contre la peau, sa discr\u00e9tion et la douceur de l\u2019opale cr\u00e9ent un rituel intime chaque matin.<br \/>\n<br \/>\nCe bijou devient un point de lumi\u00e8re, un ancrage subtil dans le pr\u00e9sent, un rappel de votre sagesse et de votre intuition naturelle.<br \/>\n<br \/>\nPi\u00e8ce \u00e0 la fois simple et pr\u00e9cieuse, le Collier Mavi R\u00fbya est pens\u00e9 pour traverser les ann\u00e9es sans perdre de sens.<br \/>\n<br \/>\nSa valeur narrative grandit avec vous, comme un fragment d\u2019histoire port\u00e9 pr\u00e8s du c\u0153ur.<\/div>\r\n            <\/div>\r\n                    <div class=\"pxl--item\">\r\n                <h3 class=\"pxl-item-accordion\" data-target=\"#pxl-accordion-8dda546pxl_accordion-ac3a2d7-3211\">\r\n                    <i class=\"fa fa-angle-down\"><\/i>\r\n                    <span>Caract\u00e9ristiques :<\/span>\r\n                    \r\n                <\/h3>\r\n                <div id=\"pxl-accordion-8dda546pxl_accordion-ac3a2d7-3211\" class=\"pxl-item--content\" >- M\u00e9tal : Argent Sterling 925 massif<br \/>\n- Finition : Dor\u00e9 Or 16 carats (1,5 microns)<br \/>\n- Pierre principale : Opale bleue v\u00e9ritable<br \/>\n- Pierres secondaires : Aucune<br \/>\n- Poids total : 2.60 g<br \/>\n- Longueur : 40 + 5 cm (r\u00e9glable)<br \/>\n- Origine : Fait main en atelier turc<br \/>\n- Inclus : Pochette Turquaz + certificat d\u2019authenticit\u00e9<br \/>\n- Garantie : 1 an<\/div>\r\n            <\/div>\r\n                    <div class=\"pxl--item\">\r\n                <h3 class=\"pxl-item-accordion\" data-target=\"#pxl-accordion-b0764d1pxl_accordion-ac3a2d7-3211\">\r\n                    <i class=\"fa fa-angle-down\"><\/i>\r\n                    <span>Conseils d'entretien :<\/span>\r\n                    \r\n                <\/h3>\r\n                <div id=\"pxl-accordion-b0764d1pxl_accordion-ac3a2d7-3211\" class=\"pxl-item--content\" >- \u00c9vitez le contact avec l\u2019eau sal\u00e9e, le parfum et les produits chimiques.<br \/>\n- Nettoyez avec un chiffon doux et sec apr\u00e8s chaque usage.<br \/>\n- Rangez vos bijoux dans leur pochette ou \u00e9crin d\u2019origine \u00e0 l\u2019abri de la lumi\u00e8re.<\/div>\r\n            <\/div>\r\n            <\/div>\r\n\t\t\t\t<\/div>\n\t\t\t\t<\/div>\n\t\t\t\t\t<\/div>\r\n\t\t\t\t<\/div>\r\n\t\t\t\t<\/div>","protected":false},"excerpt":{"rendered":"<p data-start=\"8482\" data-end=\"8757\">Le <strong data-start=\"605\" data-end=\"626\">Collier Mavi R\u00fbya<\/strong> en <strong data-start=\"630\" data-end=\"656\">argent 925 dor\u00e9 or 16K<\/strong> d\u00e9voile une opale bleue v\u00e9ritable aux reflets apaisants dans un m\u00e9daillon torsad\u00e9.<\/p>\n<p data-start=\"8482\" data-end=\"8757\">Un talisman de calme et d\u2019intuition, fa\u00e7onn\u00e9 \u00e0 la main en Turquie.<\/p>","protected":false},"featured_media":7018,"template":"","meta":[],"product_brand":[53],"product_cat":[25],"product_tag":[],"class_list":{"0":"post-7015","1":"product","2":"type-product","3":"status-publish","4":"has-post-thumbnail","6":"product_brand-turquaz-store","7":"product_cat-colliers-pendentifs","9":"first","10":"instock","11":"purchasable","12":"product-type-simple"},"_links":{"self":[{"href":"https:\/\/turquaz-store.fr\/en\/wp-json\/wp\/v2\/product\/7015","targetHints":{"allow":["GET"]}}],"collection":[{"href":"https:\/\/turquaz-store.fr\/en\/wp-json\/wp\/v2\/product"}],"about":[{"href":"https:\/\/turquaz-store.fr\/en\/wp-json\/wp\/v2\/types\/product"}],"version-history":[{"count":7,"href":"https:\/\/turquaz-store.fr\/en\/wp-json\/wp\/v2\/product\/7015\/revisions"}],"predecessor-version":[{"id":7912,"href":"https:\/\/turquaz-store.fr\/en\/wp-json\/wp\/v2\/product\/7015\/revisions\/7912"}],"wp:featuredmedia":[{"embeddable":true,"href":"https:\/\/turquaz-store.fr\/en\/wp-json\/wp\/v2\/media\/7018"}],"wp:attachment":[{"href":"https:\/\/turquaz-store.fr\/en\/wp-json\/wp\/v2\/media?parent=7015"}],"wp:term":[{"taxonomy":"product_brand","embeddable":true,"href":"https:\/\/turquaz-store.fr\/en\/wp-json\/wp\/v2\/product_brand?post=7015"},{"taxonomy":"product_cat","embeddable":true,"href":"https:\/\/turquaz-store.fr\/en\/wp-json\/wp\/v2\/product_cat?post=7015"},{"taxonomy":"product_tag","embeddable":true,"href":"https:\/\/turquaz-store.fr\/en\/wp-json\/wp\/v2\/product_tag?post=7015"}],"curies":[{"name":"wp","href":"https:\/\/api.w.org\/{rel}","templated":true}]}}