{"id":7033,"date":"2025-11-17T17:33:49","date_gmt":"2025-11-17T15:33:49","guid":{"rendered":"https:\/\/turquaz-store.fr\/?post_type=product&#038;p=7033"},"modified":"2026-02-01T09:31:43","modified_gmt":"2026-02-01T08:31:43","slug":"collier-miroir-kaplan","status":"publish","type":"product","link":"https:\/\/turquaz-store.fr\/en\/product\/collier-miroir-kaplan\/","title":{"rendered":"Collier Miroir Kaplan"},"content":{"rendered":"<div data-elementor-type=\"wp-post\" data-elementor-id=\"7033\" class=\"elementor elementor-7033\" data-elementor-post-type=\"product\">\n\t\t\t\t<div class=\"elementor-element elementor-element-8469bb2 e-flex e-con-boxed e-con e-parent\" data-id=\"8469bb2\" data-element_type=\"container\" data-e-type=\"container\">\t\t\t<div class=\"e-con-inner\">\r\n\t\t<div class=\"elementor-element elementor-element-9c6d526 e-con-full e-flex e-con e-child\" data-id=\"9c6d526\" data-element_type=\"container\" data-e-type=\"container\" data-settings=\"{&quot;background_background&quot;:&quot;classic&quot;}\">\t\t<div class=\"elementor-element elementor-element-efacd16 elementor-widget elementor-widget-pxl_icon_box\" data-id=\"efacd16\" data-element_type=\"widget\" data-e-type=\"widget\" data-widget_type=\"pxl_icon_box.default\">\n\t\t\t\t<div class=\"elementor-widget-container\">\n\t\t\t\t\t<div class=\"pxl-icon-box pxl-icon-box1 style-1\" data-wow-delay=\"ms\">\r\n    <div class=\"pxl-item--inner\">\r\n                    <div class=\"pxl-item--icon\">\r\n                <i aria-hidden=\"true\" class=\"fal fa-graduation-cap\"><\/i>            <\/div>\r\n                        <h3 class=\"pxl-item--title el-empty\">HISTOIRE<\/h3>\r\n        <div class=\"pxl-item--description el-empty\">En Anatolie comme dans de nombreuses cultures anciennes, l\u2019\u0153il de tigre \u00e9tait port\u00e9 comme un bouclier.\nSes reflets chatoyants \u00e9voquaient l\u2019\u0153il vigilant du f\u00e9lin, un symbole de protection, de courage et de vigilance spirituelle.\nLes artisans turcs s\u00e9lectionnaient cette pierre pour ses qualit\u00e9s visuelles uniques et sa capacit\u00e9 \u00e0 repousser les mauvaises intentions.\nLe Collier Miroir Kaplan perp\u00e9tue cet h\u00e9ritage ancestral, fa\u00e7onn\u00e9 \u00e0 la main dans l\u2019argent noble et enrichi d\u2019une dorure or 22 carats.<\/div>\r\n    <\/div>\r\n<\/div>\t\t\t\t<\/div>\n\t\t\t\t<\/div>\n\t\t\t\t<\/div>\r\n\t\t<div class=\"elementor-element elementor-element-0d32e84 e-con-full e-flex e-con e-child\" data-id=\"0d32e84\" data-element_type=\"container\" data-e-type=\"container\">\t\t<div class=\"elementor-element elementor-element-4220a1b elementor-widget elementor-widget-pxl_icon_box\" data-id=\"4220a1b\" data-element_type=\"widget\" data-e-type=\"widget\" data-widget_type=\"pxl_icon_box.default\">\n\t\t\t\t<div class=\"elementor-widget-container\">\n\t\t\t\t\t<div class=\"pxl-icon-box pxl-icon-box1 style-1\" data-wow-delay=\"ms\">\r\n    <div class=\"pxl-item--inner\">\r\n                    <div class=\"pxl-item--icon\">\r\n                <i aria-hidden=\"true\" class=\"fal fa-hamsa\"><\/i>            <\/div>\r\n                        <h3 class=\"pxl-item--title el-empty\">SYMBOLIQUE<\/h3>\r\n        <div class=\"pxl-item--description el-empty\">L\u2019\u0153il de tigre est la pierre de l\u2019ancrage, de la confiance en soi et de la protection \u00e9nerg\u00e9tique.\nIl agit comme un miroir : il renvoie les \u00e9nergies n\u00e9gatives \u00e0 leur source, tout en renfor\u00e7ant la d\u00e9termination et la stabilit\u00e9 \u00e9motionnelle.\nPort\u00e9 au c\u0153ur, il stimule la volont\u00e9, clarifie les pens\u00e9es et cr\u00e9e une sensation d\u2019assurance int\u00e9rieure.\nCe collier devient ainsi un compagnon de force et de courage, un talisman naturel qui veille sur vous au quotidien.<\/div>\r\n    <\/div>\r\n<\/div>\t\t\t\t<\/div>\n\t\t\t\t<\/div>\n\t\t\t\t<\/div>\r\n\t\t\t\t\t<\/div>\r\n\t\t\t\t<\/div>\r\n\t\t<div class=\"elementor-element elementor-element-4d39f81 e-flex e-con-boxed e-con e-parent\" data-id=\"4d39f81\" data-element_type=\"container\" data-e-type=\"container\">\t\t\t<div class=\"e-con-inner\">\r\n\t\t\t\t<div class=\"elementor-element elementor-element-ac3a2d7 elementor-widget elementor-widget-pxl_accordion\" data-id=\"ac3a2d7\" data-element_type=\"widget\" data-e-type=\"widget\" data-widget_type=\"pxl_accordion.default\">\n\t\t\t\t<div class=\"elementor-widget-container\">\n\t\t\t\t\t    <div class=\"pxl-accordion pxl-accordion1 style1\" data-wow-delay=\"ms\">\r\n                    <div class=\"pxl--item active\">\r\n                <h3 class=\"pxl-item-accordion\" data-target=\"#pxl-accordion-008dcdepxl_accordion-ac3a2d7-4025\">\r\n                    <i class=\"fa fa-angle-down\"><\/i>\r\n                    <span>Description<\/span>\r\n                    \r\n                <\/h3>\r\n                <div id=\"pxl-accordion-008dcdepxl_accordion-ac3a2d7-4025\" class=\"pxl-item--content\" style=\"display: block;\">Le Collier Miroir Kaplan rend hommage aux pierres qui prot\u00e8gent autant qu\u2019elles embellissent.<br \/>\n<br \/>\nAu centre du pendentif, une authentique pierre d\u2019\u0153il de tigre, s\u00e9lectionn\u00e9e pour la puret\u00e9 de ses reflets, capte la lumi\u00e8re comme l\u2019\u0153il d\u2019un f\u00e9lin en alerte. Ses nuances dor\u00e9es, brunes et mordor\u00e9es ne sont pas d\u00e9coratives : elles symbolisent la vigilance, l\u2019intuition et la protection active.<br \/>\n<br \/>\nLe pendentif repose sur une \u00e2me en argent 925 massif, hypoallerg\u00e9nique et durable. Nos artisans appliquent ensuite une dorure or 22 carats (1.5 microns), offrant une chaleur solaire et une pr\u00e9sence luxueuse.<br \/>\n<br \/>\nContrairement aux pierres synth\u00e9tiques et aux finitions industrielles, cette pi\u00e8ce poss\u00e8de une vibration naturelle, une intention r\u00e9elle et une \u00e9nergie authentique.<br \/>\n<br \/>\nPort\u00e9 chaque matin, ce collier devient une armure discr\u00e8te. Sentez la chaleur subtile de la pierre contre votre peau, laissez-la vous rappeler votre force int\u00e9rieure et votre capacit\u00e9 \u00e0 avancer avec courage.<br \/>\n<br \/>\nC\u2019est un bijou d\u2019\u00e2me, fa\u00e7onn\u00e9 pour durer et vous accompagner.<\/div>\r\n            <\/div>\r\n                    <div class=\"pxl--item\">\r\n                <h3 class=\"pxl-item-accordion\" data-target=\"#pxl-accordion-8dda546pxl_accordion-ac3a2d7-4025\">\r\n                    <i class=\"fa fa-angle-down\"><\/i>\r\n                    <span>Caract\u00e9ristiques :<\/span>\r\n                    \r\n                <\/h3>\r\n                <div id=\"pxl-accordion-8dda546pxl_accordion-ac3a2d7-4025\" class=\"pxl-item--content\" >- M\u00e9tal : Argent Sterling 925 massif<br \/>\n- Finition : Dor\u00e9 Or 22 carats (1.5 microns)<br \/>\n- Pierre principale : \u0152il de Tigre v\u00e9ritable<br \/>\n- Pierres secondaires : Aucune<br \/>\n- Poids total : 4.70 g<br \/>\n- Longueur : 40 + 5 cm<br \/>\n- Origine : Fait main en Turquie<br \/>\n- Inclus : Certificat d\u2019authenticit\u00e9 + pochette de rangement<br \/>\n- Garantie : 1 an<\/div>\r\n            <\/div>\r\n                    <div class=\"pxl--item\">\r\n                <h3 class=\"pxl-item-accordion\" data-target=\"#pxl-accordion-b0764d1pxl_accordion-ac3a2d7-4025\">\r\n                    <i class=\"fa fa-angle-down\"><\/i>\r\n                    <span>Conseils d'entretien :<\/span>\r\n                    \r\n                <\/h3>\r\n                <div id=\"pxl-accordion-b0764d1pxl_accordion-ac3a2d7-4025\" class=\"pxl-item--content\" >- \u00c9vitez le contact avec l\u2019eau sal\u00e9e, le parfum et les produits chimiques.<br \/>\n- Nettoyez avec un chiffon doux et sec apr\u00e8s chaque usage.<br \/>\n- Rangez vos bijoux dans leur pochette ou \u00e9crin d\u2019origine \u00e0 l\u2019abri de la lumi\u00e8re.<\/div>\r\n            <\/div>\r\n            <\/div>\r\n\t\t\t\t<\/div>\n\t\t\t\t<\/div>\n\t\t\t\t\t<\/div>\r\n\t\t\t\t<\/div>\r\n\t\t\t\t<\/div>","protected":false},"excerpt":{"rendered":"<p>Le <strong data-start=\"605\" data-end=\"630\">Collier Miroir Kaplan<\/strong>, en <strong data-start=\"635\" data-end=\"661\">argent 925 dor\u00e9 or 22K<\/strong>, met en lumi\u00e8re une authentique pierre d\u2019\u0153il de tigre, symbole de force int\u00e9rieure et de protection.<\/p>\n<p>Un talisman artisanal forg\u00e9 en Turquie pour amplifier courage et confiance.<\/p>","protected":false},"featured_media":7036,"template":"","meta":[],"product_brand":[53],"product_cat":[25],"product_tag":[],"class_list":{"0":"post-7033","1":"product","2":"type-product","3":"status-publish","4":"has-post-thumbnail","6":"product_brand-turquaz-store","7":"product_cat-colliers-pendentifs","9":"first","10":"instock","11":"purchasable","12":"product-type-simple"},"_links":{"self":[{"href":"https:\/\/turquaz-store.fr\/en\/wp-json\/wp\/v2\/product\/7033","targetHints":{"allow":["GET"]}}],"collection":[{"href":"https:\/\/turquaz-store.fr\/en\/wp-json\/wp\/v2\/product"}],"about":[{"href":"https:\/\/turquaz-store.fr\/en\/wp-json\/wp\/v2\/types\/product"}],"version-history":[{"count":8,"href":"https:\/\/turquaz-store.fr\/en\/wp-json\/wp\/v2\/product\/7033\/revisions"}],"predecessor-version":[{"id":10185,"href":"https:\/\/turquaz-store.fr\/en\/wp-json\/wp\/v2\/product\/7033\/revisions\/10185"}],"wp:featuredmedia":[{"embeddable":true,"href":"https:\/\/turquaz-store.fr\/en\/wp-json\/wp\/v2\/media\/7036"}],"wp:attachment":[{"href":"https:\/\/turquaz-store.fr\/en\/wp-json\/wp\/v2\/media?parent=7033"}],"wp:term":[{"taxonomy":"product_brand","embeddable":true,"href":"https:\/\/turquaz-store.fr\/en\/wp-json\/wp\/v2\/product_brand?post=7033"},{"taxonomy":"product_cat","embeddable":true,"href":"https:\/\/turquaz-store.fr\/en\/wp-json\/wp\/v2\/product_cat?post=7033"},{"taxonomy":"product_tag","embeddable":true,"href":"https:\/\/turquaz-store.fr\/en\/wp-json\/wp\/v2\/product_tag?post=7033"}],"curies":[{"name":"wp","href":"https:\/\/api.w.org\/{rel}","templated":true}]}}