{"id":7088,"date":"2025-11-17T18:45:02","date_gmt":"2025-11-17T16:45:02","guid":{"rendered":"https:\/\/turquaz-store.fr\/?post_type=product&#038;p=7088"},"modified":"2026-02-01T09:31:43","modified_gmt":"2026-02-01T08:31:43","slug":"bague-joie-d-eda","status":"publish","type":"product","link":"https:\/\/turquaz-store.fr\/en\/product\/bague-joie-d-eda\/","title":{"rendered":"Bague Joie d&rsquo;Eda"},"content":{"rendered":"<div data-elementor-type=\"wp-post\" data-elementor-id=\"7088\" class=\"elementor elementor-7088\" data-elementor-post-type=\"product\">\n\t\t\t\t<div class=\"elementor-element elementor-element-8469bb2 e-flex e-con-boxed e-con e-parent\" data-id=\"8469bb2\" data-element_type=\"container\" data-e-type=\"container\">\t\t\t<div class=\"e-con-inner\">\r\n\t\t<div class=\"elementor-element elementor-element-9c6d526 e-con-full e-flex e-con e-child\" data-id=\"9c6d526\" data-element_type=\"container\" data-e-type=\"container\" data-settings=\"{&quot;background_background&quot;:&quot;classic&quot;}\">\t\t<div class=\"elementor-element elementor-element-efacd16 elementor-widget elementor-widget-pxl_icon_box\" data-id=\"efacd16\" data-element_type=\"widget\" data-e-type=\"widget\" data-widget_type=\"pxl_icon_box.default\">\n\t\t\t\t<div class=\"elementor-widget-container\">\n\t\t\t\t\t<div class=\"pxl-icon-box pxl-icon-box1 style-1\" data-wow-delay=\"ms\">\r\n    <div class=\"pxl-item--inner\">\r\n                    <div class=\"pxl-item--icon\">\r\n                <i aria-hidden=\"true\" class=\"fal fa-graduation-cap\"><\/i>            <\/div>\r\n                        <h3 class=\"pxl-item--title el-empty\">HISTOIRE<\/h3>\r\n        <div class=\"pxl-item--description el-empty\">Dans la culture anatolienne, Bereket symbolise la prosp\u00e9rit\u00e9, la joie et l\u2019expansion.\nLes bijoux circulaires color\u00e9s \u00e9taient port\u00e9s pour attirer la bonne fortune et rappeler la richesse de la vie.\nLa Bague Joie d\u2019Eda s\u2019inscrit dans cette tradition : un anneau qui m\u00eale symbolisme ancestral et micro-sertissage moderne.\nChaque \u00e9clat color\u00e9 repr\u00e9sente une facette de la vie : le rouge pour la vitalit\u00e9, le bleu pour la paix, le vert pour l\u2019espoir et le jaune pour la cr\u00e9ativit\u00e9.<\/div>\r\n    <\/div>\r\n<\/div>\t\t\t\t<\/div>\n\t\t\t\t<\/div>\n\t\t\t\t<\/div>\r\n\t\t<div class=\"elementor-element elementor-element-0d32e84 e-con-full e-flex e-con e-child\" data-id=\"0d32e84\" data-element_type=\"container\" data-e-type=\"container\">\t\t<div class=\"elementor-element elementor-element-4220a1b elementor-widget elementor-widget-pxl_icon_box\" data-id=\"4220a1b\" data-element_type=\"widget\" data-e-type=\"widget\" data-widget_type=\"pxl_icon_box.default\">\n\t\t\t\t<div class=\"elementor-widget-container\">\n\t\t\t\t\t<div class=\"pxl-icon-box pxl-icon-box1 style-1\" data-wow-delay=\"ms\">\r\n    <div class=\"pxl-item--inner\">\r\n                    <div class=\"pxl-item--icon\">\r\n                <i aria-hidden=\"true\" class=\"fal fa-hamsa\"><\/i>            <\/div>\r\n                        <h3 class=\"pxl-item--title el-empty\">SYMBOLIQUE<\/h3>\r\n        <div class=\"pxl-item--description el-empty\">La forme circulaire incarne l\u2019unit\u00e9, le cycle \u00e9ternel et la compl\u00e9tude int\u00e9rieure.\nLes couleurs vibrantes sont un langage en elles-m\u00eames : elles attirent l\u2019abondance, \u00e9veillent la joie, stimulent l\u2019inspiration et renforcent la confiance.\nCette bague devient ainsi un talisman positif qui vous accompagne \u00e0 chaque geste, un rappel constant que la vie est riche, color\u00e9e et fertile.<\/div>\r\n    <\/div>\r\n<\/div>\t\t\t\t<\/div>\n\t\t\t\t<\/div>\n\t\t\t\t<\/div>\r\n\t\t\t\t\t<\/div>\r\n\t\t\t\t<\/div>\r\n\t\t<div class=\"elementor-element elementor-element-4d39f81 e-flex e-con-boxed e-con e-parent\" data-id=\"4d39f81\" data-element_type=\"container\" data-e-type=\"container\">\t\t\t<div class=\"e-con-inner\">\r\n\t\t\t\t<div class=\"elementor-element elementor-element-ac3a2d7 elementor-widget elementor-widget-pxl_accordion\" data-id=\"ac3a2d7\" data-element_type=\"widget\" data-e-type=\"widget\" data-widget_type=\"pxl_accordion.default\">\n\t\t\t\t<div class=\"elementor-widget-container\">\n\t\t\t\t\t    <div class=\"pxl-accordion pxl-accordion1 style1\" data-wow-delay=\"ms\">\r\n                    <div class=\"pxl--item active\">\r\n                <h3 class=\"pxl-item-accordion\" data-target=\"#pxl-accordion-008dcdepxl_accordion-ac3a2d7-4660\">\r\n                    <i class=\"fa fa-angle-down\"><\/i>\r\n                    <span>Description<\/span>\r\n                    \r\n                <\/h3>\r\n                <div id=\"pxl-accordion-008dcdepxl_accordion-ac3a2d7-4660\" class=\"pxl-item--content\" style=\"display: block;\">La Bague Joie d\u2019Eda est un v\u00e9ritable concentr\u00e9 d\u2019\u00e9nergie positive.<br \/>\n<br \/>\nR\u00e9glable pour un confort parfait, elle est con\u00e7ue sur une \u00e2me noble en argent 925 massif, puis sublim\u00e9e d\u2019une dorure or 16 carats (1,5 microns) qui lui apporte une chaleur lumineuse.<br \/>\n<br \/>\nSon cercle, symbole d\u2019unit\u00e9 et d\u2019abondance, est enti\u00e8rement pav\u00e9 d\u2019oxydes de zirconium multicolores.<br \/>\n<br \/>\nChaque \u00e9clat est micro-serti \u00e0 la main par nos ma\u00eetres artisans, un travail minutieux qui conf\u00e8re \u00e0 la pi\u00e8ce une mosa\u00efque vibrante et vivante.<br \/>\n<br \/>\nCette bague n\u2019est pas un simple accessoire : c\u2019est un rituel personnel, un geste d\u2019ancrage dans la joie. En la portant, vous vous souvenez de votre propre compl\u00e9tude, de votre \u00e9nergie cr\u00e9atrice et de votre capacit\u00e9 \u00e0 attirer l\u2019abondance.<br \/>\n<br \/>\nUne pi\u00e8ce artistique, raffin\u00e9e, introuvable dans les circuits traditionnels.<\/div>\r\n            <\/div>\r\n                    <div class=\"pxl--item\">\r\n                <h3 class=\"pxl-item-accordion\" data-target=\"#pxl-accordion-8dda546pxl_accordion-ac3a2d7-4660\">\r\n                    <i class=\"fa fa-angle-down\"><\/i>\r\n                    <span>Caract\u00e9ristiques :<\/span>\r\n                    \r\n                <\/h3>\r\n                <div id=\"pxl-accordion-8dda546pxl_accordion-ac3a2d7-4660\" class=\"pxl-item--content\" >- M\u00e9tal : Argent Sterling 925 massif<br \/>\n- Finition : Dor\u00e9 Or 16 carats (1,5 microns)<br \/>\n- Pierre principale : Oxydes de zirconium multicolores<br \/>\n- Pierres secondaires : Oxydes multicolores (pavage int\u00e9gral)<br \/>\n- Poids total : 2.65 g<br \/>\n- Taille : R\u00e9glable<br \/>\n- Origine : Fait main en Turquie<br \/>\n- Inclus : Pochette Turquaz + certificat d\u2019authenticit\u00e9<br \/>\n- Garantie : 1 an<\/div>\r\n            <\/div>\r\n                    <div class=\"pxl--item\">\r\n                <h3 class=\"pxl-item-accordion\" data-target=\"#pxl-accordion-b0764d1pxl_accordion-ac3a2d7-4660\">\r\n                    <i class=\"fa fa-angle-down\"><\/i>\r\n                    <span>Conseils d'entretien :<\/span>\r\n                    \r\n                <\/h3>\r\n                <div id=\"pxl-accordion-b0764d1pxl_accordion-ac3a2d7-4660\" class=\"pxl-item--content\" >- \u00c9vitez le contact avec l\u2019eau sal\u00e9e, le parfum et les produits chimiques.<br \/>\n- Nettoyez avec un chiffon doux et sec apr\u00e8s chaque usage.<br \/>\n- Rangez vos bijoux dans leur pochette ou \u00e9crin d\u2019origine \u00e0 l\u2019abri de la lumi\u00e8re.<\/div>\r\n            <\/div>\r\n            <\/div>\r\n\t\t\t\t<\/div>\n\t\t\t\t<\/div>\n\t\t\t\t\t<\/div>\r\n\t\t\t\t<\/div>\r\n\t\t\t\t<\/div>","protected":false},"excerpt":{"rendered":"<p>La <strong data-start=\"618\" data-end=\"638\">Bague Joie d\u2019Eda<\/strong>, en <strong data-start=\"643\" data-end=\"669\">argent 925 dor\u00e9 or 16K<\/strong>, est pav\u00e9e d\u2019oxydes multicolores c\u00e9l\u00e9brant l\u2019abondance et la positivit\u00e9.<\/p>\n<p>Une bague r\u00e9glable artisanale, symbole d\u2019\u00e9nergie lumineuse et de joie int\u00e9rieure.<\/p>","protected":false},"featured_media":9944,"template":"","meta":[],"product_brand":[53],"product_cat":[33],"product_tag":[],"class_list":{"0":"post-7088","1":"product","2":"type-product","3":"status-publish","4":"has-post-thumbnail","6":"product_brand-turquaz-store","7":"product_cat-bagues","9":"first","10":"instock","11":"purchasable","12":"product-type-simple"},"_links":{"self":[{"href":"https:\/\/turquaz-store.fr\/en\/wp-json\/wp\/v2\/product\/7088","targetHints":{"allow":["GET"]}}],"collection":[{"href":"https:\/\/turquaz-store.fr\/en\/wp-json\/wp\/v2\/product"}],"about":[{"href":"https:\/\/turquaz-store.fr\/en\/wp-json\/wp\/v2\/types\/product"}],"version-history":[{"count":8,"href":"https:\/\/turquaz-store.fr\/en\/wp-json\/wp\/v2\/product\/7088\/revisions"}],"predecessor-version":[{"id":9945,"href":"https:\/\/turquaz-store.fr\/en\/wp-json\/wp\/v2\/product\/7088\/revisions\/9945"}],"wp:featuredmedia":[{"embeddable":true,"href":"https:\/\/turquaz-store.fr\/en\/wp-json\/wp\/v2\/media\/9944"}],"wp:attachment":[{"href":"https:\/\/turquaz-store.fr\/en\/wp-json\/wp\/v2\/media?parent=7088"}],"wp:term":[{"taxonomy":"product_brand","embeddable":true,"href":"https:\/\/turquaz-store.fr\/en\/wp-json\/wp\/v2\/product_brand?post=7088"},{"taxonomy":"product_cat","embeddable":true,"href":"https:\/\/turquaz-store.fr\/en\/wp-json\/wp\/v2\/product_cat?post=7088"},{"taxonomy":"product_tag","embeddable":true,"href":"https:\/\/turquaz-store.fr\/en\/wp-json\/wp\/v2\/product_tag?post=7088"}],"curies":[{"name":"wp","href":"https:\/\/api.w.org\/{rel}","templated":true}]}}