{"id":7102,"date":"2025-11-17T18:59:49","date_gmt":"2025-11-17T16:59:49","guid":{"rendered":"https:\/\/turquaz-store.fr\/?post_type=product&#038;p=7102"},"modified":"2025-12-12T06:51:58","modified_gmt":"2025-12-12T05:51:58","slug":"bracelet-nazarina-essentiel","status":"publish","type":"product","link":"https:\/\/turquaz-store.fr\/en\/product\/bracelet-nazarina-essentiel\/","title":{"rendered":"Bracelet Nazarina Essentiel"},"content":{"rendered":"<div data-elementor-type=\"wp-post\" data-elementor-id=\"7102\" class=\"elementor elementor-7102\" data-elementor-post-type=\"product\">\n\t\t\t\t<div class=\"elementor-element elementor-element-8469bb2 e-flex e-con-boxed e-con e-parent\" data-id=\"8469bb2\" data-element_type=\"container\" data-e-type=\"container\">\t\t\t<div class=\"e-con-inner\">\r\n\t\t<div class=\"elementor-element elementor-element-9c6d526 e-con-full e-flex e-con e-child\" data-id=\"9c6d526\" data-element_type=\"container\" data-e-type=\"container\" data-settings=\"{&quot;background_background&quot;:&quot;classic&quot;}\">\t\t<div class=\"elementor-element elementor-element-efacd16 elementor-widget elementor-widget-pxl_icon_box\" data-id=\"efacd16\" data-element_type=\"widget\" data-e-type=\"widget\" data-widget_type=\"pxl_icon_box.default\">\n\t\t\t\t<div class=\"elementor-widget-container\">\n\t\t\t\t\t<div class=\"pxl-icon-box pxl-icon-box1 style-1\" data-wow-delay=\"ms\">\r\n    <div class=\"pxl-item--inner\">\r\n                    <div class=\"pxl-item--icon\">\r\n                <i aria-hidden=\"true\" class=\"fal fa-graduation-cap\"><\/i>            <\/div>\r\n                        <h3 class=\"pxl-item--title el-empty\">HISTOIRE<\/h3>\r\n        <div class=\"pxl-item--description el-empty\">Le Nazar fait partie des symboles protecteurs les plus anciens d\u2019Anatolie.\nAutrefois souffl\u00e9 dans le verre, il \u00e9tait suspendu aux portes, aux berceaux ou port\u00e9 en bijou pour d\u00e9tourner toute intention malveillante.\nLe Bracelet Nazarina Essentiel reprend cette tradition dans une version moderne et raffin\u00e9e : une cha\u00eene fine en argent 925 rehauss\u00e9e d\u2019un rhodiage \u00e9clatant, et un talisman central fa\u00e7onn\u00e9 \u00e0 la main par nos artisans turcs.<\/div>\r\n    <\/div>\r\n<\/div>\t\t\t\t<\/div>\n\t\t\t\t<\/div>\n\t\t\t\t<\/div>\r\n\t\t<div class=\"elementor-element elementor-element-0d32e84 e-con-full e-flex e-con e-child\" data-id=\"0d32e84\" data-element_type=\"container\" data-e-type=\"container\">\t\t<div class=\"elementor-element elementor-element-4220a1b elementor-widget elementor-widget-pxl_icon_box\" data-id=\"4220a1b\" data-element_type=\"widget\" data-e-type=\"widget\" data-widget_type=\"pxl_icon_box.default\">\n\t\t\t\t<div class=\"elementor-widget-container\">\n\t\t\t\t\t<div class=\"pxl-icon-box pxl-icon-box1 style-1\" data-wow-delay=\"ms\">\r\n    <div class=\"pxl-item--inner\">\r\n                    <div class=\"pxl-item--icon\">\r\n                <i aria-hidden=\"true\" class=\"fal fa-hamsa\"><\/i>            <\/div>\r\n                        <h3 class=\"pxl-item--title el-empty\">SYMBOLIQUE<\/h3>\r\n        <div class=\"pxl-item--description el-empty\">Le Nazar prot\u00e8ge, absorbe les mauvaises intentions et purifie l\u2019\u00e9nergie.\nLe bleu profond symbolise la sagesse, la vigilance int\u00e9rieure et la paix.\nLa lumi\u00e8re claire qui l\u2019entoure neutralise les \u00e9nergies n\u00e9gatives et \u00e9claire l\u2019esprit.\nPort\u00e9 au poignet, le bracelet devient un gardien intime, pr\u00e9sent \u00e0 chaque mouvement, un rappel constant de votre force et de votre protection int\u00e9rieure.<\/div>\r\n    <\/div>\r\n<\/div>\t\t\t\t<\/div>\n\t\t\t\t<\/div>\n\t\t\t\t<\/div>\r\n\t\t\t\t\t<\/div>\r\n\t\t\t\t<\/div>\r\n\t\t<div class=\"elementor-element elementor-element-4d39f81 e-flex e-con-boxed e-con e-parent\" data-id=\"4d39f81\" data-element_type=\"container\" data-e-type=\"container\">\t\t\t<div class=\"e-con-inner\">\r\n\t\t\t\t<div class=\"elementor-element elementor-element-ac3a2d7 elementor-widget elementor-widget-pxl_accordion\" data-id=\"ac3a2d7\" data-element_type=\"widget\" data-e-type=\"widget\" data-widget_type=\"pxl_accordion.default\">\n\t\t\t\t<div class=\"elementor-widget-container\">\n\t\t\t\t\t    <div class=\"pxl-accordion pxl-accordion1 style1\" data-wow-delay=\"ms\">\r\n                    <div class=\"pxl--item active\">\r\n                <h3 class=\"pxl-item-accordion\" data-target=\"#pxl-accordion-008dcdepxl_accordion-ac3a2d7-6564\">\r\n                    <i class=\"fa fa-angle-down\"><\/i>\r\n                    <span>Description<\/span>\r\n                    \r\n                <\/h3>\r\n                <div id=\"pxl-accordion-008dcdepxl_accordion-ac3a2d7-6564\" class=\"pxl-item--content\" style=\"display: block;\">Enlacez votre poignet d\u2019une protection mill\u00e9naire avec le Bracelet Nazarina Essentiel.<br \/>\n<br \/>\nSa cha\u00eene en argent 925 massif, r\u00e9glable pour s\u2019adapter parfaitement \u00e0 votre poignet, est sublim\u00e9e d\u2019un rhodium pr\u00e9cieux qui lui conf\u00e8re un \u00e9clat blanc et une r\u00e9sistance durable au ternissement.<br \/>\n<br \/>\nAu centre, le Nazar est pav\u00e9 d\u2019oxydes de zirconium bleu type saphir et d\u2019oxydes de zirconium clairs, sertis un \u00e0 un par nos artisans.<br \/>\n<br \/>\nCe travail minutieux cr\u00e9e un talisman \u00e0 la symbolique forte qui capte la lumi\u00e8re tout en prot\u00e9geant subtilement votre \u00e9nergie.<br \/>\n<br \/>\nCe bracelet est pens\u00e9 pour \u00eatre port\u00e9 chaque jour. Sa finesse, sa l\u00e9g\u00e8ret\u00e9 et sa symbolique puissante en font un bijou que l\u2019on oublie sur la peau mais qui ne cesse de veiller.<br \/>\n<br \/>\nEn le portant, vous vous offrez un geste de s\u00e9r\u00e9nit\u00e9, une protection discr\u00e8te et un rappel constant que votre \u00e9nergie est pr\u00e9cieuse.<\/div>\r\n            <\/div>\r\n                    <div class=\"pxl--item\">\r\n                <h3 class=\"pxl-item-accordion\" data-target=\"#pxl-accordion-8dda546pxl_accordion-ac3a2d7-6564\">\r\n                    <i class=\"fa fa-angle-down\"><\/i>\r\n                    <span>Caract\u00e9ristiques :<\/span>\r\n                    \r\n                <\/h3>\r\n                <div id=\"pxl-accordion-8dda546pxl_accordion-ac3a2d7-6564\" class=\"pxl-item--content\" >- M\u00e9tal : Argent Sterling 925 massif<br \/>\n- Finition : Rhodi\u00e9 (brillant, anti-ternissement)<br \/>\n- Pierre principale : Oxyde de zirconium bleu type saphir<br \/>\n- Pierres secondaires : Oxydes de zirconium clairs<br \/>\n- Poids total : 1.60 g<br \/>\n- Longueur : 15 + 5 cm (r\u00e9glable)<br \/>\n- Origine : Fait main en Turquie<br \/>\n- Inclus : Certificat d\u2019authenticit\u00e9 + pochette Turquaz<br \/>\n- Garantie : 1 an<\/div>\r\n            <\/div>\r\n                    <div class=\"pxl--item\">\r\n                <h3 class=\"pxl-item-accordion\" data-target=\"#pxl-accordion-b0764d1pxl_accordion-ac3a2d7-6564\">\r\n                    <i class=\"fa fa-angle-down\"><\/i>\r\n                    <span>Conseils d'entretien :<\/span>\r\n                    \r\n                <\/h3>\r\n                <div id=\"pxl-accordion-b0764d1pxl_accordion-ac3a2d7-6564\" class=\"pxl-item--content\" >- \u00c9vitez le contact avec l\u2019eau sal\u00e9e, le parfum et les produits chimiques.<br \/>\n- Nettoyez avec un chiffon doux et sec apr\u00e8s chaque usage.<br \/>\n- Rangez vos bijoux dans leur pochette ou \u00e9crin d\u2019origine \u00e0 l\u2019abri de la lumi\u00e8re.<\/div>\r\n            <\/div>\r\n            <\/div>\r\n\t\t\t\t<\/div>\n\t\t\t\t<\/div>\n\t\t\t\t\t<\/div>\r\n\t\t\t\t<\/div>\r\n\t\t\t\t<\/div>","protected":false},"excerpt":{"rendered":"<p>Le <strong data-start=\"786\" data-end=\"817\">Bracelet Nazarina Essentiel<\/strong> en <strong data-start=\"821\" data-end=\"842\">argent 925 rhodi\u00e9<\/strong> d\u00e9ploie un Nazar lumineux orn\u00e9 d\u2019un pavage bleu profond.<\/p>\n<p>Un talisman artisanal d\u00e9licat, con\u00e7u pour prot\u00e9ger votre \u00e9nergie avec \u00e9l\u00e9gance.<\/p>","protected":false},"featured_media":10032,"template":"","meta":[],"product_brand":[53],"product_cat":[17],"product_tag":[],"class_list":{"0":"post-7102","1":"product","2":"type-product","3":"status-publish","4":"has-post-thumbnail","6":"product_brand-turquaz-store","7":"product_cat-bracelets","9":"first","10":"instock","11":"purchasable","12":"product-type-simple"},"_links":{"self":[{"href":"https:\/\/turquaz-store.fr\/en\/wp-json\/wp\/v2\/product\/7102","targetHints":{"allow":["GET"]}}],"collection":[{"href":"https:\/\/turquaz-store.fr\/en\/wp-json\/wp\/v2\/product"}],"about":[{"href":"https:\/\/turquaz-store.fr\/en\/wp-json\/wp\/v2\/types\/product"}],"version-history":[{"count":8,"href":"https:\/\/turquaz-store.fr\/en\/wp-json\/wp\/v2\/product\/7102\/revisions"}],"predecessor-version":[{"id":10033,"href":"https:\/\/turquaz-store.fr\/en\/wp-json\/wp\/v2\/product\/7102\/revisions\/10033"}],"wp:featuredmedia":[{"embeddable":true,"href":"https:\/\/turquaz-store.fr\/en\/wp-json\/wp\/v2\/media\/10032"}],"wp:attachment":[{"href":"https:\/\/turquaz-store.fr\/en\/wp-json\/wp\/v2\/media?parent=7102"}],"wp:term":[{"taxonomy":"product_brand","embeddable":true,"href":"https:\/\/turquaz-store.fr\/en\/wp-json\/wp\/v2\/product_brand?post=7102"},{"taxonomy":"product_cat","embeddable":true,"href":"https:\/\/turquaz-store.fr\/en\/wp-json\/wp\/v2\/product_cat?post=7102"},{"taxonomy":"product_tag","embeddable":true,"href":"https:\/\/turquaz-store.fr\/en\/wp-json\/wp\/v2\/product_tag?post=7102"}],"curies":[{"name":"wp","href":"https:\/\/api.w.org\/{rel}","templated":true}]}}