{"id":7122,"date":"2025-11-17T23:34:08","date_gmt":"2025-11-17T21:34:08","guid":{"rendered":"https:\/\/turquaz-store.fr\/?post_type=product&#038;p=7122"},"modified":"2025-12-16T08:46:14","modified_gmt":"2025-12-16T07:46:14","slug":"bracelet-hayati","status":"publish","type":"product","link":"https:\/\/turquaz-store.fr\/en\/product\/bracelet-hayati\/","title":{"rendered":"Bracelet Hayati"},"content":{"rendered":"<div data-elementor-type=\"wp-post\" data-elementor-id=\"7122\" class=\"elementor elementor-7122\" data-elementor-post-type=\"product\">\n\t\t\t\t<div class=\"elementor-element elementor-element-8469bb2 e-flex e-con-boxed e-con e-parent\" data-id=\"8469bb2\" data-element_type=\"container\" data-e-type=\"container\">\t\t\t<div class=\"e-con-inner\">\r\n\t\t<div class=\"elementor-element elementor-element-9c6d526 e-con-full e-flex e-con e-child\" data-id=\"9c6d526\" data-element_type=\"container\" data-e-type=\"container\" data-settings=\"{&quot;background_background&quot;:&quot;classic&quot;}\">\t\t<div class=\"elementor-element elementor-element-efacd16 elementor-widget elementor-widget-pxl_icon_box\" data-id=\"efacd16\" data-element_type=\"widget\" data-e-type=\"widget\" data-widget_type=\"pxl_icon_box.default\">\n\t\t\t\t<div class=\"elementor-widget-container\">\n\t\t\t\t\t<div class=\"pxl-icon-box pxl-icon-box1 style-1\" data-wow-delay=\"ms\">\r\n    <div class=\"pxl-item--inner\">\r\n                    <div class=\"pxl-item--icon\">\r\n                <i aria-hidden=\"true\" class=\"fal fa-graduation-cap\"><\/i>            <\/div>\r\n                        <h3 class=\"pxl-item--title el-empty\">HISTOIRE<\/h3>\r\n        <div class=\"pxl-item--description el-empty\">Dans l\u2019h\u00e9ritage anatolien, le Hayat A\u011fac\u0131, l\u2019Arbre de Vie, symbolise la croissance, la renaissance et la connexion entre les mondes.\nLes bijoutiers ottomans le repr\u00e9sentaient souvent sous forme de feuilles pr\u00e9cieuses, porteuses de sens et de protection.\nLe Bracelet Hayati s\u2019inspire de ce symbole sacr\u00e9 et l\u2019adapte dans un design moderne : une feuille lumineuse, d\u00e9licatement pav\u00e9e, suspendue \u00e0 une cha\u00eene fine.<\/div>\r\n    <\/div>\r\n<\/div>\t\t\t\t<\/div>\n\t\t\t\t<\/div>\n\t\t\t\t<\/div>\r\n\t\t<div class=\"elementor-element elementor-element-0d32e84 e-con-full e-flex e-con e-child\" data-id=\"0d32e84\" data-element_type=\"container\" data-e-type=\"container\">\t\t<div class=\"elementor-element elementor-element-4220a1b elementor-widget elementor-widget-pxl_icon_box\" data-id=\"4220a1b\" data-element_type=\"widget\" data-e-type=\"widget\" data-widget_type=\"pxl_icon_box.default\">\n\t\t\t\t<div class=\"elementor-widget-container\">\n\t\t\t\t\t<div class=\"pxl-icon-box pxl-icon-box1 style-1\" data-wow-delay=\"ms\">\r\n    <div class=\"pxl-item--inner\">\r\n                    <div class=\"pxl-item--icon\">\r\n                <i aria-hidden=\"true\" class=\"fal fa-hamsa\"><\/i>            <\/div>\r\n                        <h3 class=\"pxl-item--title el-empty\">SYMBOLIQUE<\/h3>\r\n        <div class=\"pxl-item--description el-empty\">La feuille repr\u00e9sente le cycle de la vie, la transformation et l\u2019\u00e9volution harmonieuse.\nLes couleurs vibrantes symbolisent l\u2019abondance fertile, la joie, la diversit\u00e9 et l\u2019expansion.\nPort\u00e9 au poignet, ce bracelet devient un rappel que la croissance est un mouvement naturel et que vous \u00eates connect\u00e9e \u00e0 un tout plus vaste.<\/div>\r\n    <\/div>\r\n<\/div>\t\t\t\t<\/div>\n\t\t\t\t<\/div>\n\t\t\t\t<\/div>\r\n\t\t\t\t\t<\/div>\r\n\t\t\t\t<\/div>\r\n\t\t<div class=\"elementor-element elementor-element-4d39f81 e-flex e-con-boxed e-con e-parent\" data-id=\"4d39f81\" data-element_type=\"container\" data-e-type=\"container\">\t\t\t<div class=\"e-con-inner\">\r\n\t\t\t\t<div class=\"elementor-element elementor-element-ac3a2d7 elementor-widget elementor-widget-pxl_accordion\" data-id=\"ac3a2d7\" data-element_type=\"widget\" data-e-type=\"widget\" data-widget_type=\"pxl_accordion.default\">\n\t\t\t\t<div class=\"elementor-widget-container\">\n\t\t\t\t\t    <div class=\"pxl-accordion pxl-accordion1 style1\" data-wow-delay=\"ms\">\r\n                    <div class=\"pxl--item active\">\r\n                <h3 class=\"pxl-item-accordion\" data-target=\"#pxl-accordion-008dcdepxl_accordion-ac3a2d7-7669\">\r\n                    <i class=\"fa fa-angle-down\"><\/i>\r\n                    <span>Description<\/span>\r\n                    \r\n                <\/h3>\r\n                <div id=\"pxl-accordion-008dcdepxl_accordion-ac3a2d7-7669\" class=\"pxl-item--content\" style=\"display: block;\">Le Bracelet Hayati capture l\u2019essence m\u00eame de la vie et de la croissance.<br \/>\n<br \/>\nSa feuille d\u00e9licate n\u2019est pas un simple motif, mais un hommage direct au Hayat A\u011fac\u0131, l\u2019Arbre de Vie anatolien, symbole de renouveau et de connexion cosmique.<br \/>\n<br \/>\nPour lui donner une \u00e2me vibrante, la feuille est pav\u00e9e d\u2019oxydes de zirconium multicolores, \u00e9voquant l\u2019abondance fertile d\u2019un jardin ottoman.<br \/>\n<br \/>\nForg\u00e9e sur une \u00e2me noble en argent 925 massif, la pi\u00e8ce est ensuite sublim\u00e9e d\u2019une dorure or 16 carats (1,5 microns) qui illumine le poignet d\u2019un \u00e9clat solaire.<br \/>\n<br \/>\nChaque pierre est micro-sertie \u00e0 la main, loin des productions industrielles, pour offrir une mosa\u00efque organique et lumineuse.<br \/>\n<br \/>\nL\u00e9ger, d\u00e9licat et charg\u00e9 de symbolisme, ce bracelet devient un talisman personnel.<br \/>\n<br \/>\nPortez-le comme un rappel que vous grandissez, que vous vous transformez et que vous faites partie d\u2019un cycle vivant.<br \/>\n<br \/>\nUn bijou d\u2019intention et d\u2019harmonie, pens\u00e9 pour vous accompagner chaque jour.<\/div>\r\n            <\/div>\r\n                    <div class=\"pxl--item\">\r\n                <h3 class=\"pxl-item-accordion\" data-target=\"#pxl-accordion-8dda546pxl_accordion-ac3a2d7-7669\">\r\n                    <i class=\"fa fa-angle-down\"><\/i>\r\n                    <span>Caract\u00e9ristiques :<\/span>\r\n                    \r\n                <\/h3>\r\n                <div id=\"pxl-accordion-8dda546pxl_accordion-ac3a2d7-7669\" class=\"pxl-item--content\" >- M\u00e9tal : Argent Sterling 925 massif<br \/>\n- Finition : Dor\u00e9 Or 16 carats (1,5 microns)<br \/>\n- Pierre principale : Oxydes de zirconium multicolores<br \/>\n- Pierres secondaires : Mixte multicolore (pavage int\u00e9gral)<br \/>\n- Poids total : 2.35 g<br \/>\n- Longueur : R\u00e9glable<br \/>\n- Origine : Fait main en Turquie<br \/>\n- Inclus : Certificat d\u2019authenticit\u00e9 + pochette Turquaz<br \/>\n- Garantie : 1 an<\/div>\r\n            <\/div>\r\n                    <div class=\"pxl--item\">\r\n                <h3 class=\"pxl-item-accordion\" data-target=\"#pxl-accordion-b0764d1pxl_accordion-ac3a2d7-7669\">\r\n                    <i class=\"fa fa-angle-down\"><\/i>\r\n                    <span>Conseils d'entretien :<\/span>\r\n                    \r\n                <\/h3>\r\n                <div id=\"pxl-accordion-b0764d1pxl_accordion-ac3a2d7-7669\" class=\"pxl-item--content\" >- \u00c9vitez le contact avec l\u2019eau sal\u00e9e, le parfum et les produits chimiques.<br \/>\n- Nettoyez avec un chiffon doux et sec apr\u00e8s chaque usage.<br \/>\n- Rangez vos bijoux dans leur pochette ou \u00e9crin d\u2019origine \u00e0 l\u2019abri de la lumi\u00e8re.<\/div>\r\n            <\/div>\r\n            <\/div>\r\n\t\t\t\t<\/div>\n\t\t\t\t<\/div>\n\t\t\t\t\t<\/div>\r\n\t\t\t\t<\/div>\r\n\t\t\t\t<\/div>","protected":false},"excerpt":{"rendered":"<p>Le <strong data-start=\"632\" data-end=\"651\">Bracelet Hayati<\/strong>, en <strong data-start=\"656\" data-end=\"682\">argent 925 dor\u00e9 or 16K<\/strong>, d\u00e9ploie une feuille pav\u00e9e de couleurs vibrantes inspir\u00e9e de l\u2019Arbre de Vie anatolien.<\/p>\n<p>Un talisman d\u2019abondance et de croissance, fa\u00e7onn\u00e9 \u00e0 la main en Turquie.<\/p>","protected":false},"featured_media":10021,"template":"","meta":[],"product_brand":[53],"product_cat":[17],"product_tag":[],"class_list":{"0":"post-7122","1":"product","2":"type-product","3":"status-publish","4":"has-post-thumbnail","6":"product_brand-turquaz-store","7":"product_cat-bracelets","9":"first","10":"instock","11":"purchasable","12":"product-type-simple"},"_links":{"self":[{"href":"https:\/\/turquaz-store.fr\/en\/wp-json\/wp\/v2\/product\/7122","targetHints":{"allow":["GET"]}}],"collection":[{"href":"https:\/\/turquaz-store.fr\/en\/wp-json\/wp\/v2\/product"}],"about":[{"href":"https:\/\/turquaz-store.fr\/en\/wp-json\/wp\/v2\/types\/product"}],"version-history":[{"count":9,"href":"https:\/\/turquaz-store.fr\/en\/wp-json\/wp\/v2\/product\/7122\/revisions"}],"predecessor-version":[{"id":10072,"href":"https:\/\/turquaz-store.fr\/en\/wp-json\/wp\/v2\/product\/7122\/revisions\/10072"}],"wp:featuredmedia":[{"embeddable":true,"href":"https:\/\/turquaz-store.fr\/en\/wp-json\/wp\/v2\/media\/10021"}],"wp:attachment":[{"href":"https:\/\/turquaz-store.fr\/en\/wp-json\/wp\/v2\/media?parent=7122"}],"wp:term":[{"taxonomy":"product_brand","embeddable":true,"href":"https:\/\/turquaz-store.fr\/en\/wp-json\/wp\/v2\/product_brand?post=7122"},{"taxonomy":"product_cat","embeddable":true,"href":"https:\/\/turquaz-store.fr\/en\/wp-json\/wp\/v2\/product_cat?post=7122"},{"taxonomy":"product_tag","embeddable":true,"href":"https:\/\/turquaz-store.fr\/en\/wp-json\/wp\/v2\/product_tag?post=7122"}],"curies":[{"name":"wp","href":"https:\/\/api.w.org\/{rel}","templated":true}]}}