{"id":7131,"date":"2025-11-24T23:59:59","date_gmt":"2025-11-24T21:59:59","guid":{"rendered":"https:\/\/turquaz-store.fr\/?post_type=product&#038;p=7131"},"modified":"2026-02-01T09:31:43","modified_gmt":"2026-02-01T08:31:43","slug":"bracelet-miroir-kaplan","status":"publish","type":"product","link":"https:\/\/turquaz-store.fr\/en\/product\/bracelet-miroir-kaplan\/","title":{"rendered":"Bracelet Miroir Kaplan"},"content":{"rendered":"<div data-elementor-type=\"wp-post\" data-elementor-id=\"7131\" class=\"elementor elementor-7131\" data-elementor-post-type=\"product\">\n\t\t\t\t<div class=\"elementor-element elementor-element-8469bb2 e-flex e-con-boxed e-con e-parent\" data-id=\"8469bb2\" data-element_type=\"container\" data-e-type=\"container\">\t\t\t<div class=\"e-con-inner\">\r\n\t\t<div class=\"elementor-element elementor-element-9c6d526 e-con-full e-flex e-con e-child\" data-id=\"9c6d526\" data-element_type=\"container\" data-e-type=\"container\" data-settings=\"{&quot;background_background&quot;:&quot;classic&quot;}\">\t\t<div class=\"elementor-element elementor-element-efacd16 elementor-widget elementor-widget-pxl_icon_box\" data-id=\"efacd16\" data-element_type=\"widget\" data-e-type=\"widget\" data-widget_type=\"pxl_icon_box.default\">\n\t\t\t\t<div class=\"elementor-widget-container\">\n\t\t\t\t\t<div class=\"pxl-icon-box pxl-icon-box1 style-1\" data-wow-delay=\"ms\">\r\n    <div class=\"pxl-item--inner\">\r\n                    <div class=\"pxl-item--icon\">\r\n                <i aria-hidden=\"true\" class=\"fal fa-graduation-cap\"><\/i>            <\/div>\r\n                        <h3 class=\"pxl-item--title el-empty\">HISTOIRE<\/h3>\r\n        <div class=\"pxl-item--description el-empty\">Dans l\u2019Anatolie ancienne, l\u2019\u0152il de Tigre \u00e9tait consid\u00e9r\u00e9 comme une pierre de vigilance et de force int\u00e9rieure.\nPort\u00e9e pr\u00e8s du pouls, elle servait de talisman quotidien, utilis\u00e9 par les voyageurs, les marchands et les femmes influentes de la cour pour d\u00e9tourner le mauvais \u0153il et rester ancr\u00e9s face aux d\u00e9fis.\nLe Bracelet Miroir Kaplan s\u2019inscrit dans cette lign\u00e9e protectrice : une pierre vivante, fa\u00e7onn\u00e9e et mont\u00e9e selon les traditions ottomanes, pour offrir une pr\u00e9sence rassurante au quotidien.<\/div>\r\n    <\/div>\r\n<\/div>\t\t\t\t<\/div>\n\t\t\t\t<\/div>\n\t\t\t\t<\/div>\r\n\t\t<div class=\"elementor-element elementor-element-0d32e84 e-con-full e-flex e-con e-child\" data-id=\"0d32e84\" data-element_type=\"container\" data-e-type=\"container\">\t\t<div class=\"elementor-element elementor-element-4220a1b elementor-widget elementor-widget-pxl_icon_box\" data-id=\"4220a1b\" data-element_type=\"widget\" data-e-type=\"widget\" data-widget_type=\"pxl_icon_box.default\">\n\t\t\t\t<div class=\"elementor-widget-container\">\n\t\t\t\t\t<div class=\"pxl-icon-box pxl-icon-box1 style-1\" data-wow-delay=\"ms\">\r\n    <div class=\"pxl-item--inner\">\r\n                    <div class=\"pxl-item--icon\">\r\n                <i aria-hidden=\"true\" class=\"fal fa-hamsa\"><\/i>            <\/div>\r\n                        <h3 class=\"pxl-item--title el-empty\">SYMBOLIQUE<\/h3>\r\n        <div class=\"pxl-item--description el-empty\">L\u2019\u0152il de Tigre est une pierre d\u2019ancrage et de courage.\nSes nuances dor\u00e9es agissent comme un miroir symbolique : elles renvoient les \u00e9nergies n\u00e9gatives, renforcent la concentration et \u00e9veillent la force int\u00e9rieure.\nPort\u00e9e au poignet, elle diffuse une \u00e9nergie stable et protectrice, invitant \u00e0 la confiance en soi, \u00e0 la lucidit\u00e9 et \u00e0 la d\u00e9termination.\nCe bracelet devient un compagnon de puissance, un rappel constant de votre force tranquille.<\/div>\r\n    <\/div>\r\n<\/div>\t\t\t\t<\/div>\n\t\t\t\t<\/div>\n\t\t\t\t<\/div>\r\n\t\t\t\t\t<\/div>\r\n\t\t\t\t<\/div>\r\n\t\t<div class=\"elementor-element elementor-element-4d39f81 e-flex e-con-boxed e-con e-parent\" data-id=\"4d39f81\" data-element_type=\"container\" data-e-type=\"container\">\t\t\t<div class=\"e-con-inner\">\r\n\t\t\t\t<div class=\"elementor-element elementor-element-ac3a2d7 elementor-widget elementor-widget-pxl_accordion\" data-id=\"ac3a2d7\" data-element_type=\"widget\" data-e-type=\"widget\" data-widget_type=\"pxl_accordion.default\">\n\t\t\t\t<div class=\"elementor-widget-container\">\n\t\t\t\t\t    <div class=\"pxl-accordion pxl-accordion1 style1\" data-wow-delay=\"ms\">\r\n                    <div class=\"pxl--item active\">\r\n                <h3 class=\"pxl-item-accordion\" data-target=\"#pxl-accordion-008dcdepxl_accordion-ac3a2d7-9342\">\r\n                    <i class=\"fa fa-angle-down\"><\/i>\r\n                    <span>Description<\/span>\r\n                    \r\n                <\/h3>\r\n                <div id=\"pxl-accordion-008dcdepxl_accordion-ac3a2d7-9342\" class=\"pxl-item--content\" style=\"display: block;\">Le Bracelet Miroir Kaplan n'est pas un simple bijou, mais un gardien personnel fa\u00e7onn\u00e9 pour vous accompagner dans chaque moment de votre journ\u00e9e.<br \/>\n<br \/>\nAu centre, une v\u00e9ritable pierre d\u2019\u0152il de Tigre, choisie pour la profondeur de ses irisations et la richesse de son \u00e9clat naturel. Cette pierre mill\u00e9naire est reconnue pour son pouvoir protecteur : elle canalise l\u2019\u00e9nergie, renforce la confiance et cr\u00e9e un bouclier discret qui \u00e9loigne les vibrations n\u00e9gatives.<br \/>\n<br \/>\nSon impact est encore plus fort port\u00e9 au poignet, \u00e0 proximit\u00e9 du pouls, o\u00f9 son \u00e9nergie se diffuse de fa\u00e7on continue.<br \/>\n<br \/>\nMont\u00e9e sur une base noble en argent 925 massif, la pi\u00e8ce est sublim\u00e9e d\u2019une dorure or 22 carats (1,5 microns), offrant une chaleur luxueuse et une durabilit\u00e9 rare. Hypoallerg\u00e9nique et r\u00e9sistante au quotidien, cette cr\u00e9ation artisanale se distingue par sa finesse et son \u00e9l\u00e9gance s\u00fbre, loin des bijoux industriels.<br \/>\n<br \/>\nEn l\u2019attachant, prenez un instant pour fixer une intention : protection, ancrage, courage.<br \/>\n<br \/>\nSentez la pr\u00e9sence rassurante de la pierre contre votre peau, un point de force tangible qui vous accompagne dans chaque geste et chaque d\u00e9cision.<\/div>\r\n            <\/div>\r\n                    <div class=\"pxl--item\">\r\n                <h3 class=\"pxl-item-accordion\" data-target=\"#pxl-accordion-8dda546pxl_accordion-ac3a2d7-9342\">\r\n                    <i class=\"fa fa-angle-down\"><\/i>\r\n                    <span>Caract\u00e9ristiques :<\/span>\r\n                    \r\n                <\/h3>\r\n                <div id=\"pxl-accordion-8dda546pxl_accordion-ac3a2d7-9342\" class=\"pxl-item--content\" >- M\u00e9tal : Argent Sterling 925 massif<br \/>\n- Finition : Dor\u00e9 Or 22 carats (1,5 microns)<br \/>\n- Pierre principale : \u0152il de Tigre v\u00e9ritable<br \/>\n- Pierres secondaires : \u2014<br \/>\n- Poids total : 4.70 g<br \/>\n- Longueur : 16 + 5 cm (r\u00e9glable)<br \/>\n- Origine : Fait main en Turquie<br \/>\n- Inclus : Certificat d\u2019authenticit\u00e9 + \u00e9crin Turquaz<br \/>\n- Garantie : 1 an<\/div>\r\n            <\/div>\r\n                    <div class=\"pxl--item\">\r\n                <h3 class=\"pxl-item-accordion\" data-target=\"#pxl-accordion-b0764d1pxl_accordion-ac3a2d7-9342\">\r\n                    <i class=\"fa fa-angle-down\"><\/i>\r\n                    <span>Conseils d'entretien :<\/span>\r\n                    \r\n                <\/h3>\r\n                <div id=\"pxl-accordion-b0764d1pxl_accordion-ac3a2d7-9342\" class=\"pxl-item--content\" >- \u00c9vitez le contact avec l\u2019eau sal\u00e9e, le parfum et les produits chimiques.<br \/>\n- Nettoyez avec un chiffon doux et sec apr\u00e8s chaque usage.<br \/>\n- Rangez vos bijoux dans leur pochette ou \u00e9crin d\u2019origine \u00e0 l\u2019abri de la lumi\u00e8re.<\/div>\r\n            <\/div>\r\n            <\/div>\r\n\t\t\t\t<\/div>\n\t\t\t\t<\/div>\n\t\t\t\t\t<\/div>\r\n\t\t\t\t<\/div>\r\n\t\t\t\t<\/div>","protected":false},"excerpt":{"rendered":"<p>Le <strong data-start=\"456\" data-end=\"482\">Bracelet Miroir Kaplan<\/strong>, en argent 925 dor\u00e9 or 22K, r\u00e9v\u00e8le une v\u00e9ritable pierre d\u2019\u0152il de Tigre, talisman naturel d\u2019ancrage et de protection.<\/p>\n<p>Une cr\u00e9ation artisanale turque con\u00e7ue pour renforcer confiance et stabilit\u00e9 int\u00e9rieure.<\/p>","protected":false},"featured_media":7133,"template":"","meta":[],"product_brand":[53],"product_cat":[17],"product_tag":[],"class_list":{"0":"post-7131","1":"product","2":"type-product","3":"status-publish","4":"has-post-thumbnail","6":"product_brand-turquaz-store","7":"product_cat-bracelets","9":"first","10":"instock","11":"purchasable","12":"product-type-simple"},"_links":{"self":[{"href":"https:\/\/turquaz-store.fr\/en\/wp-json\/wp\/v2\/product\/7131","targetHints":{"allow":["GET"]}}],"collection":[{"href":"https:\/\/turquaz-store.fr\/en\/wp-json\/wp\/v2\/product"}],"about":[{"href":"https:\/\/turquaz-store.fr\/en\/wp-json\/wp\/v2\/types\/product"}],"version-history":[{"count":8,"href":"https:\/\/turquaz-store.fr\/en\/wp-json\/wp\/v2\/product\/7131\/revisions"}],"predecessor-version":[{"id":10177,"href":"https:\/\/turquaz-store.fr\/en\/wp-json\/wp\/v2\/product\/7131\/revisions\/10177"}],"wp:featuredmedia":[{"embeddable":true,"href":"https:\/\/turquaz-store.fr\/en\/wp-json\/wp\/v2\/media\/7133"}],"wp:attachment":[{"href":"https:\/\/turquaz-store.fr\/en\/wp-json\/wp\/v2\/media?parent=7131"}],"wp:term":[{"taxonomy":"product_brand","embeddable":true,"href":"https:\/\/turquaz-store.fr\/en\/wp-json\/wp\/v2\/product_brand?post=7131"},{"taxonomy":"product_cat","embeddable":true,"href":"https:\/\/turquaz-store.fr\/en\/wp-json\/wp\/v2\/product_cat?post=7131"},{"taxonomy":"product_tag","embeddable":true,"href":"https:\/\/turquaz-store.fr\/en\/wp-json\/wp\/v2\/product_tag?post=7131"}],"curies":[{"name":"wp","href":"https:\/\/api.w.org\/{rel}","templated":true}]}}