{"id":7149,"date":"2025-11-25T00:17:25","date_gmt":"2025-11-24T22:17:25","guid":{"rendered":"https:\/\/turquaz-store.fr\/?post_type=product&#038;p=7149"},"modified":"2025-12-12T06:46:05","modified_gmt":"2025-12-12T05:46:05","slug":"bracelet-nazarelle","status":"publish","type":"product","link":"https:\/\/turquaz-store.fr\/en\/product\/bracelet-nazarelle\/","title":{"rendered":"Bracelet Nazarelle"},"content":{"rendered":"<div data-elementor-type=\"wp-post\" data-elementor-id=\"7149\" class=\"elementor elementor-7149\" data-elementor-post-type=\"product\">\n\t\t\t\t<div class=\"elementor-element elementor-element-8469bb2 e-flex e-con-boxed e-con e-parent\" data-id=\"8469bb2\" data-element_type=\"container\" data-e-type=\"container\">\t\t\t<div class=\"e-con-inner\">\r\n\t\t<div class=\"elementor-element elementor-element-9c6d526 e-con-full e-flex e-con e-child\" data-id=\"9c6d526\" data-element_type=\"container\" data-e-type=\"container\" data-settings=\"{&quot;background_background&quot;:&quot;classic&quot;}\">\t\t<div class=\"elementor-element elementor-element-efacd16 elementor-widget elementor-widget-pxl_icon_box\" data-id=\"efacd16\" data-element_type=\"widget\" data-e-type=\"widget\" data-widget_type=\"pxl_icon_box.default\">\n\t\t\t\t<div class=\"elementor-widget-container\">\n\t\t\t\t\t<div class=\"pxl-icon-box pxl-icon-box1 style-1\" data-wow-delay=\"ms\">\r\n    <div class=\"pxl-item--inner\">\r\n                    <div class=\"pxl-item--icon\">\r\n                <i aria-hidden=\"true\" class=\"fal fa-graduation-cap\"><\/i>            <\/div>\r\n                        <h3 class=\"pxl-item--title el-empty\">HISTOIRE<\/h3>\r\n        <div class=\"pxl-item--description el-empty\">Bien avant les pierres scintillantes et les bijoux modernes, le Nazar Boncu\u011fu \u00e9tait une simple amulette en verre \u00e9maill\u00e9, bleu et blanc, fa\u00e7onn\u00e9e par les artisans ottomans pour repousser le mauvais \u0153il.\nLes femmes d\u2019Anatolie le portaient pr\u00e8s de la peau, non pour \u00eatre vues, mais pour \u00eatre prot\u00e9g\u00e9es.\nLe Bracelet Nazarelle reprend cette tradition originelle dans une version raffin\u00e9e et contemporaine : fine cha\u00eene, motif authentique, couleurs sacr\u00e9es et dorure pr\u00e9cieuse.<\/div>\r\n    <\/div>\r\n<\/div>\t\t\t\t<\/div>\n\t\t\t\t<\/div>\n\t\t\t\t<\/div>\r\n\t\t<div class=\"elementor-element elementor-element-0d32e84 e-con-full e-flex e-con e-child\" data-id=\"0d32e84\" data-element_type=\"container\" data-e-type=\"container\">\t\t<div class=\"elementor-element elementor-element-4220a1b elementor-widget elementor-widget-pxl_icon_box\" data-id=\"4220a1b\" data-element_type=\"widget\" data-e-type=\"widget\" data-widget_type=\"pxl_icon_box.default\">\n\t\t\t\t<div class=\"elementor-widget-container\">\n\t\t\t\t\t<div class=\"pxl-icon-box pxl-icon-box1 style-1\" data-wow-delay=\"ms\">\r\n    <div class=\"pxl-item--inner\">\r\n                    <div class=\"pxl-item--icon\">\r\n                <i aria-hidden=\"true\" class=\"fal fa-hamsa\"><\/i>            <\/div>\r\n                        <h3 class=\"pxl-item--title el-empty\">SYMBOLIQUE<\/h3>\r\n        <div class=\"pxl-item--description el-empty\">Le bleu profond du Nazar absorbe les vibrations n\u00e9gatives comme un puits \u00e9nerg\u00e9tique.\nLe blanc qui l\u2019entoure neutralise et dissipe ces influences avant qu\u2019elles ne vous atteignent.\nCe bracelet n\u2019est pas un bijou de d\u00e9monstration ; c\u2019est un gardien silencieux.\nIl veille, filtre, prot\u00e8ge et cr\u00e9e un espace \u00e9motionnel plus clair autour de vous.\nLe Nazar ne se pr\u00eate jamais, car il se calibre sur votre propre \u00e9nergie. Offert, il devient encore plus puissant.<\/div>\r\n    <\/div>\r\n<\/div>\t\t\t\t<\/div>\n\t\t\t\t<\/div>\n\t\t\t\t<\/div>\r\n\t\t\t\t\t<\/div>\r\n\t\t\t\t<\/div>\r\n\t\t<div class=\"elementor-element elementor-element-4d39f81 e-flex e-con-boxed e-con e-parent\" data-id=\"4d39f81\" data-element_type=\"container\" data-e-type=\"container\">\t\t\t<div class=\"e-con-inner\">\r\n\t\t\t\t<div class=\"elementor-element elementor-element-ac3a2d7 elementor-widget elementor-widget-pxl_accordion\" data-id=\"ac3a2d7\" data-element_type=\"widget\" data-e-type=\"widget\" data-widget_type=\"pxl_accordion.default\">\n\t\t\t\t<div class=\"elementor-widget-container\">\n\t\t\t\t\t    <div class=\"pxl-accordion pxl-accordion1 style1\" data-wow-delay=\"ms\">\r\n                    <div class=\"pxl--item active\">\r\n                <h3 class=\"pxl-item-accordion\" data-target=\"#pxl-accordion-008dcdepxl_accordion-ac3a2d7-6432\">\r\n                    <i class=\"fa fa-angle-down\"><\/i>\r\n                    <span>Description<\/span>\r\n                    \r\n                <\/h3>\r\n                <div id=\"pxl-accordion-008dcdepxl_accordion-ac3a2d7-6432\" class=\"pxl-item--content\" style=\"display: block;\">Le Bracelet \u201cNazarelle\u201d est un talisman r\u00e9duit \u00e0 sa forme la plus pure.<br \/>\n<br \/>\nIci, la magie du Nazar se manifeste non par un \u00e9clat, mais par l\u2019\u00e9mail traditionnel, bleu et blanc, fid\u00e8le aux premiers boncuk en verre qui prot\u00e9geaient les familles anatoliennes.<br \/>\n<br \/>\nForg\u00e9 sur une \u00e2me noble en argent 925 massif, puis recouvert d\u2019une dorure or 16 carats (1,5 microns), il incarne la simplicit\u00e9 sacr\u00e9e des amulettes anciennes. Sa l\u00e9g\u00e8ret\u00e9, sa finesse et sa sobri\u00e9t\u00e9 en font un bijou pens\u00e9 pour \u00eatre port\u00e9 au quotidien, presque comme une seconde peau.<br \/>\n<br \/>\nCe bracelet ne cherche pas \u00e0 attirer les regards. Il cr\u00e9e un lien intime entre vous et votre protection.<br \/>\n<br \/>\nChaque Nazar pos\u00e9 sur la cha\u00eene agit comme un micro-bouclier : le bleu absorbe, le blanc purifie, et l\u2019ensemble stabilise votre \u00e9nergie.<br \/>\n<br \/>\nEn refermant le bracelet autour de votre poignet, vous activerez son r\u00f4le de gardien personnel, discret mais puissamment symbolique.<\/div>\r\n            <\/div>\r\n                    <div class=\"pxl--item\">\r\n                <h3 class=\"pxl-item-accordion\" data-target=\"#pxl-accordion-8dda546pxl_accordion-ac3a2d7-6432\">\r\n                    <i class=\"fa fa-angle-down\"><\/i>\r\n                    <span>Caract\u00e9ristiques :<\/span>\r\n                    \r\n                <\/h3>\r\n                <div id=\"pxl-accordion-8dda546pxl_accordion-ac3a2d7-6432\" class=\"pxl-item--content\" >- M\u00e9tal : Argent Sterling 925 massif<br \/>\n- Finition : Dor\u00e9 Or 16 carats (1,5 microns)<br \/>\n- Motifs : Nazars en \u00e9mail profond (multiples)<br \/>\n- Pierre principale : \u2014<br \/>\n- Pierres secondaires : \u2014<br \/>\n- Poids total : 1.75 g<br \/>\n- Longueur : R\u00e9glable<br \/>\n- Origine : Fait main en Turquie<br \/>\n- Inclus : Pochette Turquaz + certificat d\u2019authenticit\u00e9<br \/>\n- Garantie : 1 an<\/div>\r\n            <\/div>\r\n                    <div class=\"pxl--item\">\r\n                <h3 class=\"pxl-item-accordion\" data-target=\"#pxl-accordion-b0764d1pxl_accordion-ac3a2d7-6432\">\r\n                    <i class=\"fa fa-angle-down\"><\/i>\r\n                    <span>Conseils d'entretien :<\/span>\r\n                    \r\n                <\/h3>\r\n                <div id=\"pxl-accordion-b0764d1pxl_accordion-ac3a2d7-6432\" class=\"pxl-item--content\" >- \u00c9vitez le contact avec l\u2019eau sal\u00e9e, le parfum et les produits chimiques.<br \/>\n- Nettoyez avec un chiffon doux et sec apr\u00e8s chaque usage.<br \/>\n- Rangez vos bijoux dans leur pochette ou \u00e9crin d\u2019origine \u00e0 l\u2019abri de la lumi\u00e8re.<\/div>\r\n            <\/div>\r\n            <\/div>\r\n\t\t\t\t<\/div>\n\t\t\t\t<\/div>\n\t\t\t\t\t<\/div>\r\n\t\t\t\t<\/div>\r\n\t\t\t\t<\/div>","protected":false},"excerpt":{"rendered":"<p>Le <strong data-start=\"603\" data-end=\"625\">Bracelet Nazarelle<\/strong>, en argent 925 dor\u00e9 or 16K, r\u00e9invente le Nazar ancestral en une version minimaliste en \u00e9mail profond.<\/p>\n<p>Un talisman discret con\u00e7u pour absorber les \u00e9nergies n\u00e9gatives avec \u00e9l\u00e9gance.<\/p>","protected":false},"featured_media":10019,"template":"","meta":[],"product_brand":[53],"product_cat":[17],"product_tag":[],"class_list":{"0":"post-7149","1":"product","2":"type-product","3":"status-publish","4":"has-post-thumbnail","6":"product_brand-turquaz-store","7":"product_cat-bracelets","9":"first","10":"instock","11":"purchasable","12":"product-type-simple"},"_links":{"self":[{"href":"https:\/\/turquaz-store.fr\/en\/wp-json\/wp\/v2\/product\/7149","targetHints":{"allow":["GET"]}}],"collection":[{"href":"https:\/\/turquaz-store.fr\/en\/wp-json\/wp\/v2\/product"}],"about":[{"href":"https:\/\/turquaz-store.fr\/en\/wp-json\/wp\/v2\/types\/product"}],"version-history":[{"count":8,"href":"https:\/\/turquaz-store.fr\/en\/wp-json\/wp\/v2\/product\/7149\/revisions"}],"predecessor-version":[{"id":10020,"href":"https:\/\/turquaz-store.fr\/en\/wp-json\/wp\/v2\/product\/7149\/revisions\/10020"}],"wp:featuredmedia":[{"embeddable":true,"href":"https:\/\/turquaz-store.fr\/en\/wp-json\/wp\/v2\/media\/10019"}],"wp:attachment":[{"href":"https:\/\/turquaz-store.fr\/en\/wp-json\/wp\/v2\/media?parent=7149"}],"wp:term":[{"taxonomy":"product_brand","embeddable":true,"href":"https:\/\/turquaz-store.fr\/en\/wp-json\/wp\/v2\/product_brand?post=7149"},{"taxonomy":"product_cat","embeddable":true,"href":"https:\/\/turquaz-store.fr\/en\/wp-json\/wp\/v2\/product_cat?post=7149"},{"taxonomy":"product_tag","embeddable":true,"href":"https:\/\/turquaz-store.fr\/en\/wp-json\/wp\/v2\/product_tag?post=7149"}],"curies":[{"name":"wp","href":"https:\/\/api.w.org\/{rel}","templated":true}]}}