{"id":7157,"date":"2025-11-25T00:23:18","date_gmt":"2025-11-24T22:23:18","guid":{"rendered":"https:\/\/turquaz-store.fr\/?post_type=product&#038;p=7157"},"modified":"2026-02-01T09:31:43","modified_gmt":"2026-02-01T08:31:43","slug":"bracelet-bouclier-majestueux","status":"publish","type":"product","link":"https:\/\/turquaz-store.fr\/en\/product\/bracelet-bouclier-majestueux\/","title":{"rendered":"Bracelet Bouclier Majestueux"},"content":{"rendered":"<div data-elementor-type=\"wp-post\" data-elementor-id=\"7157\" class=\"elementor elementor-7157\" data-elementor-post-type=\"product\">\n\t\t\t\t<div class=\"elementor-element elementor-element-8469bb2 e-flex e-con-boxed e-con e-parent\" data-id=\"8469bb2\" data-element_type=\"container\" data-e-type=\"container\">\t\t\t<div class=\"e-con-inner\">\r\n\t\t<div class=\"elementor-element elementor-element-9c6d526 e-con-full e-flex e-con e-child\" data-id=\"9c6d526\" data-element_type=\"container\" data-e-type=\"container\" data-settings=\"{&quot;background_background&quot;:&quot;classic&quot;}\">\t\t<div class=\"elementor-element elementor-element-efacd16 elementor-widget elementor-widget-pxl_icon_box\" data-id=\"efacd16\" data-element_type=\"widget\" data-e-type=\"widget\" data-widget_type=\"pxl_icon_box.default\">\n\t\t\t\t<div class=\"elementor-widget-container\">\n\t\t\t\t\t<div class=\"pxl-icon-box pxl-icon-box1 style-1\" data-wow-delay=\"ms\">\r\n    <div class=\"pxl-item--inner\">\r\n                    <div class=\"pxl-item--icon\">\r\n                <i aria-hidden=\"true\" class=\"fal fa-graduation-cap\"><\/i>            <\/div>\r\n                        <h3 class=\"pxl-item--title el-empty\">HISTOIRE<\/h3>\r\n        <div class=\"pxl-item--description el-empty\">Dans les cours ottomanes, les talismans d\u2019exception \u00e9taient port\u00e9s par les femmes de haut rang pour prot\u00e9ger leur destin\u00e9e.\nLes pi\u00e8ces les plus imposantes, serties de couleurs intenses, symbolisaient non seulement la protection mais aussi le prestige et la force int\u00e9rieure.\nLe Bouclier Majestueux s\u2019inspire de ces ornements historiques, o\u00f9 l\u2019art du pavage rencontrait la spiritualit\u00e9 profonde du Nazar.<\/div>\r\n    <\/div>\r\n<\/div>\t\t\t\t<\/div>\n\t\t\t\t<\/div>\n\t\t\t\t<\/div>\r\n\t\t<div class=\"elementor-element elementor-element-0d32e84 e-con-full e-flex e-con e-child\" data-id=\"0d32e84\" data-element_type=\"container\" data-e-type=\"container\">\t\t<div class=\"elementor-element elementor-element-4220a1b elementor-widget elementor-widget-pxl_icon_box\" data-id=\"4220a1b\" data-element_type=\"widget\" data-e-type=\"widget\" data-widget_type=\"pxl_icon_box.default\">\n\t\t\t\t<div class=\"elementor-widget-container\">\n\t\t\t\t\t<div class=\"pxl-icon-box pxl-icon-box1 style-1\" data-wow-delay=\"ms\">\r\n    <div class=\"pxl-item--inner\">\r\n                    <div class=\"pxl-item--icon\">\r\n                <i aria-hidden=\"true\" class=\"fal fa-hamsa\"><\/i>            <\/div>\r\n                        <h3 class=\"pxl-item--title el-empty\">SYMBOLIQUE<\/h3>\r\n        <div class=\"pxl-item--description el-empty\">Le Nazar est un \u0153il sacr\u00e9 capable d\u2019absorber le n\u00e9gatif et de neutraliser les influences hostiles.\nIci, sa taille et son pavage lui donnent un r\u00f4le amplifi\u00e9 : le bleu profond capte, la turquoise purifie, et le halo clair diffuse une aura protectrice.\nCe bracelet devient un rempart \u00e9nerg\u00e9tique, un compagnon de s\u00e9r\u00e9nit\u00e9 au quotidien.\nPort\u00e9 au poignet, il agit comme un cercle de vigilance, stabilisant l\u2019\u00e9motionnel et renfor\u00e7ant la confiance.<\/div>\r\n    <\/div>\r\n<\/div>\t\t\t\t<\/div>\n\t\t\t\t<\/div>\n\t\t\t\t<\/div>\r\n\t\t\t\t\t<\/div>\r\n\t\t\t\t<\/div>\r\n\t\t<div class=\"elementor-element elementor-element-4d39f81 e-flex e-con-boxed e-con e-parent\" data-id=\"4d39f81\" data-element_type=\"container\" data-e-type=\"container\">\t\t\t<div class=\"e-con-inner\">\r\n\t\t\t\t<div class=\"elementor-element elementor-element-ac3a2d7 elementor-widget elementor-widget-pxl_accordion\" data-id=\"ac3a2d7\" data-element_type=\"widget\" data-e-type=\"widget\" data-widget_type=\"pxl_accordion.default\">\n\t\t\t\t<div class=\"elementor-widget-container\">\n\t\t\t\t\t    <div class=\"pxl-accordion pxl-accordion1 style1\" data-wow-delay=\"ms\">\r\n                    <div class=\"pxl--item active\">\r\n                <h3 class=\"pxl-item-accordion\" data-target=\"#pxl-accordion-008dcdepxl_accordion-ac3a2d7-4534\">\r\n                    <i class=\"fa fa-angle-down\"><\/i>\r\n                    <span>Description<\/span>\r\n                    \r\n                <\/h3>\r\n                <div id=\"pxl-accordion-008dcdepxl_accordion-ac3a2d7-4534\" class=\"pxl-item--content\" style=\"display: block;\">V\u00e9ritable pi\u00e8ce ma\u00eetresse de joaillerie spirituelle, le Bracelet Bouclier Majestueux unit la puissance ancestrale du Nazar \u00e0 l\u2019excellence de l\u2019artisanat turc.<br \/>\n<br \/>\nLe motif central, de dimension g\u00e9n\u00e9reuse, est pav\u00e9 de turquoise vibrante et de saphir profond, cr\u00e9ant un contraste lumineux spectaculaire.<br \/>\n<br \/>\nLe c\u0153ur bleu attire les influences, la turquoise neutralise les vibrations lourdes et le halo clair renforce l\u2019aura protectrice.<br \/>\n<br \/>\nForg\u00e9 sur une \u00e2me en argent 925 massif, chaque \u00e9clat est micro-serti \u00e0 la main par nos ma\u00eetres artisans.<br \/>\n<br \/>\nUne dorure or 16 carats (1,5 microns) vient ensuite magnifier la pi\u00e8ce, lui donnant une richesse solaire qui ne s\u2019estompe pas dans le temps.<br \/>\n<br \/>\nLe bracelet, r\u00e9glable et confortable, est pens\u00e9 pour un port quotidien. En le glissant \u00e0 votre poignet, vous ressentirez un \u00e9quilibre subtil : une pr\u00e9sence rassurante, une force tranquille, et un raffinement digne des bijoux ottomans.<br \/>\n<br \/>\nC\u2019est une v\u00e9ritable armure de distinction, \u00e0 la fois protectrice et profond\u00e9ment esth\u00e9tique.<\/div>\r\n            <\/div>\r\n                    <div class=\"pxl--item\">\r\n                <h3 class=\"pxl-item-accordion\" data-target=\"#pxl-accordion-8dda546pxl_accordion-ac3a2d7-4534\">\r\n                    <i class=\"fa fa-angle-down\"><\/i>\r\n                    <span>Caract\u00e9ristiques :<\/span>\r\n                    \r\n                <\/h3>\r\n                <div id=\"pxl-accordion-8dda546pxl_accordion-ac3a2d7-4534\" class=\"pxl-item--content\" >- M\u00e9tal : Argent Sterling 925 massif<br \/>\n- Finition : Dor\u00e9 Or 16 carats (1,5 microns)<br \/>\n- Pierre principale : Turquoise (pavage principal)<br \/>\n- Pierres lat\u00e9rales : Saphir (pavage secondaire)<br \/>\n- Poids total : 6.65 g<br \/>\n- Longueur : R\u00e9glable<br \/>\n- Motif central : \u0152il Nazar pav\u00e9<br \/>\n- Origine : Fait main en Turquie<br \/>\n- Inclus : Pochette Turquaz + certificat d\u2019authenticit\u00e9<br \/>\n- Garantie : 1 an<\/div>\r\n            <\/div>\r\n                    <div class=\"pxl--item\">\r\n                <h3 class=\"pxl-item-accordion\" data-target=\"#pxl-accordion-b0764d1pxl_accordion-ac3a2d7-4534\">\r\n                    <i class=\"fa fa-angle-down\"><\/i>\r\n                    <span>Conseils d'entretien :<\/span>\r\n                    \r\n                <\/h3>\r\n                <div id=\"pxl-accordion-b0764d1pxl_accordion-ac3a2d7-4534\" class=\"pxl-item--content\" >- \u00c9vitez le contact avec l\u2019eau sal\u00e9e, le parfum et les produits chimiques.<br \/>\n- Nettoyez avec un chiffon doux et sec apr\u00e8s chaque usage.<br \/>\n- Rangez vos bijoux dans leur pochette ou \u00e9crin d\u2019origine \u00e0 l\u2019abri de la lumi\u00e8re.<\/div>\r\n            <\/div>\r\n            <\/div>\r\n\t\t\t\t<\/div>\n\t\t\t\t<\/div>\n\t\t\t\t\t<\/div>\r\n\t\t\t\t<\/div>\r\n\t\t\t\t<\/div>","protected":false},"excerpt":{"rendered":"<p data-start=\"522\" data-end=\"715\">Le <strong data-start=\"525\" data-end=\"557\">Bracelet Bouclier Majestueux<\/strong>, en argent 925 dor\u00e9 or 16K, d\u00e9voile un Nazar pav\u00e9 de turquoise et de saphir.<\/p>\n<p data-start=\"522\" data-end=\"715\">Un talisman puissant et raffin\u00e9, con\u00e7u comme un bouclier spirituel au poignet.<\/p>","protected":false},"featured_media":7158,"template":"","meta":[],"product_brand":[53],"product_cat":[17],"product_tag":[],"class_list":{"0":"post-7157","1":"product","2":"type-product","3":"status-publish","4":"has-post-thumbnail","6":"product_brand-turquaz-store","7":"product_cat-bracelets","9":"first","10":"instock","11":"purchasable","12":"product-type-simple"},"_links":{"self":[{"href":"https:\/\/turquaz-store.fr\/en\/wp-json\/wp\/v2\/product\/7157","targetHints":{"allow":["GET"]}}],"collection":[{"href":"https:\/\/turquaz-store.fr\/en\/wp-json\/wp\/v2\/product"}],"about":[{"href":"https:\/\/turquaz-store.fr\/en\/wp-json\/wp\/v2\/types\/product"}],"version-history":[{"count":8,"href":"https:\/\/turquaz-store.fr\/en\/wp-json\/wp\/v2\/product\/7157\/revisions"}],"predecessor-version":[{"id":10176,"href":"https:\/\/turquaz-store.fr\/en\/wp-json\/wp\/v2\/product\/7157\/revisions\/10176"}],"wp:featuredmedia":[{"embeddable":true,"href":"https:\/\/turquaz-store.fr\/en\/wp-json\/wp\/v2\/media\/7158"}],"wp:attachment":[{"href":"https:\/\/turquaz-store.fr\/en\/wp-json\/wp\/v2\/media?parent=7157"}],"wp:term":[{"taxonomy":"product_brand","embeddable":true,"href":"https:\/\/turquaz-store.fr\/en\/wp-json\/wp\/v2\/product_brand?post=7157"},{"taxonomy":"product_cat","embeddable":true,"href":"https:\/\/turquaz-store.fr\/en\/wp-json\/wp\/v2\/product_cat?post=7157"},{"taxonomy":"product_tag","embeddable":true,"href":"https:\/\/turquaz-store.fr\/en\/wp-json\/wp\/v2\/product_tag?post=7157"}],"curies":[{"name":"wp","href":"https:\/\/api.w.org\/{rel}","templated":true}]}}