{"id":7181,"date":"2025-11-25T00:52:51","date_gmt":"2025-11-24T22:52:51","guid":{"rendered":"https:\/\/turquaz-store.fr\/?post_type=product&#038;p=7181"},"modified":"2025-11-30T00:26:56","modified_gmt":"2025-11-29T22:26:56","slug":"boucles-corde-d-or","status":"publish","type":"product","link":"https:\/\/turquaz-store.fr\/en\/product\/boucles-corde-d-or\/","title":{"rendered":"Boucles Corde d&rsquo;Or"},"content":{"rendered":"<div data-elementor-type=\"wp-post\" data-elementor-id=\"7181\" class=\"elementor elementor-7181\" data-elementor-post-type=\"product\">\n\t\t\t\t<div class=\"elementor-element elementor-element-8469bb2 e-flex e-con-boxed e-con e-parent\" data-id=\"8469bb2\" data-element_type=\"container\" data-e-type=\"container\">\t\t\t<div class=\"e-con-inner\">\r\n\t\t<div class=\"elementor-element elementor-element-6a1e6b9 e-con-full e-flex e-con e-child\" data-id=\"6a1e6b9\" data-element_type=\"container\" data-e-type=\"container\"><div class=\"elementor-element elementor-element-754b783 e-con-full e-flex e-con e-child\" data-id=\"754b783\" data-element_type=\"container\" data-e-type=\"container\"><div class=\"elementor-element elementor-element-3632345 e-con-full e-flex e-con e-child\" data-id=\"3632345\" data-element_type=\"container\" data-e-type=\"container\" data-settings=\"{&quot;background_background&quot;:&quot;classic&quot;}\">\t\t<div class=\"elementor-element elementor-element-66e8f24 elementor-widget elementor-widget-pxl_icon_box\" data-id=\"66e8f24\" data-element_type=\"widget\" data-e-type=\"widget\" data-widget_type=\"pxl_icon_box.default\">\n\t\t\t\t<div class=\"elementor-widget-container\">\n\t\t\t\t\t<div class=\"pxl-icon-box pxl-icon-box1 style-1\" data-wow-delay=\"ms\">\r\n    <div class=\"pxl-item--inner\">\r\n                    <div class=\"pxl-item--icon\">\r\n                <i aria-hidden=\"true\" class=\"fal fa-graduation-cap\"><\/i>            <\/div>\r\n                        <h3 class=\"pxl-item--title el-empty\">HISTOIRE<\/h3>\r\n        <div class=\"pxl-item--description el-empty\">Dans la tradition anatolienne, la torsade appel\u00e9e \u0130\u011fne ve \u0130plik (Fil et Aiguille) symbolisait l\u2019union, la continuit\u00e9 et les liens qui r\u00e9sistent au temps.\nLes artisans ottomans gravaient ces motifs sur les bijoux destin\u00e9s aux unions, aux alliances et aux amiti\u00e9s sacr\u00e9es.\nLes Boucles Corde d\u2019Or s\u2019inscrivent dans cette lign\u00e9e en c\u00e9l\u00e9brant la connexion humaine \u00e0 travers une mati\u00e8re pure et travaill\u00e9e avec minutie.<\/div>\r\n    <\/div>\r\n<\/div>\t\t\t\t<\/div>\n\t\t\t\t<\/div>\n\t\t\t\t<\/div>\r\n\t\t<div class=\"elementor-element elementor-element-0b0a1cb e-con-full e-flex e-con e-child\" data-id=\"0b0a1cb\" data-element_type=\"container\" data-e-type=\"container\">\t\t<div class=\"elementor-element elementor-element-e7daf51 elementor-widget elementor-widget-pxl_icon_box\" data-id=\"e7daf51\" data-element_type=\"widget\" data-e-type=\"widget\" data-widget_type=\"pxl_icon_box.default\">\n\t\t\t\t<div class=\"elementor-widget-container\">\n\t\t\t\t\t<div class=\"pxl-icon-box pxl-icon-box1 style-1\" data-wow-delay=\"ms\">\r\n    <div class=\"pxl-item--inner\">\r\n                    <div class=\"pxl-item--icon\">\r\n                <i aria-hidden=\"true\" class=\"fal fa-hamsa\"><\/i>            <\/div>\r\n                        <h3 class=\"pxl-item--title el-empty\">SYMBOLIQUE<\/h3>\r\n        <div class=\"pxl-item--description el-empty\">La torsade repr\u00e9sente la solidit\u00e9 des liens qui unissent, la pers\u00e9v\u00e9rance et la fid\u00e9lit\u00e9.\nSon design textur\u00e9 incarne l\u2019\u00e9nergie qui circule entre deux \u00eatres, ou entre soi et sa propre croissance int\u00e9rieure.\nSans pierre ni \u00e9clat ostentatoire, la lumi\u00e8re se d\u00e9pose sur chaque creux et relief, symbolisant les nuances du chemin personnel et la beaut\u00e9 de la constance.<\/div>\r\n    <\/div>\r\n<\/div>\t\t\t\t<\/div>\n\t\t\t\t<\/div>\n\t\t\t\t<\/div>\r\n\t\t\t\t<\/div>\r\n\t\t\t\t<\/div>\r\n\t\t\t\t\t<\/div>\r\n\t\t\t\t<\/div>\r\n\t\t<div class=\"elementor-element elementor-element-4d39f81 e-flex e-con-boxed e-con e-parent\" data-id=\"4d39f81\" data-element_type=\"container\" data-e-type=\"container\">\t\t\t<div class=\"e-con-inner\">\r\n\t\t\t\t<div class=\"elementor-element elementor-element-ac3a2d7 elementor-widget elementor-widget-pxl_accordion\" data-id=\"ac3a2d7\" data-element_type=\"widget\" data-e-type=\"widget\" data-widget_type=\"pxl_accordion.default\">\n\t\t\t\t<div class=\"elementor-widget-container\">\n\t\t\t\t\t    <div class=\"pxl-accordion pxl-accordion1 style1\" data-wow-delay=\"ms\">\r\n                    <div class=\"pxl--item active\">\r\n                <h3 class=\"pxl-item-accordion\" data-target=\"#pxl-accordion-008dcdepxl_accordion-ac3a2d7-8023\">\r\n                    <i class=\"fa fa-angle-down\"><\/i>\r\n                    <span>Description<\/span>\r\n                    \r\n                <\/h3>\r\n                <div id=\"pxl-accordion-008dcdepxl_accordion-ac3a2d7-8023\" class=\"pxl-item--content\" style=\"display: block;\">Les Boucles \u201cCorde d\u2019Or\u201d sont un retour \u00e0 l\u2019essentiel : la mati\u00e8re, la texture, le geste artisanal.<br \/>\n<br \/>\nElles d\u00e9butent par une cr\u00e9ole \u201chuggie\u201d \u00e9pur\u00e9e qui ancre la pi\u00e8ce, puis s\u2019\u00e9l\u00e8vent vers un pendentif circulaire textur\u00e9, une v\u00e9ritable \u201ccorde d\u2019or\u201d torsad\u00e9e qui semble vibrer \u00e0 chaque mouvement.<br \/>\n<br \/>\nIci, il n\u2019y a pas de pierre pour capturer l\u2019attention. Le bijou lui-m\u00eame est la lumi\u00e8re.<br \/>\n<br \/>\nChaque strie et chaque creux de la torsade ont \u00e9t\u00e9 pens\u00e9s pour r\u00e9fl\u00e9chir un \u00e9clat doux, non agressif, comme un scintillement vivant sur le visage.<br \/>\n<br \/>\nForg\u00e9es sur une \u00e2me noble en argent 925 massif, elles sont ensuite magnifi\u00e9es d\u2019une dorure or 16 carats (1,5 microns), ce qui assure une chaleur raffin\u00e9e, une durabilit\u00e9 et un confort hypoallerg\u00e9nique.<br \/>\n<br \/>\nElles incarnent un luxe que l\u2019on sent sous les doigts et que l\u2019on ressent dans son \u00e9nergie.<br \/>\n<br \/>\nOffertes, elles deviennent un symbole de lien pr\u00e9cieux. Port\u00e9es pour soi, elles sont un acte d\u2019hommage personnel, une d\u00e9claration de valeur int\u00e9rieure et de beaut\u00e9 sinc\u00e8re.<\/div>\r\n            <\/div>\r\n                    <div class=\"pxl--item\">\r\n                <h3 class=\"pxl-item-accordion\" data-target=\"#pxl-accordion-8dda546pxl_accordion-ac3a2d7-8023\">\r\n                    <i class=\"fa fa-angle-down\"><\/i>\r\n                    <span>Caract\u00e9ristiques :<\/span>\r\n                    \r\n                <\/h3>\r\n                <div id=\"pxl-accordion-8dda546pxl_accordion-ac3a2d7-8023\" class=\"pxl-item--content\" >- M\u00e9tal : Argent Sterling 925 massif<br \/>\n- Finition : Dor\u00e9 Or 16 carats (1,5 microns)<br \/>\n- Pierre principale : \u2014<br \/>\n- Pierres secondaires : \u2014<br \/>\n- Poids total : 5.20 g<br \/>\n- Style : Pendentif torsad\u00e9 textur\u00e9, grav\u00e9 \u00e0 la main<br \/>\n- Origine : Fait main en Turquie<br \/>\n- Inclus : Pochette Turquaz + certificat d\u2019authenticit\u00e9<br \/>\n- Garantie : 1 an<\/div>\r\n            <\/div>\r\n                    <div class=\"pxl--item\">\r\n                <h3 class=\"pxl-item-accordion\" data-target=\"#pxl-accordion-b0764d1pxl_accordion-ac3a2d7-8023\">\r\n                    <i class=\"fa fa-angle-down\"><\/i>\r\n                    <span>Conseils d'entretien :<\/span>\r\n                    \r\n                <\/h3>\r\n                <div id=\"pxl-accordion-b0764d1pxl_accordion-ac3a2d7-8023\" class=\"pxl-item--content\" >- Nettoyez avec un chiffon doux et sec.<br \/>\n- \u00c9vitez l\u2019eau, les parfums et les produits chimiques.<br \/>\n- Rangez-les dans leur pochette pour pr\u00e9server l\u2019\u00e9clat du rhodium et des oxydes.<br \/>\n- Pour renforcer leur \u00e9nergie, tenez-les quelques secondes dans les mains et posez une intention d\u2019expression calme et sinc\u00e8re.<\/div>\r\n            <\/div>\r\n            <\/div>\r\n\t\t\t\t<\/div>\n\t\t\t\t<\/div>\n\t\t\t\t\t<\/div>\r\n\t\t\t\t<\/div>\r\n\t\t\t\t<\/div>","protected":false},"excerpt":{"rendered":"<p>Les <strong data-start=\"513\" data-end=\"535\">Boucles Corde d\u2019Or<\/strong>, en argent 925 dor\u00e9 or 16K, d\u00e9voilent un pendentif torsad\u00e9 textur\u00e9 grav\u00e9 \u00e0 la main.<\/p>\n<p>Un bijou symbolique inspir\u00e9 du <em data-start=\"653\" data-end=\"670\">Fil et Aiguille<\/em> anatolien, con\u00e7u comme un talisman de lien sacr\u00e9.<\/p>","protected":false},"featured_media":7184,"template":"","meta":[],"product_brand":[53],"product_cat":[16],"product_tag":[],"class_list":{"0":"post-7181","1":"product","2":"type-product","3":"status-publish","4":"has-post-thumbnail","6":"product_brand-turquaz-store","7":"product_cat-boucles-oreilles","9":"first","10":"instock","11":"purchasable","12":"product-type-simple"},"_links":{"self":[{"href":"https:\/\/turquaz-store.fr\/en\/wp-json\/wp\/v2\/product\/7181","targetHints":{"allow":["GET"]}}],"collection":[{"href":"https:\/\/turquaz-store.fr\/en\/wp-json\/wp\/v2\/product"}],"about":[{"href":"https:\/\/turquaz-store.fr\/en\/wp-json\/wp\/v2\/types\/product"}],"version-history":[{"count":7,"href":"https:\/\/turquaz-store.fr\/en\/wp-json\/wp\/v2\/product\/7181\/revisions"}],"predecessor-version":[{"id":7975,"href":"https:\/\/turquaz-store.fr\/en\/wp-json\/wp\/v2\/product\/7181\/revisions\/7975"}],"wp:featuredmedia":[{"embeddable":true,"href":"https:\/\/turquaz-store.fr\/en\/wp-json\/wp\/v2\/media\/7184"}],"wp:attachment":[{"href":"https:\/\/turquaz-store.fr\/en\/wp-json\/wp\/v2\/media?parent=7181"}],"wp:term":[{"taxonomy":"product_brand","embeddable":true,"href":"https:\/\/turquaz-store.fr\/en\/wp-json\/wp\/v2\/product_brand?post=7181"},{"taxonomy":"product_cat","embeddable":true,"href":"https:\/\/turquaz-store.fr\/en\/wp-json\/wp\/v2\/product_cat?post=7181"},{"taxonomy":"product_tag","embeddable":true,"href":"https:\/\/turquaz-store.fr\/en\/wp-json\/wp\/v2\/product_tag?post=7181"}],"curies":[{"name":"wp","href":"https:\/\/api.w.org\/{rel}","templated":true}]}}