{"id":7222,"date":"2025-11-25T01:28:21","date_gmt":"2025-11-24T23:28:21","guid":{"rendered":"https:\/\/turquaz-store.fr\/?post_type=product&#038;p=7222"},"modified":"2025-12-11T15:26:07","modified_gmt":"2025-12-11T14:26:07","slug":"collier-trefle-dugur","status":"publish","type":"product","link":"https:\/\/turquaz-store.fr\/en\/product\/collier-trefle-dugur\/","title":{"rendered":"Collier Tr\u00e8fle d&rsquo;U\u011fur"},"content":{"rendered":"<div data-elementor-type=\"wp-post\" data-elementor-id=\"7222\" class=\"elementor elementor-7222\" data-elementor-post-type=\"product\">\n\t\t\t\t<div class=\"elementor-element elementor-element-8469bb2 e-flex e-con-boxed e-con e-parent\" data-id=\"8469bb2\" data-element_type=\"container\" data-e-type=\"container\">\t\t\t<div class=\"e-con-inner\">\r\n\t\t<div class=\"elementor-element elementor-element-9c6d526 e-con-full e-flex e-con e-child\" data-id=\"9c6d526\" data-element_type=\"container\" data-e-type=\"container\" data-settings=\"{&quot;background_background&quot;:&quot;classic&quot;}\">\t\t<div class=\"elementor-element elementor-element-efacd16 elementor-widget elementor-widget-pxl_icon_box\" data-id=\"efacd16\" data-element_type=\"widget\" data-e-type=\"widget\" data-widget_type=\"pxl_icon_box.default\">\n\t\t\t\t<div class=\"elementor-widget-container\">\n\t\t\t\t\t<div class=\"pxl-icon-box pxl-icon-box1 style-1\" data-wow-delay=\"ms\">\r\n    <div class=\"pxl-item--inner\">\r\n                    <div class=\"pxl-item--icon\">\r\n                <i aria-hidden=\"true\" class=\"fal fa-graduation-cap\"><\/i>            <\/div>\r\n                        <h3 class=\"pxl-item--title el-empty\">HISTOIRE<\/h3>\r\n        <div class=\"pxl-item--description el-empty\">Dans la tradition celte, le tr\u00e8fle \u00e0 quatre feuilles \u00e9tait consid\u00e9r\u00e9 comme un cadeau rare de la nature, porteur de fortune, de protection et de b\u00e9n\u00e9dictions.\nEn Anatolie, la couleur bleu nuit symbolisait la sagesse, la prosp\u00e9rit\u00e9 et l\u2019alignement avec son destin.\nLe Tr\u00e8fle d\u2019U\u011fur r\u00e9unit ces deux h\u00e9ritages : la magie des anciens druides et l\u2019exigence esth\u00e9tique des ma\u00eetres joailliers turcs.<\/div>\r\n    <\/div>\r\n<\/div>\t\t\t\t<\/div>\n\t\t\t\t<\/div>\n\t\t\t\t<\/div>\r\n\t\t<div class=\"elementor-element elementor-element-0d32e84 e-con-full e-flex e-con e-child\" data-id=\"0d32e84\" data-element_type=\"container\" data-e-type=\"container\">\t\t<div class=\"elementor-element elementor-element-4220a1b elementor-widget elementor-widget-pxl_icon_box\" data-id=\"4220a1b\" data-element_type=\"widget\" data-e-type=\"widget\" data-widget_type=\"pxl_icon_box.default\">\n\t\t\t\t<div class=\"elementor-widget-container\">\n\t\t\t\t\t<div class=\"pxl-icon-box pxl-icon-box1 style-1\" data-wow-delay=\"ms\">\r\n    <div class=\"pxl-item--inner\">\r\n                    <div class=\"pxl-item--icon\">\r\n                <i aria-hidden=\"true\" class=\"fal fa-hamsa\"><\/i>            <\/div>\r\n                        <h3 class=\"pxl-item--title el-empty\">SYMBOLIQUE<\/h3>\r\n        <div class=\"pxl-item--description el-empty\">Le tr\u00e8fle \u00e0 quatre feuilles est la quintessence de la chance : chaque p\u00e9tale symbolise une b\u00e9n\u00e9diction : sant\u00e9, amour, richesse et renomm\u00e9e.\nLe bleu profond, associ\u00e9 au destin et \u00e0 la voie int\u00e9rieure, \u00e9voque la confiance et la f\u00e9licit\u00e9.\nPort\u00e9 pr\u00e8s du c\u0153ur, ce pendentif devient un amplificateur d\u2019intentions, un sceau de bonne fortune et de protection douce.<\/div>\r\n    <\/div>\r\n<\/div>\t\t\t\t<\/div>\n\t\t\t\t<\/div>\n\t\t\t\t<\/div>\r\n\t\t\t\t\t<\/div>\r\n\t\t\t\t<\/div>\r\n\t\t<div class=\"elementor-element elementor-element-4d39f81 e-flex e-con-boxed e-con e-parent\" data-id=\"4d39f81\" data-element_type=\"container\" data-e-type=\"container\">\t\t\t<div class=\"e-con-inner\">\r\n\t\t\t\t<div class=\"elementor-element elementor-element-ac3a2d7 elementor-widget elementor-widget-pxl_accordion\" data-id=\"ac3a2d7\" data-element_type=\"widget\" data-e-type=\"widget\" data-widget_type=\"pxl_accordion.default\">\n\t\t\t\t<div class=\"elementor-widget-container\">\n\t\t\t\t\t    <div class=\"pxl-accordion pxl-accordion1 style1\" data-wow-delay=\"ms\">\r\n                    <div class=\"pxl--item active\">\r\n                <h3 class=\"pxl-item-accordion\" data-target=\"#pxl-accordion-008dcdepxl_accordion-ac3a2d7-7773\">\r\n                    <i class=\"fa fa-angle-down\"><\/i>\r\n                    <span>Description<\/span>\r\n                    \r\n                <\/h3>\r\n                <div id=\"pxl-accordion-008dcdepxl_accordion-ac3a2d7-7773\" class=\"pxl-item--content\" style=\"display: block;\">Le Collier \u201cTr\u00e8fle d\u2019U\u011fur\u201d est pens\u00e9 comme un sceau de chance pos\u00e9 au creux du cou.<br \/>\n<br \/>\nSon tr\u00e8fle pav\u00e9, d\u2019un bleu saphir intense, fait \u00e9cho \u00e0 la nuit \u00e9toil\u00e9e et aux traditions o\u00f9 l\u2019on croyait que ces symboles guidaient le destin.<br \/>\n<br \/>\nChaque \u00e9clat est un oxyde de zirconium bleu type saphir, micro-serti un \u00e0 un par nos artisans pour cr\u00e9er une mosa\u00efque vibrante, anim\u00e9e par la moindre lumi\u00e8re.<br \/>\n<br \/>\nL\u2019ensemble repose sur une \u00e2me noble en argent 925 massif, sublim\u00e9e d\u2019une dorure or 16 carats (1,5 microns) qui r\u00e9chauffe la peau et magnifie le motif.<br \/>\n<br \/>\nLa cha\u00eene est volontairement fine afin de laisser flotter le tr\u00e8fle comme un porte-bonheur presque suspendu dans l\u2019air.<br \/>\n<br \/>\nCe bijou n\u2019est pas un simple accessoire, mais un acte de foi en votre propre \u00e9toile.<br \/>\n<br \/>\nChaque matin, en le fermant, confiez-lui votre intention du jour : il deviendra le gardien discret de vos quatre souhaits les plus chers.<br \/>\n<br \/>\nUn symbole rare, con\u00e7u avec une exigence joailli\u00e8re \u2014 un h\u00e9ritage, plus qu\u2019un bijou.<\/div>\r\n            <\/div>\r\n                    <div class=\"pxl--item\">\r\n                <h3 class=\"pxl-item-accordion\" data-target=\"#pxl-accordion-8dda546pxl_accordion-ac3a2d7-7773\">\r\n                    <i class=\"fa fa-angle-down\"><\/i>\r\n                    <span>Caract\u00e9ristiques :<\/span>\r\n                    \r\n                <\/h3>\r\n                <div id=\"pxl-accordion-8dda546pxl_accordion-ac3a2d7-7773\" class=\"pxl-item--content\" >- M\u00e9tal : Argent Sterling 925 massif<br \/>\n- Finition : Dor\u00e9 Or 16 carats (1,5 microns)<br \/>\n- Pierre principale : Oxyde de zirconium bleu type saphir<br \/>\n- Pierres secondaires : \u2014<br \/>\n- Poids total : 3.40 g<br \/>\n- Longueur : 40 + 4 cm<br \/>\n- Origine : Fait main en Turquie<br \/>\n- Inclus : Pochette Turquaz + certificat d\u2019authenticit\u00e9<br \/>\n- Garantie : 1 an<\/div>\r\n            <\/div>\r\n                    <div class=\"pxl--item\">\r\n                <h3 class=\"pxl-item-accordion\" data-target=\"#pxl-accordion-b0764d1pxl_accordion-ac3a2d7-7773\">\r\n                    <i class=\"fa fa-angle-down\"><\/i>\r\n                    <span>Conseils d'entretien :<\/span>\r\n                    \r\n                <\/h3>\r\n                <div id=\"pxl-accordion-b0764d1pxl_accordion-ac3a2d7-7773\" class=\"pxl-item--content\" >- \u00c9vitez le contact avec l\u2019eau sal\u00e9e, le parfum et les produits chimiques.<br \/>\n- Nettoyez avec un chiffon doux et sec apr\u00e8s chaque usage.<br \/>\n- Rangez vos bijoux dans leur pochette ou \u00e9crin d\u2019origine \u00e0 l\u2019abri de la lumi\u00e8re.<\/div>\r\n            <\/div>\r\n            <\/div>\r\n\t\t\t\t<\/div>\n\t\t\t\t<\/div>\n\t\t\t\t\t<\/div>\r\n\t\t\t\t<\/div>\r\n\t\t\t\t<\/div>","protected":false},"excerpt":{"rendered":"<p>Le <strong data-start=\"571\" data-end=\"596\">Collier Tr\u00e8fle d\u2019U\u011fur<\/strong>, en argent 925 dor\u00e9 or 16K, r\u00e9v\u00e8le un tr\u00e8fle pav\u00e9 d\u2019oxydes de zirconium bleu type saphir. Un talisman de chance et de f\u00e9licit\u00e9, fa\u00e7onn\u00e9 \u00e0 la main en Turquie.<\/p>","protected":false},"featured_media":7223,"template":"","meta":[],"product_brand":[53],"product_cat":[25],"product_tag":[],"class_list":{"0":"post-7222","1":"product","2":"type-product","3":"status-publish","4":"has-post-thumbnail","6":"product_brand-turquaz-store","7":"product_cat-colliers-pendentifs","9":"first","10":"instock","11":"purchasable","12":"product-type-simple"},"_links":{"self":[{"href":"https:\/\/turquaz-store.fr\/en\/wp-json\/wp\/v2\/product\/7222","targetHints":{"allow":["GET"]}}],"collection":[{"href":"https:\/\/turquaz-store.fr\/en\/wp-json\/wp\/v2\/product"}],"about":[{"href":"https:\/\/turquaz-store.fr\/en\/wp-json\/wp\/v2\/types\/product"}],"version-history":[{"count":8,"href":"https:\/\/turquaz-store.fr\/en\/wp-json\/wp\/v2\/product\/7222\/revisions"}],"predecessor-version":[{"id":9288,"href":"https:\/\/turquaz-store.fr\/en\/wp-json\/wp\/v2\/product\/7222\/revisions\/9288"}],"wp:featuredmedia":[{"embeddable":true,"href":"https:\/\/turquaz-store.fr\/en\/wp-json\/wp\/v2\/media\/7223"}],"wp:attachment":[{"href":"https:\/\/turquaz-store.fr\/en\/wp-json\/wp\/v2\/media?parent=7222"}],"wp:term":[{"taxonomy":"product_brand","embeddable":true,"href":"https:\/\/turquaz-store.fr\/en\/wp-json\/wp\/v2\/product_brand?post=7222"},{"taxonomy":"product_cat","embeddable":true,"href":"https:\/\/turquaz-store.fr\/en\/wp-json\/wp\/v2\/product_cat?post=7222"},{"taxonomy":"product_tag","embeddable":true,"href":"https:\/\/turquaz-store.fr\/en\/wp-json\/wp\/v2\/product_tag?post=7222"}],"curies":[{"name":"wp","href":"https:\/\/api.w.org\/{rel}","templated":true}]}}