{"id":7278,"date":"2025-11-25T02:14:49","date_gmt":"2025-11-25T00:14:49","guid":{"rendered":"https:\/\/turquaz-store.fr\/?post_type=product&#038;p=7278"},"modified":"2025-12-12T06:44:03","modified_gmt":"2025-12-12T05:44:03","slug":"bracelet-mozaik-sahika","status":"publish","type":"product","link":"https:\/\/turquaz-store.fr\/en\/product\/bracelet-mozaik-sahika\/","title":{"rendered":"Bracelet Mozaik \u015eahika"},"content":{"rendered":"<div data-elementor-type=\"wp-post\" data-elementor-id=\"7278\" class=\"elementor elementor-7278\" data-elementor-post-type=\"product\">\n\t\t\t\t<div class=\"elementor-element elementor-element-8469bb2 e-flex e-con-boxed e-con e-parent\" data-id=\"8469bb2\" data-element_type=\"container\" data-e-type=\"container\">\t\t\t<div class=\"e-con-inner\">\r\n\t\t<div class=\"elementor-element elementor-element-9c6d526 e-con-full e-flex e-con e-child\" data-id=\"9c6d526\" data-element_type=\"container\" data-e-type=\"container\" data-settings=\"{&quot;background_background&quot;:&quot;classic&quot;}\">\t\t<div class=\"elementor-element elementor-element-efacd16 elementor-widget elementor-widget-pxl_icon_box\" data-id=\"efacd16\" data-element_type=\"widget\" data-e-type=\"widget\" data-widget_type=\"pxl_icon_box.default\">\n\t\t\t\t<div class=\"elementor-widget-container\">\n\t\t\t\t\t<div class=\"pxl-icon-box pxl-icon-box1 style-1\" data-wow-delay=\"ms\">\r\n    <div class=\"pxl-item--inner\">\r\n                    <div class=\"pxl-item--icon\">\r\n                <i aria-hidden=\"true\" class=\"fal fa-graduation-cap\"><\/i>            <\/div>\r\n                        <h3 class=\"pxl-item--title el-empty\">HISTOIRE<\/h3>\r\n        <div class=\"pxl-item--description el-empty\">L\u2019art g\u00e9om\u00e9trique anatolien remonte aux mosa\u00efques seldjoukides et aux motifs qui ornaient les palais ottomans. Les orf\u00e8vres d\u2019Istanbul transformaient d\u00e9j\u00e0 ces structures en bijoux articul\u00e9s pour symboliser la ma\u00eetrise, l\u2019harmonie et la rigueur esth\u00e9tique. Le bracelet Mozaik \u015eahika s\u2019inscrit dans cette lign\u00e9e : un travail de forme pr\u00e9cis, inspir\u00e9 des motifs hexagonaux que l\u2019on retrouve sur les c\u00e9ramiques imp\u00e9riales, revisit\u00e9 ici dans une version joailli\u00e8re contemporaine.<\/div>\r\n    <\/div>\r\n<\/div>\t\t\t\t<\/div>\n\t\t\t\t<\/div>\n\t\t\t\t<\/div>\r\n\t\t<div class=\"elementor-element elementor-element-0d32e84 e-con-full e-flex e-con e-child\" data-id=\"0d32e84\" data-element_type=\"container\" data-e-type=\"container\">\t\t<div class=\"elementor-element elementor-element-4220a1b elementor-widget elementor-widget-pxl_icon_box\" data-id=\"4220a1b\" data-element_type=\"widget\" data-e-type=\"widget\" data-widget_type=\"pxl_icon_box.default\">\n\t\t\t\t<div class=\"elementor-widget-container\">\n\t\t\t\t\t<div class=\"pxl-icon-box pxl-icon-box1 style-1\" data-wow-delay=\"ms\">\r\n    <div class=\"pxl-item--inner\">\r\n                    <div class=\"pxl-item--icon\">\r\n                <i aria-hidden=\"true\" class=\"fal fa-hamsa\"><\/i>            <\/div>\r\n                        <h3 class=\"pxl-item--title el-empty\">SYMBOLIQUE<\/h3>\r\n        <div class=\"pxl-item--description el-empty\">Dans les traditions anatoliennes, les formes g\u00e9om\u00e9triques repr\u00e9sentent la stabilit\u00e9, l\u2019ordre int\u00e9rieur et la souverainet\u00e9 personnelle. L\u2019hexagone est per\u00e7u comme la structure parfaite : \u00e9quilibre entre force et douceur. Associ\u00e9e \u00e0 la teinte am\u00e9thyste, symbole de lucidit\u00e9 et d\u2019\u00e9l\u00e9gance spirituelle, cette pi\u00e8ce devient un rappel esth\u00e9tique d\u2019une ma\u00eetrise sereine. Porter Mozaik \u015eahika, c\u2019est affirmer une distinction calme, une pr\u00e9sence raffin\u00e9e et structur\u00e9e.<\/div>\r\n    <\/div>\r\n<\/div>\t\t\t\t<\/div>\n\t\t\t\t<\/div>\n\t\t\t\t<\/div>\r\n\t\t\t\t\t<\/div>\r\n\t\t\t\t<\/div>\r\n\t\t<div class=\"elementor-element elementor-element-4d39f81 e-flex e-con-boxed e-con e-parent\" data-id=\"4d39f81\" data-element_type=\"container\" data-e-type=\"container\">\t\t\t<div class=\"e-con-inner\">\r\n\t\t\t\t<div class=\"elementor-element elementor-element-ac3a2d7 elementor-widget elementor-widget-pxl_accordion\" data-id=\"ac3a2d7\" data-element_type=\"widget\" data-e-type=\"widget\" data-widget_type=\"pxl_accordion.default\">\n\t\t\t\t<div class=\"elementor-widget-container\">\n\t\t\t\t\t    <div class=\"pxl-accordion pxl-accordion1 style1\" data-wow-delay=\"ms\">\r\n                    <div class=\"pxl--item active\">\r\n                <h3 class=\"pxl-item-accordion\" data-target=\"#pxl-accordion-008dcdepxl_accordion-ac3a2d7-2328\">\r\n                    <i class=\"fa fa-angle-down\"><\/i>\r\n                    <span>Description<\/span>\r\n                    \r\n                <\/h3>\r\n                <div id=\"pxl-accordion-008dcdepxl_accordion-ac3a2d7-2328\" class=\"pxl-item--content\" style=\"display: block;\">Le Bracelet Mozaik \u015eahika est une architecture miniature, une fusion de structure et de lumi\u00e8re con\u00e7ue pour sublimer le poignet avec une sophistication rare.<br \/>\n<br \/>\nChaque maillon hexagonal est une \u0153uvre en soi :<br \/>\n<br \/>\n- un contour en oxydes de zirconium baguette teinte am\u00e9thyste, taill\u00e9s pour refl\u00e9ter la lumi\u00e8re comme un vitrail violet royal<br \/>\n- un c\u0153ur en cristal blanc, cr\u00e9ant un relief scintillant et vivant.<br \/>\n<br \/>\nL\u2019ensemble s\u2019articule avec souplesse autour du poignet, capturant \u00e0 chaque geste une alternance d\u2019\u00e9clats violets profonds et de reflets cristallins. Ce contraste entre la rigueur structurelle et la luminosit\u00e9 diffuse cr\u00e9e un bijou qui attire l\u2019\u0153il sans jamais tomber dans l\u2019exc\u00e8s.<br \/>\n<br \/>\nForg\u00e9 sur une base noble en Argent Sterling 925 massif, hypoallerg\u00e9nique et durable, puis sublim\u00e9 d\u2019une dorure or 16 carats (1.5 microns), ce bracelet allie prestige et confort. C\u2019est une pi\u00e8ce pens\u00e9e pour les femmes qui aiment les bijoux-signatures : affirm\u00e9s, raffin\u00e9s, et profond\u00e9ment ancr\u00e9s dans l\u2019artisanat turc.<br \/>\n<br \/>\nPlus qu\u2019un accessoire, c\u2019est une d\u00e9claration d\u2019\u00e9l\u00e9gance architecturale, un bijou moderne pour celles qui portent leur distinction avec une gr\u00e2ce intemporelle.<\/div>\r\n            <\/div>\r\n                    <div class=\"pxl--item\">\r\n                <h3 class=\"pxl-item-accordion\" data-target=\"#pxl-accordion-8dda546pxl_accordion-ac3a2d7-2328\">\r\n                    <i class=\"fa fa-angle-down\"><\/i>\r\n                    <span>Caract\u00e9ristiques :<\/span>\r\n                    \r\n                <\/h3>\r\n                <div id=\"pxl-accordion-8dda546pxl_accordion-ac3a2d7-2328\" class=\"pxl-item--content\" >- M\u00e9tal : Argent Sterling 925 massif<br \/>\n- Finition : Dor\u00e9 Or 16 Carats (1.5 microns)<br \/>\n- Pierre principale : Oxyde de zirconium baguette teinte am\u00e9thyste<br \/>\n- Pierres lat\u00e9rales : Oxydes de zirconium blancs<br \/>\n- Poids total : 2.15 g<br \/>\n- Longueur :  R\u00e9glable (ajustable pour tous type de poignets).<br \/>\n- Hypoallerg\u00e9nique, sans nickel<br \/>\n- Fait main en Turquie<br \/>\n- Inclus : Pochette Turquaz + certificat d\u2019authenticit\u00e9<br \/>\n- Garantie : 1 an<\/div>\r\n            <\/div>\r\n                    <div class=\"pxl--item\">\r\n                <h3 class=\"pxl-item-accordion\" data-target=\"#pxl-accordion-b0764d1pxl_accordion-ac3a2d7-2328\">\r\n                    <i class=\"fa fa-angle-down\"><\/i>\r\n                    <span>Conseils d'entretien :<\/span>\r\n                    \r\n                <\/h3>\r\n                <div id=\"pxl-accordion-b0764d1pxl_accordion-ac3a2d7-2328\" class=\"pxl-item--content\" >- \u00c9vitez le contact avec l\u2019eau sal\u00e9e, le parfum et les produits chimiques.<br \/>\n- Nettoyez avec un chiffon doux et sec apr\u00e8s chaque usage.<br \/>\n- Rangez vos bijoux dans leur pochette ou \u00e9crin d\u2019origine \u00e0 l\u2019abri de la lumi\u00e8re.<\/div>\r\n            <\/div>\r\n            <\/div>\r\n\t\t\t\t<\/div>\n\t\t\t\t<\/div>\n\t\t\t\t\t<\/div>\r\n\t\t\t\t<\/div>\r\n\t\t\t\t<\/div>","protected":false},"excerpt":{"rendered":"<p data-start=\"522\" data-end=\"715\">Bracelet \u201cMozaik \u015eahika\u201d en argent 925 dor\u00e9 or 16K, compos\u00e9 de modules hexagonaux, habill\u00e9 de violets royaux hypnotiques et d\u2019un cristal scintillant. Un bijou architectural et lumineux fa\u00e7onn\u00e9 \u00e0 la main en Turquie.<\/p>","protected":false},"featured_media":10015,"template":"","meta":[],"product_brand":[53],"product_cat":[17],"product_tag":[],"class_list":{"0":"post-7278","1":"product","2":"type-product","3":"status-publish","4":"has-post-thumbnail","6":"product_brand-turquaz-store","7":"product_cat-bracelets","9":"first","10":"instock","11":"purchasable","12":"product-type-simple"},"_links":{"self":[{"href":"https:\/\/turquaz-store.fr\/en\/wp-json\/wp\/v2\/product\/7278","targetHints":{"allow":["GET"]}}],"collection":[{"href":"https:\/\/turquaz-store.fr\/en\/wp-json\/wp\/v2\/product"}],"about":[{"href":"https:\/\/turquaz-store.fr\/en\/wp-json\/wp\/v2\/types\/product"}],"version-history":[{"count":15,"href":"https:\/\/turquaz-store.fr\/en\/wp-json\/wp\/v2\/product\/7278\/revisions"}],"predecessor-version":[{"id":10016,"href":"https:\/\/turquaz-store.fr\/en\/wp-json\/wp\/v2\/product\/7278\/revisions\/10016"}],"wp:featuredmedia":[{"embeddable":true,"href":"https:\/\/turquaz-store.fr\/en\/wp-json\/wp\/v2\/media\/10015"}],"wp:attachment":[{"href":"https:\/\/turquaz-store.fr\/en\/wp-json\/wp\/v2\/media?parent=7278"}],"wp:term":[{"taxonomy":"product_brand","embeddable":true,"href":"https:\/\/turquaz-store.fr\/en\/wp-json\/wp\/v2\/product_brand?post=7278"},{"taxonomy":"product_cat","embeddable":true,"href":"https:\/\/turquaz-store.fr\/en\/wp-json\/wp\/v2\/product_cat?post=7278"},{"taxonomy":"product_tag","embeddable":true,"href":"https:\/\/turquaz-store.fr\/en\/wp-json\/wp\/v2\/product_tag?post=7278"}],"curies":[{"name":"wp","href":"https:\/\/api.w.org\/{rel}","templated":true}]}}