{"id":7337,"date":"2025-11-25T03:37:01","date_gmt":"2025-11-25T01:37:01","guid":{"rendered":"https:\/\/turquaz-store.fr\/?post_type=product&#038;p=7337"},"modified":"2026-02-01T09:31:43","modified_gmt":"2026-02-01T08:31:43","slug":"boucles-naz-ardent","status":"publish","type":"product","link":"https:\/\/turquaz-store.fr\/en\/product\/boucles-naz-ardent\/","title":{"rendered":"Boucles Naz Ardent"},"content":{"rendered":"<div data-elementor-type=\"wp-post\" data-elementor-id=\"7337\" class=\"elementor elementor-7337\" data-elementor-post-type=\"product\">\n\t\t\t\t<div class=\"elementor-element elementor-element-8469bb2 e-flex e-con-boxed e-con e-parent\" data-id=\"8469bb2\" data-element_type=\"container\" data-e-type=\"container\">\t\t\t<div class=\"e-con-inner\">\r\n\t\t<div class=\"elementor-element elementor-element-6a1e6b9 e-con-full e-flex e-con e-child\" data-id=\"6a1e6b9\" data-element_type=\"container\" data-e-type=\"container\"><div class=\"elementor-element elementor-element-754b783 e-con-full e-flex e-con e-child\" data-id=\"754b783\" data-element_type=\"container\" data-e-type=\"container\"><div class=\"elementor-element elementor-element-3632345 e-con-full e-flex e-con e-child\" data-id=\"3632345\" data-element_type=\"container\" data-e-type=\"container\" data-settings=\"{&quot;background_background&quot;:&quot;classic&quot;}\">\t\t<div class=\"elementor-element elementor-element-66e8f24 elementor-widget elementor-widget-pxl_icon_box\" data-id=\"66e8f24\" data-element_type=\"widget\" data-e-type=\"widget\" data-widget_type=\"pxl_icon_box.default\">\n\t\t\t\t<div class=\"elementor-widget-container\">\n\t\t\t\t\t<div class=\"pxl-icon-box pxl-icon-box1 style-1\" data-wow-delay=\"ms\">\r\n    <div class=\"pxl-item--inner\">\r\n                    <div class=\"pxl-item--icon\">\r\n                <i aria-hidden=\"true\" class=\"fal fa-graduation-cap\"><\/i>            <\/div>\r\n                        <h3 class=\"pxl-item--title el-empty\">HISTOIRE<\/h3>\r\n        <div class=\"pxl-item--description el-empty\">Dans l\u2019Anatolie ancienne, les pendentifs protecteurs \u00e9taient port\u00e9s comme des amulettes vivantes. Les orf\u00e8vres ottomans transformaient le Nazar en bijoux de cour, souvent rouges, couleur de la force et du pouvoir spirituel. Cet h\u00e9ritage vibrant rena\u00eet aujourd'hui \u00e0 travers les Naz-Ardent, inspir\u00e9s des parures intenses des sultanes. Si l'\u00e2me de ces bijoux reste profond\u00e9ment anatolienne, leur corps est d\u00e9sormais fa\u00e7onn\u00e9 dans l'Argent 925 avec dorure Or, par Turquaz-Store, alliant ainsi la magie de l'Orient \u00e0 l'exigence de qualit\u00e9 fran\u00e7aise.<\/div>\r\n    <\/div>\r\n<\/div>\t\t\t\t<\/div>\n\t\t\t\t<\/div>\n\t\t\t\t<\/div>\r\n\t\t<div class=\"elementor-element elementor-element-0b0a1cb e-con-full e-flex e-con e-child\" data-id=\"0b0a1cb\" data-element_type=\"container\" data-e-type=\"container\">\t\t<div class=\"elementor-element elementor-element-e7daf51 elementor-widget elementor-widget-pxl_icon_box\" data-id=\"e7daf51\" data-element_type=\"widget\" data-e-type=\"widget\" data-widget_type=\"pxl_icon_box.default\">\n\t\t\t\t<div class=\"elementor-widget-container\">\n\t\t\t\t\t<div class=\"pxl-icon-box pxl-icon-box1 style-1\" data-wow-delay=\"ms\">\r\n    <div class=\"pxl-item--inner\">\r\n                    <div class=\"pxl-item--icon\">\r\n                <i aria-hidden=\"true\" class=\"fal fa-hamsa\"><\/i>            <\/div>\r\n                        <h3 class=\"pxl-item--title el-empty\">SYMBOLIQUE<\/h3>\r\n        <div class=\"pxl-item--description el-empty\">Le Nazar est un \u0153il vigilant qui absorbe les \u00e9nergies lourdes et les regards envieux. Ici, la version rubis \u00e9voque la passion protectrice, une \u00e9nergie plus active, plus ardente.\nLe rouge symbolise la vitalit\u00e9, la force et l\u2019action. Le halo blanc purifie ce qui a \u00e9t\u00e9 capt\u00e9, cr\u00e9ant un \u00e9quilibre entre puissance et paix.\nPorter Naz-Ardent, c\u2019est transformer votre vuln\u00e9rabilit\u00e9 en rayonnement ; c\u2019est choisir d\u2019incarner une vigilance sereine et une beaut\u00e9 affirm\u00e9e.<\/div>\r\n    <\/div>\r\n<\/div>\t\t\t\t<\/div>\n\t\t\t\t<\/div>\n\t\t\t\t<\/div>\r\n\t\t\t\t<\/div>\r\n\t\t\t\t<\/div>\r\n\t\t\t\t\t<\/div>\r\n\t\t\t\t<\/div>\r\n\t\t<div class=\"elementor-element elementor-element-4d39f81 e-flex e-con-boxed e-con e-parent\" data-id=\"4d39f81\" data-element_type=\"container\" data-e-type=\"container\">\t\t\t<div class=\"e-con-inner\">\r\n\t\t\t\t<div class=\"elementor-element elementor-element-ac3a2d7 elementor-widget elementor-widget-pxl_accordion\" data-id=\"ac3a2d7\" data-element_type=\"widget\" data-e-type=\"widget\" data-widget_type=\"pxl_accordion.default\">\n\t\t\t\t<div class=\"elementor-widget-container\">\n\t\t\t\t\t    <div class=\"pxl-accordion pxl-accordion1 style1\" data-wow-delay=\"ms\">\r\n                    <div class=\"pxl--item active\">\r\n                <h3 class=\"pxl-item-accordion\" data-target=\"#pxl-accordion-008dcdepxl_accordion-ac3a2d7-5454\">\r\n                    <i class=\"fa fa-angle-down\"><\/i>\r\n                    <span>Description<\/span>\r\n                    \r\n                <\/h3>\r\n                <div id=\"pxl-accordion-008dcdepxl_accordion-ac3a2d7-5454\" class=\"pxl-item--content\" style=\"display: block;\">Les Boucles Naz-Ardent sont des gardiennes flamboyantes, pens\u00e9es comme des amulettes royales suspendues \u00e0 vos oreilles. Leur pr\u00e9sence est magn\u00e9tique.<br \/>\n<br \/>\nConstruites en Argent Sterling 925 massif, elles sont sublim\u00e9es d\u2019une dorure or 16 carats (1.5 microns) qui leur conf\u00e8re une chaleur solaire et une durabilit\u00e9 sup\u00e9rieure. Leur silhouette \u00e9voque \u00e0 la fois une larme divine et un \u0153il humain stylis\u00e9, deux symboles ancestraux associ\u00e9s \u00e0 la clairvoyance et \u00e0 la protection.<br \/>\n<br \/>\nLe contour est enti\u00e8rement pav\u00e9 d\u2019oxydes de zirconium teinte rubis, une couronne incandescente qui rappelle un maquillage imp\u00e9rial ottoman. Au centre, un oxydes de zirconium blanc cr\u00e9e un point focal lumineux : le \u00ab regard purifiant \u00bb du talisman. Cette composition cr\u00e9e une dynamique hypnotique, comme un \u0153il ardent pr\u00eat \u00e0 pi\u00e9ger et neutraliser toute \u00e9nergie malveillante.<br \/>\n<br \/>\nL\u00e9g\u00e8res mais expressives, ces cr\u00e9oles pendantes se meuvent \u00e0 chaque geste de la t\u00eate, activant leur rayonnement. Elles s\u2019adressent \u00e0 celles qui veulent unir \u00e9l\u00e9gance, caract\u00e8re et protection spirituelle. D\u00e8s que vous fermez leur fermoir, vous sentez une aura de confiance s\u2019installer \u2014 une force intime qui vous accompagne toute la journ\u00e9e.<\/div>\r\n            <\/div>\r\n                    <div class=\"pxl--item\">\r\n                <h3 class=\"pxl-item-accordion\" data-target=\"#pxl-accordion-8dda546pxl_accordion-ac3a2d7-5454\">\r\n                    <i class=\"fa fa-angle-down\"><\/i>\r\n                    <span>Caract\u00e9ristiques :<\/span>\r\n                    \r\n                <\/h3>\r\n                <div id=\"pxl-accordion-8dda546pxl_accordion-ac3a2d7-5454\" class=\"pxl-item--content\" >- M\u00e9tal : Argent Sterling 925 massif<br \/>\n- Finition : Dor\u00e9 Or 16 Carats (1.5 microns)<br \/>\n- Pierre principale : Oxyde de zirconium teinte rubis<br \/>\n- Pierres lat\u00e9rales : Oxydes de zirconium blancs<br \/>\n- Poids total : 4.20 g<br \/>\n- Fermoir : Cr\u00e9ole + pendant articul\u00e9<br \/>\n- Hypoallerg\u00e9nique, sans nickel<br \/>\n- Origine : Fait main en Turquie<br \/>\n- \u00c9dition : Limit\u00e9e<br \/>\n- Inclus : Pochette Turquaz + certificat d\u2019authenticit\u00e9<br \/>\n- Garantie : 1 an<\/div>\r\n            <\/div>\r\n                    <div class=\"pxl--item\">\r\n                <h3 class=\"pxl-item-accordion\" data-target=\"#pxl-accordion-b0764d1pxl_accordion-ac3a2d7-5454\">\r\n                    <i class=\"fa fa-angle-down\"><\/i>\r\n                    <span>Conseils d'entretien :<\/span>\r\n                    \r\n                <\/h3>\r\n                <div id=\"pxl-accordion-b0764d1pxl_accordion-ac3a2d7-5454\" class=\"pxl-item--content\" >- Nettoyez avec un chiffon doux et sec.<br \/>\n- \u00c9vitez l\u2019eau, les parfums et les produits chimiques.<br \/>\n- Rangez-les dans leur pochette pour pr\u00e9server l\u2019\u00e9clat du rhodium et des oxydes.<br \/>\n- Pour renforcer leur \u00e9nergie, tenez-les quelques secondes dans les mains et posez une intention d\u2019expression calme et sinc\u00e8re.<\/div>\r\n            <\/div>\r\n            <\/div>\r\n\t\t\t\t<\/div>\n\t\t\t\t<\/div>\n\t\t\t\t\t<\/div>\r\n\t\t\t\t<\/div>\r\n\t\t\t\t<\/div>","protected":false},"excerpt":{"rendered":"<p data-start=\"405\" data-end=\"592\">Boucles Naz-Ardent en argent 925 dor\u00e9 or 16K, sculpt\u00e9es comme un Nazar flamboyant en oxydes de zirconium rubis et blancs. Un talisman protecteur ardent, d\u2019une \u00e9l\u00e9gance rare et artisanale.<\/p>","protected":false},"featured_media":8048,"template":"","meta":[],"product_brand":[53],"product_cat":[16],"product_tag":[],"class_list":{"0":"post-7337","1":"product","2":"type-product","3":"status-publish","4":"has-post-thumbnail","6":"product_brand-turquaz-store","7":"product_cat-boucles-oreilles","9":"first","10":"instock","11":"purchasable","12":"product-type-simple"},"_links":{"self":[{"href":"https:\/\/turquaz-store.fr\/en\/wp-json\/wp\/v2\/product\/7337","targetHints":{"allow":["GET"]}}],"collection":[{"href":"https:\/\/turquaz-store.fr\/en\/wp-json\/wp\/v2\/product"}],"about":[{"href":"https:\/\/turquaz-store.fr\/en\/wp-json\/wp\/v2\/types\/product"}],"version-history":[{"count":12,"href":"https:\/\/turquaz-store.fr\/en\/wp-json\/wp\/v2\/product\/7337\/revisions"}],"predecessor-version":[{"id":10192,"href":"https:\/\/turquaz-store.fr\/en\/wp-json\/wp\/v2\/product\/7337\/revisions\/10192"}],"wp:featuredmedia":[{"embeddable":true,"href":"https:\/\/turquaz-store.fr\/en\/wp-json\/wp\/v2\/media\/8048"}],"wp:attachment":[{"href":"https:\/\/turquaz-store.fr\/en\/wp-json\/wp\/v2\/media?parent=7337"}],"wp:term":[{"taxonomy":"product_brand","embeddable":true,"href":"https:\/\/turquaz-store.fr\/en\/wp-json\/wp\/v2\/product_brand?post=7337"},{"taxonomy":"product_cat","embeddable":true,"href":"https:\/\/turquaz-store.fr\/en\/wp-json\/wp\/v2\/product_cat?post=7337"},{"taxonomy":"product_tag","embeddable":true,"href":"https:\/\/turquaz-store.fr\/en\/wp-json\/wp\/v2\/product_tag?post=7337"}],"curies":[{"name":"wp","href":"https:\/\/api.w.org\/{rel}","templated":true}]}}