{"id":7352,"date":"2025-11-25T03:54:56","date_gmt":"2025-11-25T01:54:56","guid":{"rendered":"https:\/\/turquaz-store.fr\/?post_type=product&#038;p=7352"},"modified":"2025-12-11T16:23:51","modified_gmt":"2025-12-11T15:23:51","slug":"collier-hamsa-root","status":"publish","type":"product","link":"https:\/\/turquaz-store.fr\/en\/product\/collier-hamsa-root\/","title":{"rendered":"Collier Hamsa Root"},"content":{"rendered":"<div data-elementor-type=\"wp-post\" data-elementor-id=\"7352\" class=\"elementor elementor-7352\" data-elementor-post-type=\"product\">\n\t\t\t\t<div class=\"elementor-element elementor-element-8469bb2 e-flex e-con-boxed e-con e-parent\" data-id=\"8469bb2\" data-element_type=\"container\" data-e-type=\"container\">\t\t\t<div class=\"e-con-inner\">\r\n\t\t<div class=\"elementor-element elementor-element-9c6d526 e-con-full e-flex e-con e-child\" data-id=\"9c6d526\" data-element_type=\"container\" data-e-type=\"container\" data-settings=\"{&quot;background_background&quot;:&quot;classic&quot;}\">\t\t<div class=\"elementor-element elementor-element-efacd16 elementor-widget elementor-widget-pxl_icon_box\" data-id=\"efacd16\" data-element_type=\"widget\" data-e-type=\"widget\" data-widget_type=\"pxl_icon_box.default\">\n\t\t\t\t<div class=\"elementor-widget-container\">\n\t\t\t\t\t<div class=\"pxl-icon-box pxl-icon-box1 style-1\" data-wow-delay=\"ms\">\r\n    <div class=\"pxl-item--inner\">\r\n                    <div class=\"pxl-item--icon\">\r\n                <i aria-hidden=\"true\" class=\"fal fa-graduation-cap\"><\/i>            <\/div>\r\n                        <h3 class=\"pxl-item--title el-empty\">HISTOIRE<\/h3>\r\n        <div class=\"pxl-item--description el-empty\">Traversant les \u00e2ges et les confins de la M\u00e9diterran\u00e9e, la \u201cMain de Fatma\u201d demeure l'un des talismans les plus respect\u00e9s. Au-del\u00e0 des ornementations traditionnelles, sa sym\u00e9trie parfaite reconnaissable \u00e0 ses deux pouces distinctifs, incarne l\u2019\u00e9quilibre moral et la paix int\u00e9rieure. Pris\u00e9e comme gage d'abondance, de patience et de loyaut\u00e9, elle trouve ici une nouvelle r\u00e9sonance. Avec le collier \u201cHamsa-Root\u201d, Turquaz-Store ancre cette protection ancestrale avec un design \u00e9pur\u00e9, fig\u00e9 dans la noblesse de l'Argent 925 et la dorure Or, alliant ainsi la mystique de l'Orient aux standards de la qualit\u00e9 de mati\u00e8re fran\u00e7aise.<\/div>\r\n    <\/div>\r\n<\/div>\t\t\t\t<\/div>\n\t\t\t\t<\/div>\n\t\t\t\t<\/div>\r\n\t\t<div class=\"elementor-element elementor-element-0d32e84 e-con-full e-flex e-con e-child\" data-id=\"0d32e84\" data-element_type=\"container\" data-e-type=\"container\">\t\t<div class=\"elementor-element elementor-element-4220a1b elementor-widget elementor-widget-pxl_icon_box\" data-id=\"4220a1b\" data-element_type=\"widget\" data-e-type=\"widget\" data-widget_type=\"pxl_icon_box.default\">\n\t\t\t\t<div class=\"elementor-widget-container\">\n\t\t\t\t\t<div class=\"pxl-icon-box pxl-icon-box1 style-1\" data-wow-delay=\"ms\">\r\n    <div class=\"pxl-item--inner\">\r\n                    <div class=\"pxl-item--icon\">\r\n                <i aria-hidden=\"true\" class=\"fal fa-hamsa\"><\/i>            <\/div>\r\n                        <h3 class=\"pxl-item--title el-empty\">SYMBOLIQUE<\/h3>\r\n        <div class=\"pxl-item--description el-empty\">La position des doigts \u201cvers le haut\u201d est un geste sacr\u00e9 d\u2019ouverture : elle attire la chance, les opportunit\u00e9s et les b\u00e9n\u00e9dictions. La pierre noire, ici un oxyde de zirconium teint\u00e9 noir, symbolise la force int\u00e9rieure et la ma\u00eetrise des \u00e9motions, tandis que les \u00e9clats turquoise rappellent l\u2019\u00e9nergie protectrice et apaisante des talismans m\u00e9diterran\u00e9ens. Ce m\u00e9lange cr\u00e9e un axe spirituel harmonieux : ancrage, puret\u00e9 d\u2019intention et r\u00e9ception de l\u2019abondance.<\/div>\r\n    <\/div>\r\n<\/div>\t\t\t\t<\/div>\n\t\t\t\t<\/div>\n\t\t\t\t<\/div>\r\n\t\t\t\t\t<\/div>\r\n\t\t\t\t<\/div>\r\n\t\t<div class=\"elementor-element elementor-element-4d39f81 e-flex e-con-boxed e-con e-parent\" data-id=\"4d39f81\" data-element_type=\"container\" data-e-type=\"container\">\t\t\t<div class=\"e-con-inner\">\r\n\t\t\t\t<div class=\"elementor-element elementor-element-ac3a2d7 elementor-widget elementor-widget-pxl_accordion\" data-id=\"ac3a2d7\" data-element_type=\"widget\" data-e-type=\"widget\" data-widget_type=\"pxl_accordion.default\">\n\t\t\t\t<div class=\"elementor-widget-container\">\n\t\t\t\t\t    <div class=\"pxl-accordion pxl-accordion1 style1\" data-wow-delay=\"ms\">\r\n                    <div class=\"pxl--item active\">\r\n                <h3 class=\"pxl-item-accordion\" data-target=\"#pxl-accordion-008dcdepxl_accordion-ac3a2d7-3045\">\r\n                    <i class=\"fa fa-angle-down\"><\/i>\r\n                    <span>Description<\/span>\r\n                    \r\n                <\/h3>\r\n                <div id=\"pxl-accordion-008dcdepxl_accordion-ac3a2d7-3045\" class=\"pxl-item--content\" style=\"display: block;\">Le Collier \u201cHamsa-Root\u201d est une caresse symbolique pos\u00e9e au creux du cou, un talisman mill\u00e9naire revisit\u00e9 dans une esth\u00e9tique raffin\u00e9e. Sa base en Argent Sterling 925 massif, gage de durabilit\u00e9, est ensuite sublim\u00e9e d\u2019une dorure or 16 carats appliqu\u00e9e g\u00e9n\u00e9reusement pour un \u00e9clat solaire qui rappelle la chaleur m\u00e9diterran\u00e9enne.<br \/>\n<br \/>\nLe pendentif, fid\u00e8le \u00e0 l\u2019iconographie traditionnelle de la Main de Fatma, pr\u00e9sente une sym\u00e9trie parfaite avec ses deux pouces qui incarnent l\u2019\u00e9quilibre int\u00e9rieur. Chaque doigt \u00e9voque une qualit\u00e9 cardinale : patience, sinc\u00e9rit\u00e9, loyaut\u00e9. Ce n\u2019est pas un symbole d\u00e9coratif, mais un guide silencieux, un rappel de vos valeurs profondes.<br \/>\n<br \/>\nAu centre, l\u2019oxyde de zirconium noir ancre l\u2019\u00e9nergie, renfor\u00e7ant la stabilit\u00e9 \u00e9motionnelle. Autour, les oxydes de zirconium turquoise apportent cette vibration de protection douce, subtile et lumineuse. Cette combinaison cr\u00e9e une m\u00e9canique spirituelle compl\u00e8te : protection, alignement et abondance.<br \/>\n<br \/>\nPens\u00e9 pour \u00eatre port\u00e9 quotidiennement, ce collier accompagne chaque respiration. Le matin, en fermant son fermoir, c\u2019est un rituel d\u2019intention que vous activez. Il est le point de convergence entre beaut\u00e9, histoire et \u00e9nergie.<\/div>\r\n            <\/div>\r\n                    <div class=\"pxl--item\">\r\n                <h3 class=\"pxl-item-accordion\" data-target=\"#pxl-accordion-8dda546pxl_accordion-ac3a2d7-3045\">\r\n                    <i class=\"fa fa-angle-down\"><\/i>\r\n                    <span>Caract\u00e9ristiques :<\/span>\r\n                    \r\n                <\/h3>\r\n                <div id=\"pxl-accordion-8dda546pxl_accordion-ac3a2d7-3045\" class=\"pxl-item--content\" >- M\u00e9tal : Argent Sterling 925 massif<br \/>\n- Finition : Dor\u00e9 Or 16 Carats (1.5 microns)<br \/>\n- Pierre principale : Oxyde de zirconium noir<br \/>\n- Pierres lat\u00e9rales : Oxydes de zirconium turquoise<br \/>\n- Longueur : 40 + 5 cm (ajustable)<br \/>\n- Poids total : 2.36 g<br \/>\n- Hypoallerg\u00e9nique, sans nickel<br \/>\n- Origine : Fait main en Turquie<br \/>\n- Inclus : Pochette Turquaz + certificat d\u2019authenticit\u00e9<br \/>\n- Garantie : 1 an<\/div>\r\n            <\/div>\r\n                    <div class=\"pxl--item\">\r\n                <h3 class=\"pxl-item-accordion\" data-target=\"#pxl-accordion-b0764d1pxl_accordion-ac3a2d7-3045\">\r\n                    <i class=\"fa fa-angle-down\"><\/i>\r\n                    <span>Conseils d'entretien :<\/span>\r\n                    \r\n                <\/h3>\r\n                <div id=\"pxl-accordion-b0764d1pxl_accordion-ac3a2d7-3045\" class=\"pxl-item--content\" >- \u00c9vitez le contact avec l\u2019eau sal\u00e9e, le parfum et les produits chimiques.<br \/>\n- Nettoyez avec un chiffon doux et sec apr\u00e8s chaque usage.<br \/>\n- Rangez vos bijoux dans leur pochette ou \u00e9crin d\u2019origine \u00e0 l\u2019abri de la lumi\u00e8re.<\/div>\r\n            <\/div>\r\n            <\/div>\r\n\t\t\t\t<\/div>\n\t\t\t\t<\/div>\n\t\t\t\t\t<\/div>\r\n\t\t\t\t<\/div>\r\n\t\t\t\t<\/div>","protected":false},"excerpt":{"rendered":"<p data-start=\"383\" data-end=\"579\">Collier Hamsa-Root en argent 925 dor\u00e9 or 16k, talisman Fatma orient\u00e9 vers le haut pour attirer l\u2019abondance, serti d\u2019oxydes de zirconium noir et turquoise. Un bijou protecteur fait main en Turquie.<\/p>","protected":false},"featured_media":8070,"template":"","meta":[],"product_brand":[53],"product_cat":[25],"product_tag":[],"class_list":{"0":"post-7352","1":"product","2":"type-product","3":"status-publish","4":"has-post-thumbnail","6":"product_brand-turquaz-store","7":"product_cat-colliers-pendentifs","9":"first","10":"instock","11":"purchasable","12":"product-type-simple"},"_links":{"self":[{"href":"https:\/\/turquaz-store.fr\/en\/wp-json\/wp\/v2\/product\/7352","targetHints":{"allow":["GET"]}}],"collection":[{"href":"https:\/\/turquaz-store.fr\/en\/wp-json\/wp\/v2\/product"}],"about":[{"href":"https:\/\/turquaz-store.fr\/en\/wp-json\/wp\/v2\/types\/product"}],"version-history":[{"count":11,"href":"https:\/\/turquaz-store.fr\/en\/wp-json\/wp\/v2\/product\/7352\/revisions"}],"predecessor-version":[{"id":9338,"href":"https:\/\/turquaz-store.fr\/en\/wp-json\/wp\/v2\/product\/7352\/revisions\/9338"}],"wp:featuredmedia":[{"embeddable":true,"href":"https:\/\/turquaz-store.fr\/en\/wp-json\/wp\/v2\/media\/8070"}],"wp:attachment":[{"href":"https:\/\/turquaz-store.fr\/en\/wp-json\/wp\/v2\/media?parent=7352"}],"wp:term":[{"taxonomy":"product_brand","embeddable":true,"href":"https:\/\/turquaz-store.fr\/en\/wp-json\/wp\/v2\/product_brand?post=7352"},{"taxonomy":"product_cat","embeddable":true,"href":"https:\/\/turquaz-store.fr\/en\/wp-json\/wp\/v2\/product_cat?post=7352"},{"taxonomy":"product_tag","embeddable":true,"href":"https:\/\/turquaz-store.fr\/en\/wp-json\/wp\/v2\/product_tag?post=7352"}],"curies":[{"name":"wp","href":"https:\/\/api.w.org\/{rel}","templated":true}]}}