{"id":7438,"date":"2025-11-27T02:57:18","date_gmt":"2025-11-27T00:57:18","guid":{"rendered":"https:\/\/turquaz-store.fr\/?post_type=product&#038;p=7438"},"modified":"2025-12-11T17:13:36","modified_gmt":"2025-12-11T16:13:36","slug":"bague-nazar-gulzar","status":"publish","type":"product","link":"https:\/\/turquaz-store.fr\/en\/product\/bague-nazar-gulzar\/","title":{"rendered":"Bague Nazar G\u00fclzar"},"content":{"rendered":"<div data-elementor-type=\"wp-post\" data-elementor-id=\"7438\" class=\"elementor elementor-7438\" data-elementor-post-type=\"product\">\n\t\t\t\t<div class=\"elementor-element elementor-element-8469bb2 e-flex e-con-boxed e-con e-parent\" data-id=\"8469bb2\" data-element_type=\"container\" data-e-type=\"container\">\t\t\t<div class=\"e-con-inner\">\r\n\t\t<div class=\"elementor-element elementor-element-9c6d526 e-con-full e-flex e-con e-child\" data-id=\"9c6d526\" data-element_type=\"container\" data-e-type=\"container\" data-settings=\"{&quot;background_background&quot;:&quot;classic&quot;}\">\t\t<div class=\"elementor-element elementor-element-efacd16 elementor-widget elementor-widget-pxl_icon_box\" data-id=\"efacd16\" data-element_type=\"widget\" data-e-type=\"widget\" data-widget_type=\"pxl_icon_box.default\">\n\t\t\t\t<div class=\"elementor-widget-container\">\n\t\t\t\t\t<div class=\"pxl-icon-box pxl-icon-box1 style-1\" data-wow-delay=\"ms\">\r\n    <div class=\"pxl-item--inner\">\r\n                    <div class=\"pxl-item--icon\">\r\n                <i aria-hidden=\"true\" class=\"fal fa-graduation-cap\"><\/i>            <\/div>\r\n                        <h3 class=\"pxl-item--title el-empty\">HISTOIRE<\/h3>\r\n        <div class=\"pxl-item--description el-empty\">Le Nazar est l\u2019un des symboles les plus anciens d\u2019Anatolie et de Gr\u00e8ce antique. On le retrouve dans les villages, les palais, les march\u00e9s et m\u00eame les tissus ottomans. Il \u00e9tait port\u00e9 en bijou pour prot\u00e9ger contre le \u201cmauvais \u0153il\u201d, une croyance profond\u00e9ment ancr\u00e9e dans la culture m\u00e9diterran\u00e9enne. Les bagues \u00e9taient souvent offertes comme acte de bienveillance ou de protection intime, car le Nazar pos\u00e9 sur la main symbolisait une vigilance permanente. La bague \u201cNazar G\u00fclzar\u201d devient ainsi le trait d'union entre la mystique m\u00e9diterran\u00e9enne et l'esth\u00e9tique fran\u00e7aise.\n<\/div>\r\n    <\/div>\r\n<\/div>\t\t\t\t<\/div>\n\t\t\t\t<\/div>\n\t\t\t\t<\/div>\r\n\t\t<div class=\"elementor-element elementor-element-0d32e84 e-con-full e-flex e-con e-child\" data-id=\"0d32e84\" data-element_type=\"container\" data-e-type=\"container\">\t\t<div class=\"elementor-element elementor-element-4220a1b elementor-widget elementor-widget-pxl_icon_box\" data-id=\"4220a1b\" data-element_type=\"widget\" data-e-type=\"widget\" data-widget_type=\"pxl_icon_box.default\">\n\t\t\t\t<div class=\"elementor-widget-container\">\n\t\t\t\t\t<div class=\"pxl-icon-box pxl-icon-box1 style-1\" data-wow-delay=\"ms\">\r\n    <div class=\"pxl-item--inner\">\r\n                    <div class=\"pxl-item--icon\">\r\n                <i aria-hidden=\"true\" class=\"fal fa-hamsa\"><\/i>            <\/div>\r\n                        <h3 class=\"pxl-item--title el-empty\">SYMBOLIQUE<\/h3>\r\n        <div class=\"pxl-item--description el-empty\">Le bleu profond du Nazar absorbe les influences n\u00e9gatives, le blanc purifie et recentre l\u2019\u00e9nergie, et la pupille noire agit comme un point d\u2019ancrage protecteur. L\u2019oxyde de zirconium blanc, qui l\u2019entoure, renforce cet effet lumineux, cr\u00e9ant une aura claire autour du symbole. Ensemble, ils forment un cercle d\u2019harmonie et de confiance, une protection douce qui accompagne chaque geste.<\/div>\r\n    <\/div>\r\n<\/div>\t\t\t\t<\/div>\n\t\t\t\t<\/div>\n\t\t\t\t<\/div>\r\n\t\t\t\t\t<\/div>\r\n\t\t\t\t<\/div>\r\n\t\t<div class=\"elementor-element elementor-element-4d39f81 e-flex e-con-boxed e-con e-parent\" data-id=\"4d39f81\" data-element_type=\"container\" data-e-type=\"container\">\t\t\t<div class=\"e-con-inner\">\r\n\t\t\t\t<div class=\"elementor-element elementor-element-ac3a2d7 elementor-widget elementor-widget-pxl_accordion\" data-id=\"ac3a2d7\" data-element_type=\"widget\" data-e-type=\"widget\" data-widget_type=\"pxl_accordion.default\">\n\t\t\t\t<div class=\"elementor-widget-container\">\n\t\t\t\t\t    <div class=\"pxl-accordion pxl-accordion1 style1\" data-wow-delay=\"ms\">\r\n                    <div class=\"pxl--item active\">\r\n                <h3 class=\"pxl-item-accordion\" data-target=\"#pxl-accordion-008dcdepxl_accordion-ac3a2d7-6983\">\r\n                    <i class=\"fa fa-angle-down\"><\/i>\r\n                    <span>Description<\/span>\r\n                    \r\n                <\/h3>\r\n                <div id=\"pxl-accordion-008dcdepxl_accordion-ac3a2d7-6983\" class=\"pxl-item--content\" style=\"display: block;\">Cette bague r\u00e9glable \u00e9pouse votre doigt comme un voile doux et protecteur. Son motif Nazar central, d\u2019un bleu profond cercl\u00e9 de blanc et anim\u00e9 d\u2019une pupille noire, est entour\u00e9 d\u2019oxydes de zirconium blancs qui captent la lumi\u00e8re et cr\u00e9ent une barri\u00e8re scintillante. Ce halo lumineux agit comme un rempart de clart\u00e9 contre les influences n\u00e9gatives.<br \/>\n<br \/>\nAlli\u00e9e discr\u00e8te, elle transforme les ondes environnantes en une harmonie palpable de s\u00e9r\u00e9nit\u00e9. Ce lien tactile infuse une confiance tranquille et une joie profonde. Dans l\u2019agitation du quotidien, cette bague s\u2019adresse \u00e0 celles qui recherchent une protection \u00e9l\u00e9gante et minimaliste. Offerte, sa puissance se nourrit de l\u2019intention qui l\u2019accompagne.<br \/>\n<br \/>\nHypoallerg\u00e9nique et sans nickel, elle vous attend dans son \u00e9crin noir, accompagn\u00e9e de son chiffon d\u2019entretien, pr\u00eate \u00e0 inaugurer son histoire \u00e0 vos c\u00f4t\u00e9s.<\/div>\r\n            <\/div>\r\n                    <div class=\"pxl--item\">\r\n                <h3 class=\"pxl-item-accordion\" data-target=\"#pxl-accordion-8dda546pxl_accordion-ac3a2d7-6983\">\r\n                    <i class=\"fa fa-angle-down\"><\/i>\r\n                    <span>Caract\u00e9ristiques :<\/span>\r\n                    \r\n                <\/h3>\r\n                <div id=\"pxl-accordion-8dda546pxl_accordion-ac3a2d7-6983\" class=\"pxl-item--content\" >- M\u00e9tal principal : Argent Sterling 925<br \/>\n- Finition : Dor\u00e9 Or 16 Carats (1.5 microns)<br \/>\n- Pierre principale : Oxyde de zirconium blanc<br \/>\n- Pierres lat\u00e9rales : Aucune<br \/>\n- Poids total : 3.64 g<br \/>\n- Taille : R\u00e9glable<br \/>\n- Hypoallerg\u00e9nique, sans nickel<br \/>\n- Origine : Fait main \u00e0 Istanbul<br \/>\n- Inclus : Pochette Turquaz + certificat d\u2019authenticit\u00e9<br \/>\n- Garantie : 1 an<\/div>\r\n            <\/div>\r\n                    <div class=\"pxl--item\">\r\n                <h3 class=\"pxl-item-accordion\" data-target=\"#pxl-accordion-b0764d1pxl_accordion-ac3a2d7-6983\">\r\n                    <i class=\"fa fa-angle-down\"><\/i>\r\n                    <span>Conseils d'entretien :<\/span>\r\n                    \r\n                <\/h3>\r\n                <div id=\"pxl-accordion-b0764d1pxl_accordion-ac3a2d7-6983\" class=\"pxl-item--content\" >- \u00c9vitez le contact avec l\u2019eau sal\u00e9e, le parfum et les produits chimiques.<br \/>\n- Nettoyez avec un chiffon doux et sec apr\u00e8s chaque usage.<br \/>\n- Rangez vos bijoux dans leur pochette ou \u00e9crin d\u2019origine \u00e0 l\u2019abri de la lumi\u00e8re.<\/div>\r\n            <\/div>\r\n            <\/div>\r\n\t\t\t\t<\/div>\n\t\t\t\t<\/div>\n\t\t\t\t\t<\/div>\r\n\t\t\t\t<\/div>\r\n\t\t\t\t<\/div>","protected":false},"excerpt":{"rendered":"<p data-start=\"616\" data-end=\"768\">Bague talismanique en argent 925 dor\u00e9 or 16k, orn\u00e9e d\u2019un Nazar bleu et d\u2019un halo d\u2019oxydes de zirconium blancs, pour une protection \u00e9l\u00e9gante et discr\u00e8te.<\/p>","protected":false},"featured_media":8180,"template":"","meta":[],"product_brand":[53],"product_cat":[33],"product_tag":[],"class_list":{"0":"post-7438","1":"product","2":"type-product","3":"status-publish","4":"has-post-thumbnail","6":"product_brand-turquaz-store","7":"product_cat-bagues","9":"first","10":"instock","11":"purchasable","12":"product-type-simple"},"_links":{"self":[{"href":"https:\/\/turquaz-store.fr\/en\/wp-json\/wp\/v2\/product\/7438","targetHints":{"allow":["GET"]}}],"collection":[{"href":"https:\/\/turquaz-store.fr\/en\/wp-json\/wp\/v2\/product"}],"about":[{"href":"https:\/\/turquaz-store.fr\/en\/wp-json\/wp\/v2\/types\/product"}],"version-history":[{"count":11,"href":"https:\/\/turquaz-store.fr\/en\/wp-json\/wp\/v2\/product\/7438\/revisions"}],"predecessor-version":[{"id":9400,"href":"https:\/\/turquaz-store.fr\/en\/wp-json\/wp\/v2\/product\/7438\/revisions\/9400"}],"wp:featuredmedia":[{"embeddable":true,"href":"https:\/\/turquaz-store.fr\/en\/wp-json\/wp\/v2\/media\/8180"}],"wp:attachment":[{"href":"https:\/\/turquaz-store.fr\/en\/wp-json\/wp\/v2\/media?parent=7438"}],"wp:term":[{"taxonomy":"product_brand","embeddable":true,"href":"https:\/\/turquaz-store.fr\/en\/wp-json\/wp\/v2\/product_brand?post=7438"},{"taxonomy":"product_cat","embeddable":true,"href":"https:\/\/turquaz-store.fr\/en\/wp-json\/wp\/v2\/product_cat?post=7438"},{"taxonomy":"product_tag","embeddable":true,"href":"https:\/\/turquaz-store.fr\/en\/wp-json\/wp\/v2\/product_tag?post=7438"}],"curies":[{"name":"wp","href":"https:\/\/api.w.org\/{rel}","templated":true}]}}