{"id":7468,"date":"2025-11-27T03:43:00","date_gmt":"2025-11-27T01:43:00","guid":{"rendered":"https:\/\/turquaz-store.fr\/?post_type=product&#038;p=7468"},"modified":"2026-02-01T09:31:44","modified_gmt":"2026-02-01T08:31:44","slug":"bracelet-charm-nazar-odyssey","status":"publish","type":"product","link":"https:\/\/turquaz-store.fr\/en\/product\/bracelet-charm-nazar-odyssey\/","title":{"rendered":"Bracelet Charm Nazar-Odyssey"},"content":{"rendered":"<div data-elementor-type=\"wp-post\" data-elementor-id=\"7468\" class=\"elementor elementor-7468\" data-elementor-post-type=\"product\">\n\t\t\t\t<div class=\"elementor-element elementor-element-8469bb2 e-flex e-con-boxed e-con e-parent\" data-id=\"8469bb2\" data-element_type=\"container\" data-e-type=\"container\">\t\t\t<div class=\"e-con-inner\">\r\n\t\t<div class=\"elementor-element elementor-element-9c6d526 e-con-full e-flex e-con e-child\" data-id=\"9c6d526\" data-element_type=\"container\" data-e-type=\"container\" data-settings=\"{&quot;background_background&quot;:&quot;classic&quot;}\">\t\t<div class=\"elementor-element elementor-element-efacd16 elementor-widget elementor-widget-pxl_icon_box\" data-id=\"efacd16\" data-element_type=\"widget\" data-e-type=\"widget\" data-widget_type=\"pxl_icon_box.default\">\n\t\t\t\t<div class=\"elementor-widget-container\">\n\t\t\t\t\t<div class=\"pxl-icon-box pxl-icon-box1 style-1\" data-wow-delay=\"ms\">\r\n    <div class=\"pxl-item--inner\">\r\n                    <div class=\"pxl-item--icon\">\r\n                <i aria-hidden=\"true\" class=\"fal fa-graduation-cap\"><\/i>            <\/div>\r\n                        <h3 class=\"pxl-item--title el-empty\">HISTOIRE<\/h3>\r\n        <div class=\"pxl-item--description el-empty\">Inspir\u00e9 des bracelets \u00e0 charms de la joaillerie europ\u00e9enne, ce bijou revisite l\u2019h\u00e9ritage ottoman sous une forme moderne. Le Nazar, talisman ancestral d\u2019Anatolie et de Gr\u00e8ce antique, \u00e9tait autrefois fa\u00e7onn\u00e9 dans le verre bleu et port\u00e9 pour d\u00e9tourner les influences n\u00e9gatives. En Turquie, les artisans d\u2019Istanbul ont progressivement int\u00e9gr\u00e9 ce symbole sacr\u00e9 aux bijoux contemporains, l\u2019unifiant \u00e0 la maille serpent, signature des bracelets souples pris\u00e9s pour leur fluidit\u00e9 et leur po\u00e9sie visuelle. Notre boutique r\u00e9invente cette alliance avec un raffinement intemporel du style fran\u00e7ais.<\/div>\r\n    <\/div>\r\n<\/div>\t\t\t\t<\/div>\n\t\t\t\t<\/div>\n\t\t\t\t<\/div>\r\n\t\t<div class=\"elementor-element elementor-element-0d32e84 e-con-full e-flex e-con e-child\" data-id=\"0d32e84\" data-element_type=\"container\" data-e-type=\"container\">\t\t<div class=\"elementor-element elementor-element-4220a1b elementor-widget elementor-widget-pxl_icon_box\" data-id=\"4220a1b\" data-element_type=\"widget\" data-e-type=\"widget\" data-widget_type=\"pxl_icon_box.default\">\n\t\t\t\t<div class=\"elementor-widget-container\">\n\t\t\t\t\t<div class=\"pxl-icon-box pxl-icon-box1 style-1\" data-wow-delay=\"ms\">\r\n    <div class=\"pxl-item--inner\">\r\n                    <div class=\"pxl-item--icon\">\r\n                <i aria-hidden=\"true\" class=\"fal fa-hamsa\"><\/i>            <\/div>\r\n                        <h3 class=\"pxl-item--title el-empty\">SYMBOLIQUE<\/h3>\r\n        <div class=\"pxl-item--description el-empty\">Le Nazar repr\u00e9sente la protection et la vigilance bienveillante. Sa couleur turquoise symbolise l\u2019apaisement des \u00e9motions et la clart\u00e9 int\u00e9rieure. Associ\u00e9 \u00e0 la maille serpent, symbole de continuit\u00e9 et de mouvement fluide, il accompagne la femme dans son \u00e9volution quotidienne. Chaque charme dor\u00e9 renforce cette id\u00e9e d\u2019un chemin lumineux, rythm\u00e9 d\u2019instants pr\u00e9cieux captur\u00e9s au poignet.<\/div>\r\n    <\/div>\r\n<\/div>\t\t\t\t<\/div>\n\t\t\t\t<\/div>\n\t\t\t\t<\/div>\r\n\t\t\t\t\t<\/div>\r\n\t\t\t\t<\/div>\r\n\t\t<div class=\"elementor-element elementor-element-4d39f81 e-flex e-con-boxed e-con e-parent\" data-id=\"4d39f81\" data-element_type=\"container\" data-e-type=\"container\">\t\t\t<div class=\"e-con-inner\">\r\n\t\t\t\t<div class=\"elementor-element elementor-element-ac3a2d7 elementor-widget elementor-widget-pxl_accordion\" data-id=\"ac3a2d7\" data-element_type=\"widget\" data-e-type=\"widget\" data-widget_type=\"pxl_accordion.default\">\n\t\t\t\t<div class=\"elementor-widget-container\">\n\t\t\t\t\t    <div class=\"pxl-accordion pxl-accordion1 style1\" data-wow-delay=\"ms\">\r\n                    <div class=\"pxl--item active\">\r\n                <h3 class=\"pxl-item-accordion\" data-target=\"#pxl-accordion-008dcdepxl_accordion-ac3a2d7-9613\">\r\n                    <i class=\"fa fa-angle-down\"><\/i>\r\n                    <span>Description<\/span>\r\n                    \r\n                <\/h3>\r\n                <div id=\"pxl-accordion-008dcdepxl_accordion-ac3a2d7-9613\" class=\"pxl-item--content\" style=\"display: block;\">Ce bracelet est une invitation \u00e0 raconter votre histoire. Sa maille serpent en argent 925 massif se plie, glisse et respire avec la peau, cr\u00e9ant une sensation de douceur tactile qui distingue les bijoux artisanaux des productions de masse. La dorure or 16 carats vient enrober chaque maillon d\u2019une chaleur solaire, transformant la pi\u00e8ce en un rayon lumineux.<br \/>\n<br \/>\nAu centre de cette composition, le Nazar turquoise capte le regard. Cette amulette, v\u00e9ritable gardien spirituel, absorbe et neutralise les influences ind\u00e9sirables, apportant s\u00e9r\u00e9nit\u00e9 et \u00e9quilibre au quotidien. Autour de lui, une suite de sph\u00e8res et de cylindres dor\u00e9s cr\u00e9e une chor\u00e9graphie raffin\u00e9e. Certains \u00e9clatent de lumi\u00e8re gr\u00e2ce \u00e0 leur pavage minutieux d\u2019oxydes de zirconium, d\u2019autres jouent l\u2019\u00e9pure du poli miroir, offrant un rythme visuel riche et moderne.<br \/>\n<br \/>\nCe bracelet est pens\u00e9 pour accompagner une vie, pour voyager, pour s\u2019accumuler ou se suffire \u00e0 lui-m\u00eame. Il se porte comme un souffle boh\u00e8me chic, une pi\u00e8ce qui \u00e9volue au fil des mouvements et qui capture les reflets du jour. Hypoallerg\u00e9nique, sans nickel, il vous est livr\u00e9 dans son \u00e9crin Turquaz, pr\u00eat \u00e0 devenir votre talisman personnel.<\/div>\r\n            <\/div>\r\n                    <div class=\"pxl--item\">\r\n                <h3 class=\"pxl-item-accordion\" data-target=\"#pxl-accordion-8dda546pxl_accordion-ac3a2d7-9613\">\r\n                    <i class=\"fa fa-angle-down\"><\/i>\r\n                    <span>Caract\u00e9ristiques :<\/span>\r\n                    \r\n                <\/h3>\r\n                <div id=\"pxl-accordion-8dda546pxl_accordion-ac3a2d7-9613\" class=\"pxl-item--content\" >- M\u00e9tal principal : Argent Sterling 925<br \/>\n- Finition : Dor\u00e9 Or 16 Carats (1.5 microns)<br \/>\n- Pierre principale : Aucune<br \/>\n- Pierres lat\u00e9rales : Aucune<br \/>\n- Poids total : 6.55 g<br \/>\n- Longueur : 16 + 4 cm<br \/>\n- Hypoallerg\u00e9nique et sans nickel<br \/>\n- Origine : Fabriqu\u00e9 \u00e0 Istanbul par nos artisans partenaires<br \/>\n- Inclus : Certificat d\u2019authenticit\u00e9 et pochette Turquaz-Store<br \/>\n- Garantie : 1 an<\/div>\r\n            <\/div>\r\n                    <div class=\"pxl--item\">\r\n                <h3 class=\"pxl-item-accordion\" data-target=\"#pxl-accordion-b0764d1pxl_accordion-ac3a2d7-9613\">\r\n                    <i class=\"fa fa-angle-down\"><\/i>\r\n                    <span>Conseils d'entretien :<\/span>\r\n                    \r\n                <\/h3>\r\n                <div id=\"pxl-accordion-b0764d1pxl_accordion-ac3a2d7-9613\" class=\"pxl-item--content\" >- \u00c9vitez le contact avec l\u2019eau sal\u00e9e, le parfum et les produits chimiques.<br \/>\n- Nettoyez avec un chiffon doux et sec apr\u00e8s chaque usage.<br \/>\n- Rangez vos bijoux dans leur pochette ou \u00e9crin d\u2019origine \u00e0 l\u2019abri de la lumi\u00e8re.<\/div>\r\n            <\/div>\r\n            <\/div>\r\n\t\t\t\t<\/div>\n\t\t\t\t<\/div>\n\t\t\t\t\t<\/div>\r\n\t\t\t\t<\/div>\r\n\t\t\t\t<\/div>","protected":false},"excerpt":{"rendered":"<p data-start=\"450\" data-end=\"640\">Bracelet charme en maille serpent, en argent 925 dor\u00e9 or 16k, orn\u00e9 d\u2019un Nazar protecteur turquoise et d\u2019\u00e9l\u00e9ments dor\u00e9s lumineux, fusion parfaite entre boh\u00e8me chic et talisman artisanal turc.<\/p>","protected":false},"featured_media":8227,"template":"","meta":[],"product_brand":[53],"product_cat":[17],"product_tag":[],"class_list":{"0":"post-7468","1":"product","2":"type-product","3":"status-publish","4":"has-post-thumbnail","6":"product_brand-turquaz-store","7":"product_cat-bracelets","9":"first","10":"instock","11":"purchasable","12":"product-type-simple"},"_links":{"self":[{"href":"https:\/\/turquaz-store.fr\/en\/wp-json\/wp\/v2\/product\/7468","targetHints":{"allow":["GET"]}}],"collection":[{"href":"https:\/\/turquaz-store.fr\/en\/wp-json\/wp\/v2\/product"}],"about":[{"href":"https:\/\/turquaz-store.fr\/en\/wp-json\/wp\/v2\/types\/product"}],"version-history":[{"count":12,"href":"https:\/\/turquaz-store.fr\/en\/wp-json\/wp\/v2\/product\/7468\/revisions"}],"predecessor-version":[{"id":10174,"href":"https:\/\/turquaz-store.fr\/en\/wp-json\/wp\/v2\/product\/7468\/revisions\/10174"}],"wp:featuredmedia":[{"embeddable":true,"href":"https:\/\/turquaz-store.fr\/en\/wp-json\/wp\/v2\/media\/8227"}],"wp:attachment":[{"href":"https:\/\/turquaz-store.fr\/en\/wp-json\/wp\/v2\/media?parent=7468"}],"wp:term":[{"taxonomy":"product_brand","embeddable":true,"href":"https:\/\/turquaz-store.fr\/en\/wp-json\/wp\/v2\/product_brand?post=7468"},{"taxonomy":"product_cat","embeddable":true,"href":"https:\/\/turquaz-store.fr\/en\/wp-json\/wp\/v2\/product_cat?post=7468"},{"taxonomy":"product_tag","embeddable":true,"href":"https:\/\/turquaz-store.fr\/en\/wp-json\/wp\/v2\/product_tag?post=7468"}],"curies":[{"name":"wp","href":"https:\/\/api.w.org\/{rel}","templated":true}]}}