{"id":7473,"date":"2025-11-27T03:47:29","date_gmt":"2025-11-27T01:47:29","guid":{"rendered":"https:\/\/turquaz-store.fr\/?post_type=product&#038;p=7473"},"modified":"2025-12-11T17:24:12","modified_gmt":"2025-12-11T16:24:12","slug":"chaine-de-main-shahmaran","status":"publish","type":"product","link":"https:\/\/turquaz-store.fr\/en\/product\/chaine-de-main-shahmaran\/","title":{"rendered":"Cha\u00eene de main Shahmaran"},"content":{"rendered":"<div data-elementor-type=\"wp-post\" data-elementor-id=\"7473\" class=\"elementor elementor-7473\" data-elementor-post-type=\"product\">\n\t\t\t\t<div class=\"elementor-element elementor-element-8469bb2 e-flex e-con-boxed e-con e-parent\" data-id=\"8469bb2\" data-element_type=\"container\" data-e-type=\"container\">\t\t\t<div class=\"e-con-inner\">\r\n\t\t<div class=\"elementor-element elementor-element-9c6d526 e-con-full e-flex e-con e-child\" data-id=\"9c6d526\" data-element_type=\"container\" data-e-type=\"container\" data-settings=\"{&quot;background_background&quot;:&quot;classic&quot;}\">\t\t<div class=\"elementor-element elementor-element-efacd16 elementor-widget elementor-widget-pxl_icon_box\" data-id=\"efacd16\" data-element_type=\"widget\" data-e-type=\"widget\" data-widget_type=\"pxl_icon_box.default\">\n\t\t\t\t<div class=\"elementor-widget-container\">\n\t\t\t\t\t<div class=\"pxl-icon-box pxl-icon-box1 style-1\" data-wow-delay=\"ms\">\r\n    <div class=\"pxl-item--inner\">\r\n                    <div class=\"pxl-item--icon\">\r\n                <i aria-hidden=\"true\" class=\"fal fa-graduation-cap\"><\/i>            <\/div>\r\n                        <h3 class=\"pxl-item--title el-empty\">HISTOIRE<\/h3>\r\n        <div class=\"pxl-item--description el-empty\">Figure l\u00e9gendaire de l\u2019Anatolie, \u201c\u015eahmeran\u201d incarne la sagesse \u00e9ternelle et le lien sacr\u00e9 entre les mondes. Jadis, la cha\u00eene de main \u00e9tait l'apanage des c\u00e9r\u00e9monies, \u00e9pousant les lignes du corps pour magnifier l'intuition f\u00e9minine et la gr\u00e2ce du mouvement. Turquaz-Store r\u00e9invente cette cr\u00e9ation mythique en l'habillant avec un c\u0153ur rouge et de la puret\u00e9 de l'argent 925 massif. Ce bijou devient ainsi une seconde peau pr\u00e9cieuse, o\u00f9 la fluidit\u00e9 orientale rencontre l'exigence du raffinement fran\u00e7ais.<\/div>\r\n    <\/div>\r\n<\/div>\t\t\t\t<\/div>\n\t\t\t\t<\/div>\n\t\t\t\t<\/div>\r\n\t\t<div class=\"elementor-element elementor-element-0d32e84 e-con-full e-flex e-con e-child\" data-id=\"0d32e84\" data-element_type=\"container\" data-e-type=\"container\">\t\t<div class=\"elementor-element elementor-element-4220a1b elementor-widget elementor-widget-pxl_icon_box\" data-id=\"4220a1b\" data-element_type=\"widget\" data-e-type=\"widget\" data-widget_type=\"pxl_icon_box.default\">\n\t\t\t\t<div class=\"elementor-widget-container\">\n\t\t\t\t\t<div class=\"pxl-icon-box pxl-icon-box1 style-1\" data-wow-delay=\"ms\">\r\n    <div class=\"pxl-item--inner\">\r\n                    <div class=\"pxl-item--icon\">\r\n                <i aria-hidden=\"true\" class=\"fal fa-hamsa\"><\/i>            <\/div>\r\n                        <h3 class=\"pxl-item--title el-empty\">SYMBOLIQUE<\/h3>\r\n        <div class=\"pxl-item--description el-empty\">Le c\u0153ur rouge grenat repr\u00e9sente la passion, la vitalit\u00e9 et l\u2019amour ardent. Sa teinte intense \u00e9voque la profondeur des sentiments et la force int\u00e9rieure. Dans l\u2019h\u00e9ritage turc, l\u2019association d\u2019un c\u0153ur lumineux et d\u2019un halo clair symbolise une union protectrice, un lien d\u2019\u00e2me qui accompagne chaque geste. La forme allong\u00e9e de la cha\u00eene exprime la continuit\u00e9, un fil sacr\u00e9 qui relie la pens\u00e9e, le geste et le destin. Porter cette pi\u00e8ce, c\u2019est affirmer une sensualit\u00e9 subtile et un romantisme empreint de sagesse ancienne.<\/div>\r\n    <\/div>\r\n<\/div>\t\t\t\t<\/div>\n\t\t\t\t<\/div>\n\t\t\t\t<\/div>\r\n\t\t\t\t\t<\/div>\r\n\t\t\t\t<\/div>\r\n\t\t<div class=\"elementor-element elementor-element-4d39f81 e-flex e-con-boxed e-con e-parent\" data-id=\"4d39f81\" data-element_type=\"container\" data-e-type=\"container\">\t\t\t<div class=\"e-con-inner\">\r\n\t\t\t\t<div class=\"elementor-element elementor-element-ac3a2d7 elementor-widget elementor-widget-pxl_accordion\" data-id=\"ac3a2d7\" data-element_type=\"widget\" data-e-type=\"widget\" data-widget_type=\"pxl_accordion.default\">\n\t\t\t\t<div class=\"elementor-widget-container\">\n\t\t\t\t\t    <div class=\"pxl-accordion pxl-accordion1 style1\" data-wow-delay=\"ms\">\r\n                    <div class=\"pxl--item active\">\r\n                <h3 class=\"pxl-item-accordion\" data-target=\"#pxl-accordion-008dcdepxl_accordion-ac3a2d7-4455\">\r\n                    <i class=\"fa fa-angle-down\"><\/i>\r\n                    <span>Description<\/span>\r\n                    \r\n                <\/h3>\r\n                <div id=\"pxl-accordion-008dcdepxl_accordion-ac3a2d7-4455\" class=\"pxl-item--content\" style=\"display: block;\">Cette cha\u00eene de main est un hommage \u00e0 la l\u00e9gende de \u015eahmeran, la souveraine mi-femme mi-serpent c\u00e9l\u00e9br\u00e9e pour son intuition et sa connaissance infinie. Fa\u00e7onn\u00e9e enti\u00e8rement \u00e0 la main dans nos ateliers turcs, elle refl\u00e8te un travail artisanal qui s\u2019oppose \u00e0 toute production m\u00e9canique. L\u2019argent 925 massif est sublim\u00e9 par un rhodiage pr\u00e9cieux, offrant une brillance \u00e9clatante et une r\u00e9sistance durable.<br \/>\n<br \/>\nAu centre, un oxyde de zirconium teint\u00e9 rouge grenat, taill\u00e9 en c\u0153ur, capte imm\u00e9diatement la lumi\u00e8re. Son halo d\u2019oxydes de zirconium blancs cr\u00e9e une aur\u00e9ole radieuse qui magnifie le mouvement de la main. La cha\u00eene fine se d\u00e9ploie depuis le poignet jusqu\u2019au doigt, dessinant une ligne sensuelle qui \u00e9pouse chaque geste sans jamais entraver le confort.<br \/>\n<br \/>\nPort\u00e9e lors d\u2019une soir\u00e9e, elle rehausse une manucure soign\u00e9e et attire la lumi\u00e8re sur la peau. Dans le quotidien, elle devient un talisman intime, d\u00e9posant une touche de romantisme ardent \u00e0 la moindre motion. C\u2019est un bijou qui lie le corps et l\u2019\u00e2me, une pi\u00e8ce rare o\u00f9 le savoir-faire turc rencontre la po\u00e9sie du symbole.<\/div>\r\n            <\/div>\r\n                    <div class=\"pxl--item\">\r\n                <h3 class=\"pxl-item-accordion\" data-target=\"#pxl-accordion-8dda546pxl_accordion-ac3a2d7-4455\">\r\n                    <i class=\"fa fa-angle-down\"><\/i>\r\n                    <span>Caract\u00e9ristiques :<\/span>\r\n                    \r\n                <\/h3>\r\n                <div id=\"pxl-accordion-8dda546pxl_accordion-ac3a2d7-4455\" class=\"pxl-item--content\" >- M\u00e9tal principal : Argent Sterling 925<br \/>\n- Finition : Rhodi\u00e9 (rev\u00eatement brillant et protecteur)<br \/>\n- Pierre principale : Oxyde de zirconium rouge teint\u00e9 grenat<br \/>\n- Pierres lat\u00e9rales : Oxyde de zirconium blanc<br \/>\n- Poids total : 2.15 g<br \/>\n- Longueur : R\u00e9glable<br \/>\n- Hypoallerg\u00e9nique et sans nickel<br \/>\n- Origine : Fabriqu\u00e9 \u00e0 Istanbul par nos artisans partenaires<br \/>\n- Inclus : Certificat d\u2019authenticit\u00e9 et pochette Turquaz-Store<br \/>\n- Garantie : 1 an<\/div>\r\n            <\/div>\r\n                    <div class=\"pxl--item\">\r\n                <h3 class=\"pxl-item-accordion\" data-target=\"#pxl-accordion-b0764d1pxl_accordion-ac3a2d7-4455\">\r\n                    <i class=\"fa fa-angle-down\"><\/i>\r\n                    <span>Conseils d'entretien :<\/span>\r\n                    \r\n                <\/h3>\r\n                <div id=\"pxl-accordion-b0764d1pxl_accordion-ac3a2d7-4455\" class=\"pxl-item--content\" >- \u00c9vitez le contact avec l\u2019eau sal\u00e9e, le parfum et les produits chimiques.<br \/>\n- Nettoyez avec un chiffon doux et sec apr\u00e8s chaque usage.<br \/>\n- Rangez vos bijoux dans leur pochette ou \u00e9crin d\u2019origine \u00e0 l\u2019abri de la lumi\u00e8re.<\/div>\r\n            <\/div>\r\n            <\/div>\r\n\t\t\t\t<\/div>\n\t\t\t\t<\/div>\n\t\t\t\t\t<\/div>\r\n\t\t\t\t<\/div>\r\n\t\t\t\t<\/div>","protected":false},"excerpt":{"rendered":"<p data-start=\"444\" data-end=\"635\">Cha\u00eene de main en argent 925 rhodi\u00e9, orn\u00e9e d\u2019un oxyde de zirconium rouge grenat en forme de c\u0153ur et d\u2019un halo scintillant, inspir\u00e9e de la l\u00e9gendaire \u015eahmeran et fa\u00e7onn\u00e9e \u00e0 la main en Turquie.<\/p>","protected":false},"featured_media":8232,"template":"","meta":[],"product_brand":[53],"product_cat":[17],"product_tag":[],"class_list":{"0":"post-7473","1":"product","2":"type-product","3":"status-publish","4":"has-post-thumbnail","6":"product_brand-turquaz-store","7":"product_cat-bracelets","9":"first","10":"instock","11":"purchasable","12":"product-type-simple"},"_links":{"self":[{"href":"https:\/\/turquaz-store.fr\/en\/wp-json\/wp\/v2\/product\/7473","targetHints":{"allow":["GET"]}}],"collection":[{"href":"https:\/\/turquaz-store.fr\/en\/wp-json\/wp\/v2\/product"}],"about":[{"href":"https:\/\/turquaz-store.fr\/en\/wp-json\/wp\/v2\/types\/product"}],"version-history":[{"count":11,"href":"https:\/\/turquaz-store.fr\/en\/wp-json\/wp\/v2\/product\/7473\/revisions"}],"predecessor-version":[{"id":9428,"href":"https:\/\/turquaz-store.fr\/en\/wp-json\/wp\/v2\/product\/7473\/revisions\/9428"}],"wp:featuredmedia":[{"embeddable":true,"href":"https:\/\/turquaz-store.fr\/en\/wp-json\/wp\/v2\/media\/8232"}],"wp:attachment":[{"href":"https:\/\/turquaz-store.fr\/en\/wp-json\/wp\/v2\/media?parent=7473"}],"wp:term":[{"taxonomy":"product_brand","embeddable":true,"href":"https:\/\/turquaz-store.fr\/en\/wp-json\/wp\/v2\/product_brand?post=7473"},{"taxonomy":"product_cat","embeddable":true,"href":"https:\/\/turquaz-store.fr\/en\/wp-json\/wp\/v2\/product_cat?post=7473"},{"taxonomy":"product_tag","embeddable":true,"href":"https:\/\/turquaz-store.fr\/en\/wp-json\/wp\/v2\/product_tag?post=7473"}],"curies":[{"name":"wp","href":"https:\/\/api.w.org\/{rel}","templated":true}]}}