{"id":7640,"date":"2025-11-28T01:20:54","date_gmt":"2025-11-27T23:20:54","guid":{"rendered":"https:\/\/turquaz-store.fr\/?post_type=product&#038;p=7640"},"modified":"2026-01-31T09:01:05","modified_gmt":"2026-01-31T08:01:05","slug":"boucles-ask-guardian","status":"publish","type":"product","link":"https:\/\/turquaz-store.fr\/en\/product\/boucles-ask-guardian\/","title":{"rendered":"Boucles A\u015fk-Guardian"},"content":{"rendered":"<div data-elementor-type=\"wp-post\" data-elementor-id=\"7640\" class=\"elementor elementor-7640\" data-elementor-post-type=\"product\">\n\t\t\t\t<div class=\"elementor-element elementor-element-8469bb2 e-flex e-con-boxed e-con e-parent\" data-id=\"8469bb2\" data-element_type=\"container\" data-e-type=\"container\">\t\t\t<div class=\"e-con-inner\">\r\n\t\t<div class=\"elementor-element elementor-element-3632345 e-con-full e-flex e-con e-child\" data-id=\"3632345\" data-element_type=\"container\" data-e-type=\"container\" data-settings=\"{&quot;background_background&quot;:&quot;classic&quot;}\">\t\t<div class=\"elementor-element elementor-element-66e8f24 elementor-widget elementor-widget-pxl_icon_box\" data-id=\"66e8f24\" data-element_type=\"widget\" data-e-type=\"widget\" data-widget_type=\"pxl_icon_box.default\">\n\t\t\t\t<div class=\"elementor-widget-container\">\n\t\t\t\t\t<div class=\"pxl-icon-box pxl-icon-box1 style-1\" data-wow-delay=\"ms\">\r\n    <div class=\"pxl-item--inner\">\r\n                    <div class=\"pxl-item--icon\">\r\n                <i aria-hidden=\"true\" class=\"fal fa-graduation-cap\"><\/i>            <\/div>\r\n                        <h3 class=\"pxl-item--title el-empty\">HISTOIRE<\/h3>\r\n        <div class=\"pxl-item--description el-empty\">Dans le quartier cosmopolite de Galata, fen\u00eatre d'Istanbul sur l'Occident, le c\u0153ur est devenu le gardien des promesses silencieuses. Mais sur les rives du Bosphore, un bonheur affich\u00e9 attirant souvent l'envie, il \u00e9tait coutume de placer ces sentiments sous la vigilance du \u201cNazar\u201d. Cette union entre la passion universelle et la protection anatolienne cr\u00e9ait un bouclier contre les regards pesants. La Maison Turquaz capture cette romance secr\u00e8te avec, r\u00e9interpr\u00e9tant ce motif ajour\u00e9 pour offrir une \u00e9l\u00e9gance sentimentale qui laisse passer la lumi\u00e8re, mais jamais les ombres.<\/div>\r\n    <\/div>\r\n<\/div>\t\t\t\t<\/div>\n\t\t\t\t<\/div>\n\t\t\t\t<\/div>\r\n\t\t<div class=\"elementor-element elementor-element-0b0a1cb e-con-full e-flex e-con e-child\" data-id=\"0b0a1cb\" data-element_type=\"container\" data-e-type=\"container\">\t\t<div class=\"elementor-element elementor-element-e7daf51 elementor-widget elementor-widget-pxl_icon_box\" data-id=\"e7daf51\" data-element_type=\"widget\" data-e-type=\"widget\" data-widget_type=\"pxl_icon_box.default\">\n\t\t\t\t<div class=\"elementor-widget-container\">\n\t\t\t\t\t<div class=\"pxl-icon-box pxl-icon-box1 style-1\" data-wow-delay=\"ms\">\r\n    <div class=\"pxl-item--inner\">\r\n                    <div class=\"pxl-item--icon\">\r\n                <i aria-hidden=\"true\" class=\"fal fa-hamsa\"><\/i>            <\/div>\r\n                        <h3 class=\"pxl-item--title el-empty\">SYMBOLIQUE<\/h3>\r\n        <div class=\"pxl-item--description el-empty\">Un bijou qui transforme le sentiment amoureux en un sanctuaire inviolable. Le bleu saphir, teinte du Nazar, est aussi la couleur de la v\u00e9rit\u00e9, de la fid\u00e9lit\u00e9 et de la protection sentimentale. Dans la culture m\u00e9diterran\u00e9enne, ce bleu profond absorbe les \u00e9motions n\u00e9gatives, apaise les tensions et renforce les liens sinc\u00e8res. Le c\u0153ur, symbole universel de l\u2019attachement, devient ainsi un gardien amoureux qui veille sur le couple et transforme l\u2019admiration re\u00e7ue en \u00e9nergie bienveillante. Porter ces cr\u00e9oles, c\u2019est inviter une forme d\u2019amour \u00e0 la fois passionn\u00e9e et prot\u00e9g\u00e9e.<\/div>\r\n    <\/div>\r\n<\/div>\t\t\t\t<\/div>\n\t\t\t\t<\/div>\n\t\t\t\t<\/div>\r\n\t\t\t\t\t<\/div>\r\n\t\t\t\t<\/div>\r\n\t\t<div class=\"elementor-element elementor-element-4d39f81 e-flex e-con-boxed e-con e-parent\" data-id=\"4d39f81\" data-element_type=\"container\" data-e-type=\"container\">\t\t\t<div class=\"e-con-inner\">\r\n\t\t\t\t<div class=\"elementor-element elementor-element-ac3a2d7 elementor-widget elementor-widget-pxl_accordion\" data-id=\"ac3a2d7\" data-element_type=\"widget\" data-e-type=\"widget\" data-widget_type=\"pxl_accordion.default\">\n\t\t\t\t<div class=\"elementor-widget-container\">\n\t\t\t\t\t    <div class=\"pxl-accordion pxl-accordion1 style1\" data-wow-delay=\"ms\">\r\n                    <div class=\"pxl--item active\">\r\n                <h3 class=\"pxl-item-accordion\" data-target=\"#pxl-accordion-008dcdepxl_accordion-ac3a2d7-2868\">\r\n                    <i class=\"fa fa-angle-down\"><\/i>\r\n                    <span>Description<\/span>\r\n                    \r\n                <\/h3>\r\n                <div id=\"pxl-accordion-008dcdepxl_accordion-ac3a2d7-2868\" class=\"pxl-item--content\" style=\"display: block;\">Un c\u0153ur qui bat en secret, suspendu \u00e0 de petites cr\u00e9oles huggies aux courbes solaires. Chaque pendentif est un c\u0153ur bomb\u00e9, ajour\u00e9 en son centre, enti\u00e8rement pav\u00e9 de cristaux \u00e0 l'\u00e9clat saphir, le m\u00eame bleu nuit que la pupille sacr\u00e9e du Nazar. Cette union symbolique cr\u00e9e un bijou qui n\u2019est pas seulement romantique, mais aussi protecteur.<br \/>\n<br \/>\nLes anneaux tubulaires en argent 925 massif, dor\u00e9s \u00e0 l\u2019or 16k de 1,5 micron, assurent un \u00e9clat durable et une douceur visuelle qui glisse contre la peau. Hypoallerg\u00e9niques et sans nickel, ils sont fa\u00e7onn\u00e9s dans les ateliers d\u2019Istanbul o\u00f9 l\u2019on perp\u00e9tue encore la tradition du sertissage manuel, garantissant une pi\u00e8ce unique, loin de l\u2019uniformit\u00e9 des productions industrielles.<br \/>\n<br \/>\nLorsque vous tournez la t\u00eate, les c\u0153urs dansent et renvoient la lumi\u00e8re, capturant les regards sans jamais la lourdeur d\u2019un bijou ostentatoire. Ce bleu saphir absorbe l\u2019envie amoureuse et transforme la jalousie en admiration. C\u2019est une cr\u00e9ation pens\u00e9e pour celles qui veulent se sentir irr\u00e9sistibles tout en \u00e9tant entour\u00e9es d\u2019une aura protectrice.<br \/>\n<br \/>\nLivr\u00e9es dans leur \u00e9crin signature offert, elles sont pr\u00eates \u00e0 accompagner vos rendez-vous, vos soir\u00e9es ou simplement vos journ\u00e9es o\u00f9 vous souhaitez rayonner avec subtilit\u00e9 et confiance.<\/div>\r\n            <\/div>\r\n                    <div class=\"pxl--item\">\r\n                <h3 class=\"pxl-item-accordion\" data-target=\"#pxl-accordion-b0764d1pxl_accordion-ac3a2d7-2868\">\r\n                    <i class=\"fa fa-angle-down\"><\/i>\r\n                    <span>Conseils d'entretien :<\/span>\r\n                    \r\n                <\/h3>\r\n                <div id=\"pxl-accordion-b0764d1pxl_accordion-ac3a2d7-2868\" class=\"pxl-item--content\" >- Nettoyez avec un chiffon doux et sec.<br \/>\n- \u00c9vitez l\u2019eau, les parfums et les produits chimiques.<br \/>\n- Rangez-les dans leur pochette pour pr\u00e9server l\u2019\u00e9clat du rhodium et des oxydes.<br \/>\n- Pour renforcer leur \u00e9nergie, tenez-les quelques secondes dans les mains et posez une intention d\u2019expression calme et sinc\u00e8re.<\/div>\r\n            <\/div>\r\n            <\/div>\r\n\t\t\t\t<\/div>\n\t\t\t\t<\/div>\n\t\t\t\t\t<\/div>\r\n\t\t\t\t<\/div>\r\n\t\t\t\t<\/div>","protected":false},"excerpt":{"rendered":"<p data-start=\"490\" data-end=\"635\">Boucles en argent 925 dor\u00e9 or 16k, orn\u00e9es d\u2019un c\u0153ur pav\u00e9 d\u2019oxydes de zirconium saphir, symbole d\u2019amour prot\u00e9g\u00e9 et de charme irr\u00e9sistible.<\/p>","protected":false},"featured_media":8809,"template":"","meta":[],"product_brand":[53],"product_cat":[16],"product_tag":[],"class_list":{"0":"post-7640","1":"product","2":"type-product","3":"status-publish","4":"has-post-thumbnail","6":"product_brand-turquaz-store","7":"product_cat-boucles-oreilles","9":"first","10":"instock","11":"purchasable","12":"product-type-simple"},"_links":{"self":[{"href":"https:\/\/turquaz-store.fr\/en\/wp-json\/wp\/v2\/product\/7640","targetHints":{"allow":["GET"]}}],"collection":[{"href":"https:\/\/turquaz-store.fr\/en\/wp-json\/wp\/v2\/product"}],"about":[{"href":"https:\/\/turquaz-store.fr\/en\/wp-json\/wp\/v2\/types\/product"}],"version-history":[{"count":12,"href":"https:\/\/turquaz-store.fr\/en\/wp-json\/wp\/v2\/product\/7640\/revisions"}],"predecessor-version":[{"id":10191,"href":"https:\/\/turquaz-store.fr\/en\/wp-json\/wp\/v2\/product\/7640\/revisions\/10191"}],"wp:featuredmedia":[{"embeddable":true,"href":"https:\/\/turquaz-store.fr\/en\/wp-json\/wp\/v2\/media\/8809"}],"wp:attachment":[{"href":"https:\/\/turquaz-store.fr\/en\/wp-json\/wp\/v2\/media?parent=7640"}],"wp:term":[{"taxonomy":"product_brand","embeddable":true,"href":"https:\/\/turquaz-store.fr\/en\/wp-json\/wp\/v2\/product_brand?post=7640"},{"taxonomy":"product_cat","embeddable":true,"href":"https:\/\/turquaz-store.fr\/en\/wp-json\/wp\/v2\/product_cat?post=7640"},{"taxonomy":"product_tag","embeddable":true,"href":"https:\/\/turquaz-store.fr\/en\/wp-json\/wp\/v2\/product_tag?post=7640"}],"curies":[{"name":"wp","href":"https:\/\/api.w.org\/{rel}","templated":true}]}}