{"id":8892,"date":"2025-12-02T23:41:46","date_gmt":"2025-12-02T21:41:46","guid":{"rendered":"https:\/\/turquaz-store.fr\/?post_type=product&#038;p=8892"},"modified":"2025-12-11T20:08:44","modified_gmt":"2025-12-11T19:08:44","slug":"boucles-signature-turquaz-store","status":"publish","type":"product","link":"https:\/\/turquaz-store.fr\/en\/product\/boucles-signature-turquaz-store\/","title":{"rendered":"Boucles Signature Turquaz-Store"},"content":{"rendered":"<div data-elementor-type=\"wp-post\" data-elementor-id=\"8892\" class=\"elementor elementor-8892\" data-elementor-post-type=\"product\">\n\t\t\t\t<div class=\"elementor-element elementor-element-8469bb2 e-flex e-con-boxed e-con e-parent\" data-id=\"8469bb2\" data-element_type=\"container\" data-e-type=\"container\">\t\t\t<div class=\"e-con-inner\">\r\n\t\t<div class=\"elementor-element elementor-element-3632345 e-con-full e-flex e-con e-child\" data-id=\"3632345\" data-element_type=\"container\" data-e-type=\"container\" data-settings=\"{&quot;background_background&quot;:&quot;classic&quot;}\">\t\t<div class=\"elementor-element elementor-element-66e8f24 elementor-widget elementor-widget-pxl_icon_box\" data-id=\"66e8f24\" data-element_type=\"widget\" data-e-type=\"widget\" data-widget_type=\"pxl_icon_box.default\">\n\t\t\t\t<div class=\"elementor-widget-container\">\n\t\t\t\t\t<div class=\"pxl-icon-box pxl-icon-box1 style-1\" data-wow-delay=\"ms\">\r\n    <div class=\"pxl-item--inner\">\r\n                    <div class=\"pxl-item--icon\">\r\n                <i aria-hidden=\"true\" class=\"fal fa-graduation-cap\"><\/i>            <\/div>\r\n                        <h3 class=\"pxl-item--title el-empty\">HISTOIRE<\/h3>\r\n        <div class=\"pxl-item--description el-empty\">Ces boucles sont l\u2019expression directe de l\u2019identit\u00e9 Turquaz-Store : le design exclusif de notre logo transform\u00e9 en bijou. La forme g\u00e9om\u00e9trique en losange reprend les lignes fondatrices de la marque : un symbole protecteur inspir\u00e9 des motifs architecturaux ottomans.\nAu centre, l\u2019\u0153il embl\u00e9matique rappelle les talismans m\u00e9diterran\u00e9ens que nos artisans fa\u00e7onnent depuis des g\u00e9n\u00e9rations. L\u2019iris noir, serti manuellement, cr\u00e9e un contraste puissant avec la dorure or. Cette alliance donne naissance \u00e0 un bijou qui affirme une pr\u00e9sence, une direction, une vision.<\/div>\r\n    <\/div>\r\n<\/div>\t\t\t\t<\/div>\n\t\t\t\t<\/div>\n\t\t\t\t<\/div>\r\n\t\t<div class=\"elementor-element elementor-element-0b0a1cb e-con-full e-flex e-con e-child\" data-id=\"0b0a1cb\" data-element_type=\"container\" data-e-type=\"container\">\t\t<div class=\"elementor-element elementor-element-e7daf51 elementor-widget elementor-widget-pxl_icon_box\" data-id=\"e7daf51\" data-element_type=\"widget\" data-e-type=\"widget\" data-widget_type=\"pxl_icon_box.default\">\n\t\t\t\t<div class=\"elementor-widget-container\">\n\t\t\t\t\t<div class=\"pxl-icon-box pxl-icon-box1 style-1\" data-wow-delay=\"ms\">\r\n    <div class=\"pxl-item--inner\">\r\n                    <div class=\"pxl-item--icon\">\r\n                <i aria-hidden=\"true\" class=\"fal fa-hamsa\"><\/i>            <\/div>\r\n                        <h3 class=\"pxl-item--title el-empty\">SYMBOLIQUE<\/h3>\r\n        <div class=\"pxl-item--description el-empty\">Le losange repr\u00e9sente la stabilit\u00e9 et l\u2019\u00e9l\u00e9vation, un motif sacr\u00e9 que l\u2019on retrouvait sur les portes et les ornements protecteurs.\nL\u2019\u0153il noir apporte une vigilance silencieuse, une protection int\u00e9rieure plus profonde que la version bleue traditionnelle.\nCette pi\u00e8ce incarne \u00e0 la fois la modernit\u00e9, l\u2019h\u00e9ritage ottoman et la force calme de celles qui portent un talisman conscient, sans ostentation.<\/div>\r\n    <\/div>\r\n<\/div>\t\t\t\t<\/div>\n\t\t\t\t<\/div>\n\t\t\t\t<\/div>\r\n\t\t\t\t\t<\/div>\r\n\t\t\t\t<\/div>\r\n\t\t<div class=\"elementor-element elementor-element-4d39f81 e-flex e-con-boxed e-con e-parent\" data-id=\"4d39f81\" data-element_type=\"container\" data-e-type=\"container\">\t\t\t<div class=\"e-con-inner\">\r\n\t\t\t\t<div class=\"elementor-element elementor-element-ac3a2d7 elementor-widget elementor-widget-pxl_accordion\" data-id=\"ac3a2d7\" data-element_type=\"widget\" data-e-type=\"widget\" data-widget_type=\"pxl_accordion.default\">\n\t\t\t\t<div class=\"elementor-widget-container\">\n\t\t\t\t\t    <div class=\"pxl-accordion pxl-accordion1 style1\" data-wow-delay=\"ms\">\r\n                    <div class=\"pxl--item active\">\r\n                <h3 class=\"pxl-item-accordion\" data-target=\"#pxl-accordion-008dcdepxl_accordion-ac3a2d7-5315\">\r\n                    <i class=\"fa fa-angle-down\"><\/i>\r\n                    <span>Description<\/span>\r\n                    \r\n                <\/h3>\r\n                <div id=\"pxl-accordion-008dcdepxl_accordion-ac3a2d7-5315\" class=\"pxl-item--content\" style=\"display: block;\">Voici la mat\u00e9rialisation pr\u00e9cieuse de notre \u00e2me : l'incarnation absolue de l'identit\u00e9 Turquaz-Store.<br \/>\n<br \/>\nN\u00e9es du trait m\u00eame de notre logo, ces boucles d'oreilles ne sont pas une simple cr\u00e9ation, mais notre signature forg\u00e9e dans l'Argent Massif 925. Ce design propri\u00e9taire et exclusif capture l'essence de notre mission : revisiter l'h\u00e9ritage ottoman avec une audace contemporaine. La structure g\u00e9om\u00e9trique en losange, le bouclier divin, abrite en son c\u0153ur l'\u0152il embl\u00e9matique.<br \/>\n<br \/>\nL\u2019\u0153il protecteur occupe le centre du bijou : un pavage minutieux d\u2019oxydes de zirconium noirs, pos\u00e9s un \u00e0 un dans nos ateliers d\u2019Istanbul. Cette teinte sombre, rare et peu utilis\u00e9e dans les Nazar modernes, apporte profondeur et caract\u00e8re. Elle \u00e9voque un talisman qui observe sans se montrer, un gardien discret destin\u00e9 \u00e0 accompagner les gestes du quotidien. Contrairement au Nazar traditionnel (bleu), nos artisans ont jou\u00e9 la carte de deux contrastes : entre l'obscurit\u00e9 des pierres, serties une \u00e0 une \u00e0 la main, et l'\u00e9clat solaire de la dorure, cr\u00e9e une allure de \"Reine Guerri\u00e8re\" moderne.<br \/>\n<br \/>\nL\u00e9ger mais dense en symbolique, ce mod\u00e8le phare habille le visage sans l\u2019alourdir. Il se porte seul pour affirmer une identit\u00e9, ou en ensemble avec d\u2019autres pi\u00e8ces Turquaz pour cr\u00e9er une harmonie d\u2019\u00e9clat dor\u00e9.<br \/>\n<br \/>\nChaque paire est fa\u00e7onn\u00e9e \u00e0 la main, puis soigneusement plac\u00e9e dans son \u00e9crin offert, pr\u00eate \u00e0 devenir votre pi\u00e8ce signature autant que la n\u00f4tre. Porter ce mod\u00e8le, c'est entrer dans le cercle initi\u00e9 de celles qui comprennent notre<br \/>\nvision<\/div>\r\n            <\/div>\r\n                    <div class=\"pxl--item\">\r\n                <h3 class=\"pxl-item-accordion\" data-target=\"#pxl-accordion-8dda546pxl_accordion-ac3a2d7-5315\">\r\n                    <i class=\"fa fa-angle-down\"><\/i>\r\n                    <span>Caract\u00e9ristiques :<\/span>\r\n                    \r\n                <\/h3>\r\n                <div id=\"pxl-accordion-8dda546pxl_accordion-ac3a2d7-5315\" class=\"pxl-item--content\" >- M\u00e9tal principal : Argent Sterling 925<br \/>\n- Finition : Dor\u00e9 Or 16 Carats (1.5 microns)<br \/>\n- Pierre principale : Cristaux noirs (oxydes de zirconium)<br \/>\n- Pierres lat\u00e9rales : -<br \/>\n- Poids total : 4.75 g<br \/>\n- Hypoallerg\u00e9nique, sans nickel<br \/>\n- Origine : Fait main \u00e0 Istanbul<br \/>\n- Inclus : Pochette Turquaz + certificat d\u2019authenticit\u00e9<br \/>\n- Garantie : 1 an<\/div>\r\n            <\/div>\r\n                    <div class=\"pxl--item\">\r\n                <h3 class=\"pxl-item-accordion\" data-target=\"#pxl-accordion-b0764d1pxl_accordion-ac3a2d7-5315\">\r\n                    <i class=\"fa fa-angle-down\"><\/i>\r\n                    <span>Conseils d'entretien :<\/span>\r\n                    \r\n                <\/h3>\r\n                <div id=\"pxl-accordion-b0764d1pxl_accordion-ac3a2d7-5315\" class=\"pxl-item--content\" >- Nettoyez avec un chiffon doux et sec.<br \/>\n- \u00c9vitez l\u2019eau, les parfums et les produits chimiques.<br \/>\n- Rangez-les dans leur pochette pour pr\u00e9server l\u2019\u00e9clat du rhodium et des oxydes.<br \/>\n- Pour renforcer leur \u00e9nergie, tenez-les quelques secondes dans les mains et posez une intention d\u2019expression calme et sinc\u00e8re.<\/div>\r\n            <\/div>\r\n            <\/div>\r\n\t\t\t\t<\/div>\n\t\t\t\t<\/div>\n\t\t\t\t\t<\/div>\r\n\t\t\t\t<\/div>\r\n\t\t\t\t<\/div>","protected":false},"excerpt":{"rendered":"<p>Les Boucles Signature Turquaz-Store sont l\u2019embl\u00e8me et l\u2019\u00e2me de Turquaz\u2011Store : une fusion entre notre signature visuelle et une symbolique protectrice mill\u00e9naire.\u00a0Une cr\u00e9ation qui incarne notre identit\u00e9 dans l\u2019argent 925 dor\u00e9 or 16\u202fcarats, unissant la force du talisman \u201cNazar\u201d \u00e0 la puret\u00e9 du manifeste esth\u00e9tique.<\/p>","protected":false},"featured_media":8894,"template":"","meta":[],"product_brand":[53],"product_cat":[16],"product_tag":[],"class_list":{"0":"post-8892","1":"product","2":"type-product","3":"status-publish","4":"has-post-thumbnail","6":"product_brand-turquaz-store","7":"product_cat-boucles-oreilles","9":"first","10":"instock","11":"purchasable","12":"product-type-simple"},"_links":{"self":[{"href":"https:\/\/turquaz-store.fr\/en\/wp-json\/wp\/v2\/product\/8892","targetHints":{"allow":["GET"]}}],"collection":[{"href":"https:\/\/turquaz-store.fr\/en\/wp-json\/wp\/v2\/product"}],"about":[{"href":"https:\/\/turquaz-store.fr\/en\/wp-json\/wp\/v2\/types\/product"}],"version-history":[{"count":8,"href":"https:\/\/turquaz-store.fr\/en\/wp-json\/wp\/v2\/product\/8892\/revisions"}],"predecessor-version":[{"id":9568,"href":"https:\/\/turquaz-store.fr\/en\/wp-json\/wp\/v2\/product\/8892\/revisions\/9568"}],"wp:featuredmedia":[{"embeddable":true,"href":"https:\/\/turquaz-store.fr\/en\/wp-json\/wp\/v2\/media\/8894"}],"wp:attachment":[{"href":"https:\/\/turquaz-store.fr\/en\/wp-json\/wp\/v2\/media?parent=8892"}],"wp:term":[{"taxonomy":"product_brand","embeddable":true,"href":"https:\/\/turquaz-store.fr\/en\/wp-json\/wp\/v2\/product_brand?post=8892"},{"taxonomy":"product_cat","embeddable":true,"href":"https:\/\/turquaz-store.fr\/en\/wp-json\/wp\/v2\/product_cat?post=8892"},{"taxonomy":"product_tag","embeddable":true,"href":"https:\/\/turquaz-store.fr\/en\/wp-json\/wp\/v2\/product_tag?post=8892"}],"curies":[{"name":"wp","href":"https:\/\/api.w.org\/{rel}","templated":true}]}}