{"id":9043,"date":"2025-12-04T21:24:58","date_gmt":"2025-12-04T19:24:58","guid":{"rendered":"https:\/\/turquaz-store.fr\/?post_type=product&#038;p=9043"},"modified":"2025-12-12T06:22:18","modified_gmt":"2025-12-12T05:22:18","slug":"bracelet-labyrinthe-distanbul","status":"publish","type":"product","link":"https:\/\/turquaz-store.fr\/en\/product\/bracelet-labyrinthe-distanbul\/","title":{"rendered":"Bracelet Labyrinthe d&rsquo;Istanbul"},"content":{"rendered":"<div data-elementor-type=\"wp-post\" data-elementor-id=\"9043\" class=\"elementor elementor-9043\" data-elementor-post-type=\"product\">\n\t\t\t\t<div class=\"elementor-element elementor-element-8469bb2 e-flex e-con-boxed e-con e-parent\" data-id=\"8469bb2\" data-element_type=\"container\" data-e-type=\"container\">\t\t\t<div class=\"e-con-inner\">\r\n\t\t<div class=\"elementor-element elementor-element-9c6d526 e-con-full e-flex e-con e-child\" data-id=\"9c6d526\" data-element_type=\"container\" data-e-type=\"container\" data-settings=\"{&quot;background_background&quot;:&quot;classic&quot;}\">\t\t<div class=\"elementor-element elementor-element-efacd16 elementor-widget elementor-widget-pxl_icon_box\" data-id=\"efacd16\" data-element_type=\"widget\" data-e-type=\"widget\" data-widget_type=\"pxl_icon_box.default\">\n\t\t\t\t<div class=\"elementor-widget-container\">\n\t\t\t\t\t<div class=\"pxl-icon-box pxl-icon-box1 style-1\" data-wow-delay=\"ms\">\r\n    <div class=\"pxl-item--inner\">\r\n                    <div class=\"pxl-item--icon\">\r\n                <i aria-hidden=\"true\" class=\"fal fa-graduation-cap\"><\/i>            <\/div>\r\n                        <h3 class=\"pxl-item--title el-empty\">HISTOIRE<\/h3>\r\n        <div class=\"pxl-item--description el-empty\">Le bracelet Labyrinthe d\u2019Istanbul capture l\u2019essence des ruelles entrem\u00eal\u00e9es et des mosa\u00efques sacr\u00e9es de la ville aux mille coupoles. Loin du Nazar circulaire classique, l\u2019artisanat anatolien propose ici une lecture architecturale : un \u0153il protecteur stylis\u00e9 en carr\u00e9, \u00e9voquant les fresques de marbre o\u00f9 chaque ligne marque une crois\u00e9e des chemins. La signature Turquaz fige aujourd'hui ce d\u00e9dale symbolique dans l\u2019excellence de l\u2019argent 925 massif, b\u00e2tissant un pont intemporel entre les myst\u00e8res du Bosphore et le raffinement de la mode contemporaine.<\/div>\r\n    <\/div>\r\n<\/div>\t\t\t\t<\/div>\n\t\t\t\t<\/div>\n\t\t\t\t<\/div>\r\n\t\t<div class=\"elementor-element elementor-element-0d32e84 e-con-full e-flex e-con e-child\" data-id=\"0d32e84\" data-element_type=\"container\" data-e-type=\"container\">\t\t<div class=\"elementor-element elementor-element-4220a1b elementor-widget elementor-widget-pxl_icon_box\" data-id=\"4220a1b\" data-element_type=\"widget\" data-e-type=\"widget\" data-widget_type=\"pxl_icon_box.default\">\n\t\t\t\t<div class=\"elementor-widget-container\">\n\t\t\t\t\t<div class=\"pxl-icon-box pxl-icon-box1 style-1\" data-wow-delay=\"ms\">\r\n    <div class=\"pxl-item--inner\">\r\n                    <div class=\"pxl-item--icon\">\r\n                <i aria-hidden=\"true\" class=\"fal fa-hamsa\"><\/i>            <\/div>\r\n                        <h3 class=\"pxl-item--title el-empty\">SYMBOLIQUE<\/h3>\r\n        <div class=\"pxl-item--description el-empty\">Au c\u0153ur de ce labyrinthe lumineux, le turquoise vibrant symbolise l\u2019\u00e2me anatolienne, porteuse de courage, de protection et de chance. Le bleu saphir \u00e9voque la profondeur des eaux et des \u00e9motions, le blanc cristallin la clart\u00e9 d\u2019esprit, tandis que le noir trace l\u2019ancrage, la structure et la limite sacr\u00e9e. Ce carr\u00e9 hypnotique devient un Nazar g\u00e9om\u00e9trique : il d\u00e9tourne le mauvais regard, filtre les \u00e9nergies lourdes et recentre la s\u00e9r\u00e9nit\u00e9 autour de vous.<\/div>\r\n    <\/div>\r\n<\/div>\t\t\t\t<\/div>\n\t\t\t\t<\/div>\n\t\t\t\t<\/div>\r\n\t\t\t\t\t<\/div>\r\n\t\t\t\t<\/div>\r\n\t\t<div class=\"elementor-element elementor-element-4d39f81 e-flex e-con-boxed e-con e-parent\" data-id=\"4d39f81\" data-element_type=\"container\" data-e-type=\"container\">\t\t\t<div class=\"e-con-inner\">\r\n\t\t\t\t<div class=\"elementor-element elementor-element-ac3a2d7 elementor-widget elementor-widget-pxl_accordion\" data-id=\"ac3a2d7\" data-element_type=\"widget\" data-e-type=\"widget\" data-widget_type=\"pxl_accordion.default\">\n\t\t\t\t<div class=\"elementor-widget-container\">\n\t\t\t\t\t    <div class=\"pxl-accordion pxl-accordion1 style1\" data-wow-delay=\"ms\">\r\n                    <div class=\"pxl--item active\">\r\n                <h3 class=\"pxl-item-accordion\" data-target=\"#pxl-accordion-008dcdepxl_accordion-ac3a2d7-8718\">\r\n                    <i class=\"fa fa-angle-down\"><\/i>\r\n                    <span>Description<\/span>\r\n                    \r\n                <\/h3>\r\n                <div id=\"pxl-accordion-008dcdepxl_accordion-ac3a2d7-8718\" class=\"pxl-item--content\" style=\"display: block;\">Forg\u00e9 en Argent Sterling 925, le bracelet Labyrinthe d\u2019Istanbul est ensuite recouvert d\u2019une dorure or 16 carats (1,5 micron) qui lui offre une chaleur solaire durable. Sa double cha\u00eene fine et souple, se pose sur la peau comme un fil lumineux, apportant un tomb\u00e9 fluide et \u00e9l\u00e9gant qui accompagne naturellement le mouvement de la main.<br \/>\n<br \/>\nLe motif central est une v\u00e9ritable micro-mosa\u00efque de lumi\u00e8re. Nos artisans d\u2019Istanbul y ont serti un \u00e0 un, grain par grain,\u00a0un cama\u00efeu de zirconium\u00a0bleu saphir, turquoise, blanc et noir \u2013 pour r\u00e9interpr\u00e9ter la courbe sacr\u00e9e du Nazar avec une g\u00e9om\u00e9trie Art D\u00e9co. La composition carr\u00e9e \u00e9voque un labyrinthe protecteur : le regard y entre, se perd dans les contrastes, puis s\u2019y dissout sans jamais atteindre celle qui le porte.<br \/>\n<br \/>\nFin et graphique, ce bracelet r\u00e9pond au d\u00e9sir d\u2019un talisman moderne, facile \u00e0 porter au quotidien sans renoncer \u00e0 la symbolique. Sur une chemise blanche, il devient un d\u00e9tail architectural d\u00e9licat. Avec une robe noire, il se change en point focal lumineux. R\u00e9glable, il s\u2019adapte \u00e0 diff\u00e9rentes morphologies tout en conservant un maintien s\u00fbr.<\/div>\r\n            <\/div>\r\n                    <div class=\"pxl--item\">\r\n                <h3 class=\"pxl-item-accordion\" data-target=\"#pxl-accordion-8dda546pxl_accordion-ac3a2d7-8718\">\r\n                    <i class=\"fa fa-angle-down\"><\/i>\r\n                    <span>Caract\u00e9ristiques :<\/span>\r\n                    \r\n                <\/h3>\r\n                <div id=\"pxl-accordion-8dda546pxl_accordion-ac3a2d7-8718\" class=\"pxl-item--content\" >- M\u00e9tal principal : Argent Sterling 925<br \/>\n- Finition : Dor\u00e9 Or 16 Carats (1,5 microns)<br \/>\n- Pierre principale : Cristaux multicolores<br \/>\n- Pierres lat\u00e9rales : -<br \/>\n- Poids total : 2,95 g<br \/>\n- Longueur : R\u00e9glable<br \/>\n- Hypoallerg\u00e9nique et sans nickel<br \/>\n- Origine : Fabriqu\u00e9 \u00e0 Istanbul par nos artisans partenaires<br \/>\n- Inclus : Certificat d\u2019authenticit\u00e9 et pochette Turquaz-Store<br \/>\n- Garantie : 1 an<\/div>\r\n            <\/div>\r\n                    <div class=\"pxl--item\">\r\n                <h3 class=\"pxl-item-accordion\" data-target=\"#pxl-accordion-b0764d1pxl_accordion-ac3a2d7-8718\">\r\n                    <i class=\"fa fa-angle-down\"><\/i>\r\n                    <span>Conseils d'entretien :<\/span>\r\n                    \r\n                <\/h3>\r\n                <div id=\"pxl-accordion-b0764d1pxl_accordion-ac3a2d7-8718\" class=\"pxl-item--content\" >- \u00c9vitez le contact avec l\u2019eau sal\u00e9e, le parfum et les produits chimiques.<br \/>\n- Nettoyez avec un chiffon doux et sec apr\u00e8s chaque usage.<br \/>\n- Rangez vos bijoux dans leur pochette ou \u00e9crin d\u2019origine \u00e0 l\u2019abri de la lumi\u00e8re.<\/div>\r\n            <\/div>\r\n            <\/div>\r\n\t\t\t\t<\/div>\n\t\t\t\t<\/div>\n\t\t\t\t\t<\/div>\r\n\t\t\t\t<\/div>\r\n\t\t\t\t<\/div>","protected":false},"excerpt":{"rendered":"<p data-start=\"373\" data-end=\"491\">Bracelet Labyrinthe d\u2019Istanbul en argent 925 dor\u00e9 or 16 carats, \u00e0 double cha\u00eene et motif central g\u00e9om\u00e9trique fa\u00e7on \u201cNazar Mosa\u00efque\u201d, pav\u00e9 de cristaux multicolores (turquoise blanc et noir), fabriqu\u00e9 \u00e0 la main \u00e0 Istanbul.<\/p>","protected":false},"featured_media":9962,"template":"","meta":[],"product_brand":[53],"product_cat":[17],"product_tag":[],"class_list":{"0":"post-9043","1":"product","2":"type-product","3":"status-publish","4":"has-post-thumbnail","6":"product_brand-turquaz-store","7":"product_cat-bracelets","9":"first","10":"instock","11":"purchasable","12":"product-type-simple"},"_links":{"self":[{"href":"https:\/\/turquaz-store.fr\/en\/wp-json\/wp\/v2\/product\/9043","targetHints":{"allow":["GET"]}}],"collection":[{"href":"https:\/\/turquaz-store.fr\/en\/wp-json\/wp\/v2\/product"}],"about":[{"href":"https:\/\/turquaz-store.fr\/en\/wp-json\/wp\/v2\/types\/product"}],"version-history":[{"count":14,"href":"https:\/\/turquaz-store.fr\/en\/wp-json\/wp\/v2\/product\/9043\/revisions"}],"predecessor-version":[{"id":9963,"href":"https:\/\/turquaz-store.fr\/en\/wp-json\/wp\/v2\/product\/9043\/revisions\/9963"}],"wp:featuredmedia":[{"embeddable":true,"href":"https:\/\/turquaz-store.fr\/en\/wp-json\/wp\/v2\/media\/9962"}],"wp:attachment":[{"href":"https:\/\/turquaz-store.fr\/en\/wp-json\/wp\/v2\/media?parent=9043"}],"wp:term":[{"taxonomy":"product_brand","embeddable":true,"href":"https:\/\/turquaz-store.fr\/en\/wp-json\/wp\/v2\/product_brand?post=9043"},{"taxonomy":"product_cat","embeddable":true,"href":"https:\/\/turquaz-store.fr\/en\/wp-json\/wp\/v2\/product_cat?post=9043"},{"taxonomy":"product_tag","embeddable":true,"href":"https:\/\/turquaz-store.fr\/en\/wp-json\/wp\/v2\/product_tag?post=9043"}],"curies":[{"name":"wp","href":"https:\/\/api.w.org\/{rel}","templated":true}]}}